{"id":9417,"date":"2024-06-23T10:56:58","date_gmt":"2024-06-23T08:56:58","guid":{"rendered":"http:\/\/astehshop.com\/?post_type=product&#038;p=9417"},"modified":"2026-02-28T16:21:26","modified_gmt":"2026-02-28T15:21:26","slug":"imou-kamera-ranger-dual-8mp-53-ipc-s2xp-8m0wed","status":"publish","type":"product","link":"https:\/\/astehshop.com\/index.php\/product\/imou-kamera-ranger-dual-8mp-53-ipc-s2xp-8m0wed\/","title":{"rendered":"IMOU KAMERA Ranger DUAL 8MP (5+3) IPC-S2XP-8M0WED"},"content":{"rendered":"<p>Specifikacije:<\/p>\n<p>**Kamera sa fiksnim objektivom:**<\/p>\n<p>&#8211; Senzor: 1\/2.8 in\u010da, 3 megapiksela progresivni CMOS<br \/>\n&#8211; Rezolucija: 3MP (2304&#215;1296)<br \/>\n&#8211; No\u0107ni re\u017eim: Domet od 15m (49ft)<br \/>\n&#8211; Fiksni objektiv: 3.6mm<br \/>\n&#8211; Ugao gledanja: 84\u00b0(H), 45\u00b0(V), 101\u00b0(D)<br \/>\n&#8211; Pan: 0~355\u00b0, Tilt: 0~15\u00b0<\/p>\n<p>**Pan &amp; Tilt kamera:**<\/p>\n<p>&#8211; Senzor: 1\/3 in\u010da, 5 megapiksela progresivni CMOS<br \/>\n&#8211; Rezolucija: 5MP (2880&#215;1620)<br \/>\n&#8211; No\u0107ni re\u017eim: Domet od 15m (49ft)<br \/>\n&#8211; Fiksni objektiv: 3.6mm<br \/>\n&#8211; Ugao gledanja: 87\u00b0(H), 47\u00b0(V), 105\u00b0(D)<br \/>\n&#8211; Pan: 0~355\u00b0, Tilt: 0~90\u00b0<\/p>\n<p>**Mre\u017ea:**<\/p>\n<p>&#8211; 1 x 100Mbps Ethernet port<br \/>\n&#8211; Wi-Fi: IEEE802.11b\/g\/n, 2.4GHz, Wi-Fi 6, Domet od 50m na otvorenom<br \/>\n&#8211; Imou aplikacija: iOS, Android<br \/>\n&#8211; Onvif<\/p>\n<p>**Video &amp; Audio:**<\/p>\n<p>&#8211; Kompresija videa: H.265\/H.264<br \/>\n&#8211; Do 15 fps Frame Rate<br \/>\n&#8211; Digitalni zum: 8x<br \/>\n&#8211; Dvosmerna audio komunikacija<\/p>\n<p>**Pomo\u0107ni interfejs:**<\/p>\n<p>&#8211; Slot za Micro SD karticu (do 256GB)<br \/>\n&#8211; Ugra\u0111eni mikrofon i zvu\u010dnik<br \/>\n&#8211; Dugme za resetovanje<\/p>\n<p>**Upravljanje obave\u0161tenjima:**<\/p>\n<p>&#8211; Detekcija pokreta<br \/>\n&#8211; Detekcija ljudi i ku\u0107nih ljubimaca<br \/>\n&#8211; Konfigurabilno detektovanje u odre\u0111enim regionima<br \/>\n&#8211; Alarm za neobi\u010dne zvukove<\/p>\n","protected":false},"excerpt":{"rendered":"<p>Specifikacije:<\/p>\n<p>**Kamera sa fiksnim objektivom:**<\/p>\n<p>&#8211; Senzor: 1\/2.8 in\u010da, 3 megapiksela progresivni CMOS<br \/>\n&#8211; Rezolucija: 3MP (2304&#215;1296)<br \/>\n&#8211; No\u0107ni re\u017eim: Domet od 15m (49ft)<br \/>\n&#8211; Fiksni objektiv: 3.6mm<br \/>\n&#8211; Ugao gledanja: 84\u00b0(H), 45\u00b0(V), 101\u00b0(D)<br \/>\n&#8211; Pan: 0~355\u00b0, Tilt: 0~15\u00b0<\/p>\n<p>**Pan &amp; Tilt kamera:**<\/p>\n<p>&#8211; Senzor: 1\/3 in\u010da, 5 megapiksela progresivni CMOS<br \/>\n&#8211; Rezolucija: 5MP (2880&#215;1620)<br \/>\n&#8211; No\u0107ni re\u017eim: Domet od 15m (49ft)<br \/>\n&#8211; Fiksni objektiv: 3.6mm<br \/>\n&#8211; Ugao gledanja: 87\u00b0(H), 47\u00b0(V), 105\u00b0(D)<br \/>\n&#8211; Pan: 0~355\u00b0, Tilt: 0~90\u00b0<\/p>\n<p>**Mre\u017ea:**<\/p>\n<p>&#8211; 1 x 100Mbps Ethernet port<br \/>\n&#8211; Wi-Fi: IEEE802.11b\/g\/n, 2.4GHz, Wi-Fi 6, Domet od 50m na otvorenom<br \/>\n&#8211; Imou aplikacija: iOS, Android<br \/>\n&#8211; Onvif<\/p>\n<p>**Video &amp; Audio:**<\/p>\n<p>&#8211; Kompresija videa: H.265\/H.264<br \/>\n&#8211; Do 15 fps Frame Rate<br \/>\n&#8211; Digitalni zum: 8x<br \/>\n&#8211; Dvosmerna audio komunikacija<\/p>\n<p>**Pomo\u0107ni interfejs:**<\/p>\n<p>&#8211; Slot za Micro SD karticu (do 256GB)<br \/>\n&#8211; Ugra\u0111eni mikrofon i zvu\u010dnik<br \/>\n&#8211; Dugme za resetovanje<\/p>\n<p>**Upravljanje obave\u0161tenjima:**<\/p>\n<p>&#8211; Detekcija pokreta<br \/>\n&#8211; Detekcija ljudi i ku\u0107nih ljubimaca<br \/>\n&#8211; Konfigurabilno detektovanje u odre\u0111enim regionima<br \/>\n&#8211; Alarm za neobi\u010dne zvukove<\/p>\n","protected":false},"featured_media":9418,"comment_status":"open","ping_status":"closed","template":"","meta":{"_mi_skip_tracking":false,"_exactmetrics_sitenote_active":false,"_exactmetrics_sitenote_note":"","_exactmetrics_sitenote_category":0,"spay_email":""},"product_cat":[135],"product_tag":[6778,7229,7230],"brands":[{"id":2045,"name":"Dahua","slug":"dahua"}],"df_price":115,"df_sale_price":"","df_regular_price":115,"df_image_link":"https:\/\/i2.wp.com\/astehshop.com\/wp-content\/uploads\/2024\/06\/dual-ranger.png?fit=450%2C413&ssl=1","jetpack_publicize_connections":[],"jetpack_sharing_enabled":true,"jetpack_likes_enabled":true,"jetpack-related-posts":[{"id":9420,"url":"https:\/\/astehshop.com\/index.php\/product\/imou-kamera-cruiser-dual-8mp-53-ipc-s7xp-8m0wed\/","url_meta":{"origin":9417,"position":0},"title":"IMOU KAMERA Cruiser DUAL 8MP (5+3) IPC-S7XP-8M0WED","date":"23. lipnja 2024.","format":false,"excerpt":"rezolucija: 3MPx + 5MPx broj kadrova u sekundi: 15 video kompresija: H.265 \/ H.264 Objektiv od 3,6 mm fiksne \u017ei\u017ene daljine:\u00a0\u00a01\/2,8\" progresivni CMOS 3MPX (2304x1296); no\u0107na vidljivost - 30 m (na otvorenom terenu); ugao gledanja: 88\u00b0 (vertikalno), 45\u00b0 (horizontalno), 107\u00b0 (dijagonalno) rotiraju\u0107e so\u010divo:\u00a0\u00a01\/3\" progresivni CMOS 5MPX (2880x1620); no\u0107na vidljivost -\u2026","rel":"","context":"Srodne objave","img":{"alt_text":"","src":"https:\/\/i1.wp.com\/astehshop.com\/wp-content\/uploads\/2024\/06\/imou-cruiser-dual-ip-camera-3mp-5mp-ipc-s7xp-8m0wed-0360b-imou.png?fit=1200%2C1131&ssl=1&resize=350%2C200","width":350,"height":200},"classes":[]},{"id":8312,"url":"https:\/\/astehshop.com\/index.php\/product\/imou-ipc-b46lp-baterijska-bezicna-kamera\/","url_meta":{"origin":9417,"position":1},"title":"Imou IPC-B46LP baterijska be\u017ei\u010dna kamera","date":"19. listopada 2023.","format":false,"excerpt":"IPC-B46LP baterijska be\u017ei\u010dna smart kamera. 1\/2.9\u201d 4MP Progressive CMOS senzor, be\u017ei\u010dna kamera sa punjivom baterijom. Izdrzljivost baterije do 6 mjeseci, micro USB power port. Fiksni objektiv 2.8mm IR LED dometa 10m, domet LED za Full Color 5m. Ugao gledanja 110 \u00b0 ( H) 61 \u00b0 (D). Video kompresija H.264\/H.265. Dvosmjerna\u2026","rel":"","context":"Srodne objave","img":{"alt_text":"","src":"https:\/\/i0.wp.com\/astehshop.com\/wp-content\/uploads\/2023\/10\/imou-cell-2-4mp-outdoor-battery-camera-super-hd-2k-with-full-colour-nightvision-6-month-battery-no-hub-pir-human-detection-2-way-audio-pre-record-h265-black-ipc-b46lp.jpg?fit=1200%2C1116&ssl=1&resize=350%2C200","width":350,"height":200},"classes":[]},{"id":4810,"url":"https:\/\/astehshop.com\/index.php\/product\/mediatech-unutarnja-wifi-ip-hd-kamera-microsd-pan-tilt-ir\/","url_meta":{"origin":9417,"position":2},"title":"Mediatech unutarnja WiFi IP HD kamera, MicroSD, Pan-Tilt, IR","date":"27. rujna 2020.","format":false,"excerpt":"Mediatech HD kamera za unutra\u0161nju monta\u017eu s mogu\u0107no\u0161\u0107u pomjeranja putem mobilne aplikacije. Tehni\u010dke karakteristike: \u2022 Video Senzor CMOS 720p (1280x720ppi) \u2022 Objektiv: f:3.6mm, F1.2, 1\/4inch, IR CUT filter \u2022 Kut gledanja: 60\u00b0, PAN\/TILT: 350\u00b0\/90\u00b0 \u2022 No\u0107no gledanje: 4 IR LED diode, domet do 5m \u2022 Dvosmjerna audio komunikacija (ugra\u0111en mikrofon\u2026","rel":"","context":"Srodne objave","img":{"alt_text":"","src":"https:\/\/i2.wp.com\/astehshop.com\/wp-content\/uploads\/2020\/09\/MT4100.jpg?fit=400%2C400&ssl=1&resize=350%2C200","width":350,"height":200},"classes":[]},{"id":8292,"url":"https:\/\/astehshop.com\/index.php\/product\/wifi-kamera-imou-ipc-t22ep\/","url_meta":{"origin":9417,"position":3},"title":"Wifi kamera Imou IPC-T22EP","date":"19. listopada 2023.","format":false,"excerpt":"IP WiFi 2MP Eyeball IC kamera. 1\/2.8\u201d CMOS, progresivno skeniranje. Efektivni broj piksela 1920 x 1080. Fiksni objektiv 2.8mm (Vidni ugao: 92\u00b0 horizontalno). Opciono: 3.6mm (Vidni ugao 78\u00b0). 16x Digitalni zum. H.265\/H.264 video kompresija, do 25\/30 fps u svim rezolucijama. IC dometa 30m. Inkorporiran mikrofon. Detekcija pokreta, detekcija ljudi. RJ-45\u2026","rel":"","context":"Srodne objave","img":{"alt_text":"","src":"https:\/\/i0.wp.com\/astehshop.com\/wp-content\/uploads\/2023\/10\/b-IPC-T22EAPimg.jpg?fit=720%2C660&ssl=1&resize=350%2C200","width":350,"height":200},"classes":[]},{"id":8316,"url":"https:\/\/astehshop.com\/index.php\/product\/imou-ipc-a22ep-b\/","url_meta":{"origin":9417,"position":4},"title":"Imou IPC-A22EP-B","date":"19. listopada 2023.","format":false,"excerpt":"IP WiFi 2MP PT IC kamera 1\/2.7\u201d CMOS, progresivno skeniranje Efektivni broj piksela 1920x1080 Fiksni objektiv 3.6mm (vidni ugao: 93\u00b0 horizontalno) Opseg horizontalne rotacije 355\u00b0, vertikalne -5~80\u00b0 16x Digitalni zum H.265\/H.264 video kompresija, do 25\/30 fps u svim rezolucijama IC LE dioda dometa 10m Inkorporiran mikrofon i zvu\u010dnik, dvosmerni audio\u2026","rel":"","context":"Srodne objave","img":{"alt_text":"","src":"https:\/\/i2.wp.com\/astehshop.com\/wp-content\/uploads\/2023\/10\/IPC-A22EP-B.jpg?fit=660%2C679&ssl=1&resize=350%2C200","width":350,"height":200},"classes":[]},{"id":8306,"url":"https:\/\/astehshop.com\/index.php\/product\/dahua-imou-ipc-l26p-sa-reflektorima\/","url_meta":{"origin":9417,"position":5},"title":"Dahua Imou IPC-L26P sa reflektorima","date":"19. listopada 2023.","format":false,"excerpt":"IPC-L26P Wi Fi kamera sa reflektorom 1\/2.7\u201d 2 Megapixel progressive CMOS senzor, WI-FI sa dvije antene, IR dometa do 10m, H.265&H.264, fiksni objektiv 2.8mm, dvosmjerna komunikacija, integrisan mikrofon, zvu\u010dnik i sirena 110dB, 2 reflektora sa tri re\u017eima aktivacije (ru\u010dno\/PIR\/od sumraka do zore), Motion Detection, PIR detekcija, Alarm notifikacija. Napajanje 240VAC\/40W,\u2026","rel":"","context":"Srodne objave","img":{"alt_text":"","src":"https:\/\/i2.wp.com\/astehshop.com\/wp-content\/uploads\/2023\/10\/ipc-l26p-imou_3.jpg?fit=1000%2C1000&ssl=1&resize=350%2C200","width":350,"height":200},"classes":[]}],"_links":{"self":[{"href":"https:\/\/astehshop.com\/index.php\/wp-json\/wp\/v2\/product\/9417"}],"collection":[{"href":"https:\/\/astehshop.com\/index.php\/wp-json\/wp\/v2\/product"}],"about":[{"href":"https:\/\/astehshop.com\/index.php\/wp-json\/wp\/v2\/types\/product"}],"replies":[{"embeddable":true,"href":"https:\/\/astehshop.com\/index.php\/wp-json\/wp\/v2\/comments?post=9417"}],"wp:featuredmedia":[{"embeddable":true,"href":"https:\/\/astehshop.com\/index.php\/wp-json\/wp\/v2\/media\/9418"}],"wp:attachment":[{"href":"https:\/\/astehshop.com\/index.php\/wp-json\/wp\/v2\/media?parent=9417"}],"wp:term":[{"taxonomy":"product_cat","embeddable":true,"href":"https:\/\/astehshop.com\/index.php\/wp-json\/wp\/v2\/product_cat?post=9417"},{"taxonomy":"product_tag","embeddable":true,"href":"https:\/\/astehshop.com\/index.php\/wp-json\/wp\/v2\/product_tag?post=9417"}],"curies":[{"name":"wp","href":"https:\/\/api.w.org\/{rel}","templated":true}]}}