{"id":9389,"date":"2024-06-22T09:01:33","date_gmt":"2024-06-22T07:01:33","guid":{"rendered":"http:\/\/astehshop.com\/?post_type=product&#038;p=9389"},"modified":"2026-01-14T18:49:41","modified_gmt":"2026-01-14T17:49:41","slug":"klima-uredaj-favorit-24000-btu-ff","status":"publish","type":"product","link":"https:\/\/astehshop.com\/index.php\/product\/klima-uredaj-favorit-24000-btu-ff\/","title":{"rendered":"Klima ure\u0111aj FAVORIT 24000 BTU FF -15"},"content":{"rendered":"<ul>\n<li>Proizvo\u0111a\u010d FAVORIT<\/li>\n<li>Model 24000BTU INVERTER FF<\/li>\n<li>Snaga 24000 BTU<\/li>\n<li><span style=\"color: #ff0000;\"><strong>GRIJA\u010c U SPOLJA\u0160NJOJ JEDINICI\u00a0<\/strong><\/span><\/li>\n<li>Napon 220\/230 V \u2013 50Hz<\/li>\n<li>Temperatura -15\u00b0C do +49\u00b0C (spoljna)<\/li>\n<li>Kapacitet grijanja 7,0 kW<\/li>\n<li>Kapacitet hla\u0111enja 7,3 kW<\/li>\n<li>Energetska klasa <strong>A++\/A+<\/strong><\/li>\n<li>Prostor hla\u0111enja\/zagrijevanja 80-120 m2<\/li>\n<\/ul>\n<p>MONTA\u017dA MONO-SPLIT KLIMA URE\u0110AJA jedne unutarnje i jedne vanjske jedinice<\/p>\n<p>Na web shopu TechnoShopBN monta\u017ea nije uklju\u010dena u cijenu klima ure\u0111aja.<br \/>\nOvla\u0161tenu monta\u017eu klima ure\u0111aja obavljamo na podru\u010dju Bijeljine i okoline do 20KM<br \/>\nAko \u017eelite ovla\u0161tenu monta\u017eu dodajte je u korpu i platite zajedno sa klima ure\u0111ajem koji izaberete<br \/>\nNakon pla\u0107anja klima ure\u0111aja i ukoliko \u017eelite monta\u017eu, ostavite nam kontakt podatke kako bi Vas monta\u017eer mogao kontaktirati<br \/>\nGarancija monta\u017eu vrijedi do isteka garancije na klima ure\u0111aj.<\/p>\n<p>Standardna monta\u017ea mono-split klima ure\u0111aja podrazumijeva monta\u017eu unutarnje i vanjske jedinice na visini do 5 metara, bez upotrebe skele ili auto dizalice.<br \/>\nKod ve\u0107ih visina dodatno se napla\u0107uju visinski radovi ili se anga\u017euje auto korpa ili postavlja skela koju dodatno pla\u0107a i osigurava kupac.<br \/>\nAko je potrebno demontirati i po potrebi ekolo\u0161ki zbrinuti stari klima ure\u0111aj, demonta\u017ea se dodatno pla\u0107a prema<br \/>\nMolimo Vas da nas prema potrebi kontaktirate za detalje kako bi prije izvo\u0111enja dobili sve informacije o potrebnim radovima i cijeni<\/p>\n<p>&nbsp;<\/p>\n<p>U standardnu monta\u017eu klima ure\u0111aja uklju\u010deno je:<\/p>\n<p>Dobava i postavljanje do 3 metra plinskih i elektro instalacija izme\u0111u unutarnje i vanjske jedinice<br \/>\nDobava i postavljanje do 3 metra PVC kanala za postavljanje instalacije izme\u0111u unutarnje i vanjske jedinice \u2013 nadgradno<br \/>\nDobava i postavljanje do 3 metra PVC kanala sa elektri\u010dnim kabelom za napajanje klima ure\u0111aja \u2013 nadgradno<br \/>\nDobava i postavljanje do 3 metra cijevi za odvod vode-kondenzata, slobodnim padom u pripremljeni odvod<br \/>\nDobava i postavljanje 1 par pocin\u010danih nosa\u010da za monta\u017eu vanjske jedinice (ukoliko nosa\u010di ve\u0107 postoje, to ne umanjuje cijenu usluge)<br \/>\nPotro\u0161ni materijal (\u0161arafi, tiplovi, izolacijska traka, vezice, silikon, gips i ostali potrebni materijal za monta\u017eu)<br \/>\n1 probijanje zida fi 55, debljine do 40cm (ukoliko rupa ve\u0107 postoji, to ne umanjuje cijenu usluge)<br \/>\nMonta\u017ea unutarnje i vanjske jedinice<br \/>\nSpajanje plinskih i elektro instalacija na unutarnjoj i vanjskoj jedinici<br \/>\nSpajanje napajanja na postoje\u0107u elektri\u010dnu instalaciju<br \/>\nVakumiranje<br \/>\nPu\u0161tanje u rad<br \/>\nTestiranje rada klime<br \/>\n\u010ci\u0161\u0107enje mijesta rada<br \/>\nOvjera garancije<\/p>\n<p><span style=\"color: #ff0000;\"><strong>Ukoliko monta\u017eu obavi osoba ili firma koju anga\u017euje kupac, a koja nije ovla\u0161tena za monta\u017eu klima ure\u0111aja, ista preuzima i odgovornost za eventualne kvarove i neispravnost na ure\u0111aju i monta\u017ei te u tom slu\u010daju Prodavatelj nije odgovoran za nastalu \u0161tetu a kupac gubi garanciju.<\/strong><\/span><\/p>\n","protected":false},"excerpt":{"rendered":"<ul>\n<li>Proizvo\u0111a\u010d FAVORIT<\/li>\n<li>Model 24000BTU INVERTER FF<\/li>\n<li>Snaga 24000 BTU<\/li>\n<li><strong>GRIJA\u010c U SPOLJA\u0160NJOJ JEDINICI\u00a0<\/strong><\/li>\n<li>Napon 220\/230 V \u2013 50Hz<\/li>\n<li>Temperatura -15\u00b0C do +49\u00b0C (spoljna)<\/li>\n<li>Kapacitet grijanja 7,0 kW<\/li>\n<li>Kapacitet hla\u0111enja 7,3 kW<\/li>\n<li>Energetska klasa <strong>A++\/A+<\/strong><\/li>\n<li>Prostor hla\u0111enja\/zagrijevanja 80-120 m2<\/li>\n<\/ul>\n","protected":false},"featured_media":10025,"comment_status":"open","ping_status":"closed","template":"","meta":{"_mi_skip_tracking":false,"_exactmetrics_sitenote_active":false,"_exactmetrics_sitenote_note":"","_exactmetrics_sitenote_category":0,"spay_email":""},"product_cat":[2458],"product_tag":[2463,7173,1620,7174,7094,7170,7176,7175,7119],"brands":[{"id":7663,"name":"Favorit","slug":"favorit"}],"df_price":1503,"df_sale_price":"","df_regular_price":1503,"df_image_link":"https:\/\/i2.wp.com\/astehshop.com\/wp-content\/uploads\/2024\/06\/24-klima-15.png?fit=450%2C450&ssl=1","jetpack_publicize_connections":[],"jetpack_sharing_enabled":true,"jetpack_likes_enabled":true,"jetpack-related-posts":[{"id":10039,"url":"https:\/\/astehshop.com\/index.php\/product\/montaza-klima-uredaja-24-na-postojece-instalacije\/","url_meta":{"origin":9389,"position":0},"title":"Monta\u017ea klima ure\u0111aja 24\u201d na postoje\u0107e instalacije","date":"22. o\u017eujka 2025.","format":false,"excerpt":"Za monta\u017eu zidne i vanjske jedinice na visini do 5m na postavljene i odgovaraju\u0107e instalacije Garancija na monta\u017eu vrijedi do isteka garancije za klima ure\u0111aj Ovla\u0161tenu monta\u017eu klima ure\u0111aja kupljenih u TechnoShopBN za monta\u017eu unutarnje i vanjske jedinice mono split klima ure\u0111aja na postavljene instalacije region Bijeljina i bli\u017ea okolina\u2026","rel":"","context":"Srodne objave","img":{"alt_text":"","src":"https:\/\/i0.wp.com\/astehshop.com\/wp-content\/uploads\/2025\/03\/SUNDOWN1.png?fit=1080%2C1080&ssl=1&resize=350%2C200","width":350,"height":200},"classes":[]},{"id":10038,"url":"https:\/\/astehshop.com\/index.php\/product\/montaza-klima-uredaja-18-na-postojece-instalacije\/","url_meta":{"origin":9389,"position":1},"title":"Monta\u017ea klima ure\u0111aja 18\u201d na postoje\u0107e instalacije","date":"22. o\u017eujka 2025.","format":false,"excerpt":"Za monta\u017eu zidne i vanjske jedinice na visini do 5m na postavljene i odgovaraju\u0107e instalacije Garancija na monta\u017eu vrijedi do isteka garancije za klima ure\u0111aj Ovla\u0161tenu monta\u017eu klima ure\u0111aja kupljenih u TechnoShopBN za monta\u017eu unutarnje i vanjske jedinice mono split klima ure\u0111aja na postavljene instalacije region Bijeljina i bli\u017ea okolina\u2026","rel":"","context":"Srodne objave","img":{"alt_text":"","src":"https:\/\/i0.wp.com\/astehshop.com\/wp-content\/uploads\/2025\/03\/SUNDOWN1.png?fit=1080%2C1080&ssl=1&resize=350%2C200","width":350,"height":200},"classes":[]},{"id":10035,"url":"https:\/\/astehshop.com\/index.php\/product\/montaza-klima-uredaja-12-na-postojece-instalacije\/","url_meta":{"origin":9389,"position":2},"title":"Monta\u017ea klima ure\u0111aja 12&#8221; na postoje\u0107e instalacije","date":"22. o\u017eujka 2025.","format":false,"excerpt":"Za monta\u017eu zidne\u00a0 i vanjske jedinice na visini do 5m na postavljene i odgovaraju\u0107e instalacije Garancija na monta\u017eu vrijedi do isteka garancije za klima ure\u0111aj Ovla\u0161tenu monta\u017eu klima ure\u0111aja kupljenih u TechnoShopBN za monta\u017eu unutarnje i vanjske jedinice mono split klima ure\u0111aja na postavljene instalacije region Bijeljina i bli\u017ea okolina\u2026","rel":"","context":"Srodne objave","img":{"alt_text":"","src":"https:\/\/i0.wp.com\/astehshop.com\/wp-content\/uploads\/2025\/03\/SUNDOWN1.png?fit=1080%2C1080&ssl=1&resize=350%2C200","width":350,"height":200},"classes":[]},{"id":9401,"url":"https:\/\/astehshop.com\/index.php\/product\/klima-uredaj-favorit-24000-btu-inverter-nordic-grijac-u-spoljasnoj-jedinici\/","url_meta":{"origin":9389,"position":3},"title":"Klima ure\u0111aj FAVORIT 24000 BTU INVERTER &#8211; 25","date":"22. lipnja 2024.","format":false,"excerpt":"Model 24000BTU INVERTER JD HB WiFI Snaga 24000 BTU Napon 220\/230 V \u2013 50Hz Temperatura -25\u00b0C do +49\u00baC (spoljna) Kapacitet grijanja 6.7 kW Kapacitet hla\u0111enja 7.0 kW Energetska klasa A++\/A+ Prostor hla\u0111enja\/zagrijevanja 80-120 m2 Dimenzije Unutra\u0161nja jedinica 1053 x 323 x 226 mm| Spoljna jedinica 1009 x 638 x 364\u2026","rel":"","context":"Srodne objave","img":{"alt_text":"","src":"https:\/\/i1.wp.com\/astehshop.com\/wp-content\/uploads\/2024\/06\/24-25.png?fit=1080%2C1080&ssl=1&resize=350%2C200","width":350,"height":200},"classes":[]},{"id":9391,"url":"https:\/\/astehshop.com\/index.php\/product\/klima-uredaj-favorit-18000-btu-qb-he-hb-inverter-gratis-nosaci\/","url_meta":{"origin":9389,"position":4},"title":"Klima ure\u0111aj FAVORIT 18000 BTU QB HE HB INVERTER -35 stepeni","date":"22. lipnja 2024.","format":false,"excerpt":"kapacitet hla\u0111enje kw: 5.28(1.3-5.9) kapacitet hla\u0111enje BTU: 18015 kapacitet grijanje kw: 5.8(1.3-6.1) kapacitet grijanje BTU: 19107 SEER hla\u0111enje: 8.5 Predstavljamo vam na\u0161 najnoviji HVAC sistem, koji ima kapacitet hla\u0111enja od 3.5 kW (11942 BTU) i kapacitet grijanja od 4.2 kW (14330 BTU). Sa SEER-om efikasnosti hla\u0111enja ocenjenim na 1.7 i\u2026","rel":"","context":"Srodne objave","img":{"alt_text":"","src":"https:\/\/i2.wp.com\/astehshop.com\/wp-content\/uploads\/2024\/06\/klima-fav-35-18.png?fit=1080%2C1080&ssl=1&resize=350%2C200","width":350,"height":200},"classes":[]},{"id":10041,"url":"https:\/\/astehshop.com\/index.php\/product\/montaza-klima-uredaja-12-ukljuceno-do-3m-svih-instalacija-nosaci\/","url_meta":{"origin":9389,"position":5},"title":"Monta\u017ea klima ure\u0111aja 12\u201d ( uklju\u010deno do 3m svih instalacija ) + nosa\u010di","date":"22. o\u017eujka 2025.","format":false,"excerpt":"Za monta\u017eu zidne i vanjske jedinice na visini do 5m Uklju\u010dena je i monta\u017ea do 3 m svih instalacija i probijanje jednog zida fi 55 + nosa\u010di Uklju\u010deno 3m kondez crijeva Svaki dodatni metar instalacije izme\u0111u unutarnje i vanjske jedinice napla\u0107uje se posebno Garancija na monta\u017eu: do isteka garancije za\u2026","rel":"","context":"Srodne objave","img":{"alt_text":"","src":"https:\/\/i0.wp.com\/astehshop.com\/wp-content\/uploads\/2025\/03\/SUNDOWN1.png?fit=1080%2C1080&ssl=1&resize=350%2C200","width":350,"height":200},"classes":[]}],"_links":{"self":[{"href":"https:\/\/astehshop.com\/index.php\/wp-json\/wp\/v2\/product\/9389"}],"collection":[{"href":"https:\/\/astehshop.com\/index.php\/wp-json\/wp\/v2\/product"}],"about":[{"href":"https:\/\/astehshop.com\/index.php\/wp-json\/wp\/v2\/types\/product"}],"replies":[{"embeddable":true,"href":"https:\/\/astehshop.com\/index.php\/wp-json\/wp\/v2\/comments?post=9389"}],"wp:featuredmedia":[{"embeddable":true,"href":"https:\/\/astehshop.com\/index.php\/wp-json\/wp\/v2\/media\/10025"}],"wp:attachment":[{"href":"https:\/\/astehshop.com\/index.php\/wp-json\/wp\/v2\/media?parent=9389"}],"wp:term":[{"taxonomy":"product_cat","embeddable":true,"href":"https:\/\/astehshop.com\/index.php\/wp-json\/wp\/v2\/product_cat?post=9389"},{"taxonomy":"product_tag","embeddable":true,"href":"https:\/\/astehshop.com\/index.php\/wp-json\/wp\/v2\/product_tag?post=9389"}],"curies":[{"name":"wp","href":"https:\/\/api.w.org\/{rel}","templated":true}]}}