{"id":8721,"date":"2023-12-30T20:55:24","date_gmt":"2023-12-30T19:55:24","guid":{"rendered":"http:\/\/astehshop.com\/?post_type=product&#038;p=8721"},"modified":"2023-12-30T20:55:26","modified_gmt":"2023-12-30T19:55:26","slug":"elektricna-deka-siva","status":"publish","type":"product","link":"https:\/\/astehshop.com\/index.php\/product\/elektricna-deka-siva\/","title":{"rendered":"Elektri\u010dna deka, siva"},"content":{"rendered":"<p>Elektri\u010dna deka, siva<\/p>\n<p>Elektri\u010dna deka, stalna i ravnomjerno raspore\u0111ena temperatura, kratko zagrijavanje, mekani materijal<\/p>\n<p>Za\u0161tita od pregrijavanja<\/p>\n","protected":false},"excerpt":{"rendered":"<p>Elektri\u010dna deka, siva<\/p>\n<p>Elektri\u010dna deka, stalna i ravnomjerno raspore\u0111ena temperatura, kratko zagrijavanje, mekani materijal<\/p>\n<p>Za\u0161tita od pregrijavanja<\/p>\n","protected":false},"featured_media":8722,"comment_status":"open","ping_status":"closed","template":"","meta":{"_mi_skip_tracking":false,"_exactmetrics_sitenote_active":false,"_exactmetrics_sitenote_note":"","_exactmetrics_sitenote_category":0,"spay_email":""},"product_cat":[5325],"product_tag":[],"brands":[],"df_price":55,"df_sale_price":"","df_regular_price":55,"df_image_link":"https:\/\/i2.wp.com\/astehshop.com\/wp-content\/uploads\/2023\/12\/35331_16971156990xe137ytjo.png?fit=450%2C450&ssl=1","jetpack_publicize_connections":[],"jetpack_sharing_enabled":true,"jetpack_likes_enabled":true,"jetpack-related-posts":[{"id":8268,"url":"https:\/\/astehshop.com\/index.php\/product\/konvektorska-grijalica-green-tech-1500w-elektricna\/","url_meta":{"origin":8721,"position":0},"title":"Konvektorska grijalica Green Tech 1500W, elektri\u010dna","date":"24. rujna 2023.","format":false,"excerpt":"Snaga grija\u010da: 1500 W 2 postavke topline: 750 \/ 1500 W Podesiva kontrola termostata Za\u0161tita od pregrijavanja (automatsko isklju\u010divanje u slu\u010daju pregrijavanja: da, termostat za za\u0161titu od previsoke temperature: da) Aluminijski grija\u0107i element u obliku slova X Indikator napajanja Vrsta kontrole: mehani\u010dka Tajmer: ne Daljinski upravlja\u010d: ne Automatski prekida\u010d: da\u2026","rel":"","context":"Srodne objave","img":{"alt_text":"","src":"https:\/\/i2.wp.com\/astehshop.com\/wp-content\/uploads\/2023\/09\/HCN-2000_5243.png?fit=1200%2C1074&ssl=1&resize=350%2C200","width":350,"height":200},"classes":[]},{"id":8269,"url":"https:\/\/astehshop.com\/index.php\/product\/kupatilska-grijalica-green-tech-1200w-kvarcna-elektricna\/","url_meta":{"origin":8721,"position":1},"title":"Kupatilska grijalica Green Tech 1200W, kvarcna, elektri\u010dna","date":"24. rujna 2023.","format":false,"excerpt":"Snaga grija\u010da: 1200 W 2 postavke topline: 600 \/ 1200 W Za\u0161tita od pregrijavanja (automatsko isklju\u010divanje u slu\u010daju pregrijavanja: da, termostat za za\u0161titu od previsoke temperature: da) Vrsta kontrole: mehani\u010dka Na\u010din kontrole: prekida\u010d na povla\u010denje Prikaz postavki snage Tajmer: ne Daljinski upravlja\u010d: ne Automatski prekida\u010d: ne IP stupanj: IP21 Povr\u0161ina\u2026","rel":"","context":"Srodne objave","img":{"alt_text":"","src":"https:\/\/i1.wp.com\/astehshop.com\/wp-content\/uploads\/2023\/09\/HBS-1200_5207.png?fit=1134%2C1030&ssl=1&resize=350%2C200","width":350,"height":200},"classes":[]},{"id":9725,"url":"https:\/\/astehshop.com\/index.php\/product\/kupaonska-grijalica-green-tech-2000w-elektricna\/","url_meta":{"origin":8721,"position":2},"title":"Kupaonska grijalica Green Tech 2000W, elektri\u010dna","date":"24. studenoga 2024.","format":false,"excerpt":"Snaga: 2000 W 2 postavke topline: 1000 W \/ 2000 W Mogu\u0107nost odabira zraka: hladan \/ topao \/ vru\u0107 IP stupanj za\u0161tite: IP23 LED zaslon osjetljiv na dodir Upravljanje pomo\u0107u daljinskog upravlja\u010da Za\u0161tita od pregrijavanja Vrsta kontrole: elektroni\u010dko Povr\u0161ina pokrivanja \/ zagrijavanja: 20 m\u00b2 Napon: AC 220 - 240 V\u2026","rel":"","context":"Srodne objave","img":{"alt_text":"","src":"https:\/\/i1.wp.com\/astehshop.com\/wp-content\/uploads\/2024\/11\/HBH-2005WB_10489.png?fit=1200%2C1200&ssl=1&resize=350%2C200","width":350,"height":200},"classes":[]},{"id":8266,"url":"https:\/\/astehshop.com\/index.php\/product\/konvektorska-grijalica-green-tech-2000w-elektricna\/","url_meta":{"origin":8721,"position":3},"title":"Konvektorska grijalica Green Tech 2000W, elektri\u010dna","date":"24. rujna 2023.","format":false,"excerpt":"Snaga grija\u010da: 2000 W 2 postavke topline: 1000 \/ 2000 W Podesiva kontrola termostata Za\u0161tita od pregrijavanja (automatsko isklju\u010divanje u slu\u010daju pregrijavanja: da, termostat za za\u0161titu od previsoke temperature: da) Aluminijski grija\u0107i element u obliku slova X Indikator napajanja Vrsta kontrole: mehani\u010dka Tajmer: ne Daljinski upravlja\u010d: ne Automatski prekida\u010d: da\u2026","rel":"","context":"Srodne objave","img":{"alt_text":"","src":"https:\/\/i2.wp.com\/astehshop.com\/wp-content\/uploads\/2023\/09\/HCN-2000_5243.png?fit=1200%2C1074&ssl=1&resize=350%2C200","width":350,"height":200},"classes":[]},{"id":8264,"url":"https:\/\/astehshop.com\/index.php\/product\/kalorifer-grijalica-green-tech-2000w-elektricna\/","url_meta":{"origin":8721,"position":4},"title":"Kalorifer grijalica Green Tech 2000W, elektri\u010dna","date":"24. rujna 2023.","format":false,"excerpt":"Snaga grija\u010da: 2000 W 2 postavke topline: 1000 \/ 2000 W Podesiva kontrola termostata Za\u0161tita od pregrijavanja (automatsko isklju\u010divanje u slu\u010daju pregrijavanja: da, termostat za za\u0161titu od previsoke temperature: da) Indikator napajanja Vrsta kontrole: mehani\u010dka Tajmer: ne Daljinski upravlja\u010d: ne Automatski prekida\u010d: ne Dje\u010dja brava: ne IP stupanj: IP20 Povr\u0161ina\u2026","rel":"","context":"Srodne objave","img":{"alt_text":"","src":"https:\/\/i2.wp.com\/astehshop.com\/wp-content\/uploads\/2023\/09\/HFL-2000_5247.png?fit=800%2C800&ssl=1&resize=350%2C200","width":350,"height":200},"classes":[]},{"id":10338,"url":"https:\/\/astehshop.com\/index.php\/product\/elektricna-zamka-za-insekte-uv-svjetlost-7w\/","url_meta":{"origin":8721,"position":5},"title":"Elektri\u010dna zamka za insekte, UV svjetlost 7W","date":"2. svibnja 2025.","format":false,"excerpt":"Elektri\u010dna zamka za insekte ( Svjetiljka Protiv Komaraca ) uz pomo\u0107 UV svjetla privla\u010di insekte (muhe, moljci, komarci). UV svjetiljka je u potpunosti sigurna za ljude i ku\u0107ne ljubimce. Ko\u0161ara za sakupljanje insekata, zamka usisava insekte koje se u ko\u0161ari su\u0161e bez ikakve pomo\u0107i toksina. Idealno rje\u0161enje za doma\u010dinstva, ljetnikovce\u2026","rel":"","context":"Srodne objave","img":{"alt_text":"","src":"https:\/\/i2.wp.com\/astehshop.com\/wp-content\/uploads\/2025\/05\/17688_16862501651imlks9kj3.png?fit=1200%2C1200&ssl=1&resize=350%2C200","width":350,"height":200},"classes":[]}],"_links":{"self":[{"href":"https:\/\/astehshop.com\/index.php\/wp-json\/wp\/v2\/product\/8721"}],"collection":[{"href":"https:\/\/astehshop.com\/index.php\/wp-json\/wp\/v2\/product"}],"about":[{"href":"https:\/\/astehshop.com\/index.php\/wp-json\/wp\/v2\/types\/product"}],"replies":[{"embeddable":true,"href":"https:\/\/astehshop.com\/index.php\/wp-json\/wp\/v2\/comments?post=8721"}],"wp:featuredmedia":[{"embeddable":true,"href":"https:\/\/astehshop.com\/index.php\/wp-json\/wp\/v2\/media\/8722"}],"wp:attachment":[{"href":"https:\/\/astehshop.com\/index.php\/wp-json\/wp\/v2\/media?parent=8721"}],"wp:term":[{"taxonomy":"product_cat","embeddable":true,"href":"https:\/\/astehshop.com\/index.php\/wp-json\/wp\/v2\/product_cat?post=8721"},{"taxonomy":"product_tag","embeddable":true,"href":"https:\/\/astehshop.com\/index.php\/wp-json\/wp\/v2\/product_tag?post=8721"}],"curies":[{"name":"wp","href":"https:\/\/api.w.org\/{rel}","templated":true}]}}