{"id":8692,"date":"2023-12-04T20:27:11","date_gmt":"2023-12-04T19:27:11","guid":{"rendered":"http:\/\/astehshop.com\/?post_type=product&#038;p=8692"},"modified":"2023-12-04T20:27:12","modified_gmt":"2023-12-04T19:27:12","slug":"racunar-licenciran-lenovo-ssd-hdd","status":"publish","type":"product","link":"https:\/\/astehshop.com\/index.php\/product\/racunar-licenciran-lenovo-ssd-hdd\/","title":{"rendered":"RA\u010cUNAR LICENCIRAN LENOVO SSD + HDD"},"content":{"rendered":"<p>Kvalitetan, nov brand ra\u010dunar. <\/p>\n<p>Idealan za firme, knjigovodstvene agencije i sl&#8230;<\/p>\n<p>LENOVO V50t Gen 2-13IOB Desktop PC 11QC001DRU<\/p>\n<p>Intel Core i3-10105,<br \/>\n8GB DDR4 RAM<br \/>\n1TB HDD 7200rpm 3.5&#8243; + 256GB SSD M.2 2242 PCIe\u00ae 3.0&#215;4 NVMe\u00ae,<br \/>\nIntel UHD Graphics 630,<br \/>\n9.0mm DVD\u00b1RW,<br \/>\n4x USB 2.0, 1x HDMI\u00ae 2.0, 1x DisplayPort&#x2122; 1.4, 1x VGA,<br \/>\n1x Ethernet (RJ-45), 1x line-in (3.5mm), 1x serial (9-pin),<br \/>\nUSB mouse, NO Keyboard,,<br \/>\nPSU: 180W, Te\u017eina: 4.8kg,<br \/>\nTower Boja: Crna,<br \/>\nWindows 10 Pro<\/p>\n<p>NUDIMO KUPOVINU NOVE ROBE NA RATE:<\/p>\n<p>-DO 18 RATA PREKO MIKROFIN KREDITNA ORGANIZACIJA<\/p>\n<p>-DO 12 RATA PREKO \u0160OPING KARTICE UNICREDIT BANK<\/p>\n<p>Trgovinska Radnja<\/p>\n<p>TECHNO SHOP BN<\/p>\n<p>Nikole Tesle 31a, Bijeljina<\/p>\n<p>(izme\u0111u Moja Apoteka i picerije Park Ne\u0161kovi\u0107)<\/p>\n<p>055\/422-599<\/p>\n<p>065\/824-333<\/p>\n<p>066\/123-234<\/p>\n<p>Radnim danima 09-19h<\/p>\n<p>Subotom 09-16h<\/p>\n<p>www.technoshopbn.com<\/p>\n<p>info@technoshopbn.com<\/p>\n","protected":false},"excerpt":{"rendered":"<p><strong>Intel Core i3-10105,<br \/>\n8GB DDR4 RAM<br \/>\n1TB HDD 7200rpm 3.5&#8243; + 256GB SSD M.2 2242 PCIe\u00ae 3.0&#215;4 NVMe\u00ae,<br \/>\nIntel UHD Graphics 630,<br \/>\n9.0mm DVD\u00b1RW,<br \/>\n4x USB 2.0, 1x HDMI\u00ae 2.0, 1x DisplayPort&#x2122; 1.4, 1x VGA,<br \/>\n1x Ethernet (RJ-45), 1x line-in (3.5mm), 1x serial (9-pin),<br \/>\nUSB mouse, NO Keyboard,,<br \/>\nPSU: 180W, Te\u017eina: 4.8kg,<br \/>\nTower Boja: Crna,<br \/>\nWindows 10 Pro<\/strong><\/p>\n","protected":false},"featured_media":8693,"comment_status":"open","ping_status":"closed","template":"","meta":{"_mi_skip_tracking":false,"_exactmetrics_sitenote_active":false,"_exactmetrics_sitenote_note":"","_exactmetrics_sitenote_category":0,"spay_email":""},"product_cat":[2393],"product_tag":[],"brands":[{"id":5148,"name":"LENOVO","slug":"lenovo"}],"df_price":829,"df_sale_price":"","df_regular_price":829,"df_image_link":"https:\/\/i0.wp.com\/astehshop.com\/wp-content\/uploads\/2023\/12\/img-1699863837-84b6139017eb.webp?fit=450%2C450&ssl=1","jetpack_publicize_connections":[],"jetpack_sharing_enabled":true,"jetpack_likes_enabled":true,"jetpack-related-posts":[{"id":7454,"url":"https:\/\/astehshop.com\/index.php\/product\/laptop-lenovo-thinkpad-t430-i5-3320m-8-120-ssd\/","url_meta":{"origin":8692,"position":0},"title":"Laptop Lenovo ThinkPad T430 i5-3320M \/ 8 \/ 120 SSD","date":"11. o\u017eujka 2023.","format":false,"excerpt":"Procesor: i5-3320M 2.60GHz (do 3.30GHz) RAM: 8GB DDR3 Pohrana: 120GB SSD Grafika: Intel Rezolucija: 1600\u00d7900 Veli\u010dina: 14\u2033 Video izlazi: 1x VGA, 1x mini DisplayPort Priklju\u010dci: 2x USB 2.0, 2x USB 3.0, 1x AUX 3,5mm, 1x RJ-45 Webcam: \u221a BlueTooth: \u221a Fingerprint Reader: x WiFi: \u221a","rel":"","context":"Srodne objave","img":{"alt_text":"","src":"https:\/\/i1.wp.com\/astehshop.com\/wp-content\/uploads\/2023\/03\/img-1678435679-d82813f28d03.jpg?fit=560%2C345&ssl=1&resize=350%2C200","width":350,"height":200},"classes":[]},{"id":10909,"url":"https:\/\/astehshop.com\/index.php\/product\/hp-pro-tower-290-g9-9m960at\/","url_meta":{"origin":8692,"position":1},"title":"HP Pro Tower 290 G9 9M960AT","date":"9. srpnja 2025.","format":false,"excerpt":"Procesor: Intel Core i3-12100, 4 jezgra \/ 8 niti, 3.3GHz baza (Turbo do 4.3GHz) RAM: 8GB DDR4 (pro\u0161irivo do 32GB, verovatno u jednom DIMM slotu) SSD: 256GB M.2 (tip verovatno SATA, mo\u017ee biti NVMe u zavisnosti od modela) Grafika: Intel UHD Graphics 730 (integrisana u procesor) mi\u0161 i tastatura \u00a0","rel":"","context":"Srodne objave","img":{"alt_text":"","src":"https:\/\/i1.wp.com\/astehshop.com\/wp-content\/uploads\/2025\/07\/38894-HP-Pro-Tower-290-G9-9M960AT-1.webp?fit=450%2C450&ssl=1&resize=350%2C200","width":350,"height":200},"classes":[]},{"id":10950,"url":"https:\/\/astehshop.com\/index.php\/product\/racunar-dell-optiplex-3080-sff\/","url_meta":{"origin":8692,"position":2},"title":"RA\u010cUNAR Dell OptiPlex 3080 SFF","date":"10. srpnja 2025.","format":false,"excerpt":"Proizvo\u0111a\u010d: Dell Model: OptiPlex 3080 SFF Procesor: Intel i5-10505 3.20GHz do 4.60GHz RAM: 16GB DDR4 Pohrana: 256GB SSD NVMe Grafika: x Optika: DVD-RW Video izlazi: 1X DisplayPort, 1x HDMI \u00a0Priklju\u010dci: 4x 3.0 USB, 4x 2.0 USB, 1x RJ-45","rel":"","context":"Srodne objave","img":{"alt_text":"","src":"https:\/\/i2.wp.com\/astehshop.com\/wp-content\/uploads\/2025\/07\/0384_pdp-polaris-MT_SFF_Swordfish_7000_module-01-1.jpg?fit=965%2C676&ssl=1&resize=350%2C200","width":350,"height":200},"classes":[]},{"id":10954,"url":"https:\/\/astehshop.com\/index.php\/product\/racunar-dell-optiplex-3070-sff\/","url_meta":{"origin":8692,"position":3},"title":"RA\u010cUNAR Dell OptiPlex 3070 SFF","date":"10. srpnja 2025.","format":false,"excerpt":"Proizvo\u0111a\u010d: Dell Model: OptiPlex 3070 SFF Procesor: i5-9500 3.00GHz RAM: 16GB DDR4 Pohrana: 256GB SSD m.2 Video izlazi: 1X DisplayPort, 1x HDMI \u00a0Priklju\u010dci: 4x 3.0 USB, 4x 2.0 USB, 1x RS-232","rel":"","context":"Srodne objave","img":{"alt_text":"","src":"https:\/\/i2.wp.com\/astehshop.com\/wp-content\/uploads\/2025\/07\/image-8.jpg?fit=1024%2C1024&ssl=1&resize=350%2C200","width":350,"height":200},"classes":[]},{"id":10968,"url":"https:\/\/astehshop.com\/index.php\/product\/racunar-dell-optiplex-7060-sff\/","url_meta":{"origin":8692,"position":4},"title":"RA\u010cUNAR Dell OptiPlex 7060 SFF","date":"10. srpnja 2025.","format":false,"excerpt":"Proizvo\u0111a\u010d: Dell Model: OptiPlex 7060 SFF Procesor: i5-8500 3.00GHz RAM: 8GB DDR4 Pohrana: 256SSD m.2 Grafika: Intel\u00ae HD Graphics 510\/530","rel":"","context":"Srodne objave","img":{"alt_text":"","src":"https:\/\/i0.wp.com\/astehshop.com\/wp-content\/uploads\/2025\/07\/0384_pdp-polaris-MT_SFF_Swordfish_7000_module-01.jpg?fit=965%2C676&ssl=1&resize=350%2C200","width":350,"height":200},"classes":[]},{"id":10215,"url":"https:\/\/astehshop.com\/index.php\/product\/racunar-pc-lenovo-m710s-i5-8gb-ssd-250gb\/","url_meta":{"origin":8692,"position":5},"title":"Ra\u010dunar PC LENOVO M710s i5 8GB SSD 250GB","date":"10. travnja 2025.","format":false,"excerpt":"LENOVO M710 SFF, Karakteristike: CPU Intel i5-6500 6th generation RAM DDR4 8GB SSD 250GB poklon HDD 250GB za backup kase 10xUSB 3.0","rel":"","context":"Srodne objave","img":{"alt_text":"","src":"https:\/\/i1.wp.com\/astehshop.com\/wp-content\/uploads\/2025\/04\/img-1744184057-05c31ddfc0cb.jpg?fit=595%2C509&ssl=1&resize=350%2C200","width":350,"height":200},"classes":[]}],"_links":{"self":[{"href":"https:\/\/astehshop.com\/index.php\/wp-json\/wp\/v2\/product\/8692"}],"collection":[{"href":"https:\/\/astehshop.com\/index.php\/wp-json\/wp\/v2\/product"}],"about":[{"href":"https:\/\/astehshop.com\/index.php\/wp-json\/wp\/v2\/types\/product"}],"replies":[{"embeddable":true,"href":"https:\/\/astehshop.com\/index.php\/wp-json\/wp\/v2\/comments?post=8692"}],"wp:featuredmedia":[{"embeddable":true,"href":"https:\/\/astehshop.com\/index.php\/wp-json\/wp\/v2\/media\/8693"}],"wp:attachment":[{"href":"https:\/\/astehshop.com\/index.php\/wp-json\/wp\/v2\/media?parent=8692"}],"wp:term":[{"taxonomy":"product_cat","embeddable":true,"href":"https:\/\/astehshop.com\/index.php\/wp-json\/wp\/v2\/product_cat?post=8692"},{"taxonomy":"product_tag","embeddable":true,"href":"https:\/\/astehshop.com\/index.php\/wp-json\/wp\/v2\/product_tag?post=8692"}],"curies":[{"name":"wp","href":"https:\/\/api.w.org\/{rel}","templated":true}]}}