{"id":8689,"date":"2023-12-04T20:17:21","date_gmt":"2023-12-04T19:17:21","guid":{"rendered":"http:\/\/astehshop.com\/?post_type=product&#038;p=8689"},"modified":"2023-12-04T20:17:22","modified_gmt":"2023-12-04T19:17:22","slug":"racunar-licenciran-win-11-tc-m70t-gen-3","status":"publish","type":"product","link":"https:\/\/astehshop.com\/trgovina\/itshop\/novi-racunari\/racunar-licenciran-win-11-tc-m70t-gen-3\/","title":{"rendered":"RA\u010cUNAR LICENCIRAN WIN 11 TC M70t Gen 3"},"content":{"rendered":"<p><strong>Kvalitetan, nov brand ra\u010dunar. <\/p>\n<p>Idealan za poslovne korisnike, knjigovodstvene agencije i sl&#8230;<\/p>\n<p>Lenovo TC M70T Gen 3, Win 11 Pro, <\/p>\n<p>Intel Pentium G7400, 3,7 GHz, 2C,<br \/>\n1&#215;4 GB DDR4 3200, Intel B660,<br \/>\nHDD 1TB, Intel integrirana,<br \/>\nTower, Flex VGA port, mi\u0161+tipkovnica,<br \/>\n3G garancije,<\/p>\n<p>NUDIMO KUPOVINU NOVE ROBE NA RATE:<br \/>\n-DO 18 RATA PREKO MIKROFIN KREDITNA ORGANIZACIJA<br \/>\n-DO 12 RATA PREKO \u0160OPING KARTICE UNICREDIT BANK<\/p>\n<p>Trgovinska Radnja<br \/>\nTECHNO SHOP BN<\/p>\n<p>Nikole Tesle 31a, Bijeljina<br \/>\n(izme\u0111u Moja Apoteka i picerije Park Ne\u0161kovi\u0107)<\/p>\n<p>055\/422-599<br \/>\n065\/824-333<\/p>\n<p>Radnim danima 09-19h<br \/>\nSubotom 09-16h<\/p>\n<p>www.technoshopbn.com<br \/>\ninfo@technoshopbn.com<\/strong><\/p>\n","protected":false},"excerpt":{"rendered":"<p><strong>Intel Pentium G7400, 3,7 GHz, 2C,<br \/>\n1&#215;4 GB DDR4 3200, Intel B660,<br \/>\nHDD 1TB, Intel integrirana,<br \/>\nTower, Flex VGA port, mi\u0161+tipkovnica,<br \/>\n3G garancije<\/strong><\/p>\n","protected":false},"featured_media":8690,"comment_status":"open","ping_status":"closed","template":"","meta":[],"product_brand":[],"product_cat":[2393],"product_tag":[],"class_list":{"0":"post-8689","1":"product","2":"type-product","3":"status-publish","4":"has-post-thumbnail","6":"product_cat-novi-racunari","8":"first","9":"instock","10":"shipping-taxable","11":"purchasable","12":"product-type-simple"},"_links":{"self":[{"href":"https:\/\/astehshop.com\/wp-json\/wp\/v2\/product\/8689","targetHints":{"allow":["GET"]}}],"collection":[{"href":"https:\/\/astehshop.com\/wp-json\/wp\/v2\/product"}],"about":[{"href":"https:\/\/astehshop.com\/wp-json\/wp\/v2\/types\/product"}],"replies":[{"embeddable":true,"href":"https:\/\/astehshop.com\/wp-json\/wp\/v2\/comments?post=8689"}],"version-history":[{"count":0,"href":"https:\/\/astehshop.com\/wp-json\/wp\/v2\/product\/8689\/revisions"}],"wp:featuredmedia":[{"embeddable":true,"href":"https:\/\/astehshop.com\/wp-json\/wp\/v2\/media\/8690"}],"wp:attachment":[{"href":"https:\/\/astehshop.com\/wp-json\/wp\/v2\/media?parent=8689"}],"wp:term":[{"taxonomy":"product_brand","embeddable":true,"href":"https:\/\/astehshop.com\/wp-json\/wp\/v2\/product_brand?post=8689"},{"taxonomy":"product_cat","embeddable":true,"href":"https:\/\/astehshop.com\/wp-json\/wp\/v2\/product_cat?post=8689"},{"taxonomy":"product_tag","embeddable":true,"href":"https:\/\/astehshop.com\/wp-json\/wp\/v2\/product_tag?post=8689"}],"curies":[{"name":"wp","href":"https:\/\/api.w.org\/{rel}","templated":true}]}}