{"id":8471,"date":"2023-10-26T19:10:28","date_gmt":"2023-10-26T17:10:28","guid":{"rendered":"http:\/\/astehshop.com\/?post_type=product&#038;p=8471"},"modified":"2026-03-14T09:18:22","modified_gmt":"2026-03-14T08:18:22","slug":"dahua-ip-set-4-kamere-full-hd-899-km","status":"publish","type":"product","link":"https:\/\/astehshop.com\/index.php\/product\/dahua-ip-set-4-kamere-full-hd-899-km\/","title":{"rendered":"Dahua IP set 4 kamere FULL HD 899 KM"},"content":{"rendered":"<p>U setu dobijate<\/p>\n<p>1 x Dahua 4 kanalni POE snima\u010d<\/p>\n<p>4 x Bullet 2 MPX kamere IMOU 2 MPX sa integrisanim mikrofonom<\/p>\n<p>1 x 1 TB HDD<\/p>\n<p>4 x gotova kabla po 20 M CAT6<\/p>\n<p>Sve kontroli\u0161ite putem aplikacije DMSS<\/p>\n<p>1 x Naljepnica<\/p>\n<p>www.technoshopbn.com<\/p>\n<p>Nikole Tesle 31a<\/p>\n<p>Bijeljina<\/p>\n<p>055 422 599<\/p>\n","protected":false},"excerpt":{"rendered":"<p>U setu dobijate<\/p>\n<p>1 x Dahua 4 kanalni POE snima\u010d<\/p>\n<p>4 x Bullet 2 MPX kamere IMOU 2 MPX sa integrisanim mikrofonom<\/p>\n<p>1 x 1 TB HDD<\/p>\n<p>4 x gotova kabla po 20 M CAT6<\/p>\n<p>Sve kontroli\u0161ite putem aplikacije DMSS<\/p>\n<p>1 x Naljepnica<\/p>\n<p>www.technoshopbn.com<\/p>\n<p>Nikole Tesle 31a<\/p>\n<p>Bijeljina<\/p>\n<p>055 422 599<\/p>\n","protected":false},"featured_media":8472,"comment_status":"open","ping_status":"closed","template":"","meta":{"_mi_skip_tracking":false,"_exactmetrics_sitenote_active":false,"_exactmetrics_sitenote_note":"","_exactmetrics_sitenote_category":0,"spay_email":""},"product_cat":[2298],"product_tag":[435,6365,6366,421,483,548,476,474,394,462],"brands":[{"id":2045,"name":"Dahua","slug":"dahua"}],"df_price":"","df_sale_price":"","df_regular_price":"","df_image_link":"https:\/\/i2.wp.com\/astehshop.com\/wp-content\/uploads\/2023\/10\/dahua-imou-set-1-scaled.jpg?fit=450%2C257&ssl=1","jetpack_publicize_connections":[],"jetpack_sharing_enabled":true,"jetpack_likes_enabled":true,"jetpack-related-posts":[{"id":8476,"url":"https:\/\/astehshop.com\/index.php\/product\/imou-kompletan-wifi-set-2-mpx-sa-roto-kamerom\/","url_meta":{"origin":8471,"position":0},"title":"Imou Kompletan WIFI set 2 MPX sa roto kamerom","date":"26. listopada 2023.","format":false,"excerpt":"WIFI set sa roto kamerom U setu dobijate 1 x WIFI snima\u010d 4 kanala 1 x ROTO wifi kamera FULL color 2 MPX 3 x Bullet wifi kamere IMOU 2 MPX 1 x 1 TB HDD Sve to mo\u017eete pratiti putem telefona ili va\u0161eg TV-a Obavje\u0161tenja na telefon o kretanju\u2026","rel":"","context":"Srodne objave","img":{"alt_text":"","src":"https:\/\/i0.wp.com\/astehshop.com\/wp-content\/uploads\/2023\/10\/akcija-imou-865-scaled.jpg?fit=1200%2C686&ssl=1&resize=350%2C200","width":350,"height":200},"classes":[]},{"id":4294,"url":"https:\/\/astehshop.com\/index.php\/product\/dahua-4-kanalni-set-full-hd\/","url_meta":{"origin":8471,"position":1},"title":"Dahua 4 kanalni set FULL HD","date":"31. o\u017eujka 2020.","format":false,"excerpt":"\ud83c\udfa5Dahua promo akcija 2 MP FULL HD 4 kanalni snima\u010d ( 1 kanal do 5 MP ostali na 4 MP ) 4 x bullet vanjske ip67 kamere 2 MPX 1 x 500 GB HDD 1 x stabilisano napajanje 8 x konektori BNC 4 x konektori DC 100 M kabla (\u2026","rel":"","context":"Srodne objave","img":{"alt_text":"","src":"https:\/\/i2.wp.com\/astehshop.com\/wp-content\/uploads\/2020\/03\/Dahua-4-kanalni-set-FULL-HD.jpg?fit=800%2C532&ssl=1&resize=350%2C200","width":350,"height":200},"classes":[]},{"id":7865,"url":"https:\/\/astehshop.com\/index.php\/product\/full-color-dahua-ip-set-komplet-4-mpx\/","url_meta":{"origin":8471,"position":2},"title":"Full Color DAHUA IP SET komplet 4 MPX","date":"1. lipnja 2023.","format":false,"excerpt":"U setu dobijate 4 x 4 MPX IP KAMERE FULL COLOR Dual Light wizsense sa detekcijom ljudi i vozila mo\u017ee da snima i na mikro sd karticu 4 kanalni POE snimac 1 TB HDD www.technoshopbn.com","rel":"","context":"Srodne objave","img":{"alt_text":"","src":"https:\/\/i2.wp.com\/astehshop.com\/wp-content\/uploads\/2023\/06\/dahua-full-color-set-1199-scaled.jpg?fit=1200%2C685&ssl=1&resize=350%2C200","width":350,"height":200},"classes":[]},{"id":5480,"url":"https:\/\/astehshop.com\/index.php\/product\/dahua-full-color-5-mp-kompletan-set-video-nadzor\/","url_meta":{"origin":8471,"position":3},"title":"Dahua FULL COLOR 5 MP kompletan set video nadzor","date":"17. listopada 2021.","format":false,"excerpt":"u setu dobijate 1 x 4 kanalni Dahua XVR 4 x FULL COLOR Dahua kamere 5 MP HAC-HFW1509T 1 x 500 GB HDD 100 metara RG59+ struja 1 x stabilisano napajanje 4 x dc konektora 8 x bnc konektora Nikole Tesle 31a Bijeljina 055 422 599 066 123 234 www.technoshopbn.com","rel":"","context":"Srodne objave","img":{"alt_text":"","src":"https:\/\/i0.wp.com\/astehshop.com\/wp-content\/uploads\/2021\/10\/slika-1854472-60c9049012a91-velika.jpg?fit=800%2C477&ssl=1&resize=350%2C200","width":350,"height":200},"classes":[]},{"id":5583,"url":"https:\/\/astehshop.com\/index.php\/product\/dahua-set-full-hd-kompletan-4-kamere\/","url_meta":{"origin":8471,"position":4},"title":"Dahua set FULL HD kompletan 4 kamere ISTEK ZALIHA","date":"31. listopada 2021.","format":false,"excerpt":"U setu dobijate 1 x 4 kanalni snimac ( za do 5 MP ) 4 x BULLET kamera vanjske Dahua HAC-HFW1200TL 40M no\u0107ni domet 1 x disk 500 GB 100 metara RG59 + struja 1 x napajanje 12v 5a 4 x dc konektora 8 x bnc konektor Sve se mo\u017ee\u2026","rel":"","context":"Srodne objave","img":{"alt_text":"","src":"https:\/\/i0.wp.com\/astehshop.com\/wp-content\/uploads\/2021\/10\/set-529-km.jpg?fit=800%2C480&ssl=1&resize=350%2C200","width":350,"height":200},"classes":[]},{"id":4266,"url":"https:\/\/astehshop.com\/index.php\/product\/16-kanalni-set-full-hd-dahua-sa-305-m-rg59-kabla\/","url_meta":{"origin":8471,"position":5},"title":"16 kanalni set FULL HD Dahua sa 305 M RG59 kabla","date":"31. o\u017eujka 2020.","format":false,"excerpt":"\u27a1\ufe0fImamo HIT ! Promo ponuda ! \ud83d\udd251986 KM \ud83d\udc4cDahua i to kakva ponuda 16 kanalni snima\u010d Dahua 16 x 2 MP kamera 40M smart IR 1 x 1 TB HDD 1 x napajanje 12v 20a 32 BNC konektora 16 dc konektora 305 M kabal ( struja + signal ) Mo\u017ee\u2026","rel":"","context":"Srodne objave","img":{"alt_text":"","src":"https:\/\/i1.wp.com\/astehshop.com\/wp-content\/uploads\/2020\/03\/16-kanalni-set-FULL-HD-Dahua-sa-305-M-RG59-kabla.jpg?fit=800%2C542&ssl=1&resize=350%2C200","width":350,"height":200},"classes":[]}],"_links":{"self":[{"href":"https:\/\/astehshop.com\/index.php\/wp-json\/wp\/v2\/product\/8471"}],"collection":[{"href":"https:\/\/astehshop.com\/index.php\/wp-json\/wp\/v2\/product"}],"about":[{"href":"https:\/\/astehshop.com\/index.php\/wp-json\/wp\/v2\/types\/product"}],"replies":[{"embeddable":true,"href":"https:\/\/astehshop.com\/index.php\/wp-json\/wp\/v2\/comments?post=8471"}],"wp:featuredmedia":[{"embeddable":true,"href":"https:\/\/astehshop.com\/index.php\/wp-json\/wp\/v2\/media\/8472"}],"wp:attachment":[{"href":"https:\/\/astehshop.com\/index.php\/wp-json\/wp\/v2\/media?parent=8471"}],"wp:term":[{"taxonomy":"product_cat","embeddable":true,"href":"https:\/\/astehshop.com\/index.php\/wp-json\/wp\/v2\/product_cat?post=8471"},{"taxonomy":"product_tag","embeddable":true,"href":"https:\/\/astehshop.com\/index.php\/wp-json\/wp\/v2\/product_tag?post=8471"}],"curies":[{"name":"wp","href":"https:\/\/api.w.org\/{rel}","templated":true}]}}