{"id":8234,"date":"2023-09-01T17:13:58","date_gmt":"2023-09-01T15:13:58","guid":{"rendered":"http:\/\/astehshop.com\/?post_type=product&#038;p=8234"},"modified":"2023-09-01T17:13:59","modified_gmt":"2023-09-01T15:13:59","slug":"polovan-laptop-lenovo-t540p-i7-156","status":"publish","type":"product","link":"https:\/\/astehshop.com\/index.php\/product\/polovan-laptop-lenovo-t540p-i7-156\/","title":{"rendered":"POLOVAN LAPTOP LENOVO T540P i7 15,6&#8243;"},"content":{"rendered":"<p>POLOVAN LAPTOP LENOVO ThinkPad T540P<\/p>\n<p>U top stanju!!!<\/p>\n<p>Ekran: 15.6&#8243; HD anti-glare (1366 x 768)<br \/>\nProcesor: Intel\u00ae Core&#x2122; I7-4600M (Up to 3.6GHz)<br \/>\nRam: DDR3 4GB<br \/>\nSSD: 240GB<br \/>\nGrafika: Intel HD Graphics 4600<\/p>\n<p>Windows 10, MS Office 2016<\/p>\n<p>Garancija: 6 mjeseci<\/p>\n<p>Za sve dodatne informacije mozete nas kontaktirati na OLX poruke, 065824333 ili Viber<\/p>\n<p> NUDIMO KUPOVINU NOVE ROBE NA RATE:<br \/>\n    -DO 18 RATA PREKO MIKROFIN KREDITNA ORGANIZACIJA<br \/>\n    -DO 12 RATA PREKO \u0160OPING KARTICE UNICREDIT BANK<\/p>\n<p>Trgovinska Radnja<br \/>\nTECHNO SHOP BN<\/p>\n<p>Nikole Tesle 31a, Bijeljina<br \/>\n(izme\u0111u Moja Apoteka i picerije Park Ne\u0161kovi\u0107)<\/p>\n<p>055\/422-599<br \/>\n065\/824-333<\/p>\n<p>Radnim danima 09-19h<br \/>\nSubotom 09-16h<\/p>\n<p>www.technoshopbn.com<br \/>\ninfo@technoshopbn.com<\/p>\n","protected":false},"excerpt":{"rendered":"<p><strong>Ekran: 15.6&#8243; HD anti-glare (1366 x 768)<br \/>\nProcesor: Intel\u00ae Core&#x2122; I7-4600M (Up to 3.6GHz)<br \/>\nRam: DDR3 4GB<br \/>\nSSD: 240GB<br \/>\nGrafika: Intel HD Graphics 4600<\/strong><\/p>\n","protected":false},"featured_media":8235,"comment_status":"open","ping_status":"closed","template":"","meta":{"_mi_skip_tracking":false,"_exactmetrics_sitenote_active":false,"_exactmetrics_sitenote_note":"","_exactmetrics_sitenote_category":0,"spay_email":""},"product_cat":[15],"product_tag":[],"brands":[{"id":5148,"name":"LENOVO","slug":"lenovo"}],"df_price":369,"df_sale_price":"","df_regular_price":369,"df_image_link":"https:\/\/i2.wp.com\/astehshop.com\/wp-content\/uploads\/2023\/09\/T540P2B_25798383-4b88-428f-89bf-4c37ab32f848_1024x1024.webp?fit=450%2C375&ssl=1","jetpack_publicize_connections":[],"jetpack_sharing_enabled":true,"jetpack_likes_enabled":true,"jetpack-related-posts":[{"id":6561,"url":"https:\/\/astehshop.com\/index.php\/product\/laptop-lenovo-v15-n4020-15-6-hd-4gb-256gb-free-dos\/","url_meta":{"origin":8234,"position":0},"title":"Laptop Lenovo V15 N4020 15.6 HD 4GB 256GB FREE DOS","date":"17. studenoga 2022.","format":false,"excerpt":"CPU Brend:\u00a0Intel CPU Model:\u00a0N4020 VGA:\u00a0Intel\u00ae UHD Graphics 600 RAM:\u00a04GB Ekran:\u00a015.6'' FHD (FULL HD) SSD:\u00a0256GB Web Kamera:\u00a0Da MicroSD:\u00a0Da OS:\u00a0FREE DOS","rel":"","context":"Srodne objave","img":{"alt_text":"","src":"https:\/\/i2.wp.com\/astehshop.com\/wp-content\/uploads\/2022\/11\/lenvo-laptop-v15-intel-celeron-procesor-n4020-156.jpg?fit=800%2C800&ssl=1&resize=350%2C200","width":350,"height":200},"classes":[]},{"id":8230,"url":"https:\/\/astehshop.com\/index.php\/product\/polovan-laptop-hp-840-g1-141\/","url_meta":{"origin":8234,"position":1},"title":"POLOVAN LAPTOP HP 840 G1 14,1&#8243;","date":"1. rujna 2023.","format":false,"excerpt":"Ekran: 14,1\" FHD LED-backlit anti-glare Procesor: Intel Core i5 4300U up to 2.9Ghz Ram: 8GB SSD: 180GB Grafi\u010dka karta: Intel HD","rel":"","context":"Srodne objave","img":{"alt_text":"","src":"https:\/\/i0.wp.com\/astehshop.com\/wp-content\/uploads\/2023\/09\/51Up0tykpES.jpg?fit=1200%2C1200&ssl=1&resize=350%2C200","width":350,"height":200},"classes":[]},{"id":10288,"url":"https:\/\/astehshop.com\/index.php\/product\/praznicna-akcija-laptop-hp-15-6-i5-8gb-ssd-250gb\/","url_meta":{"origin":8234,"position":2},"title":"PRAZNI\u010cNA AKCIJA!  HP 650 G1 , 15.6&#8243; i5 8GB SSD 250GB","date":"17. travnja 2025.","format":false,"excerpt":"POLOVAN LAPTOP HP 650 G1 15,6\" BIZNIS LAPTOP PREMIUM KVALITETA! METALNO KU\u0106I\u0160TE Ekran: 15,6\" FHD 1920x1080 Procesor: Intel Core i5-4210M Ram: DDR3 8GB SSD 250GB Nov! Grafika: Intel HD 4000 up to 2.7GB Windows 10, MS Office... Garancija: 6 mjeseci","rel":"","context":"Srodne objave","img":{"alt_text":"","src":"https:\/\/i0.wp.com\/astehshop.com\/wp-content\/uploads\/2025\/04\/cbb20bb8439a675c508b7601c90a6f92.webp?fit=680%2C850&ssl=1&resize=350%2C200","width":350,"height":200},"classes":[]},{"id":6557,"url":"https:\/\/astehshop.com\/index.php\/product\/laptop-dell-inspiron-3502-15-6-fhd-pentium-n5030-quad-core-4gb-128gb-win10s\/","url_meta":{"origin":8234,"position":3},"title":"Laptop DELL Inspiron 3502 15.6&#8221; FHD Pentium N5030-Quad Core 4GB 128GB Win10S","date":"17. studenoga 2022.","format":false,"excerpt":"CPU Brend:\u00a0Intel CPU Model:\u00a0N5030 4Cores VGA:\u00a0Intel\u00ae UHD Graphics 605 RAM:\u00a04GB Ekran:\u00a015.6'' FHD (FULL HD) SSD:\u00a0128GB Web Kamera:\u00a0Da MicroSD:\u00a0Da OS:\u00a0Windows 10 Standard","rel":"","context":"Srodne objave","img":{"alt_text":"","src":"https:\/\/i0.wp.com\/astehshop.com\/wp-content\/uploads\/2022\/11\/dell-inspiron-3502-156-pentium-silver-n5030-4gb-128gb-win10s.jpg?fit=800%2C800&ssl=1&resize=350%2C200","width":350,"height":200},"classes":[]},{"id":8238,"url":"https:\/\/astehshop.com\/index.php\/product\/polovan-laptop-hp-elitebook-450-g3-156\/","url_meta":{"origin":8234,"position":4},"title":"POLOVAN LAPTOP HP ELITEBOOK 450 G3 15,6&#8243;","date":"1. rujna 2023.","format":false,"excerpt":"Ekran: 15,6\" FHD 1920x1080 LED Procesor: Intel i5-6440HQ Quad Ram: DDR4 12GB 2666MHz SSD: M.2 NVMe 250GB Grafika: Intel UHD up to 4GB","rel":"","context":"Srodne objave","img":{"alt_text":"","src":"https:\/\/i1.wp.com\/astehshop.com\/wp-content\/uploads\/2023\/09\/61cV2WblOcL.jpg?fit=1200%2C900&ssl=1&resize=350%2C200","width":350,"height":200},"classes":[]},{"id":9948,"url":"https:\/\/astehshop.com\/index.php\/product\/9948\/","url_meta":{"origin":8234,"position":5},"title":"Detaljni opis POLOVAN LAPTOP Lenovo\u2026","date":"5. o\u017eujka 2025.","format":false,"excerpt":"POLOVAN LAPTOP Lenovo ThinkPad T490 BIZNIS LAPTOP PREMIUM KVALITETA! MAGNEZIJUMSKO KU\u0106I\u0160TE Ekran: 14,1\" IPS FHD 1920x1080 Procesor: Intel Core i5-8365 4\/8 Cores Ram: DDR4 24GB SSD 512GB NVMe Grafika: Intel up to 8GB Windows 11, MS Office... Garancija: 6 mjeseci","rel":"","context":"Srodne objave","img":{"alt_text":"","src":"https:\/\/i2.wp.com\/astehshop.com\/wp-content\/uploads\/2025\/03\/Lenovo-Thinkpad-T490.jpg?fit=650%2C650&ssl=1&resize=350%2C200","width":350,"height":200},"classes":[]}],"_links":{"self":[{"href":"https:\/\/astehshop.com\/index.php\/wp-json\/wp\/v2\/product\/8234"}],"collection":[{"href":"https:\/\/astehshop.com\/index.php\/wp-json\/wp\/v2\/product"}],"about":[{"href":"https:\/\/astehshop.com\/index.php\/wp-json\/wp\/v2\/types\/product"}],"replies":[{"embeddable":true,"href":"https:\/\/astehshop.com\/index.php\/wp-json\/wp\/v2\/comments?post=8234"}],"wp:featuredmedia":[{"embeddable":true,"href":"https:\/\/astehshop.com\/index.php\/wp-json\/wp\/v2\/media\/8235"}],"wp:attachment":[{"href":"https:\/\/astehshop.com\/index.php\/wp-json\/wp\/v2\/media?parent=8234"}],"wp:term":[{"taxonomy":"product_cat","embeddable":true,"href":"https:\/\/astehshop.com\/index.php\/wp-json\/wp\/v2\/product_cat?post=8234"},{"taxonomy":"product_tag","embeddable":true,"href":"https:\/\/astehshop.com\/index.php\/wp-json\/wp\/v2\/product_tag?post=8234"}],"curies":[{"name":"wp","href":"https:\/\/api.w.org\/{rel}","templated":true}]}}