{"id":8048,"date":"2023-08-13T10:23:54","date_gmt":"2023-08-13T08:23:54","guid":{"rendered":"http:\/\/astehshop.com\/?post_type=product&#038;p=8048"},"modified":"2023-08-13T10:23:54","modified_gmt":"2023-08-13T08:23:54","slug":"bluetooth-zvucnik-15-inca-2-bezicna-mikrofona-karaoke-mr-501","status":"publish","type":"product","link":"https:\/\/astehshop.com\/index.php\/product\/bluetooth-zvucnik-15-inca-2-bezicna-mikrofona-karaoke-mr-501\/","title":{"rendered":"BLUETOOTH ZVU\u010cNIK 15 IN\u010cA +2 BE\u017dI\u010cNA MIKROFONA karaoke MR-501"},"content":{"rendered":"<p>UZ ZVU\u010cNIK DOLAZI:<\/p>\n<p>-2 BE\u017dI\u010cNA MIKROFONA<\/p>\n<p>&#8211; DALJINSKI<\/p>\n<p>&#8211; LED OSVJETLJENJE,<\/p>\n<p>&#8211; USB ULAZ<\/p>\n<p>&#8211; SD CARD<\/p>\n<p>&#8211; FM RADIO<\/p>\n<p>&#8211; BLUETOOTH<\/p>\n<p>&#8211; AUX IN<\/p>\n<p>-MOGU\u0106NOST PRIKLJU\u010cIVANJA GITARE<\/p>\n<p>&#8211; Zvu\u010dnik ima svoj integrisan akumulator, vrijeme rada na akumulatoru 10h,<\/p>\n<p>&#8211; Punjenje preko priklju\u010dak adapter .<\/p>\n<p>&#8211; Mogu\u0107e pu\u0161tanje muzike\/matrica sa USB Sticka, SD kartice, Micro SD kartice, te pu\u0161tanje muzike\/matrica preko Bluetooth uredjaja,Posjeduje Radio FM.<\/p>\n","protected":false},"excerpt":{"rendered":"<p>UZ ZVU\u010cNIK DOLAZI:<\/p>\n<p>-2 BE\u017dI\u010cNA MIKROFONA<\/p>\n<p>&#8211; DALJINSKI<\/p>\n<p>&#8211; LED OSVJETLJENJE,<\/p>\n<p>&#8211; USB ULAZ<\/p>\n<p>&#8211; SD CARD<\/p>\n<p>&#8211; FM RADIO<\/p>\n<p>&#8211; BLUETOOTH<\/p>\n<p>&#8211; AUX IN<\/p>\n<p>-MOGU\u0106NOST PRIKLJU\u010cIVANJA GITARE<\/p>\n<p>&#8211; Zvu\u010dnik ima svoj integrisan akumulator, vrijeme rada na akumulatoru 10h,<\/p>\n<p>&#8211; Punjenje preko priklju\u010dak adapter .<\/p>\n<p>&#8211; Mogu\u0107e pu\u0161tanje muzike\/matrica sa USB Sticka, SD kartice, Micro SD kartice, te pu\u0161tanje muzike\/matrica preko Bluetooth uredjaja,Posjeduje Radio FM.<\/p>\n","protected":false},"featured_media":8049,"comment_status":"open","ping_status":"closed","template":"","meta":{"_mi_skip_tracking":false,"_exactmetrics_sitenote_active":false,"_exactmetrics_sitenote_note":"","_exactmetrics_sitenote_category":0,"spay_email":""},"product_cat":[5749],"product_tag":[5762,435,759,5756,5761,5760,762,761],"brands":[],"df_price":350,"df_sale_price":"","df_regular_price":350,"df_image_link":"https:\/\/i1.wp.com\/astehshop.com\/wp-content\/uploads\/2023\/08\/mr-501.png?fit=450%2C440&ssl=1","jetpack_publicize_connections":[],"jetpack_sharing_enabled":true,"jetpack_likes_enabled":true,"jetpack-related-posts":[{"id":8050,"url":"https:\/\/astehshop.com\/index.php\/product\/bluetooth-zvucnik-2-bezicna-mikrofona-k5-15\/","url_meta":{"origin":8048,"position":0},"title":"BLUETOOTH ZVU\u010cNIK +2 BE\u017dI\u010cNA MIKROFONA K5-15","date":"13. kolovoza 2023.","format":false,"excerpt":"UZ ZVU\u010cNIK DOLAZI: -2 BE\u017dI\u010cNA MIKROFONA - DALJINSKI - LED OSVJETLJENJE, - USB ULAZ - SD CARD - FM RADIO - BLUETOOTH - AUX IN - MOGU\u0106NOST PRIKLJU\u010cIVANJA GITARE - Zvu\u010dnik ima svoj integrisan akumulator, vrijeme rada na akumulatoru 10h, - Punjenje preko priklju\u010dak adapter . - Mogu\u0107e pu\u0161tanje muzike\/matrica\u2026","rel":"","context":"Srodne objave","img":{"alt_text":"","src":"https:\/\/i1.wp.com\/astehshop.com\/wp-content\/uploads\/2023\/08\/k5-15.jpg?fit=1198%2C1200&ssl=1&resize=350%2C200","width":350,"height":200},"classes":[]},{"id":8044,"url":"https:\/\/astehshop.com\/index.php\/product\/meirende-bluetooth-zvucnik-12-2-mikrofona\/","url_meta":{"origin":8048,"position":1},"title":"MEIRENDE BLUETOOTH ZVUCNIK 12&#8243; + 2 MIKROFONA","date":"13. kolovoza 2023.","format":false,"excerpt":"KARAOKE ZVU\u010cNICI - BLUETOOTH NEVJEROVATNA SNAGA UZ ZVU\u010cNIK DOLAZI: - 2 BE\u017dI\u010cNA MIKROFONA - DALJINSKI - LED OSVJETLJENJE, - USB ULAZ - SD CARD - FM RADIO - BLUETOOTH - AUX IN - MOGU\u0106NOST PRIKLJU\u010cIVANJA GITARE","rel":"","context":"Srodne objave","img":{"alt_text":"","src":"https:\/\/i1.wp.com\/astehshop.com\/wp-content\/uploads\/2023\/08\/meriende-mr-201.png?fit=890%2C938&ssl=1&resize=350%2C200","width":350,"height":200},"classes":[]},{"id":8046,"url":"https:\/\/astehshop.com\/index.php\/product\/bluetooth-zvucnik-12-inca-1-bezicni-mikrofon-karaoke\/","url_meta":{"origin":8048,"position":2},"title":"BLUETOOTH ZVU\u010cNIK 12 INCA +1 BE\u017dI\u010cNI MIKROFON karaoke","date":"13. kolovoza 2023.","format":false,"excerpt":"UZ ZVU\u010cNIK DOLAZI: - 1 BE\u017dI\u010cNI MIKROFON - DALJINSKI - LED OSVJETLJENJE, - USB ULAZ - SD CARD - FM RADIO - BLUETOOTH - AUX IN - MOGU\u0106NOST PRIKLJU\u010cIVANJA GITARE","rel":"","context":"Srodne objave","img":{"alt_text":"","src":"https:\/\/i2.wp.com\/astehshop.com\/wp-content\/uploads\/2023\/08\/k3-12.jpg?fit=1010%2C1068&ssl=1&resize=350%2C200","width":350,"height":200},"classes":[]},{"id":6529,"url":"https:\/\/astehshop.com\/index.php\/product\/auto-radio-4-x-45w-bluetooth-fm-usb-sd-aux-daljinski-vb-3100\/","url_meta":{"origin":8048,"position":3},"title":"Auto radio, 4 x 45W, Bluetooth, FM, USB\/SD\/AUX, daljinski VB 3100","date":"13. studenoga 2022.","format":false,"excerpt":"Auto Radio sa daljinskim upravlja\u010dem, 4 x 45W, FM radio, 18 memorijskih mjesta, automatsko pretra\u017eivanje, MP3 info, Bluetooth, Handsfree, Caller ID, USB utor, SD memorijska kartica, 3,5 mm AUX ulaz, 4 x RCA, ISO konektor","rel":"","context":"Srodne objave","img":{"alt_text":"","src":"https:\/\/i1.wp.com\/astehshop.com\/wp-content\/uploads\/2022\/11\/VB-3100-radio.jpg?fit=1200%2C1032&ssl=1&resize=350%2C200","width":350,"height":200},"classes":[]},{"id":11139,"url":"https:\/\/astehshop.com\/index.php\/product\/zvucnik-bluetooth-esperanza-fado\/","url_meta":{"origin":8048,"position":4},"title":"Zvu\u010dnik BLUETOOTH ESPERANZA FADO","date":"17. srpnja 2025.","format":false,"excerpt":"FM radio, microSD, USB, EP133K","rel":"","context":"Srodne objave","img":{"alt_text":"","src":"https:\/\/i2.wp.com\/astehshop.com\/wp-content\/uploads\/2025\/07\/0090342_zvucnik-bluetooth-esperanza-fado-fm-radio-microsd-usb-ep133k.jpeg?fit=450%2C450&ssl=1&resize=350%2C200","width":350,"height":200},"classes":[]},{"id":6533,"url":"https:\/\/astehshop.com\/index.php\/product\/auto-radio-4-x-45w-bluetooth-fm-usb-sd-auxdaljinski-vb-4000\/","url_meta":{"origin":8048,"position":5},"title":"Auto radio, 4 X 45W, Bluetooth, FM, USB \/ SD \/ AUX,daljinski VB 4000","date":"13. studenoga 2022.","format":false,"excerpt":"Auto radio sa daljinskim upravlja\u010dem, 4 x 45 W, be\u017ei\u010dna Bluetooth veza, vanjski mikrofon ( kabel 1.8 met. ), HandFree funkcija, prikaz broja pozivatelja na display-u, automatsko prebacivanje moda rada pri uspostavi poziva, FM radio, 18 memorijskih mjesta za radio frekvencije, manualno ili automatsko pretra\u017eivanje, RDS, MP3 player, ID3 tag,\u2026","rel":"","context":"Srodne objave","img":{"alt_text":"","src":"https:\/\/i0.wp.com\/astehshop.com\/wp-content\/uploads\/2022\/11\/VB-4000-jpg.jpg?fit=1200%2C1049&ssl=1&resize=350%2C200","width":350,"height":200},"classes":[]}],"_links":{"self":[{"href":"https:\/\/astehshop.com\/index.php\/wp-json\/wp\/v2\/product\/8048"}],"collection":[{"href":"https:\/\/astehshop.com\/index.php\/wp-json\/wp\/v2\/product"}],"about":[{"href":"https:\/\/astehshop.com\/index.php\/wp-json\/wp\/v2\/types\/product"}],"replies":[{"embeddable":true,"href":"https:\/\/astehshop.com\/index.php\/wp-json\/wp\/v2\/comments?post=8048"}],"wp:featuredmedia":[{"embeddable":true,"href":"https:\/\/astehshop.com\/index.php\/wp-json\/wp\/v2\/media\/8049"}],"wp:attachment":[{"href":"https:\/\/astehshop.com\/index.php\/wp-json\/wp\/v2\/media?parent=8048"}],"wp:term":[{"taxonomy":"product_cat","embeddable":true,"href":"https:\/\/astehshop.com\/index.php\/wp-json\/wp\/v2\/product_cat?post=8048"},{"taxonomy":"product_tag","embeddable":true,"href":"https:\/\/astehshop.com\/index.php\/wp-json\/wp\/v2\/product_tag?post=8048"}],"curies":[{"name":"wp","href":"https:\/\/api.w.org\/{rel}","templated":true}]}}