{"id":8046,"date":"2023-08-13T10:12:40","date_gmt":"2023-08-13T08:12:40","guid":{"rendered":"http:\/\/astehshop.com\/?post_type=product&#038;p=8046"},"modified":"2023-08-13T10:12:41","modified_gmt":"2023-08-13T08:12:41","slug":"bluetooth-zvucnik-12-inca-1-bezicni-mikrofon-karaoke","status":"publish","type":"product","link":"https:\/\/astehshop.com\/index.php\/product\/bluetooth-zvucnik-12-inca-1-bezicni-mikrofon-karaoke\/","title":{"rendered":"BLUETOOTH ZVU\u010cNIK 12 INCA +1 BE\u017dI\u010cNI MIKROFON karaoke"},"content":{"rendered":"<p>UZ ZVU\u010cNIK DOLAZI:<\/p>\n<p>&#8211; 1 BE\u017dI\u010cNI MIKROFON<\/p>\n<p>&#8211; DALJINSKI<\/p>\n<p>&#8211; LED OSVJETLJENJE,<\/p>\n<p>&#8211; USB ULAZ<\/p>\n<p>&#8211; SD CARD<\/p>\n<p>&#8211; FM RADIO<\/p>\n<p>&#8211; BLUETOOTH<\/p>\n<p>&#8211; AUX IN<\/p>\n<p>&#8211; MOGU\u0106NOST PRIKLJU\u010cIVANJA GITARE<\/p>\n","protected":false},"excerpt":{"rendered":"<p>UZ ZVU\u010cNIK DOLAZI:<\/p>\n<p>&#8211; 1 BE\u017dI\u010cNI MIKROFON<\/p>\n<p>&#8211; DALJINSKI<\/p>\n<p>&#8211; LED OSVJETLJENJE,<\/p>\n<p>&#8211; USB ULAZ<\/p>\n<p>&#8211; SD CARD<\/p>\n<p>&#8211; FM RADIO<\/p>\n<p>&#8211; BLUETOOTH<\/p>\n<p>&#8211; AUX IN<\/p>\n<p>&#8211; MOGU\u0106NOST PRIKLJU\u010cIVANJA GITARE<\/p>\n","protected":false},"featured_media":8047,"comment_status":"open","ping_status":"closed","template":"","meta":{"_mi_skip_tracking":false,"_exactmetrics_sitenote_active":false,"_exactmetrics_sitenote_note":"","_exactmetrics_sitenote_category":0,"spay_email":""},"product_cat":[5749],"product_tag":[759,5755,5756,5758,5759,5757],"brands":[],"df_price":175,"df_sale_price":"","df_regular_price":175,"df_image_link":"https:\/\/i2.wp.com\/astehshop.com\/wp-content\/uploads\/2023\/08\/k3-12.jpg?fit=426%2C450&ssl=1","jetpack_publicize_connections":[],"jetpack_sharing_enabled":true,"jetpack_likes_enabled":true,"jetpack-related-posts":[{"id":8044,"url":"https:\/\/astehshop.com\/index.php\/product\/meirende-bluetooth-zvucnik-12-2-mikrofona\/","url_meta":{"origin":8046,"position":0},"title":"MEIRENDE BLUETOOTH ZVUCNIK 12&#8243; + 2 MIKROFONA","date":"13. kolovoza 2023.","format":false,"excerpt":"KARAOKE ZVU\u010cNICI - BLUETOOTH NEVJEROVATNA SNAGA UZ ZVU\u010cNIK DOLAZI: - 2 BE\u017dI\u010cNA MIKROFONA - DALJINSKI - LED OSVJETLJENJE, - USB ULAZ - SD CARD - FM RADIO - BLUETOOTH - AUX IN - MOGU\u0106NOST PRIKLJU\u010cIVANJA GITARE","rel":"","context":"Srodne objave","img":{"alt_text":"","src":"https:\/\/i1.wp.com\/astehshop.com\/wp-content\/uploads\/2023\/08\/meriende-mr-201.png?fit=890%2C938&ssl=1&resize=350%2C200","width":350,"height":200},"classes":[]},{"id":8048,"url":"https:\/\/astehshop.com\/index.php\/product\/bluetooth-zvucnik-15-inca-2-bezicna-mikrofona-karaoke-mr-501\/","url_meta":{"origin":8046,"position":1},"title":"BLUETOOTH ZVU\u010cNIK 15 IN\u010cA +2 BE\u017dI\u010cNA MIKROFONA karaoke MR-501","date":"13. kolovoza 2023.","format":false,"excerpt":"UZ ZVU\u010cNIK DOLAZI: -2 BE\u017dI\u010cNA MIKROFONA - DALJINSKI - LED OSVJETLJENJE, - USB ULAZ - SD CARD - FM RADIO - BLUETOOTH - AUX IN -MOGU\u0106NOST PRIKLJU\u010cIVANJA GITARE - Zvu\u010dnik ima svoj integrisan akumulator, vrijeme rada na akumulatoru 10h, - Punjenje preko priklju\u010dak adapter . - Mogu\u0107e pu\u0161tanje muzike\/matrica sa\u2026","rel":"","context":"Srodne objave","img":{"alt_text":"","src":"https:\/\/i1.wp.com\/astehshop.com\/wp-content\/uploads\/2023\/08\/mr-501.png?fit=537%2C525&ssl=1&resize=350%2C200","width":350,"height":200},"classes":[]},{"id":8050,"url":"https:\/\/astehshop.com\/index.php\/product\/bluetooth-zvucnik-2-bezicna-mikrofona-k5-15\/","url_meta":{"origin":8046,"position":2},"title":"BLUETOOTH ZVU\u010cNIK +2 BE\u017dI\u010cNA MIKROFONA K5-15","date":"13. kolovoza 2023.","format":false,"excerpt":"UZ ZVU\u010cNIK DOLAZI: -2 BE\u017dI\u010cNA MIKROFONA - DALJINSKI - LED OSVJETLJENJE, - USB ULAZ - SD CARD - FM RADIO - BLUETOOTH - AUX IN - MOGU\u0106NOST PRIKLJU\u010cIVANJA GITARE - Zvu\u010dnik ima svoj integrisan akumulator, vrijeme rada na akumulatoru 10h, - Punjenje preko priklju\u010dak adapter . - Mogu\u0107e pu\u0161tanje muzike\/matrica\u2026","rel":"","context":"Srodne objave","img":{"alt_text":"","src":"https:\/\/i1.wp.com\/astehshop.com\/wp-content\/uploads\/2023\/08\/k5-15.jpg?fit=1198%2C1200&ssl=1&resize=350%2C200","width":350,"height":200},"classes":[]},{"id":6529,"url":"https:\/\/astehshop.com\/index.php\/product\/auto-radio-4-x-45w-bluetooth-fm-usb-sd-aux-daljinski-vb-3100\/","url_meta":{"origin":8046,"position":3},"title":"Auto radio, 4 x 45W, Bluetooth, FM, USB\/SD\/AUX, daljinski VB 3100","date":"13. studenoga 2022.","format":false,"excerpt":"Auto Radio sa daljinskim upravlja\u010dem, 4 x 45W, FM radio, 18 memorijskih mjesta, automatsko pretra\u017eivanje, MP3 info, Bluetooth, Handsfree, Caller ID, USB utor, SD memorijska kartica, 3,5 mm AUX ulaz, 4 x RCA, ISO konektor","rel":"","context":"Srodne objave","img":{"alt_text":"","src":"https:\/\/i1.wp.com\/astehshop.com\/wp-content\/uploads\/2022\/11\/VB-3100-radio.jpg?fit=1200%2C1032&ssl=1&resize=350%2C200","width":350,"height":200},"classes":[]},{"id":7464,"url":"https:\/\/astehshop.com\/index.php\/product\/bluetooth-zvucnik-sal-max-bt\/","url_meta":{"origin":8046,"position":4},"title":"BLUETOOTH ZVU\u010cNIK SAL MAX BT","date":"11. o\u017eujka 2023.","format":false,"excerpt":"Prenosivi multimedijalni zvu\u010dnik sa daljinskim upravlja\u010dem, 2.1 Stereo zvuk, 2 x 35W, extra bass 50W, Bluetooth, ugra\u0111en FM radi sa automatskim pretra\u017eivanjem, MP3 player, reprodukcija sa USB-a, SD memorijske kartice, 2 x 6,3mm ulaz za mikrofon ( KARAOKE ), Bluetooth spajanje sa Smartphone-om, LED plavo svjetlo, drvena kutija sa dr\u0161kom\u2026","rel":"","context":"Srodne objave","img":{"alt_text":"","src":"https:\/\/i2.wp.com\/astehshop.com\/wp-content\/uploads\/2023\/03\/DsplnG0z8LEBxMxFnFeY.jpg?fit=566%2C566&ssl=1&resize=350%2C200","width":350,"height":200},"classes":[]},{"id":6533,"url":"https:\/\/astehshop.com\/index.php\/product\/auto-radio-4-x-45w-bluetooth-fm-usb-sd-auxdaljinski-vb-4000\/","url_meta":{"origin":8046,"position":5},"title":"Auto radio, 4 X 45W, Bluetooth, FM, USB \/ SD \/ AUX,daljinski VB 4000","date":"13. studenoga 2022.","format":false,"excerpt":"Auto radio sa daljinskim upravlja\u010dem, 4 x 45 W, be\u017ei\u010dna Bluetooth veza, vanjski mikrofon ( kabel 1.8 met. ), HandFree funkcija, prikaz broja pozivatelja na display-u, automatsko prebacivanje moda rada pri uspostavi poziva, FM radio, 18 memorijskih mjesta za radio frekvencije, manualno ili automatsko pretra\u017eivanje, RDS, MP3 player, ID3 tag,\u2026","rel":"","context":"Srodne objave","img":{"alt_text":"","src":"https:\/\/i0.wp.com\/astehshop.com\/wp-content\/uploads\/2022\/11\/VB-4000-jpg.jpg?fit=1200%2C1049&ssl=1&resize=350%2C200","width":350,"height":200},"classes":[]}],"_links":{"self":[{"href":"https:\/\/astehshop.com\/index.php\/wp-json\/wp\/v2\/product\/8046"}],"collection":[{"href":"https:\/\/astehshop.com\/index.php\/wp-json\/wp\/v2\/product"}],"about":[{"href":"https:\/\/astehshop.com\/index.php\/wp-json\/wp\/v2\/types\/product"}],"replies":[{"embeddable":true,"href":"https:\/\/astehshop.com\/index.php\/wp-json\/wp\/v2\/comments?post=8046"}],"wp:featuredmedia":[{"embeddable":true,"href":"https:\/\/astehshop.com\/index.php\/wp-json\/wp\/v2\/media\/8047"}],"wp:attachment":[{"href":"https:\/\/astehshop.com\/index.php\/wp-json\/wp\/v2\/media?parent=8046"}],"wp:term":[{"taxonomy":"product_cat","embeddable":true,"href":"https:\/\/astehshop.com\/index.php\/wp-json\/wp\/v2\/product_cat?post=8046"},{"taxonomy":"product_tag","embeddable":true,"href":"https:\/\/astehshop.com\/index.php\/wp-json\/wp\/v2\/product_tag?post=8046"}],"curies":[{"name":"wp","href":"https:\/\/api.w.org\/{rel}","templated":true}]}}