{"id":7779,"date":"2023-05-16T21:46:42","date_gmt":"2023-05-16T19:46:42","guid":{"rendered":"http:\/\/astehshop.com\/?post_type=product&#038;p=7779"},"modified":"2024-07-18T23:57:26","modified_gmt":"2024-07-18T21:57:26","slug":"vakum-pumpa-vp160","status":"publish","type":"product","link":"https:\/\/astehshop.com\/index.php\/product\/vakum-pumpa-vp160\/","title":{"rendered":"Vakum pumpa VP160"},"content":{"rendered":"<p><span class=\"HwtZe\" lang=\"bs\"><span class=\"jCAhz ChMk0b\"><span class=\"ryNqvb\">Vakum pumpa VP160 je jednostepena, uljna pumpa sa slobodnim protokom vazduha od 170l\/min (6CFM) i krajnjim vakuumom 5Pa (37mikrona).<\/span><\/span> <span class=\"jCAhz ChMk0b\"><span class=\"ryNqvb\">Novu seriju vakuum pumpi karakteri\u0161e visoka efikasnost, veoma visoka vrednost vakuuma i tih rad.<\/span><\/span> <span class=\"jCAhz ChMk0b\"><span class=\"ryNqvb\">RS vakuum pumpe predstavljaju visok kvalitet za razumnu cijenu i pokrivene su jednogodi\u0161njom garancijom.<\/span><\/span> <span class=\"jCAhz ChMk0b\"><span class=\"ryNqvb\">Sve pumpe serije RS opremljene su filterom za uljnu maglu i jednosmjernim mehani\u010dkim ventilom.<\/span><\/span> <span class=\"jCAhz ChMk0b\"><span class=\"ryNqvb\">Ovaj ventil spre\u010dava povratni tok ulja iz pumpe u komoru.<\/span><\/span> <span class=\"jCAhz ChMk0b\"><span class=\"ryNqvb\">Predstavljena pumpa je idealno re\u0161enje kao komponenta sistema za vakuum degazaciju.<\/span><\/span> <span class=\"jCAhz ChMk0b\"><span class=\"ryNqvb\">Tako\u0111e savr\u0161eno pogodan za servisiranje klima ure\u0111aja i druge industrijske zadatke.<\/span><\/span> <span class=\"jCAhz ChMk0b\"><span class=\"ryNqvb\">Sve na\u0161e vakuum pumpe su provjerene i testirane prije otpreme kupcu.<\/span><\/span> <span class=\"jCAhz ChMk0b\"><span class=\"ryNqvb\">Sadr\u017eaj kompleta:<\/span><\/span> <span class=\"jCAhz ChMk0b\"><span class=\"ryNqvb\">vakum pumpa VP160<\/span><\/span> <span class=\"jCAhz ChMk0b\"><span class=\"ryNqvb\">ulje potrebno za prvi start<\/span><\/span> <span class=\"jCAhz ChMk0b\"><span class=\"ryNqvb\">uputstvo za upotrebu<\/span><\/span><\/span><\/p>\n","protected":false},"excerpt":{"rendered":"<p><span class=\"HwtZe\" lang=\"bs\"><span class=\"jCAhz ChMk0b\"><span class=\"ryNqvb\">Vakum pumpa VP160 je jednostepena, uljna pumpa sa slobodnim protokom vazduha od 170l\/min (6CFM) i krajnjim vakuumom 5Pa (37mikrona).<\/span><\/span> <span class=\"jCAhz ChMk0b\"><span class=\"ryNqvb\">Novu seriju vakuum pumpi karakteri\u0161e visoka efikasnost, veoma visoka vrednost vakuuma i tih rad.<\/span><\/span> <span class=\"jCAhz ChMk0b\"><span class=\"ryNqvb\">RS vakuum pumpe predstavljaju visok kvalitet za razumnu cijenu i pokrivene su jednogodi\u0161njom garancijom.<\/span><\/span> <span class=\"jCAhz ChMk0b\"><span class=\"ryNqvb\">Sve pumpe serije RS opremljene su filterom za uljnu maglu i jednosmjernim mehani\u010dkim ventilom.<\/span><\/span> <span class=\"jCAhz ChMk0b\"><span class=\"ryNqvb\">Ovaj ventil spre\u010dava povratni tok ulja iz pumpe u komoru.<\/span><\/span> <span class=\"jCAhz ChMk0b\"><span class=\"ryNqvb\">Predstavljena pumpa je idealno re\u0161enje kao komponenta sistema za vakuum degazaciju.<\/span><\/span> <span class=\"jCAhz ChMk0b\"><span class=\"ryNqvb\">Tako\u0111e savr\u0161eno pogodan za servisiranje klima ure\u0111aja i druge industrijske zadatke.<\/span><\/span> <span class=\"jCAhz ChMk0b\"><span class=\"ryNqvb\">Sve na\u0161e vakuum pumpe su provjerene i testirane prije otpreme kupcu.<\/span><\/span> <span class=\"jCAhz ChMk0b\"><span class=\"ryNqvb\">Sadr\u017eaj kompleta:<\/span><\/span> <span class=\"jCAhz ChMk0b\"><span class=\"ryNqvb\">vakum pumpa VP160<\/span><\/span> <span class=\"jCAhz ChMk0b\"><span class=\"ryNqvb\">ulje potrebno za prvi start<\/span><\/span> <span class=\"jCAhz ChMk0b\"><span class=\"ryNqvb\">uputstvo za upotrebu<\/span><\/span><\/span><\/p>\n","protected":false},"featured_media":7780,"comment_status":"open","ping_status":"closed","template":"","meta":{"_mi_skip_tracking":false,"_exactmetrics_sitenote_active":false,"_exactmetrics_sitenote_note":"","_exactmetrics_sitenote_category":0,"spay_email":""},"product_cat":[5484],"product_tag":[5491,5492],"brands":[],"df_price":400,"df_sale_price":"","df_regular_price":400,"df_image_link":"https:\/\/i2.wp.com\/astehshop.com\/wp-content\/uploads\/2023\/05\/vp160.jpg?fit=450%2C361&ssl=1","jetpack_publicize_connections":[],"jetpack_sharing_enabled":true,"jetpack_likes_enabled":true,"jetpack-related-posts":[{"id":11796,"url":"https:\/\/astehshop.com\/index.php\/product\/aparat-za-kafu-delonghi-en85-mini-nespresso-black\/","url_meta":{"origin":7779,"position":0},"title":"Aparat za kafu DeLonghi EN85 Mini Nespresso Black","date":"28. rujna 2025.","format":false,"excerpt":"Aparat za kafu DeLonghi EN85 Mini Nespresso Black \u2022 Kompaktan dizajn, lijepo se uklapa \u010dak i u male prostore \u2022 Brzo vrijeme zagrijevanja, ma\u0161ina je spremna za upotrebu za samo 25 sekundi \u2022 2 prilagodljiva recepta, jedno dugme za Espresso 40ml i jedno za Lungo 110ml \u2022 Eko-re\u017eim 3 minute\u2026","rel":"","context":"Srodne objave","img":{"alt_text":"","src":"https:\/\/i0.wp.com\/astehshop.com\/wp-content\/uploads\/2025\/09\/Aparat-za-kafu-1150W-19-bar-Mini-Nespresso-Black-640x480-1.png?fit=640%2C480&ssl=1&resize=350%2C200","width":350,"height":200},"classes":[]},{"id":10200,"url":"https:\/\/astehshop.com\/index.php\/product\/azuri-toplotna-pumpa-vezuri-iii-all-in-one-azi-cq8-0pdg-nhh2-e\/","url_meta":{"origin":7779,"position":1},"title":"AZURI Toplotna pumpa VEZURI III \u201cALL IN ONE\u201d; AZI-CQ8.0PdG\/NhH2-E","date":"6. travnja 2025.","format":false,"excerpt":"VEZURI III dizalice topline \u201cALL IN ONE\u201d Ovaj se komplet sastoji od vanjske jedinice, hidrauli\u010dkog modula i spremnika tople vode volumena 200 L. Koristi se za grijanje i hla\u0111enje prostora te grijanje potro\u0161ne vode do 60\u00baC. Su\u010delje za daljinsko upravljanje. All in One izvedba se sastoji od tri dijela: vanjske\u2026","rel":"","context":"Srodne objave","img":{"alt_text":"","src":"https:\/\/i0.wp.com\/astehshop.com\/wp-content\/uploads\/2025\/04\/Screenshot-2025-04-06-at-17-11-34-AZURI-dizalica-topline-komplet-VEZURI-3-AllInOne-AZI-CQ6.0Pd_NhH2-EO_AZI-CQ6.0PdG_NhH2-EI-6-kW-Klima-shop.png?fit=711%2C646&ssl=1&resize=350%2C200","width":350,"height":200},"classes":[]},{"id":10253,"url":"https:\/\/astehshop.com\/index.php\/product\/gree-aovia-odvlazivac-vazduha-gdn20be\/","url_meta":{"origin":7779,"position":2},"title":"Gree Aovia odvla\u017eiva\u010d vazduha GDN20BE","date":"12. travnja 2025.","format":false,"excerpt":"U\u010dinak odvla\u017eivanja 12 (l\/dan) Apsorbirana snaga: 350 W Te\u017eina: 15,5 kg Garancija : 2 godine Odr\u017eite va\u0161 dom ugodnim tijekom cijele godine s ovim jedinstvenim\u00a0 odvla\u017eiva\u010dima. Odlikuje ih visoka u\u010dinkovitost i tihi rad. Izuzetno prakti\u010dni odvla\u017eiva\u010di zraka, malenih dimenzija s vrlo modernim izgledom. Uz elegantan dizajn, ovi odvla\u017eiva\u010di ujedno imaju\u2026","rel":"","context":"Srodne objave","img":{"alt_text":"","src":"https:\/\/i1.wp.com\/astehshop.com\/wp-content\/uploads\/2025\/04\/gree-aovia.jpg?fit=1200%2C852&ssl=1&resize=350%2C200","width":350,"height":200},"classes":[]},{"id":10255,"url":"https:\/\/astehshop.com\/index.php\/product\/gree-aovia-gdn24be-odvlazivac-vazduha\/","url_meta":{"origin":7779,"position":3},"title":"Gree Aovia GDN24BE odvla\u017eiva\u010d vazduha","date":"12. travnja 2025.","format":false,"excerpt":"U\u010dinak odvla\u017eivanja 12,2 (l\/dan) Apsorbirana snaga: 355 W Te\u017eina: 15,5 kg Garancija : 2 godine GREE ODVLA\u017dIVA\u010c AOVIA Odr\u017eite va\u0161 dom ugodnim tijekom cijele godine s ovim jedinstvenim\u00a0 odvla\u017eiva\u010dima. Odlikuje ih visoka u\u010dinkovitost i tihi rad. Izuzetno prakti\u010dni odvla\u017eiva\u010di zraka, malenih dimenzija s vrlo modernim izgledom. Uz elegantan dizajn, ovi\u2026","rel":"","context":"Srodne objave","img":{"alt_text":"","src":"https:\/\/i1.wp.com\/astehshop.com\/wp-content\/uploads\/2025\/04\/gree-aovia.jpg?fit=1200%2C852&ssl=1&resize=350%2C200","width":350,"height":200},"classes":[]},{"id":11800,"url":"https:\/\/astehshop.com\/index.php\/product\/aparat-za-espresso-kafu-1500-w-15-bar-dolcegusto\/","url_meta":{"origin":7779,"position":4},"title":"Aparat za espresso kafu, 1500 W, 15 bar, DolceGusto","date":"28. rujna 2025.","format":false,"excerpt":"Espresso ure\u0111aj malih dimenzija i modernog dizajna \u2022 Ru\u010dno pokretanje i zaustavljanje istjecanja kafe \u2022 Zapremina spremnika za vodu 1.2 lit. \u2022 Priprema toplih i hladnih napitaka \u2022 Posuda za kapljevinu prilagodljiva po visini \u2022 Automatsko isklju\u010divanje nakon 5 minuta \u2022 Pumpa 15 bara \u2022 Snaga 1500 W Aparat za\u2026","rel":"","context":"Srodne objave","img":{"alt_text":"","src":"https:\/\/i2.wp.com\/astehshop.com\/wp-content\/uploads\/2025\/09\/Aparat-za-espresso-kafu-1500-W-15-bar-DolceGusto-640x480-1.png?fit=640%2C480&ssl=1&resize=350%2C200","width":350,"height":200},"classes":[]},{"id":10251,"url":"https:\/\/astehshop.com\/index.php\/product\/gree-aovia-odvlazivac-zraka-gdn16be\/","url_meta":{"origin":7779,"position":5},"title":"Gree Aovia odvla\u017eiva\u010d zraka GDN16BE","date":"12. travnja 2025.","format":false,"excerpt":"U\u010dinak odvla\u017eivanja 9,6 (l\/dan) Apsorbirana snaga: 315 W Te\u017eina: 15,5 kg Garancija : 2 godine Odr\u017eite va\u0161 dom ugodnim tijekom cijele godine s ovim jedinstvenim\u00a0 odvla\u017eiva\u010dima. Odlikuje ih visoka u\u010dinkovitost i tihi rad. Izuzetno prakti\u010dni odvla\u017eiva\u010di zraka, malenih dimenzija s vrlo modernim izgledom. Uz elegantan dizajn, ovi odvla\u017eiva\u010di ujedno imaju\u2026","rel":"","context":"Srodne objave","img":{"alt_text":"","src":"https:\/\/i1.wp.com\/astehshop.com\/wp-content\/uploads\/2025\/04\/gree-aovia.jpg?fit=1200%2C852&ssl=1&resize=350%2C200","width":350,"height":200},"classes":[]}],"_links":{"self":[{"href":"https:\/\/astehshop.com\/index.php\/wp-json\/wp\/v2\/product\/7779"}],"collection":[{"href":"https:\/\/astehshop.com\/index.php\/wp-json\/wp\/v2\/product"}],"about":[{"href":"https:\/\/astehshop.com\/index.php\/wp-json\/wp\/v2\/types\/product"}],"replies":[{"embeddable":true,"href":"https:\/\/astehshop.com\/index.php\/wp-json\/wp\/v2\/comments?post=7779"}],"wp:featuredmedia":[{"embeddable":true,"href":"https:\/\/astehshop.com\/index.php\/wp-json\/wp\/v2\/media\/7780"}],"wp:attachment":[{"href":"https:\/\/astehshop.com\/index.php\/wp-json\/wp\/v2\/media?parent=7779"}],"wp:term":[{"taxonomy":"product_cat","embeddable":true,"href":"https:\/\/astehshop.com\/index.php\/wp-json\/wp\/v2\/product_cat?post=7779"},{"taxonomy":"product_tag","embeddable":true,"href":"https:\/\/astehshop.com\/index.php\/wp-json\/wp\/v2\/product_tag?post=7779"}],"curies":[{"name":"wp","href":"https:\/\/api.w.org\/{rel}","templated":true}]}}