{"id":7777,"date":"2023-05-16T21:43:31","date_gmt":"2023-05-16T19:43:31","guid":{"rendered":"http:\/\/astehshop.com\/?post_type=product&#038;p=7777"},"modified":"2024-07-18T23:57:26","modified_gmt":"2024-07-18T21:57:26","slug":"alat-za-prosirivanje-cijevi-ct-100","status":"publish","type":"product","link":"https:\/\/astehshop.com\/index.php\/product\/alat-za-prosirivanje-cijevi-ct-100\/","title":{"rendered":"Alat za pro\u0161irivanje cijevi CT-100"},"content":{"rendered":"<p><span class=\"HwtZe\" lang=\"bs\"><span class=\"jCAhz ChMk0b\"><span class=\"ryNqvb\">5 prigu\u0161nih adaptera za: 3-u-1(3\/16&#8243;,1\/4&#8243;,3\/8&#8243;),5\/16&#8243;,1\/2&#8243;,5\/8&#8243; i 3\/4&#8243; O.D. cijevi.<\/span><\/span> <span class=\"jCAhz ChMk0b\"><span class=\"ryNqvb\">Konus od 45\u00b0 za flare.<\/span><\/span> <span class=\"jCAhz ChMk0b\"><span class=\"ryNqvb\">Pakovanje u plasti\u010dnu kutiju i kutiju u boji.<\/span><\/span><\/span><\/p>\n","protected":false},"excerpt":{"rendered":"<p><span class=\"HwtZe\" lang=\"bs\"><span class=\"jCAhz ChMk0b\"><span class=\"ryNqvb\">5 prigu\u0161nih adaptera za: 3-u-1(3\/16&#8243;,1\/4&#8243;,3\/8&#8243;),5\/16&#8243;,1\/2&#8243;,5\/8&#8243; i 3\/4&#8243; O.D. cijevi.<\/span><\/span> <span class=\"jCAhz ChMk0b\"><span class=\"ryNqvb\">Konus od 45\u00b0 za flare.<\/span><\/span> <span class=\"jCAhz ChMk0b\"><span class=\"ryNqvb\">Pakovanje u plasti\u010dnu kutiju i kutiju u boji.<\/span><\/span><\/span><\/p>\n","protected":false},"featured_media":7778,"comment_status":"open","ping_status":"closed","template":"","meta":{"_mi_skip_tracking":false,"_exactmetrics_sitenote_active":false,"_exactmetrics_sitenote_note":"","_exactmetrics_sitenote_category":0,"spay_email":""},"product_cat":[5484],"product_tag":[5487,5490],"brands":[],"df_price":330,"df_sale_price":"","df_regular_price":330,"df_image_link":"https:\/\/i2.wp.com\/astehshop.com\/wp-content\/uploads\/2023\/05\/ct-100.png?fit=450%2C445&ssl=1","jetpack_publicize_connections":[],"jetpack_sharing_enabled":true,"jetpack_likes_enabled":true,"jetpack-related-posts":[{"id":7775,"url":"https:\/\/astehshop.com\/index.php\/product\/set-alata-za-prosirivnje-cijevi-ct-200\/","url_meta":{"origin":7777,"position":0},"title":"Set alata za pro\u0161irivnje cijevi CT-200","date":"16. svibnja 2023.","format":false,"excerpt":"5 prigu\u0161nih adaptera za: 3-u-1(3\/16\",1\/4\",3\/8\"),5\/16\",1\/2\",5\/8\" i 3\/4\" O.D. cijevi. Konus od 45\u00b0 za flare. Pakovanje u plasti\u010dnu kutiju i kutiju u boji.","rel":"","context":"Srodne objave","img":{"alt_text":"","src":"https:\/\/i0.wp.com\/astehshop.com\/wp-content\/uploads\/2023\/05\/ct-200.png?fit=555%2C555&ssl=1&resize=350%2C200","width":350,"height":200},"classes":[]},{"id":7773,"url":"https:\/\/astehshop.com\/index.php\/product\/alat-za-prosirivanje-cijevi-ct-23\/","url_meta":{"origin":7777,"position":1},"title":"Alat za pro\u0161irivanje cijevi CT-23","date":"16. svibnja 2023.","format":false,"excerpt":". 7-u-1 ru\u010dni alat za zamahivanje, za ekspandiranje bakreno-aluminijske cijevi; 2. \u0161irina veli\u010dina: 1\/4'' -7\/8''(6mm-22mm), mo\u017ee pro\u0161iriti malu cijev; 6 mm (1\/4''), 8 mm (5\/16'') 3. izra\u0111en od visokokvalitetnog legiranog \u010delika, pouzdan i izdr\u017eljiv; 4. Ru\u010dka je dizajnirana ljudskim in\u017eenjeringom, ne\u0107e se tresti; 5. Cijev treba skidati rubove prije \u0161irenja;\u2026","rel":"","context":"Srodne objave","img":{"alt_text":"","src":"https:\/\/i2.wp.com\/astehshop.com\/wp-content\/uploads\/2023\/05\/ct-23-alat-za-prosirivanje-cijevi.png?fit=1000%2C1000&ssl=1&resize=350%2C200","width":350,"height":200},"classes":[]},{"id":6044,"url":"https:\/\/astehshop.com\/index.php\/product\/ja-118m-modul-za-magnetne-detektore\/","url_meta":{"origin":7777,"position":2},"title":"JA-118M Modul za magnetne detektore","date":"14. velja\u010de 2022.","format":false,"excerpt":"JA-118M je modul sa 8 ulaza za spajanje klasi\u010dnih magnetnih detektora na sistem JA-100.Reakcija svakog ulaznog signala mo\u017ee se samostalno programirati kao klasi\u010dan NC doga\u0111aj (jedan impuls) ili kao za posebne detektore (roller shutter) koji se aktiviraju ponavljanim aktivacionimimpulsima. Du\u017eina linije je do 100 m za jednu petlju. Modul se\u2026","rel":"","context":"Srodne objave","img":{"alt_text":"","src":"https:\/\/i1.wp.com\/astehshop.com\/wp-content\/uploads\/2022\/02\/JA-118M.png?fit=600%2C569&ssl=1&resize=350%2C200","width":350,"height":200},"classes":[]},{"id":6020,"url":"https:\/\/astehshop.com\/index.php\/product\/jablotron-ja-111a-base-rb\/","url_meta":{"origin":7777,"position":3},"title":"Jablotron JA-111A-BASE-RB","date":"14. velja\u010de 2022.","format":false,"excerpt":"JA-111A RB BUS sirena je namenjena za akusti\u010dnu signalizaciju alarma i signalizaciju aktivacije i deaktivacije PG izlaza u sistemu JABLOTRON 100.Sirena komunicira putem BUS-a sa centralnom jedinicom i iz nje se i napaja.Sirena ima ugra\u0111enu bateriju za slu\u010daj nestanka napajanja, kao i libelu za precizno postavljanje.Prednji za\u0161titni poklopci su dostupni\u2026","rel":"","context":"Srodne objave","img":{"alt_text":"","src":"https:\/\/i2.wp.com\/astehshop.com\/wp-content\/uploads\/2022\/02\/JA-111A-BASE-RB.png?fit=600%2C569&ssl=1&resize=350%2C200","width":350,"height":200},"classes":[]},{"id":8441,"url":"https:\/\/astehshop.com\/index.php\/product\/unv-5-mpx-bullet-kamera-colourhunter-uac-b125-af28m-w\/","url_meta":{"origin":7777,"position":4},"title":"UNV 5 MPX bullet kamera ColourHunter UAC-B125-AF28M-W","date":"23. listopada 2023.","format":false,"excerpt":"\u2022 5MP visokokvalitetna slika \u2022 TVI\/AHD\/CVI\/CVBS \u2022 Podr\u017eava osvetljenje bele svetlosti, slike u boji 24\/7 \u2022 Podr\u017eava horizontalno okretanje od 180\u00b0, vertikalno okretanje od 180\u00b0 \u2022 OSD konfiguracijski meni, jednostavan za rukovanje \u2022 IP67 vodootporan dizajn i dizajn otporan na pra\u0161inu, visoka pouzdanost \u2022 OSD konfiguracijski meni na 11 jezika\u2026","rel":"","context":"Srodne objave","img":{"alt_text":"","src":"https:\/\/i0.wp.com\/astehshop.com\/wp-content\/uploads\/2023\/10\/UAC-B122-AF2840M-W.jpg?fit=730%2C556&ssl=1&resize=350%2C200","width":350,"height":200},"classes":[]},{"id":7583,"url":"https:\/\/astehshop.com\/index.php\/product\/kabl-kablovi-dvi-d-pakovanje-50kom\/","url_meta":{"origin":7777,"position":5},"title":"KABL KABLOVI DVI-D, PAKOVANJE 50kom","date":"9. travnja 2023.","format":false,"excerpt":"NA PRODAJU DVI-D KABLOVI u RIFUZNI (kablovi iz Njema\u010dke uve\u017eeni sa polovnim ra\u010dunarima, top kvalitet) Vecina ih je 1.8m, PRODAJEMO ISKLJU\u010cIVO NA PAKET: 50kom za 75KM","rel":"","context":"Srodne objave","img":{"alt_text":"","src":"https:\/\/i1.wp.com\/astehshop.com\/wp-content\/uploads\/2023\/04\/DVI-D-M-na-HDMI-M-kabal-2-metra-nov_slika_O_130944833.jpg?fit=1200%2C899&ssl=1&resize=350%2C200","width":350,"height":200},"classes":[]}],"_links":{"self":[{"href":"https:\/\/astehshop.com\/index.php\/wp-json\/wp\/v2\/product\/7777"}],"collection":[{"href":"https:\/\/astehshop.com\/index.php\/wp-json\/wp\/v2\/product"}],"about":[{"href":"https:\/\/astehshop.com\/index.php\/wp-json\/wp\/v2\/types\/product"}],"replies":[{"embeddable":true,"href":"https:\/\/astehshop.com\/index.php\/wp-json\/wp\/v2\/comments?post=7777"}],"wp:featuredmedia":[{"embeddable":true,"href":"https:\/\/astehshop.com\/index.php\/wp-json\/wp\/v2\/media\/7778"}],"wp:attachment":[{"href":"https:\/\/astehshop.com\/index.php\/wp-json\/wp\/v2\/media?parent=7777"}],"wp:term":[{"taxonomy":"product_cat","embeddable":true,"href":"https:\/\/astehshop.com\/index.php\/wp-json\/wp\/v2\/product_cat?post=7777"},{"taxonomy":"product_tag","embeddable":true,"href":"https:\/\/astehshop.com\/index.php\/wp-json\/wp\/v2\/product_tag?post=7777"}],"curies":[{"name":"wp","href":"https:\/\/api.w.org\/{rel}","templated":true}]}}