{"id":7773,"date":"2023-05-16T21:37:38","date_gmt":"2023-05-16T19:37:38","guid":{"rendered":"http:\/\/astehshop.com\/?post_type=product&#038;p=7773"},"modified":"2024-07-18T23:57:27","modified_gmt":"2024-07-18T21:57:27","slug":"alat-za-prosirivanje-cijevi-ct-23","status":"publish","type":"product","link":"https:\/\/astehshop.com\/index.php\/product\/alat-za-prosirivanje-cijevi-ct-23\/","title":{"rendered":"Alat za pro\u0161irivanje cijevi CT-23"},"content":{"rendered":"<p><span class=\"HwtZe\" lang=\"bs\"><span class=\"jCAhz ChMk0b\"><span class=\"ryNqvb\">.<\/span><\/span> <span class=\"jCAhz ChMk0b\"><span class=\"ryNqvb\">7-u-1 ru\u010dni alat za zamahivanje,<\/span><\/span> <span class=\"jCAhz ChMk0b\"><span class=\"ryNqvb\">za ekspandiranje bakreno-aluminijske cijevi;<\/span><\/span> <span class=\"jCAhz ChMk0b\"><span class=\"ryNqvb\">2. \u0161irina veli\u010dina: 1\/4&#8221; -7\/8&#8221;(6mm-22mm), mo\u017ee pro\u0161iriti malu cijev;<\/span><\/span> <span class=\"jCAhz ChMk0b\"><span class=\"ryNqvb\">6 mm (1\/4&#8221;), 8 mm (5\/16&#8221;)<\/span><\/span> <span class=\"jCAhz ChMk0b\"><span class=\"ryNqvb\">3. izra\u0111en od visokokvalitetnog legiranog \u010delika, pouzdan i izdr\u017eljiv;<\/span><\/span> <span class=\"jCAhz ChMk0b\"><span class=\"ryNqvb\">4. Ru\u010dka je dizajnirana ljudskim in\u017eenjeringom, ne\u0107e se tresti;<\/span><\/span> <span class=\"jCAhz ChMk0b\"><span class=\"ryNqvb\">5. Cijev treba skidati rubove prije \u0161irenja;<\/span><\/span> <span class=\"jCAhz ChMk0b\"><span class=\"ryNqvb\">6. Zagrijte cijev kada je te\u0161ko pro\u0161iriti.<\/span><\/span> <span class=\"jCAhz ChMk0b\"><span class=\"ryNqvb\">7. pro\u0161irite i rotirajte nekoliko puta dok ne zavr\u0161ite.<\/span><\/span> <span class=\"jCAhz ChMk0b\"><span class=\"ryNqvb\">8. Profesionalni alat za hla\u0111enje i automatsku popravku, jednostavan za kori\u0161tenje i no\u0161enje.<\/span><\/span><\/span><\/p>\n","protected":false},"excerpt":{"rendered":"<p><span class=\"HwtZe\" lang=\"bs\"><span class=\"jCAhz ChMk0b\"><span class=\"ryNqvb\">.<\/span><\/span> <span class=\"jCAhz ChMk0b\"><span class=\"ryNqvb\">7-u-1 ru\u010dni alat za zamahivanje,<\/span><\/span> <span class=\"jCAhz ChMk0b\"><span class=\"ryNqvb\">za ekspandiranje bakreno-aluminijske cijevi;<\/span><\/span> <span class=\"jCAhz ChMk0b\"><span class=\"ryNqvb\">2. \u0161irina veli\u010dina: 1\/4&#8221; -7\/8&#8221;(6mm-22mm), mo\u017ee pro\u0161iriti malu cijev;<\/span><\/span> <span class=\"jCAhz ChMk0b\"><span class=\"ryNqvb\">6 mm (1\/4&#8221;), 8 mm (5\/16&#8221;)<\/span><\/span> <span class=\"jCAhz ChMk0b\"><span class=\"ryNqvb\">3. izra\u0111en od visokokvalitetnog legiranog \u010delika, pouzdan i izdr\u017eljiv;<\/span><\/span> <span class=\"jCAhz ChMk0b\"><span class=\"ryNqvb\">4. Ru\u010dka je dizajnirana ljudskim in\u017eenjeringom, ne\u0107e se tresti;<\/span><\/span> <span class=\"jCAhz ChMk0b\"><span class=\"ryNqvb\">5. Cijev treba skidati rubove prije \u0161irenja;<\/span><\/span> <span class=\"jCAhz ChMk0b\"><span class=\"ryNqvb\">6. Zagrijte cijev kada je te\u0161ko pro\u0161iriti.<\/span><\/span> <span class=\"jCAhz ChMk0b\"><span class=\"ryNqvb\">7. pro\u0161irite i rotirajte nekoliko puta dok ne zavr\u0161ite.<\/span><\/span> <span class=\"jCAhz ChMk0b\"><span class=\"ryNqvb\">8. Profesionalni alat za hla\u0111enje i automatsku popravku, jednostavan za kori\u0161tenje i no\u0161enje.<\/span><\/span><\/span><\/p>\n","protected":false},"featured_media":7774,"comment_status":"open","ping_status":"closed","template":"","meta":{"_mi_skip_tracking":false,"_exactmetrics_sitenote_active":false,"_exactmetrics_sitenote_note":"","_exactmetrics_sitenote_category":0,"spay_email":""},"product_cat":[5484],"product_tag":[5487,5486,5485],"brands":[],"df_price":55,"df_sale_price":"","df_regular_price":55,"df_image_link":"https:\/\/i2.wp.com\/astehshop.com\/wp-content\/uploads\/2023\/05\/ct-23-alat-za-prosirivanje-cijevi.png?fit=450%2C450&ssl=1","jetpack_publicize_connections":[],"jetpack_sharing_enabled":true,"jetpack_likes_enabled":true,"jetpack-related-posts":[{"id":7777,"url":"https:\/\/astehshop.com\/index.php\/product\/alat-za-prosirivanje-cijevi-ct-100\/","url_meta":{"origin":7773,"position":0},"title":"Alat za pro\u0161irivanje cijevi CT-100","date":"16. svibnja 2023.","format":false,"excerpt":"5 prigu\u0161nih adaptera za: 3-u-1(3\/16\",1\/4\",3\/8\"),5\/16\",1\/2\",5\/8\" i 3\/4\" O.D. cijevi. Konus od 45\u00b0 za flare. Pakovanje u plasti\u010dnu kutiju i kutiju u boji.","rel":"","context":"Srodne objave","img":{"alt_text":"","src":"https:\/\/i2.wp.com\/astehshop.com\/wp-content\/uploads\/2023\/05\/ct-100.png?fit=559%2C553&ssl=1&resize=350%2C200","width":350,"height":200},"classes":[]},{"id":6517,"url":"https:\/\/astehshop.com\/index.php\/product\/antena-satelitska-97cm-triax-ledja-i-pribor-97-trx\/","url_meta":{"origin":7773,"position":1},"title":"Antena satelitska, 97cm, Triax ledja i pribor 97 TRX","date":"13. studenoga 2022.","format":false,"excerpt":"velicina 870x970mm, dobitak 38,9-39,8db, cijev od 32-60 mm, plastificirano, monta\u017eni pribor u kutiji, TRIAX ledja i pribor","rel":"","context":"Srodne objave","img":{"alt_text":"","src":"https:\/\/i2.wp.com\/astehshop.com\/wp-content\/uploads\/2022\/11\/97-TRX-satelit.jpg?fit=964%2C804&ssl=1&resize=350%2C200","width":350,"height":200},"classes":[]},{"id":10334,"url":"https:\/\/astehshop.com\/index.php\/product\/elektricna-zamka-za-insekte-uv-svjetlost-18-w\/","url_meta":{"origin":7773,"position":2},"title":"Elektri\u010dna zamka za insekte, UV svjetlost 18 W","date":"2. svibnja 2025.","format":false,"excerpt":"Svjetiljka Protiv Komaraca . Ova zamka radi na principu UV-A svjetlosti kojim privla\u010di insekte osjetljive na svjetlost kao \u0161to su: muhe, komarci, moljci. Visokonaponska mre\u017eica strujnim udarom uni\u0161tava insekte. Specijalna UV-A fluo cijev je potpuno bezopasna za ljude i ku\u0107ne ljubimce. Spoljna za\u0161titna mre\u017eica spre\u010dava dodirivanje visokonaponske mre\u017eice. Ova zamka\u2026","rel":"","context":"Srodne objave","img":{"alt_text":"","src":"https:\/\/i0.wp.com\/astehshop.com\/wp-content\/uploads\/2025\/05\/11695_1686226343eteb9nubif.png?fit=1200%2C1200&ssl=1&resize=350%2C200","width":350,"height":200},"classes":[]},{"id":7775,"url":"https:\/\/astehshop.com\/index.php\/product\/set-alata-za-prosirivnje-cijevi-ct-200\/","url_meta":{"origin":7773,"position":3},"title":"Set alata za pro\u0161irivnje cijevi CT-200","date":"16. svibnja 2023.","format":false,"excerpt":"5 prigu\u0161nih adaptera za: 3-u-1(3\/16\",1\/4\",3\/8\"),5\/16\",1\/2\",5\/8\" i 3\/4\" O.D. cijevi. Konus od 45\u00b0 za flare. Pakovanje u plasti\u010dnu kutiju i kutiju u boji.","rel":"","context":"Srodne objave","img":{"alt_text":"","src":"https:\/\/i0.wp.com\/astehshop.com\/wp-content\/uploads\/2023\/05\/ct-200.png?fit=555%2C555&ssl=1&resize=350%2C200","width":350,"height":200},"classes":[]},{"id":10336,"url":"https:\/\/astehshop.com\/index.php\/product\/elektricna-zamka-za-insekte-uv-svjetlost-8w\/","url_meta":{"origin":7773,"position":4},"title":"Elektri\u010dna zamka za insekte, UV svjetlost 8W","date":"2. svibnja 2025.","format":false,"excerpt":"Svjetiljka Protiv Komaraca . Ova zamka radi na principu UV-A svjetlosti kojim privla\u010di insekte osjetljive na svjetlost kao \u0161to su: muhe, komarci, moljci. Visokonaponska mre\u017eica strujnim udarom uni\u0161tava insekte. Specijalna UV-A fluo cijev je potpuno bezopasna za ljude i ku\u0107ne ljubimce. Spoljna za\u0161titna mre\u017eica spre\u010dava dodirivanje visokonaponske mre\u017eice. Ova zamka\u2026","rel":"","context":"Srodne objave","img":{"alt_text":"","src":"https:\/\/i2.wp.com\/astehshop.com\/wp-content\/uploads\/2025\/05\/9497_1686172263fjloysormm.png?fit=1200%2C1200&ssl=1&resize=350%2C200","width":350,"height":200},"classes":[]},{"id":9807,"url":"https:\/\/astehshop.com\/index.php\/product\/cesma-za-brzo-zagrijavanje-vode-3-0-kw\/","url_meta":{"origin":7773,"position":5},"title":"\u010cesma za brzo zagrijavanje vode, 3.0 kW","date":"15. prosinca 2024.","format":false,"excerpt":"\u010cesma \/ slavina za brzo zagrijavanje vode, snaga 3.0 kW, vodeni mlaz pod pritiskom, grija\u0107i element od nehr\u0111aju\u0107eg \u010delika, ergonomska jednostruka ru\u010dka indikatorska lampica grijanja, trenutno zagrijavanje","rel":"","context":"Srodne objave","img":{"alt_text":"","src":"https:\/\/i0.wp.com\/astehshop.com\/wp-content\/uploads\/2024\/12\/19438_1686255469d4um9pxam0.png?fit=1200%2C1112&ssl=1&resize=350%2C200","width":350,"height":200},"classes":[]}],"_links":{"self":[{"href":"https:\/\/astehshop.com\/index.php\/wp-json\/wp\/v2\/product\/7773"}],"collection":[{"href":"https:\/\/astehshop.com\/index.php\/wp-json\/wp\/v2\/product"}],"about":[{"href":"https:\/\/astehshop.com\/index.php\/wp-json\/wp\/v2\/types\/product"}],"replies":[{"embeddable":true,"href":"https:\/\/astehshop.com\/index.php\/wp-json\/wp\/v2\/comments?post=7773"}],"wp:featuredmedia":[{"embeddable":true,"href":"https:\/\/astehshop.com\/index.php\/wp-json\/wp\/v2\/media\/7774"}],"wp:attachment":[{"href":"https:\/\/astehshop.com\/index.php\/wp-json\/wp\/v2\/media?parent=7773"}],"wp:term":[{"taxonomy":"product_cat","embeddable":true,"href":"https:\/\/astehshop.com\/index.php\/wp-json\/wp\/v2\/product_cat?post=7773"},{"taxonomy":"product_tag","embeddable":true,"href":"https:\/\/astehshop.com\/index.php\/wp-json\/wp\/v2\/product_tag?post=7773"}],"curies":[{"name":"wp","href":"https:\/\/api.w.org\/{rel}","templated":true}]}}