{"id":7607,"date":"2023-04-24T16:57:53","date_gmt":"2023-04-24T14:57:53","guid":{"rendered":"http:\/\/astehshop.com\/?post_type=product&#038;p=7607"},"modified":"2023-04-24T16:57:54","modified_gmt":"2023-04-24T14:57:54","slug":"nosac-klima-uredaja-do-100-kg-450-x-380-mm","status":"publish","type":"product","link":"https:\/\/astehshop.com\/index.php\/product\/nosac-klima-uredaja-do-100-kg-450-x-380-mm\/","title":{"rendered":"Nosa\u010d klima ure\u0111aja, do 100 kg., 450 x 380 mm"},"content":{"rendered":"<p>Univerzalni nosa\u010d za klima ure\u0111aje, kompatibilan sa svim modelima, nosivost do 100 kg, materijal izrade pocin\u010dani \u010delik.<\/p>\n<p>Stabilna i pouzdana konstrukcija, otporno na koroziju, ogrebotine, 2 nosa\u010da u obliku slova L, dodatne 4 potporne noge, brza i jednostavna instalacija.<\/p>\n<p>Pogodno za ugradnju klima ure\u0111aja na izlo\u017eenim mjestima kao \u0161to su: balkoni, terase, fasade zgrade, ali i na manje izlo\u017eenim mjestima kao \u0161to su krovovi.<\/p>\n","protected":false},"excerpt":{"rendered":"<p>Univerzalni nosa\u010d za klima ure\u0111aje, kompatibilan sa svim modelima, nosivost do 100 kg, materijal izrade pocin\u010dani \u010delik.<\/p>\n<p>Stabilna i pouzdana konstrukcija, otporno na koroziju, ogrebotine, 2 nosa\u010da u obliku slova L, dodatne 4 potporne noge, brza i jednostavna instalacija.<\/p>\n<p>Pogodno za ugradnju klima ure\u0111aja na izlo\u017eenim mjestima kao \u0161to su: balkoni, terase, fasade zgrade, ali i na manje izlo\u017eenim mjestima kao \u0161to su krovovi.<\/p>\n","protected":false},"featured_media":7608,"comment_status":"open","ping_status":"closed","template":"","meta":{"_mi_skip_tracking":false,"_exactmetrics_sitenote_active":false,"_exactmetrics_sitenote_note":"","_exactmetrics_sitenote_category":0,"spay_email":""},"product_cat":[5325],"product_tag":[5328,5327,5326,5330,5329,1323],"brands":[],"df_price":39,"df_sale_price":"","df_regular_price":39,"df_image_link":"https:\/\/i0.wp.com\/astehshop.com\/wp-content\/uploads\/2023\/04\/Nosac-klima-uredaja-do-100-kg.-450-x-380-mm.png?fit=450%2C427&ssl=1","jetpack_publicize_connections":[],"jetpack_sharing_enabled":true,"jetpack_likes_enabled":true,"jetpack-related-posts":[{"id":10039,"url":"https:\/\/astehshop.com\/index.php\/product\/montaza-klima-uredaja-24-na-postojece-instalacije\/","url_meta":{"origin":7607,"position":0},"title":"Monta\u017ea klima ure\u0111aja 24\u201d na postoje\u0107e instalacije","date":"22. o\u017eujka 2025.","format":false,"excerpt":"Za monta\u017eu zidne i vanjske jedinice na visini do 5m na postavljene i odgovaraju\u0107e instalacije Garancija na monta\u017eu vrijedi do isteka garancije za klima ure\u0111aj Ovla\u0161tenu monta\u017eu klima ure\u0111aja kupljenih u TechnoShopBN za monta\u017eu unutarnje i vanjske jedinice mono split klima ure\u0111aja na postavljene instalacije region Bijeljina i bli\u017ea okolina\u2026","rel":"","context":"Srodne objave","img":{"alt_text":"","src":"https:\/\/i0.wp.com\/astehshop.com\/wp-content\/uploads\/2025\/03\/SUNDOWN1.png?fit=1080%2C1080&ssl=1&resize=350%2C200","width":350,"height":200},"classes":[]},{"id":10038,"url":"https:\/\/astehshop.com\/index.php\/product\/montaza-klima-uredaja-18-na-postojece-instalacije\/","url_meta":{"origin":7607,"position":1},"title":"Monta\u017ea klima ure\u0111aja 18\u201d na postoje\u0107e instalacije","date":"22. o\u017eujka 2025.","format":false,"excerpt":"Za monta\u017eu zidne i vanjske jedinice na visini do 5m na postavljene i odgovaraju\u0107e instalacije Garancija na monta\u017eu vrijedi do isteka garancije za klima ure\u0111aj Ovla\u0161tenu monta\u017eu klima ure\u0111aja kupljenih u TechnoShopBN za monta\u017eu unutarnje i vanjske jedinice mono split klima ure\u0111aja na postavljene instalacije region Bijeljina i bli\u017ea okolina\u2026","rel":"","context":"Srodne objave","img":{"alt_text":"","src":"https:\/\/i0.wp.com\/astehshop.com\/wp-content\/uploads\/2025\/03\/SUNDOWN1.png?fit=1080%2C1080&ssl=1&resize=350%2C200","width":350,"height":200},"classes":[]},{"id":10035,"url":"https:\/\/astehshop.com\/index.php\/product\/montaza-klima-uredaja-12-na-postojece-instalacije\/","url_meta":{"origin":7607,"position":2},"title":"Monta\u017ea klima ure\u0111aja 12&#8221; na postoje\u0107e instalacije","date":"22. o\u017eujka 2025.","format":false,"excerpt":"Za monta\u017eu zidne\u00a0 i vanjske jedinice na visini do 5m na postavljene i odgovaraju\u0107e instalacije Garancija na monta\u017eu vrijedi do isteka garancije za klima ure\u0111aj Ovla\u0161tenu monta\u017eu klima ure\u0111aja kupljenih u TechnoShopBN za monta\u017eu unutarnje i vanjske jedinice mono split klima ure\u0111aja na postavljene instalacije region Bijeljina i bli\u017ea okolina\u2026","rel":"","context":"Srodne objave","img":{"alt_text":"","src":"https:\/\/i0.wp.com\/astehshop.com\/wp-content\/uploads\/2025\/03\/SUNDOWN1.png?fit=1080%2C1080&ssl=1&resize=350%2C200","width":350,"height":200},"classes":[]},{"id":10045,"url":"https:\/\/astehshop.com\/index.php\/product\/montaza-klima-uredaja-24-ukljuceno-do-3m-svih-instalacija-nosaci\/","url_meta":{"origin":7607,"position":3},"title":"Monta\u017ea klima ure\u0111aja 24\u201d ( uklju\u010deno do 3m svih instalacija ) + nosa\u010di","date":"22. o\u017eujka 2025.","format":false,"excerpt":"Za monta\u017eu zidne i vanjske jedinice na visini do 5m Uklju\u010dena je i monta\u017ea do 3 m svih instalacija i probijanje jednog zida fi 55 + nosa\u010di Uklju\u010deno 3m kondez crijeva Svaki dodatni metar instalacije izme\u0111u unutarnje i vanjske jedinice napla\u0107uje se posebno Garancija na monta\u017eu: do isteka garancije za\u2026","rel":"","context":"Srodne objave","img":{"alt_text":"","src":"https:\/\/i0.wp.com\/astehshop.com\/wp-content\/uploads\/2025\/03\/SUNDOWN1.png?fit=1080%2C1080&ssl=1&resize=350%2C200","width":350,"height":200},"classes":[]},{"id":10041,"url":"https:\/\/astehshop.com\/index.php\/product\/montaza-klima-uredaja-12-ukljuceno-do-3m-svih-instalacija-nosaci\/","url_meta":{"origin":7607,"position":4},"title":"Monta\u017ea klima ure\u0111aja 12\u201d ( uklju\u010deno do 3m svih instalacija ) + nosa\u010di","date":"22. o\u017eujka 2025.","format":false,"excerpt":"Za monta\u017eu zidne i vanjske jedinice na visini do 5m Uklju\u010dena je i monta\u017ea do 3 m svih instalacija i probijanje jednog zida fi 55 + nosa\u010di Uklju\u010deno 3m kondez crijeva Svaki dodatni metar instalacije izme\u0111u unutarnje i vanjske jedinice napla\u0107uje se posebno Garancija na monta\u017eu: do isteka garancije za\u2026","rel":"","context":"Srodne objave","img":{"alt_text":"","src":"https:\/\/i0.wp.com\/astehshop.com\/wp-content\/uploads\/2025\/03\/SUNDOWN1.png?fit=1080%2C1080&ssl=1&resize=350%2C200","width":350,"height":200},"classes":[]},{"id":6229,"url":"https:\/\/astehshop.com\/index.php\/product\/smarthome-univerzalni-daljinski-upravljac-tv-klima\/","url_meta":{"origin":7607,"position":5},"title":"SmartHome | Univerzalni Daljinski Upravlja\u010d | TV | Klima","date":"7. travnja 2022.","format":false,"excerpt":"Ovaj upravlja\u010d omogu\u0107uje potpunu kontrolu klima i TV ure\u0111aja u va\u0161em domu s bilo kojeg mjesta na svijetu. Kori\u0161tenjem Nedis SmartLife aplikacije mo\u017eete upaliti klima ure\u0111aj prije dolaska ku\u0107i ili poslo\u017eiti vremenski raspored za automatsko uklju\u010divanje i isklju\u010divanje ure\u0111aja. Pakiranje sadr\u017ei: - Smart daljinski upravlja\u010d - USB kabel - Strujni\u2026","rel":"","context":"Srodne objave","img":{"alt_text":"","src":"https:\/\/i1.wp.com\/astehshop.com\/wp-content\/uploads\/2022\/04\/WIFIRC10CBK-1.jpg?fit=400%2C400&ssl=1&resize=350%2C200","width":350,"height":200},"classes":[]}],"_links":{"self":[{"href":"https:\/\/astehshop.com\/index.php\/wp-json\/wp\/v2\/product\/7607"}],"collection":[{"href":"https:\/\/astehshop.com\/index.php\/wp-json\/wp\/v2\/product"}],"about":[{"href":"https:\/\/astehshop.com\/index.php\/wp-json\/wp\/v2\/types\/product"}],"replies":[{"embeddable":true,"href":"https:\/\/astehshop.com\/index.php\/wp-json\/wp\/v2\/comments?post=7607"}],"wp:featuredmedia":[{"embeddable":true,"href":"https:\/\/astehshop.com\/index.php\/wp-json\/wp\/v2\/media\/7608"}],"wp:attachment":[{"href":"https:\/\/astehshop.com\/index.php\/wp-json\/wp\/v2\/media?parent=7607"}],"wp:term":[{"taxonomy":"product_cat","embeddable":true,"href":"https:\/\/astehshop.com\/index.php\/wp-json\/wp\/v2\/product_cat?post=7607"},{"taxonomy":"product_tag","embeddable":true,"href":"https:\/\/astehshop.com\/index.php\/wp-json\/wp\/v2\/product_tag?post=7607"}],"curies":[{"name":"wp","href":"https:\/\/api.w.org\/{rel}","templated":true}]}}