{"id":7523,"date":"2023-04-01T16:02:38","date_gmt":"2023-04-01T14:02:38","guid":{"rendered":"http:\/\/astehshop.com\/?post_type=product&#038;p=7523"},"modified":"2026-01-15T09:54:25","modified_gmt":"2026-01-15T08:54:25","slug":"imou-dahua-wifi-kamera-ipc-f22fep-bullet-2","status":"publish","type":"product","link":"https:\/\/astehshop.com\/index.php\/product\/imou-dahua-wifi-kamera-ipc-f22fep-bullet-2\/","title":{"rendered":"Imou Dahua WiFi kamera IPC-F22FEP Bullet 2"},"content":{"rendered":"<p>Smart home kamera sa \u010dak 4 razli\u010dita na\u010dina rada nocu predstavlja odli\u010dan izbor za video nadzor ku\u0107e , vikendice, apartmana i sli\u010dno.<\/p>\n<p><strong>Infrared na\u010din rada<\/strong> omogu\u0107uje \u010distu crno-bijelu sliku u potpunom mraku. <strong>Color na\u010din rada<\/strong> pru\u017ea savr\u0161enu sliku u boji 24h\/7 zahvaljuju\u010di 2 ugra\u0111ena reflektora.<\/p>\n<p><strong>Smart mode<\/strong> na\u010din rada daje crno-bijelu sliku tokom no\u0107i, a kod detekcije pokreta automatski se pale reflektori i mijenja prikaz na sliku u boji. Ako vam nije potrebna slika u boji tijekom no\u0107i, mo\u017eete odabrati <strong>Off mode<\/strong> na\u010din rada.<\/p>\n<p>Sna\u017ena tehnologija za obradu slike brzo pronalazi i klasificira ljude te odmah \u0161alje <strong>obavijest na va\u0161 pametni telefon<\/strong>. Pratite ono \u0161to je va\u017eno bez primanja dosadnih la\u017enih upozorenja.<\/p>\n<p>Kada kamera detektuje upad, 2 ugra\u0111ena reflektora i sirena od 110 dB odvracaju nepo\u017eeljne posjetitelje i upozoravaju vas na prisutnost osoba u \u0161ticenom podru\u010dju.<\/p>\n<p><a href=\"https:\/\/i1.wp.com\/astehshop.com\/wp-content\/uploads\/2023\/04\/bullet-2-1.jpg\" data-rel=\"lightbox-image-0\" data-rl_title=\"\" data-rl_caption=\"\" title=\"\"><img data-attachment-id=\"7524\" data-permalink=\"https:\/\/astehshop.com\/?attachment_id=7524\" data-orig-file=\"https:\/\/i1.wp.com\/astehshop.com\/wp-content\/uploads\/2023\/04\/bullet-2-1.jpg?fit=1920%2C900&amp;ssl=1\" data-orig-size=\"1920,900\" data-comments-opened=\"1\" data-image-meta=\"{&quot;aperture&quot;:&quot;0&quot;,&quot;credit&quot;:&quot;TechnoShopBN&quot;,&quot;camera&quot;:&quot;&quot;,&quot;caption&quot;:&quot;&quot;,&quot;created_timestamp&quot;:&quot;1680364181&quot;,&quot;copyright&quot;:&quot;&quot;,&quot;focal_length&quot;:&quot;0&quot;,&quot;iso&quot;:&quot;0&quot;,&quot;shutter_speed&quot;:&quot;0&quot;,&quot;title&quot;:&quot;&quot;,&quot;orientation&quot;:&quot;0&quot;}\" data-image-title=\"bullet 2 1\" data-image-description=\"\" data-image-caption=\"\" data-medium-file=\"https:\/\/i1.wp.com\/astehshop.com\/wp-content\/uploads\/2023\/04\/bullet-2-1.jpg?fit=450%2C211&amp;ssl=1\" data-large-file=\"https:\/\/i1.wp.com\/astehshop.com\/wp-content\/uploads\/2023\/04\/bullet-2-1.jpg?fit=1024%2C480&amp;ssl=1\" decoding=\"async\" loading=\"lazy\" class=\"alignnone size-medium wp-image-7524\" src=\"https:\/\/i1.wp.com\/astehshop.com\/wp-content\/uploads\/2023\/04\/bullet-2-1.jpg?resize=450%2C211\" alt=\"\" width=\"450\" height=\"211\" srcset=\"https:\/\/i1.wp.com\/astehshop.com\/wp-content\/uploads\/2023\/04\/bullet-2-1.jpg?resize=450%2C211&amp;ssl=1 450w, https:\/\/i1.wp.com\/astehshop.com\/wp-content\/uploads\/2023\/04\/bullet-2-1.jpg?resize=1024%2C480&amp;ssl=1 1024w, https:\/\/i1.wp.com\/astehshop.com\/wp-content\/uploads\/2023\/04\/bullet-2-1.jpg?resize=768%2C360&amp;ssl=1 768w, https:\/\/i1.wp.com\/astehshop.com\/wp-content\/uploads\/2023\/04\/bullet-2-1.jpg?resize=1536%2C720&amp;ssl=1 1536w, https:\/\/i1.wp.com\/astehshop.com\/wp-content\/uploads\/2023\/04\/bullet-2-1.jpg?resize=300%2C141&amp;ssl=1 300w, https:\/\/i1.wp.com\/astehshop.com\/wp-content\/uploads\/2023\/04\/bullet-2-1.jpg?resize=1170%2C548&amp;ssl=1 1170w, https:\/\/i1.wp.com\/astehshop.com\/wp-content\/uploads\/2023\/04\/bullet-2-1.jpg?resize=600%2C281&amp;ssl=1 600w, https:\/\/i1.wp.com\/astehshop.com\/wp-content\/uploads\/2023\/04\/bullet-2-1.jpg?w=1920&amp;ssl=1 1920w\" sizes=\"(max-width: 450px) 100vw, 450px\" data-recalc-dims=\"1\" \/><\/a><\/p>\n<p><a href=\"https:\/\/i2.wp.com\/astehshop.com\/wp-content\/uploads\/2023\/04\/imou-bullet-2-2-scaled.jpg\" data-rel=\"lightbox-image-1\" data-rl_title=\"\" data-rl_caption=\"\" title=\"\"><img data-attachment-id=\"7525\" data-permalink=\"https:\/\/astehshop.com\/?attachment_id=7525\" data-orig-file=\"https:\/\/i2.wp.com\/astehshop.com\/wp-content\/uploads\/2023\/04\/imou-bullet-2-2-scaled.jpg?fit=2560%2C1267&amp;ssl=1\" data-orig-size=\"2560,1267\" data-comments-opened=\"1\" data-image-meta=\"{&quot;aperture&quot;:&quot;0&quot;,&quot;credit&quot;:&quot;TechnoShopBN&quot;,&quot;camera&quot;:&quot;&quot;,&quot;caption&quot;:&quot;&quot;,&quot;created_timestamp&quot;:&quot;1680364568&quot;,&quot;copyright&quot;:&quot;&quot;,&quot;focal_length&quot;:&quot;0&quot;,&quot;iso&quot;:&quot;0&quot;,&quot;shutter_speed&quot;:&quot;0&quot;,&quot;title&quot;:&quot;&quot;,&quot;orientation&quot;:&quot;0&quot;}\" data-image-title=\"imou bullet 2 2\" data-image-description=\"\" data-image-caption=\"\" data-medium-file=\"https:\/\/i2.wp.com\/astehshop.com\/wp-content\/uploads\/2023\/04\/imou-bullet-2-2-scaled.jpg?fit=450%2C223&amp;ssl=1\" data-large-file=\"https:\/\/i2.wp.com\/astehshop.com\/wp-content\/uploads\/2023\/04\/imou-bullet-2-2-scaled.jpg?fit=1024%2C507&amp;ssl=1\" decoding=\"async\" loading=\"lazy\" class=\"alignnone size-medium wp-image-7525\" src=\"https:\/\/i2.wp.com\/astehshop.com\/wp-content\/uploads\/2023\/04\/imou-bullet-2-2-scaled.jpg?resize=450%2C223\" alt=\"\" width=\"450\" height=\"223\" srcset=\"https:\/\/i2.wp.com\/astehshop.com\/wp-content\/uploads\/2023\/04\/imou-bullet-2-2-scaled.jpg?resize=450%2C223&amp;ssl=1 450w, https:\/\/i2.wp.com\/astehshop.com\/wp-content\/uploads\/2023\/04\/imou-bullet-2-2-scaled.jpg?resize=1024%2C507&amp;ssl=1 1024w, https:\/\/i2.wp.com\/astehshop.com\/wp-content\/uploads\/2023\/04\/imou-bullet-2-2-scaled.jpg?resize=768%2C380&amp;ssl=1 768w, https:\/\/i2.wp.com\/astehshop.com\/wp-content\/uploads\/2023\/04\/imou-bullet-2-2-scaled.jpg?resize=1536%2C760&amp;ssl=1 1536w, https:\/\/i2.wp.com\/astehshop.com\/wp-content\/uploads\/2023\/04\/imou-bullet-2-2-scaled.jpg?resize=2048%2C1014&amp;ssl=1 2048w, https:\/\/i2.wp.com\/astehshop.com\/wp-content\/uploads\/2023\/04\/imou-bullet-2-2-scaled.jpg?resize=300%2C148&amp;ssl=1 300w, https:\/\/i2.wp.com\/astehshop.com\/wp-content\/uploads\/2023\/04\/imou-bullet-2-2-scaled.jpg?resize=1170%2C579&amp;ssl=1 1170w, https:\/\/i2.wp.com\/astehshop.com\/wp-content\/uploads\/2023\/04\/imou-bullet-2-2-scaled.jpg?resize=600%2C297&amp;ssl=1 600w\" sizes=\"(max-width: 450px) 100vw, 450px\" data-recalc-dims=\"1\" \/><\/a><\/p>\n<p><a href=\"https:\/\/i1.wp.com\/astehshop.com\/wp-content\/uploads\/2023\/04\/techno-2-bullet-2.jpg\" data-rel=\"lightbox-image-2\" data-rl_title=\"\" data-rl_caption=\"\" title=\"\"><img data-attachment-id=\"7526\" data-permalink=\"https:\/\/astehshop.com\/?attachment_id=7526\" data-orig-file=\"https:\/\/i1.wp.com\/astehshop.com\/wp-content\/uploads\/2023\/04\/techno-2-bullet-2.jpg?fit=1500%2C1406&amp;ssl=1\" data-orig-size=\"1500,1406\" data-comments-opened=\"1\" data-image-meta=\"{&quot;aperture&quot;:&quot;0&quot;,&quot;credit&quot;:&quot;TechnoShopBN&quot;,&quot;camera&quot;:&quot;&quot;,&quot;caption&quot;:&quot;&quot;,&quot;created_timestamp&quot;:&quot;1680364671&quot;,&quot;copyright&quot;:&quot;&quot;,&quot;focal_length&quot;:&quot;0&quot;,&quot;iso&quot;:&quot;0&quot;,&quot;shutter_speed&quot;:&quot;0&quot;,&quot;title&quot;:&quot;&quot;,&quot;orientation&quot;:&quot;0&quot;}\" data-image-title=\"techno 2 bullet 2\" data-image-description=\"\" data-image-caption=\"\" data-medium-file=\"https:\/\/i1.wp.com\/astehshop.com\/wp-content\/uploads\/2023\/04\/techno-2-bullet-2.jpg?fit=450%2C422&amp;ssl=1\" data-large-file=\"https:\/\/i1.wp.com\/astehshop.com\/wp-content\/uploads\/2023\/04\/techno-2-bullet-2.jpg?fit=1024%2C960&amp;ssl=1\" decoding=\"async\" loading=\"lazy\" class=\"alignnone size-medium wp-image-7526\" src=\"https:\/\/i1.wp.com\/astehshop.com\/wp-content\/uploads\/2023\/04\/techno-2-bullet-2.jpg?resize=450%2C422\" alt=\"\" width=\"450\" height=\"422\" srcset=\"https:\/\/i1.wp.com\/astehshop.com\/wp-content\/uploads\/2023\/04\/techno-2-bullet-2.jpg?resize=450%2C422&amp;ssl=1 450w, https:\/\/i1.wp.com\/astehshop.com\/wp-content\/uploads\/2023\/04\/techno-2-bullet-2.jpg?resize=1024%2C960&amp;ssl=1 1024w, https:\/\/i1.wp.com\/astehshop.com\/wp-content\/uploads\/2023\/04\/techno-2-bullet-2.jpg?resize=768%2C720&amp;ssl=1 768w, https:\/\/i1.wp.com\/astehshop.com\/wp-content\/uploads\/2023\/04\/techno-2-bullet-2.jpg?resize=300%2C281&amp;ssl=1 300w, https:\/\/i1.wp.com\/astehshop.com\/wp-content\/uploads\/2023\/04\/techno-2-bullet-2.jpg?resize=1170%2C1097&amp;ssl=1 1170w, https:\/\/i1.wp.com\/astehshop.com\/wp-content\/uploads\/2023\/04\/techno-2-bullet-2.jpg?resize=600%2C562&amp;ssl=1 600w, https:\/\/i1.wp.com\/astehshop.com\/wp-content\/uploads\/2023\/04\/techno-2-bullet-2.jpg?w=1500&amp;ssl=1 1500w\" sizes=\"(max-width: 450px) 100vw, 450px\" data-recalc-dims=\"1\" \/><\/a><\/p>\n<p><a href=\"https:\/\/i1.wp.com\/astehshop.com\/wp-content\/uploads\/2023\/04\/bullet-2-techno-shop-bn.jpg\" data-rel=\"lightbox-image-3\" data-rl_title=\"\" data-rl_caption=\"\" title=\"\"><img data-attachment-id=\"7527\" data-permalink=\"https:\/\/astehshop.com\/?attachment_id=7527\" data-orig-file=\"https:\/\/i1.wp.com\/astehshop.com\/wp-content\/uploads\/2023\/04\/bullet-2-techno-shop-bn.jpg?fit=1200%2C1125&amp;ssl=1\" data-orig-size=\"1200,1125\" data-comments-opened=\"1\" data-image-meta=\"{&quot;aperture&quot;:&quot;0&quot;,&quot;credit&quot;:&quot;TechnoShopBN&quot;,&quot;camera&quot;:&quot;&quot;,&quot;caption&quot;:&quot;&quot;,&quot;created_timestamp&quot;:&quot;1680364758&quot;,&quot;copyright&quot;:&quot;&quot;,&quot;focal_length&quot;:&quot;0&quot;,&quot;iso&quot;:&quot;0&quot;,&quot;shutter_speed&quot;:&quot;0&quot;,&quot;title&quot;:&quot;&quot;,&quot;orientation&quot;:&quot;0&quot;}\" data-image-title=\"bullet 2 techno shop bn\" data-image-description=\"\" data-image-caption=\"\" data-medium-file=\"https:\/\/i1.wp.com\/astehshop.com\/wp-content\/uploads\/2023\/04\/bullet-2-techno-shop-bn.jpg?fit=450%2C422&amp;ssl=1\" data-large-file=\"https:\/\/i1.wp.com\/astehshop.com\/wp-content\/uploads\/2023\/04\/bullet-2-techno-shop-bn.jpg?fit=1024%2C960&amp;ssl=1\" decoding=\"async\" loading=\"lazy\" class=\"alignnone size-medium wp-image-7527\" src=\"https:\/\/i1.wp.com\/astehshop.com\/wp-content\/uploads\/2023\/04\/bullet-2-techno-shop-bn.jpg?resize=450%2C422\" alt=\"\" width=\"450\" height=\"422\" srcset=\"https:\/\/i1.wp.com\/astehshop.com\/wp-content\/uploads\/2023\/04\/bullet-2-techno-shop-bn.jpg?resize=450%2C422&amp;ssl=1 450w, https:\/\/i1.wp.com\/astehshop.com\/wp-content\/uploads\/2023\/04\/bullet-2-techno-shop-bn.jpg?resize=1024%2C960&amp;ssl=1 1024w, https:\/\/i1.wp.com\/astehshop.com\/wp-content\/uploads\/2023\/04\/bullet-2-techno-shop-bn.jpg?resize=768%2C720&amp;ssl=1 768w, https:\/\/i1.wp.com\/astehshop.com\/wp-content\/uploads\/2023\/04\/bullet-2-techno-shop-bn.jpg?resize=300%2C281&amp;ssl=1 300w, https:\/\/i1.wp.com\/astehshop.com\/wp-content\/uploads\/2023\/04\/bullet-2-techno-shop-bn.jpg?resize=1170%2C1097&amp;ssl=1 1170w, https:\/\/i1.wp.com\/astehshop.com\/wp-content\/uploads\/2023\/04\/bullet-2-techno-shop-bn.jpg?resize=600%2C563&amp;ssl=1 600w, https:\/\/i1.wp.com\/astehshop.com\/wp-content\/uploads\/2023\/04\/bullet-2-techno-shop-bn.jpg?w=1200&amp;ssl=1 1200w\" sizes=\"(max-width: 450px) 100vw, 450px\" data-recalc-dims=\"1\" \/><\/a><\/p>\n","protected":false},"excerpt":{"rendered":"<p>Smart home kamera sa \u010dak 4 razli\u010dita na\u010dina rada nocu predstavlja odli\u010dan izbor za video nadzor ku\u0107e , vikendice, apartmana i sli\u010dno.<\/p>\n<p><strong>Infrared na\u010din rada<\/strong> omogu\u0107uje \u010distu crno-bijelu sliku u potpunom mraku. <strong>Color na\u010din rada<\/strong> pru\u017ea savr\u0161enu sliku u boji 24h\/7 zahvaljuju\u010di 2 ugra\u0111ena reflektora.<\/p>\n<p><strong>Smart mode<\/strong> na\u010din rada daje crno-bijelu sliku tokom no\u0107i, a kod detekcije pokreta automatski se pale reflektori i mijenja prikaz na sliku u boji. Ako vam nije potrebna slika u boji tijekom no\u0107i, mo\u017eete odabrati <strong>Off mode<\/strong> na\u010din rada.<\/p>\n<p>Sna\u017ena tehnologija za obradu slike brzo pronalazi i klasificira ljude te odmah \u0161alje <strong>obavijest na va\u0161 pametni telefon<\/strong>. Pratite ono \u0161to je va\u017eno bez primanja dosadnih la\u017enih upozorenja.<\/p>\n<p>Kada kamera detektuje upad, 2 ugra\u0111ena reflektora i sirena od 110 dB odvracaju nepo\u017eeljne posjetitelje i upozoravaju vas na prisutnost osoba u \u0161ticenom podru\u010dju.<\/p>\n<p><a href=\"http:\/\/astehshop.com\/wp-content\/uploads\/2023\/04\/bullet-2-1.jpg\"><img decoding=\"async\" loading=\"lazy\" class=\"alignnone size-medium wp-image-7524\" src=\"http:\/\/astehshop.com\/wp-content\/uploads\/2023\/04\/bullet-2-1-450x211.jpg\" alt=\"\" width=\"450\" height=\"211\" srcset=\"https:\/\/i1.wp.com\/astehshop.com\/wp-content\/uploads\/2023\/04\/bullet-2-1.jpg?resize=450%2C211&amp;ssl=1 450w, https:\/\/i1.wp.com\/astehshop.com\/wp-content\/uploads\/2023\/04\/bullet-2-1.jpg?resize=1024%2C480&amp;ssl=1 1024w, https:\/\/i1.wp.com\/astehshop.com\/wp-content\/uploads\/2023\/04\/bullet-2-1.jpg?resize=768%2C360&amp;ssl=1 768w, https:\/\/i1.wp.com\/astehshop.com\/wp-content\/uploads\/2023\/04\/bullet-2-1.jpg?resize=1536%2C720&amp;ssl=1 1536w, https:\/\/i1.wp.com\/astehshop.com\/wp-content\/uploads\/2023\/04\/bullet-2-1.jpg?resize=300%2C141&amp;ssl=1 300w, https:\/\/i1.wp.com\/astehshop.com\/wp-content\/uploads\/2023\/04\/bullet-2-1.jpg?resize=1170%2C548&amp;ssl=1 1170w, https:\/\/i1.wp.com\/astehshop.com\/wp-content\/uploads\/2023\/04\/bullet-2-1.jpg?resize=600%2C281&amp;ssl=1 600w, https:\/\/i1.wp.com\/astehshop.com\/wp-content\/uploads\/2023\/04\/bullet-2-1.jpg?w=1920&amp;ssl=1 1920w\" sizes=\"(max-width: 450px) 100vw, 450px\" \/><\/a><\/p>\n<p><a href=\"http:\/\/astehshop.com\/wp-content\/uploads\/2023\/04\/imou-bullet-2-2-scaled.jpg\"><img decoding=\"async\" loading=\"lazy\" class=\"alignnone size-medium wp-image-7525\" src=\"http:\/\/astehshop.com\/wp-content\/uploads\/2023\/04\/imou-bullet-2-2-scaled-450x223.jpg\" alt=\"\" width=\"450\" height=\"223\" srcset=\"https:\/\/i2.wp.com\/astehshop.com\/wp-content\/uploads\/2023\/04\/imou-bullet-2-2-scaled.jpg?resize=450%2C223&amp;ssl=1 450w, https:\/\/i2.wp.com\/astehshop.com\/wp-content\/uploads\/2023\/04\/imou-bullet-2-2-scaled.jpg?resize=1024%2C507&amp;ssl=1 1024w, https:\/\/i2.wp.com\/astehshop.com\/wp-content\/uploads\/2023\/04\/imou-bullet-2-2-scaled.jpg?resize=768%2C380&amp;ssl=1 768w, https:\/\/i2.wp.com\/astehshop.com\/wp-content\/uploads\/2023\/04\/imou-bullet-2-2-scaled.jpg?resize=1536%2C760&amp;ssl=1 1536w, https:\/\/i2.wp.com\/astehshop.com\/wp-content\/uploads\/2023\/04\/imou-bullet-2-2-scaled.jpg?resize=2048%2C1014&amp;ssl=1 2048w, https:\/\/i2.wp.com\/astehshop.com\/wp-content\/uploads\/2023\/04\/imou-bullet-2-2-scaled.jpg?resize=300%2C148&amp;ssl=1 300w, https:\/\/i2.wp.com\/astehshop.com\/wp-content\/uploads\/2023\/04\/imou-bullet-2-2-scaled.jpg?resize=1170%2C579&amp;ssl=1 1170w, https:\/\/i2.wp.com\/astehshop.com\/wp-content\/uploads\/2023\/04\/imou-bullet-2-2-scaled.jpg?resize=600%2C297&amp;ssl=1 600w\" sizes=\"(max-width: 450px) 100vw, 450px\" \/><\/a><\/p>\n<p><a href=\"http:\/\/astehshop.com\/wp-content\/uploads\/2023\/04\/techno-2-bullet-2.jpg\"><img decoding=\"async\" loading=\"lazy\" class=\"alignnone size-medium wp-image-7526\" src=\"http:\/\/astehshop.com\/wp-content\/uploads\/2023\/04\/techno-2-bullet-2-450x422.jpg\" alt=\"\" width=\"450\" height=\"422\" srcset=\"https:\/\/i1.wp.com\/astehshop.com\/wp-content\/uploads\/2023\/04\/techno-2-bullet-2.jpg?resize=450%2C422&amp;ssl=1 450w, https:\/\/i1.wp.com\/astehshop.com\/wp-content\/uploads\/2023\/04\/techno-2-bullet-2.jpg?resize=1024%2C960&amp;ssl=1 1024w, https:\/\/i1.wp.com\/astehshop.com\/wp-content\/uploads\/2023\/04\/techno-2-bullet-2.jpg?resize=768%2C720&amp;ssl=1 768w, https:\/\/i1.wp.com\/astehshop.com\/wp-content\/uploads\/2023\/04\/techno-2-bullet-2.jpg?resize=300%2C281&amp;ssl=1 300w, https:\/\/i1.wp.com\/astehshop.com\/wp-content\/uploads\/2023\/04\/techno-2-bullet-2.jpg?resize=1170%2C1097&amp;ssl=1 1170w, https:\/\/i1.wp.com\/astehshop.com\/wp-content\/uploads\/2023\/04\/techno-2-bullet-2.jpg?resize=600%2C562&amp;ssl=1 600w, https:\/\/i1.wp.com\/astehshop.com\/wp-content\/uploads\/2023\/04\/techno-2-bullet-2.jpg?w=1500&amp;ssl=1 1500w\" sizes=\"(max-width: 450px) 100vw, 450px\" \/><\/a><\/p>\n<p><a href=\"http:\/\/astehshop.com\/wp-content\/uploads\/2023\/04\/bullet-2-techno-shop-bn.jpg\"><img decoding=\"async\" loading=\"lazy\" class=\"alignnone size-medium wp-image-7527\" src=\"http:\/\/astehshop.com\/wp-content\/uploads\/2023\/04\/bullet-2-techno-shop-bn-450x422.jpg\" alt=\"\" width=\"450\" height=\"422\" srcset=\"https:\/\/i1.wp.com\/astehshop.com\/wp-content\/uploads\/2023\/04\/bullet-2-techno-shop-bn.jpg?resize=450%2C422&amp;ssl=1 450w, https:\/\/i1.wp.com\/astehshop.com\/wp-content\/uploads\/2023\/04\/bullet-2-techno-shop-bn.jpg?resize=1024%2C960&amp;ssl=1 1024w, https:\/\/i1.wp.com\/astehshop.com\/wp-content\/uploads\/2023\/04\/bullet-2-techno-shop-bn.jpg?resize=768%2C720&amp;ssl=1 768w, https:\/\/i1.wp.com\/astehshop.com\/wp-content\/uploads\/2023\/04\/bullet-2-techno-shop-bn.jpg?resize=300%2C281&amp;ssl=1 300w, https:\/\/i1.wp.com\/astehshop.com\/wp-content\/uploads\/2023\/04\/bullet-2-techno-shop-bn.jpg?resize=1170%2C1097&amp;ssl=1 1170w, https:\/\/i1.wp.com\/astehshop.com\/wp-content\/uploads\/2023\/04\/bullet-2-techno-shop-bn.jpg?resize=600%2C563&amp;ssl=1 600w, https:\/\/i1.wp.com\/astehshop.com\/wp-content\/uploads\/2023\/04\/bullet-2-techno-shop-bn.jpg?w=1200&amp;ssl=1 1200w\" sizes=\"(max-width: 450px) 100vw, 450px\" \/><\/a><\/p>\n","protected":false},"featured_media":7528,"comment_status":"open","ping_status":"closed","template":"","meta":{"_mi_skip_tracking":false,"_exactmetrics_sitenote_active":false,"_exactmetrics_sitenote_note":"","_exactmetrics_sitenote_category":0,"spay_email":""},"product_cat":[135],"product_tag":[2984,2832,2994,2963,5291,1183],"brands":[{"id":2045,"name":"Dahua","slug":"dahua"}],"df_price":"","df_sale_price":"","df_regular_price":"","df_image_link":"https:\/\/i2.wp.com\/astehshop.com\/wp-content\/uploads\/2023\/04\/imou-ipc-f22fep.jpg?fit=447%2C450&ssl=1","jetpack_publicize_connections":[],"jetpack_sharing_enabled":true,"jetpack_likes_enabled":true,"jetpack-related-posts":[{"id":8303,"url":"https:\/\/astehshop.com\/index.php\/product\/ipc-c22fp-c-versa\/","url_meta":{"origin":7523,"position":0},"title":"IPC-C22FP-C (Versa)","date":"19. listopada 2023.","format":false,"excerpt":"Versa pru\u017ea pra\u0107enje u\u017eivo od 2MP sa objektivom visokih performansi od 2,8 mm F1.6, podr\u017eava \u010detiri re\u017eima no\u0107nog vida za jasno\u0107u kao dan \u010dak i u mrklom mraku. Sa IP65 sertifikovanim ku\u0107i\u0161tem, kamera se mo\u017ee koristiti na otvorenom u razli\u010ditim vremenskim uslovima. Sa sigurnosnom sirenom od 120dB, Versa aktivno dr\u017ei\u2026","rel":"","context":"Srodne objave","img":{"alt_text":"","src":"https:\/\/i2.wp.com\/astehshop.com\/wp-content\/uploads\/2023\/10\/IPC-C22FP-C.jpg?fit=1200%2C1167&ssl=1&resize=350%2C200","width":350,"height":200},"classes":[]},{"id":6606,"url":"https:\/\/astehshop.com\/index.php\/product\/imilab-ec4-spotlight-battery-camera\/","url_meta":{"origin":7523,"position":1},"title":"IMILAB EC4 Spotlight Battery Camera","date":"17. studenoga 2022.","format":false,"excerpt":"Imilab IP kamera EC4 \u00a0 Novi model ima 4 MPx, 2.5K rezoluciju snimanja, tako\u0111er podr\u017eava no\u0107ni na\u010din rada u boji, a tako\u0111er omogu\u0107uje spajanje fotonaponske plo\u010de. \u00a0 2,5K video i mnoga pobolj\u0161anja \u00a0 Nova kamera IMILAB EC4 uklju\u010duje nekoliko pobolj\u0161anja koja bi trebala eliminirati probleme starijih kamera kao \u0161to su\u2026","rel":"","context":"Srodne objave","img":{"alt_text":"","src":"https:\/\/i1.wp.com\/astehshop.com\/wp-content\/uploads\/2022\/11\/imilab-ec4-spotlight-battery-camera.jpg?fit=800%2C800&ssl=1&resize=350%2C200","width":350,"height":200},"classes":[]},{"id":11896,"url":"https:\/\/astehshop.com\/index.php\/product\/16-portni-poe-switch-uniview-unv-nsw2020-16t2gc-poe-in\/","url_meta":{"origin":7523,"position":2},"title":"16 portni POE switch UniView UNV NSW2020-16T2GC-POE-IN","date":"31. listopada 2025.","format":false,"excerpt":"\u2022 Vi\u0161estruki na\u010dini rada za zadovoljavanje va\u0161ih poslovnih potreba: Zadani (Normalni na\u010din rada), VLAN (Sigurni na\u010din rada), EXTEND (Na\u010din rada za nadzor) \u2022 Podr\u0161ka za kontrolu prometa portova \u2022 Podr\u0161ka za sigurni na\u010din rada, svi downlink portovi mogu komunicirati samo s uplink portovima \u2022 Domet prijenosa do 250 m u\u2026","rel":"","context":"Srodne objave","img":{"alt_text":"","src":"https:\/\/i2.wp.com\/astehshop.com\/wp-content\/uploads\/2025\/10\/NSW2020-16T2GC-POE-IN.png?fit=600%2C338&ssl=1&resize=350%2C200","width":350,"height":200},"classes":[]},{"id":3961,"url":"https:\/\/astehshop.com\/index.php\/product\/hikvision-kamera-ds-2ce12dft-pirxof\/","url_meta":{"origin":7523,"position":3},"title":"HIKVISION Kamera DS-2CE12DFT-PIRXOF *","date":"17. velja\u010de 2020.","format":false,"excerpt":"NOVA ColorVU HD-TVI bullet kamera, Kolor slika u svim uslovima rada, 4 u 1 (HDTVI\/AHD\/HD-CVI\/CVBS), Rezolucija 2 Mpix (HD 1080p@25 fps); 2 Mpix Progressive Scan CMOS senzor; Osetljivost 0.0005 Lux (0 sa rasvetom); \u201cSuplement light\u201d dodatna rasveta dometa do 40 metara promenljivog intenziteta pru\u017ea sliku u boji u svim uslovima\u2026","rel":"","context":"Srodne objave","img":{"alt_text":"","src":"https:\/\/i0.wp.com\/astehshop.com\/wp-content\/uploads\/2020\/02\/DS-2CE12DFT-PIRXOF.jpg?fit=1200%2C921&ssl=1&resize=350%2C200","width":350,"height":200},"classes":[]},{"id":11894,"url":"https:\/\/astehshop.com\/index.php\/product\/uniview-unv-poe-switch-nsw2020-10t-poe-in-za-video-nadzor\/","url_meta":{"origin":7523,"position":4},"title":"UniView UNV poe switch NSW2020-10T-POE-IN za video nadzor","date":"31. listopada 2025.","format":false,"excerpt":"\u2022 Vi\u0161estruki na\u010dini rada za zadovoljavanje va\u0161ih poslovnih potreba: Zadani (Normalni na\u010din rada), EXTEND (Na\u010din nadzora) \u2022 Podr\u0161ka za kontrolu prometa portova \u2022 Domet prijenosa do 250 m u pro\u0161irenom na\u010dinu rada \u2022 Podr\u0161ka za optimizaciju me\u0111uspremnika \u2022 Ku\u0107i\u0161te od metala, sigurno i pouzdano","rel":"","context":"Srodne objave","img":{"alt_text":"","src":"https:\/\/i0.wp.com\/astehshop.com\/wp-content\/uploads\/2025\/10\/NSW2020-10T-POE-IN.png?fit=600%2C338&ssl=1&resize=350%2C200","width":350,"height":200},"classes":[]},{"id":5202,"url":"https:\/\/astehshop.com\/index.php\/product\/dahua-imou-bullet-2-full-color-4-mpx-wifi-ip-kamera\/","url_meta":{"origin":7523,"position":5},"title":"Dahua Imou Bullet 2 Full Color 4 MPX WiFi Ip kamera","date":"9. listopada 2021.","format":false,"excerpt":"Bullet 2 \u0160areni svijet, \u010dak i no\u0107u Detekcija osoba | No\u0107ni vid u boji | Full HD 1080P | Ugra\u0111eni mikrofon i zvu\u010dnik | Ugra\u0111en reflektor i sirena | IP67 otporan na vremenske uvjete | Dvostruka antena | Pohrana u oblaku Full Color No\u0107ni Vid \u010cetiri pametna moda no\u0107nog vida\u2026","rel":"","context":"Srodne objave","img":{"alt_text":"","src":"https:\/\/i0.wp.com\/astehshop.com\/wp-content\/uploads\/2021\/10\/dahua-bullet-2.png?fit=571%2C317&ssl=1&resize=350%2C200","width":350,"height":200},"classes":[]}],"_links":{"self":[{"href":"https:\/\/astehshop.com\/index.php\/wp-json\/wp\/v2\/product\/7523"}],"collection":[{"href":"https:\/\/astehshop.com\/index.php\/wp-json\/wp\/v2\/product"}],"about":[{"href":"https:\/\/astehshop.com\/index.php\/wp-json\/wp\/v2\/types\/product"}],"replies":[{"embeddable":true,"href":"https:\/\/astehshop.com\/index.php\/wp-json\/wp\/v2\/comments?post=7523"}],"wp:featuredmedia":[{"embeddable":true,"href":"https:\/\/astehshop.com\/index.php\/wp-json\/wp\/v2\/media\/7528"}],"wp:attachment":[{"href":"https:\/\/astehshop.com\/index.php\/wp-json\/wp\/v2\/media?parent=7523"}],"wp:term":[{"taxonomy":"product_cat","embeddable":true,"href":"https:\/\/astehshop.com\/index.php\/wp-json\/wp\/v2\/product_cat?post=7523"},{"taxonomy":"product_tag","embeddable":true,"href":"https:\/\/astehshop.com\/index.php\/wp-json\/wp\/v2\/product_tag?post=7523"}],"curies":[{"name":"wp","href":"https:\/\/api.w.org\/{rel}","templated":true}]}}