{"id":7244,"date":"2023-02-15T16:40:57","date_gmt":"2023-02-15T15:40:57","guid":{"rendered":"http:\/\/astehshop.com\/?post_type=product&#038;p=7244"},"modified":"2025-09-17T21:14:52","modified_gmt":"2025-09-17T19:14:52","slug":"pametna-uticnica-ezviz-cs-t30-10b-eu-hikvision-ezviz","status":"publish","type":"product","link":"https:\/\/astehshop.com\/index.php\/product\/pametna-uticnica-ezviz-cs-t30-10b-eu-hikvision-ezviz\/","title":{"rendered":"Pametna uti\u010dnica ezviz CS-T30-10B-EU HikVision Ezviz"},"content":{"rendered":"<ul>\n<li><strong> \u00a0\u00a0<\/strong><strong>Smart Wi-Fi uti\u010dnica \u00a0\u00a0\u00a0\u00a0\u00a0\u00a0\u00a0\u00a0\u00a0\u00a0<\/strong><\/li>\n<li><strong> \u00a0\u00a0\u00a0Dodatne funkcije : daljinska kontrola, vremenski <\/strong><\/li>\n<\/ul>\n<p><strong>\u00a0\u00a0\u00a0\u00a0\u00a0\u00a0\u00a0\u00a0\u00a0\u00a0\u00a0\u00a0\u00a0\u00a0\u00a0\u00a0\u00a0\u00a0prekida\u010d, odbrojavanje, statistika<\/strong><\/p>\n<ul>\n<li><strong> \u00a0\u00a0\u00a0Pokretanje: 30 sek<\/strong><\/li>\n<li><strong> \u00a0\u00a0\u00a0Podr\u017eava \u00a02.4 GHz WiFi<\/strong><\/li>\n<li><strong> \u00a0\u00a0\u00a0Upravljanje sa aplikacijom i glasom<\/strong><\/li>\n<\/ul>\n<p><strong>\u00a0\u00a0\u00a0\u00a0\u00a0\u00a0\u00a0\u00a0\u00a0\u00a0\u00a0\u00a0\u00a0\u00a0\u00a0\u00a0\u00a0\u00a0\u00a0( Google Assistant i Alexa)<\/strong><\/p>\n<ul>\n<li><strong> \u00a0\u00a0\u00a0Otpornost na po\u017ear do 750\u00b0C<\/strong><\/li>\n<li><strong> \u00a0\u00a0\u00a0Napajanje\/snaga : \u00a0220 &#8211; 240VAC\/ 2300 W<\/strong><\/li>\n<\/ul>\n<iframe  id=\"_ytid_86487\"  width=\"480\" height=\"270\"  data-origwidth=\"480\" data-origheight=\"270\"  src=\"https:\/\/www.youtube.com\/embed\/VZJovghYM_s?enablejsapi=1&autoplay=0&cc_load_policy=0&cc_lang_pref=&iv_load_policy=1&loop=0&modestbranding=0&rel=1&fs=1&playsinline=0&autohide=2&theme=dark&color=red&controls=1&\" class=\"__youtube_prefs__  no-lazyload\" title=\"YouTube player\"  allow=\"autoplay; encrypted-media\" allowfullscreen data-no-lazy=\"1\" data-skipgform_ajax_framebjll=\"\"><\/iframe>\n","protected":false},"excerpt":{"rendered":"<ul>\n<li><strong> \u00a0\u00a0<\/strong><strong>Smart Wi-Fi uti\u010dnica \u00a0\u00a0\u00a0\u00a0\u00a0\u00a0\u00a0\u00a0\u00a0\u00a0<\/strong><\/li>\n<li><strong> \u00a0\u00a0\u00a0Dodatne funkcije : daljinska kontrola, vremenski <\/strong><\/li>\n<\/ul>\n<p><strong>\u00a0\u00a0\u00a0\u00a0\u00a0\u00a0\u00a0\u00a0\u00a0\u00a0\u00a0\u00a0\u00a0\u00a0\u00a0\u00a0\u00a0\u00a0prekida\u010d, odbrojavanje, statistika<\/strong><\/p>\n<ul>\n<li><strong> \u00a0\u00a0\u00a0Pokretanje: 30 sek<\/strong><\/li>\n<li><strong> \u00a0\u00a0\u00a0Podr\u017eava \u00a02.4 GHz WiFi<\/strong><\/li>\n<li><strong> \u00a0\u00a0\u00a0Upravljanje sa aplikacijom i glasom<\/strong><\/li>\n<\/ul>\n<p><strong>\u00a0\u00a0\u00a0\u00a0\u00a0\u00a0\u00a0\u00a0\u00a0\u00a0\u00a0\u00a0\u00a0\u00a0\u00a0\u00a0\u00a0\u00a0\u00a0( Google Assistant i Alexa)<\/strong><\/p>\n<ul>\n<li><strong> \u00a0\u00a0\u00a0Otpornost na po\u017ear do 750\u00b0C<\/strong><\/li>\n<li><strong> \u00a0\u00a0\u00a0Napajanje\/snaga : \u00a0220 &#8211; 240VAC\/ 2300 W<\/strong><\/li>\n<\/ul>\n[embedyt] https:\/\/www.youtube.com\/watch?v=VZJovghYM_s[\/embedyt]\n","protected":false},"featured_media":7243,"comment_status":"open","ping_status":"closed","template":"","meta":{"_mi_skip_tracking":false,"_exactmetrics_sitenote_active":false,"_exactmetrics_sitenote_note":"","_exactmetrics_sitenote_category":0,"spay_email":""},"product_cat":[3480],"product_tag":[5128,3542],"brands":[{"id":2044,"name":"HikVision","slug":"hikvision"}],"df_price":"","df_sale_price":"","df_regular_price":"","df_image_link":"https:\/\/i1.wp.com\/astehshop.com\/wp-content\/uploads\/2023\/02\/0005078_cs-t30-10a-eu.jpeg?fit=450%2C450&ssl=1","jetpack_publicize_connections":[],"jetpack_sharing_enabled":true,"jetpack_likes_enabled":true,"jetpack-related-posts":[{"id":7242,"url":"https:\/\/astehshop.com\/index.php\/product\/pametna-uticnica-ezviz-cs-t30-10a-eu\/","url_meta":{"origin":7244,"position":0},"title":"Pametna uti\u010dnica ezviz CS-T30-10A-EU HikVision Ezviz","date":"15. velja\u010de 2023.","format":false,"excerpt":"\u2022 Smart Wi-Fi uti\u010dnica \u2022 Dodatne funkcije : daljinska kontrola, vremenski prekida\u010d, odbrojavanje \u2022 Pokretanje: 30 sek \u2022 Podr\u017eava 2.4 GHz WiFi \u2022 Upravljanje sa aplikacijom i glasom ( Google Assistant i Alexa) \u2022 Otpornost na po\u017ear do 750\u00b0C \u2022 Napajanje\/snaga : 220 - 240VAC\/ 2300 W \u00a0","rel":"","context":"Srodne objave","img":{"alt_text":"","src":"https:\/\/i1.wp.com\/astehshop.com\/wp-content\/uploads\/2023\/02\/0005078_cs-t30-10a-eu.jpeg?fit=1200%2C1200&ssl=1&resize=350%2C200","width":350,"height":200},"classes":[]},{"id":7940,"url":"https:\/\/astehshop.com\/index.php\/product\/pametna-wifi-eu-uticnica-sa-usb-a-portom-za-punjenje-telefona\/","url_meta":{"origin":7244,"position":1},"title":"Pametna WIFI EU uti\u010dnica sa USB A portom za punjenje telefona","date":"10. lipnja 2023.","format":false,"excerpt":"Ova WiFi pametna zidna uti\u010dnica ima 1 USB - posebno s priklju\u010dkom za punjenje tipa A, podr\u017eava glasovnu kontrolu \/ odnosno kontrolu \/ postavku rasporeda \/ daljinsko upravljanje aplikacijom \/ dijeljenje, vrlo jednostavno, prakti\u010dno i sigurno za kori\u0161tenje.","rel":"","context":"Srodne objave","img":{"alt_text":"","src":"https:\/\/i1.wp.com\/astehshop.com\/wp-content\/uploads\/2023\/06\/pametna-eu-uticnica.png?fit=603%2C551&ssl=1&resize=350%2C200","width":350,"height":200},"classes":[]},{"id":7782,"url":"https:\/\/astehshop.com\/index.php\/product\/tuya-pametna-uticnica-wifi\/","url_meta":{"origin":7244,"position":2},"title":"Tuya pametna uti\u010dnica WIFI","date":"17. svibnja 2023.","format":false,"excerpt":"Tuya pametna uti\u010dnica Kontrola putem aplikacije Smart Home Scenario Kontrola potro\u0161nje Dje\u010dija za\u0161tita Podesite kada \u017eelite ne\u0161to da se upali Kompletan dom na samo jedan TAP Kontrola glasom i jo\u0161 mnogo toga \u00a0","rel":"","context":"Srodne objave","img":{"alt_text":"","src":"https:\/\/i0.wp.com\/astehshop.com\/wp-content\/uploads\/2023\/05\/tuya-pametna-uticnica.jpg?fit=992%2C984&ssl=1&resize=350%2C200","width":350,"height":200},"classes":[]},{"id":7224,"url":"https:\/\/astehshop.com\/index.php\/product\/hikvision-ezviz-vanjska-wifi-kamera-cs-c3n-a0-3g2wfl1\/","url_meta":{"origin":7244,"position":3},"title":"HikVision ezviz vanjska wifi kamera CS-C3N-A0-3G2WFL1","date":"15. velja\u010de 2023.","format":false,"excerpt":"\u2022 Ooutdoor Smart kamera \u2022 Rezolucija 2 Mpix(1920\u00d71080) \u2022 Objektivi: 2,8mm, 4mm \u2022 No\u0107no snimanje u boji \u2022 Za\u0161tita ku\u0107i\u0161ta IP67 \u2022 Dodatne funkcije: prepoznavanje ljudi \u2022 H.265 \u2022 Podr\u017eava 2.4 GHz WiFi \u2022 Podr\u017eava MicroSD kartice, do 256 GB \u2022 Napajanje DC 12V \/ 1A","rel":"","context":"Srodne objave","img":{"alt_text":"","src":"https:\/\/i1.wp.com\/astehshop.com\/wp-content\/uploads\/2023\/02\/cs-c3n-a0-3g2wfl1-camara-wifi-para-exteriores-c3n-1080p-con-vision-a-colores-de-noche.jpg?fit=1050%2C1200&ssl=1&resize=350%2C200","width":350,"height":200},"classes":[]},{"id":7218,"url":"https:\/\/astehshop.com\/index.php\/product\/ezviz-hikvision-wifi-kamera-cs-c1c-e0-1e2w\/","url_meta":{"origin":7244,"position":4},"title":"Ezviz HikVision WiFi kamera CS-C1C-E0-1E2W","date":"15. velja\u010de 2023.","format":false,"excerpt":"\u2022 Smart Home kamera \u2022 Rezolucija 2 Mpix(1920\u00d71080) \u2022 Objektiv: 2,8mm \u2022 0.5 Lux @(F2.2, AGC ON), 0 Lux with IR \u2022 IR domet 12 m \u2022 Dodatne funkcije: detekcija pokreta, dvosmjerna audio komunikacija \u2022 H.265 \u2022 Podr\u017eava 2.4 GHz WiFi \u2022 Podr\u017eava MicroSD kartice, do 256 GB \u2022 Napajanje\u2026","rel":"","context":"Srodne objave","img":{"alt_text":"","src":"https:\/\/i2.wp.com\/astehshop.com\/wp-content\/uploads\/2023\/02\/CS-C1C-E0-1E2WF-1.png?fit=1080%2C1080&ssl=1&resize=350%2C200","width":350,"height":200},"classes":[]},{"id":7819,"url":"https:\/\/astehshop.com\/index.php\/product\/pametni-prekidac-za-roletne-tuya-wifi-ds-151-na-dodir\/","url_meta":{"origin":7244,"position":5},"title":"Pametni prekida\u010d za roletne Tuya WIFI DS-151 na dodir","date":"23. svibnja 2023.","format":false,"excerpt":"WIFI daljinski upravlja\u010d: uklju\u010dite\/isklju\u010dite svjetlo s bilo kojeg mjesta Podr\u0161ka za aplikacije: besplatna aplikacija za iOS i Android telefon (Smart Life) Upravljanje glasom: uz Alexa, Google Home Voice Control Nezavisna kontrola: kontrolirajte svaku grupu zasebno Status sinhronizacije: status ure\u0111aja u realnom vremenu koji se nalazi u APP-u Funkcija mjerenja vremena:\u2026","rel":"","context":"Srodne objave","img":{"alt_text":"","src":"https:\/\/i1.wp.com\/astehshop.com\/wp-content\/uploads\/2023\/05\/pametni-prekidac-roletne.jpg?fit=896%2C892&ssl=1&resize=350%2C200","width":350,"height":200},"classes":[]}],"_links":{"self":[{"href":"https:\/\/astehshop.com\/index.php\/wp-json\/wp\/v2\/product\/7244"}],"collection":[{"href":"https:\/\/astehshop.com\/index.php\/wp-json\/wp\/v2\/product"}],"about":[{"href":"https:\/\/astehshop.com\/index.php\/wp-json\/wp\/v2\/types\/product"}],"replies":[{"embeddable":true,"href":"https:\/\/astehshop.com\/index.php\/wp-json\/wp\/v2\/comments?post=7244"}],"wp:featuredmedia":[{"embeddable":true,"href":"https:\/\/astehshop.com\/index.php\/wp-json\/wp\/v2\/media\/7243"}],"wp:attachment":[{"href":"https:\/\/astehshop.com\/index.php\/wp-json\/wp\/v2\/media?parent=7244"}],"wp:term":[{"taxonomy":"product_cat","embeddable":true,"href":"https:\/\/astehshop.com\/index.php\/wp-json\/wp\/v2\/product_cat?post=7244"},{"taxonomy":"product_tag","embeddable":true,"href":"https:\/\/astehshop.com\/index.php\/wp-json\/wp\/v2\/product_tag?post=7244"}],"curies":[{"name":"wp","href":"https:\/\/api.w.org\/{rel}","templated":true}]}}