{"id":6785,"date":"2022-11-21T12:39:21","date_gmt":"2022-11-21T11:39:21","guid":{"rendered":"http:\/\/astehshop.com\/?post_type=product&#038;p=6785"},"modified":"2022-11-21T12:39:21","modified_gmt":"2022-11-21T11:39:21","slug":"tapo-pametna-uticnica","status":"publish","type":"product","link":"https:\/\/astehshop.com\/index.php\/product\/tapo-pametna-uticnica\/","title":{"rendered":"Tapo pametna uti\u010dnica"},"content":{"rendered":"<div class=\"product-card-info\">\n<div class=\"product-card-desc\">TP-Link Tapo P100(1-pack) Mini Smart Wi-Fi Socket, 220-240 V, 50\/60 Hz, Max Load 10 A, 1200W, , 2.4 GHz Wi-Fi, Bluetooth 4.2 (onboarding only), 802.11 b\/g\/n, Amazon Certified for Humans (FFS), Voice Control (works with Amazon Alexa and Google As.)<\/div>\n<\/div>\n<div class=\"product-card-info-ext\">\n<div class=\"product-card-warranty\">Garancija, mjesec: 36<\/div>\n<\/div>\n<div class=\"product-card-info-ext\">\n<div id=\"j_id_p:productCardForm:productCardExportPdf\" class=\"product-card-export-pdf\"><a id=\"j_id_p:productCardForm:sendPdfLink\" class=\"ui-commandlink ui-widget\" href=\"https:\/\/www.it4profit.com\/shop\/pages\/productCard.xhtml?condition=BRAND_NEW&amp;productId=210315125606316958&amp;tabIndex=0#\">Izvoz kartice proizvoda u .pdf format<\/a><\/div>\n<\/div>\n","protected":false},"excerpt":{"rendered":"<div class=\"product-card-info\">\n<div class=\"product-card-desc\">TP-Link Tapo P100(1-pack) Mini Smart Wi-Fi Socket, 220-240 V, 50\/60 Hz, Max Load 10 A, 1200W, , 2.4 GHz Wi-Fi, Bluetooth 4.2 (onboarding only), 802.11 b\/g\/n, Amazon Certified for Humans (FFS), Voice Control (works with Amazon Alexa and Google As.)<\/div>\n<\/div>\n<div class=\"product-card-info-ext\">\n<div class=\"product-card-warranty\">Garancija, mjesec: 36<\/div>\n<\/div>\n<div class=\"product-card-info-ext\">\n<div id=\"j_id_p:productCardForm:productCardExportPdf\" class=\"product-card-export-pdf\"><a id=\"j_id_p:productCardForm:sendPdfLink\" class=\"ui-commandlink ui-widget\" href=\"https:\/\/www.it4profit.com\/shop\/pages\/productCard.xhtml?condition=BRAND_NEW&amp;productId=210315125606316958&amp;tabIndex=0#\">Izvoz kartice proizvoda u .pdf format<\/a><\/div>\n<\/div>\n","protected":false},"featured_media":6786,"comment_status":"open","ping_status":"closed","template":"","meta":{"_mi_skip_tracking":false,"_exactmetrics_sitenote_active":false,"_exactmetrics_sitenote_note":"","_exactmetrics_sitenote_category":0,"spay_email":""},"product_cat":[3480],"product_tag":[435,3542,3483,4491],"brands":[],"df_price":49,"df_sale_price":"","df_regular_price":49,"df_image_link":"https:\/\/i0.wp.com\/astehshop.com\/wp-content\/uploads\/2022\/11\/210618140013553333.jpg?fit=445%2C450&ssl=1","jetpack_publicize_connections":[],"jetpack_sharing_enabled":true,"jetpack_likes_enabled":true,"jetpack-related-posts":[{"id":6787,"url":"https:\/\/astehshop.com\/index.php\/product\/tapo-p100-set-2-komada\/","url_meta":{"origin":6785,"position":0},"title":"TAPO-P100 set 2 komada","date":"21. studenoga 2022.","format":false,"excerpt":"TP-Link Tapo P100(2-pack) Mini Smart Wi-Fi Socket, 220-240 V, 50\/60 Hz, Max Load 10 A, 1200W, , 2.4 GHz Wi-Fi, Bluetooth 4.2 (onboarding only), 802.11 b\/g\/n, Amazon Certified for Humans (FFS), Voice Control (works with Amazon Alexa and Google As.)","rel":"","context":"Srodne objave","img":{"alt_text":"","src":"https:\/\/i0.wp.com\/astehshop.com\/wp-content\/uploads\/2022\/11\/tapo-2-kom.jpg?fit=566%2C567&ssl=1&resize=350%2C200","width":350,"height":200},"classes":[]},{"id":11132,"url":"https:\/\/astehshop.com\/index.php\/product\/mini-smart-wi-fi-uticnica\/","url_meta":{"origin":6785,"position":1},"title":"Mini Smart Wi-Fi uti\u010dnica","date":"16. srpnja 2025.","format":false,"excerpt":"Mini Smart Wi-Fi uti\u010dnica TP-Link Tapo P115 1-pack Monitoring Energije, 100-240 V, Max Load 16A 3680W, 50\/60 Hz, 2.4 GHz Wi-Fi","rel":"","context":"Srodne objave","img":{"alt_text":"","src":"https:\/\/i2.wp.com\/astehshop.com\/wp-content\/uploads\/2025\/07\/0114849_tp-link-tapo-p1151-pack-mini-smart-wi-fi-socket-energy-monitoring-100-240-v-max-load-16-a-3680w-5060.jpeg?fit=900%2C900&ssl=1&resize=350%2C200","width":350,"height":200},"classes":[]},{"id":6696,"url":"https:\/\/astehshop.com\/index.php\/product\/wi-fi-mrezna-kartica-2-4-ghz-4-db-150-mbps-tp-link\/","url_meta":{"origin":6785,"position":2},"title":"Wi-Fi mre\u017ena kartica, 2.4 GHz, 4 dB, 150 Mbps, TP LINK","date":"19. studenoga 2022.","format":false,"excerpt":"USB Wi-Fi mre\u017ena kartica, 150 Mbps, 4 dB, 802.11 b \/ g \/ n, frekventni opseg 2.4 GHz, 64 \/ 128-bit WPA, WPA-PSK, WPA2, WPA2-PSK, Podr\u017eano Windows XP \/ Vista \/ 7 \/ 8, Linux i Mac OS-X","rel":"","context":"Srodne objave","img":{"alt_text":"","src":"https:\/\/i0.wp.com\/astehshop.com\/wp-content\/uploads\/2022\/11\/6935364050467.jpg?fit=974%2C944&ssl=1&resize=350%2C200","width":350,"height":200},"classes":[]},{"id":12164,"url":"https:\/\/astehshop.com\/index.php\/product\/wi-fi-pristupna-tacka-cudy-ap1300d-ac-1200-desktop\/","url_meta":{"origin":6785,"position":3},"title":"Wi-Fi pristupna ta\u010dka Cudy AP1300D, AC 1200, desktop","date":"9. sije\u010dnja 2026.","format":false,"excerpt":"Desktop ili zidno postavljena Wi-Fi pristupna to\u010dka za urede, hotele i studije. Model: AP1300D CPU: 880 MHz Dual-Core Flash\/ROM: 16 MB (128 Mbit) NOR DDR\/RAM: 128 MB (1 Gbit) DDR3 Wi-Fi brzine: 5 GHz: 867 Mbps; 2.4 GHz: 300 Mbps Wi-Fi streamovi: 5 GHz: 2T2R; 2.4 GHz: 2T2R Wi-Fi antene:\u2026","rel":"","context":"Srodne objave","img":{"alt_text":"","src":"https:\/\/i1.wp.com\/astehshop.com\/wp-content\/uploads\/2026\/01\/Wi-Fi-pristupna-tocka-Cudy-AP1300D-AC-1200-desktop.png?fit=800%2C800&ssl=1&resize=350%2C200","width":350,"height":200},"classes":[]},{"id":8378,"url":"https:\/\/astehshop.com\/index.php\/product\/tp-link-archer-ax55-wireless-gigabit-wi-fi-6-router\/","url_meta":{"origin":6785,"position":4},"title":"TP-Link Archer AX55 Wireless Gigabit Wi-Fi 6 Router","date":"21. listopada 2023.","format":false,"excerpt":"Wi-Fi 6 IEEE 802.11ax\/ac\/n\/a 5 GHz, IEEE 802.11ax\/n\/b\/g 2.4 GHz, 5 GHz: 2402 Mbps (802.11ax, HE160), 2.4 GHz: 574 Mbps (802.11ax), 1\u00d7 Gigabit WAN Port, 4\u00d7 Gigabit LAN Ports, 1\u00d7 USB 3.0 Port, SPI Firewall, Access Control, IP & MAC Binding Application Layer Gateway, Real-Time IoT Protection, Malicious Site Blocker,\u2026","rel":"","context":"Srodne objave","img":{"alt_text":"","src":"https:\/\/i1.wp.com\/astehshop.com\/wp-content\/uploads\/2023\/10\/29818-TP-Link-Archer-AX55-Wireless-Gigabit-Wi-Fi-6-Router-1.jpg?fit=450%2C450&ssl=1&resize=350%2C200","width":350,"height":200},"classes":[]},{"id":8321,"url":"https:\/\/astehshop.com\/index.php\/product\/tp-link-outdoor-wi-fi-camera-tapo-c310\/","url_meta":{"origin":6785,"position":5},"title":"TP-Link Outdoor Wi-Fi Camera Tapo C310","date":"21. listopada 2023.","format":false,"excerpt":"Ultra-High-Definition Video: Records every image in crystal-clear 3MP definition; Wired or Wireless Networking: Connect your camera to the network through Ethernet or WiFi for more flexible installation; Advanced Night Vision: Provides a visual distance of up to 98 ft (30m) even in total darkness; Motion Detection and Notifications: Notifies you\u2026","rel":"","context":"Srodne objave","img":{"alt_text":"","src":"https:\/\/i0.wp.com\/astehshop.com\/wp-content\/uploads\/2023\/10\/28416-TP-Link-Outdoor-Wi-Fi-Camera-Tapo-C310-2.jpg?fit=586%2C545&ssl=1&resize=350%2C200","width":350,"height":200},"classes":[]}],"_links":{"self":[{"href":"https:\/\/astehshop.com\/index.php\/wp-json\/wp\/v2\/product\/6785"}],"collection":[{"href":"https:\/\/astehshop.com\/index.php\/wp-json\/wp\/v2\/product"}],"about":[{"href":"https:\/\/astehshop.com\/index.php\/wp-json\/wp\/v2\/types\/product"}],"replies":[{"embeddable":true,"href":"https:\/\/astehshop.com\/index.php\/wp-json\/wp\/v2\/comments?post=6785"}],"wp:featuredmedia":[{"embeddable":true,"href":"https:\/\/astehshop.com\/index.php\/wp-json\/wp\/v2\/media\/6786"}],"wp:attachment":[{"href":"https:\/\/astehshop.com\/index.php\/wp-json\/wp\/v2\/media?parent=6785"}],"wp:term":[{"taxonomy":"product_cat","embeddable":true,"href":"https:\/\/astehshop.com\/index.php\/wp-json\/wp\/v2\/product_cat?post=6785"},{"taxonomy":"product_tag","embeddable":true,"href":"https:\/\/astehshop.com\/index.php\/wp-json\/wp\/v2\/product_tag?post=6785"}],"curies":[{"name":"wp","href":"https:\/\/api.w.org\/{rel}","templated":true}]}}