{"id":5760,"date":"2022-01-09T09:59:11","date_gmt":"2022-01-09T08:59:11","guid":{"rendered":"http:\/\/astehshop.com\/?post_type=product&#038;p=5760"},"modified":"2026-02-26T19:09:24","modified_gmt":"2026-02-26T18:09:24","slug":"hikvision-analogna-kamera-ds-2ce17d0t-it5f-2-mpx-80m-nocni-domet","status":"publish","type":"product","link":"https:\/\/astehshop.com\/index.php\/product\/hikvision-analogna-kamera-ds-2ce17d0t-it5f-2-mpx-80m-nocni-domet\/","title":{"rendered":"HikVision analogna kamera DS-2CE17D0T-IT5F 2 MPX 80M no\u0107ni domet"},"content":{"rendered":"<p>Vanjska kompaktna TVI video kamera, rezolucije 2Mpx, objektiv 3.6 mm, osjetljivost 0.01 Lux@F1.2, D-WDR, EXIR LED dometa do 80m, napajanje 12VDC, IP66, 4u1<\/p>\n<iframe  id=\"_ytid_70130\"  width=\"480\" height=\"270\"  data-origwidth=\"480\" data-origheight=\"270\"  src=\"https:\/\/www.youtube.com\/embed\/30wSSwycD6U?enablejsapi=1&autoplay=0&cc_load_policy=0&cc_lang_pref=&iv_load_policy=1&loop=0&modestbranding=0&rel=1&fs=1&playsinline=0&autohide=2&theme=dark&color=red&controls=1&\" class=\"__youtube_prefs__  no-lazyload\" title=\"YouTube player\"  allow=\"autoplay; encrypted-media\" allowfullscreen data-no-lazy=\"1\" data-skipgform_ajax_framebjll=\"\"><\/iframe>\n<p><a href=\"https:\/\/shopdelta.eu\/pdf.php?page=shop\/datasheet&amp;product_id=17343\">DATASHEET<\/a><\/p>\n<p><a href=\"https:\/\/i1.wp.com\/astehshop.com\/wp-content\/uploads\/2022\/01\/ds-2ce17d0t-it5f3.6mmc.jpg\" data-rel=\"lightbox-image-0\" data-rl_title=\"\" data-rl_caption=\"\" title=\"\"><img data-attachment-id=\"6480\" data-permalink=\"https:\/\/astehshop.com\/?attachment_id=6480\" data-orig-file=\"https:\/\/i1.wp.com\/astehshop.com\/wp-content\/uploads\/2022\/01\/ds-2ce17d0t-it5f3.6mmc.jpg?fit=410%2C364&amp;ssl=1\" data-orig-size=\"410,364\" data-comments-opened=\"1\" data-image-meta=\"{&quot;aperture&quot;:&quot;18&quot;,&quot;credit&quot;:&quot;www.delta.poznan.pl&quot;,&quot;camera&quot;:&quot;Canon EOS 90D&quot;,&quot;caption&quot;:&quot;&quot;,&quot;created_timestamp&quot;:&quot;1617869945&quot;,&quot;copyright&quot;:&quot;&quot;,&quot;focal_length&quot;:&quot;89&quot;,&quot;iso&quot;:&quot;100&quot;,&quot;shutter_speed&quot;:&quot;0.005&quot;,&quot;title&quot;:&quot;&quot;,&quot;orientation&quot;:&quot;1&quot;}\" data-image-title=\"ds-2ce17d0t-it5f(3.6mm)(c)\" data-image-description=\"\" data-image-caption=\"\" data-medium-file=\"https:\/\/i1.wp.com\/astehshop.com\/wp-content\/uploads\/2022\/01\/ds-2ce17d0t-it5f3.6mmc.jpg?fit=410%2C364&amp;ssl=1\" data-large-file=\"https:\/\/i1.wp.com\/astehshop.com\/wp-content\/uploads\/2022\/01\/ds-2ce17d0t-it5f3.6mmc.jpg?fit=410%2C364&amp;ssl=1\" decoding=\"async\" loading=\"lazy\" class=\"alignnone size-full wp-image-6480\" src=\"https:\/\/i1.wp.com\/astehshop.com\/wp-content\/uploads\/2022\/01\/ds-2ce17d0t-it5f3.6mmc.jpg?resize=410%2C364\" alt=\"\" width=\"410\" height=\"364\" srcset=\"https:\/\/i1.wp.com\/astehshop.com\/wp-content\/uploads\/2022\/01\/ds-2ce17d0t-it5f3.6mmc.jpg?w=410&amp;ssl=1 410w, https:\/\/i1.wp.com\/astehshop.com\/wp-content\/uploads\/2022\/01\/ds-2ce17d0t-it5f3.6mmc.jpg?resize=300%2C266&amp;ssl=1 300w\" sizes=\"(max-width: 410px) 100vw, 410px\" data-recalc-dims=\"1\" \/><\/a><\/p>\n","protected":false},"excerpt":{"rendered":"<p>Vanjska kompaktna TVI video kamera, rezolucije 2Mpx, objektiv 3.6 mm, osjetljivost 0.01 Lux@F1.2, D-WDR, EXIR LED dometa do 80m, napajanje 12VDC, IP66, 4u1<\/p>\n[embedyt] https:\/\/www.youtube.com\/watch?v=30wSSwycD6U[\/embedyt]\n<p><a href=\"https:\/\/shopdelta.eu\/pdf.php?page=shop\/datasheet&amp;product_id=17343\">DATASHEET<\/a><\/p>\n<p><a href=\"http:\/\/astehshop.com\/wp-content\/uploads\/2022\/01\/ds-2ce17d0t-it5f3.6mmc.jpg\"><img decoding=\"async\" loading=\"lazy\" class=\"alignnone size-full wp-image-6480\" src=\"http:\/\/astehshop.com\/wp-content\/uploads\/2022\/01\/ds-2ce17d0t-it5f3.6mmc.jpg\" alt=\"\" width=\"410\" height=\"364\" srcset=\"https:\/\/i1.wp.com\/astehshop.com\/wp-content\/uploads\/2022\/01\/ds-2ce17d0t-it5f3.6mmc.jpg?w=410&amp;ssl=1 410w, https:\/\/i1.wp.com\/astehshop.com\/wp-content\/uploads\/2022\/01\/ds-2ce17d0t-it5f3.6mmc.jpg?resize=300%2C266&amp;ssl=1 300w\" sizes=\"(max-width: 410px) 100vw, 410px\" \/><\/a><\/p>\n","protected":false},"featured_media":5761,"comment_status":"open","ping_status":"closed","template":"","meta":{"_mi_skip_tracking":false,"_exactmetrics_sitenote_active":false,"_exactmetrics_sitenote_note":"","_exactmetrics_sitenote_category":0,"spay_email":""},"product_cat":[132],"product_tag":[3601,942,3600,377,3599,827,3602],"brands":[{"id":2044,"name":"HikVision","slug":"hikvision"}],"df_price":98,"df_sale_price":"","df_regular_price":98,"df_image_link":"https:\/\/i0.wp.com\/astehshop.com\/wp-content\/uploads\/2022\/01\/DS-2CE17D0T-IT5F-1.jpg?fit=450%2C253&ssl=1","jetpack_publicize_connections":[],"jetpack_sharing_enabled":true,"jetpack_likes_enabled":true,"jetpack-related-posts":[{"id":5763,"url":"https:\/\/astehshop.com\/index.php\/product\/hikvision-dome-analogna-kamera-5-mpx-ds-2ce76h0t-itmf\/","url_meta":{"origin":5760,"position":0},"title":"HikVision dome analogna kamera 5 MPX DS-2CE76H0T-ITMF","date":"9. sije\u010dnja 2022.","format":false,"excerpt":"Dome TVI video kamera, rezolucije 5Mpx@20fps, objektiv 2.8 mm, osjetljivost 0.01 Lux@F1.2, D-WDR, EXIR IR LED dometa do 30m, napajanje 12VDC, CoC, IP67, 4u1.","rel":"","context":"Srodne objave","img":{"alt_text":"","src":"https:\/\/i0.wp.com\/astehshop.com\/wp-content\/uploads\/2022\/01\/DS-2CE76H0T-ITMF-1.jpg?fit=800%2C909&ssl=1&resize=350%2C200","width":350,"height":200},"classes":[]},{"id":5005,"url":"https:\/\/astehshop.com\/index.php\/product\/dvc-vanjska-kamera-dca-bf522-i-gratis-original-kutija\/","url_meta":{"origin":5760,"position":1},"title":"DVC Vanjska kamera DCA-BF522 i gratis original kutija","date":"15. studenoga 2020.","format":false,"excerpt":"Bullet AHD 2.0 video kamera, rezolucije 1080p, 1\/2,9\" Sony CMOS, objektiv 3.6 mm, osjetljivost 0.01Lux@F1.2, 20 x Array IR LED dometa 40-50 m, napajanje 12VDC, IP66.","rel":"","context":"Srodne objave","img":{"alt_text":"","src":"https:\/\/i2.wp.com\/astehshop.com\/wp-content\/uploads\/2020\/11\/DCA-BF522-gratis-kutija.jpg?fit=235%2C215&ssl=1&resize=350%2C200","width":350,"height":200},"classes":[]},{"id":5756,"url":"https:\/\/astehshop.com\/index.php\/product\/hikvision-ip-kamera-ds-2cd1023g0e-i-2-mpx\/","url_meta":{"origin":5760,"position":2},"title":"HikVision IP kamera DS-2CD1023G0E-I 2 MPX","date":"9. sije\u010dnja 2022.","format":false,"excerpt":"Vanjska kompaktna IP video kamera, mini bullet ku\u0107i\u0161te, rezolucije 2Mpx@30fps, kompresija MJPEG, H.264 i H.265, BitRate 32Kbps - 8Mbps, dual stream, objektiv 2.8 mm, osjetljivost 0.01Lux@F1.2, D-WDR, 3D DNR, IR LED dometa do 30m, napajanje 12VDC\/POE, IP67.","rel":"","context":"Srodne objave","img":{"alt_text":"","src":"https:\/\/i0.wp.com\/astehshop.com\/wp-content\/uploads\/2022\/01\/DS-2CD1023G0E-I-1.jpg?fit=500%2C500&ssl=1&resize=350%2C200","width":350,"height":200},"classes":[]},{"id":3945,"url":"https:\/\/astehshop.com\/index.php\/product\/hikvision-ip-kamera-ds-2cd1023g0-i-2-mp\/","url_meta":{"origin":5760,"position":3},"title":"HikVision IP kamera DS-2CD1023G0-I 2 MP","date":"17. velja\u010de 2020.","format":false,"excerpt":"Vanjska kompaktna IP video kamera, mini bullet ku\u0107i\u0161te, rezolucije 2Mpx@25fps, kompresija MJPEG, H.264 i H.265, Bit Rate 32Kbps \u2013 8Mbps, dual stream,\u00a0 osjetljivost 0.01Lux@F1.2, D-WDR, 3D DNR, IR LED dometa do 30m, napajanje 12VDC\/POE, IP67.","rel":"","context":"Srodne objave","img":{"alt_text":"","src":"https:\/\/i0.wp.com\/astehshop.com\/wp-content\/uploads\/2020\/02\/DS-2CD1023G0-I.jpg?fit=804%2C832&ssl=1&resize=350%2C200","width":350,"height":200},"classes":[]},{"id":6326,"url":"https:\/\/astehshop.com\/index.php\/product\/dvc-dca-bf2364-2-mpx-ahd-kamera\/","url_meta":{"origin":5760,"position":4},"title":"DVC DCA-BF2364 2 MPX AHD kamera","date":"23. travnja 2022.","format":false,"excerpt":"Bullet AHD 2.0 video kamera, rezolucije 1080p, 1\/2.7\" SmartSens SC2238H, objektiv 3.6 mm, osjetljivost 0.05Lux@F1.2, 30 SMD IR LED dometa 35m, napajanje 12VDC, IP67.","rel":"","context":"Srodne objave","img":{"alt_text":"","src":"","width":0,"height":0},"classes":[]},{"id":5010,"url":"https:\/\/astehshop.com\/index.php\/product\/dvc-kamera-5-mpx-ahd-dca-bf753\/","url_meta":{"origin":5760,"position":5},"title":"DVC kamera 5 MPX AHD DCA-BF753","date":"15. studenoga 2020.","format":false,"excerpt":"Bullet AHD 3.0 video kamera, rezolucije 5Mpx, 1\/2.5\" Aptina CMOS, objektiv 3.6 mm, osjetljivost 0.01Lux@F1.2, 12 x Array Black glass IR LED dometa 15-20 m, napajanje 12VDC, IP66. \u00a0 \u00a0","rel":"","context":"Srodne objave","img":{"alt_text":"","src":"https:\/\/i1.wp.com\/astehshop.com\/wp-content\/uploads\/2020\/11\/DCA-MF525.jpg?fit=500%2C500&ssl=1&resize=350%2C200","width":350,"height":200},"classes":[]}],"_links":{"self":[{"href":"https:\/\/astehshop.com\/index.php\/wp-json\/wp\/v2\/product\/5760"}],"collection":[{"href":"https:\/\/astehshop.com\/index.php\/wp-json\/wp\/v2\/product"}],"about":[{"href":"https:\/\/astehshop.com\/index.php\/wp-json\/wp\/v2\/types\/product"}],"replies":[{"embeddable":true,"href":"https:\/\/astehshop.com\/index.php\/wp-json\/wp\/v2\/comments?post=5760"}],"wp:featuredmedia":[{"embeddable":true,"href":"https:\/\/astehshop.com\/index.php\/wp-json\/wp\/v2\/media\/5761"}],"wp:attachment":[{"href":"https:\/\/astehshop.com\/index.php\/wp-json\/wp\/v2\/media?parent=5760"}],"wp:term":[{"taxonomy":"product_cat","embeddable":true,"href":"https:\/\/astehshop.com\/index.php\/wp-json\/wp\/v2\/product_cat?post=5760"},{"taxonomy":"product_tag","embeddable":true,"href":"https:\/\/astehshop.com\/index.php\/wp-json\/wp\/v2\/product_tag?post=5760"}],"curies":[{"name":"wp","href":"https:\/\/api.w.org\/{rel}","templated":true}]}}