{"id":5756,"date":"2022-01-09T09:51:12","date_gmt":"2022-01-09T08:51:12","guid":{"rendered":"http:\/\/astehshop.com\/?post_type=product&#038;p=5756"},"modified":"2025-09-17T21:30:39","modified_gmt":"2025-09-17T19:30:39","slug":"hikvision-ip-kamera-ds-2cd1023g0e-i-2-mpx","status":"publish","type":"product","link":"https:\/\/astehshop.com\/index.php\/product\/hikvision-ip-kamera-ds-2cd1023g0e-i-2-mpx\/","title":{"rendered":"HikVision IP kamera DS-2CD1023G0E-I 2 MPX"},"content":{"rendered":"<p>Vanjska kompaktna IP video kamera, mini bullet ku\u0107i\u0161te, rezolucije 2Mpx@30fps, kompresija MJPEG, H.264 i H.265, BitRate 32Kbps &#8211; 8Mbps, dual stream, objektiv 2.8 mm, osjetljivost 0.01Lux@F1.2, D-WDR, 3D DNR, IR LED dometa do 30m, napajanje 12VDC\/POE, IP67.<\/p>\n","protected":false},"excerpt":{"rendered":"<p>Vanjska kompaktna IP video kamera, mini bullet ku\u0107i\u0161te, rezolucije 2Mpx@30fps, kompresija MJPEG, H.264 i H.265, BitRate 32Kbps &#8211; 8Mbps, dual stream, objektiv 2.8 mm, osjetljivost 0.01Lux@F1.2, D-WDR, 3D DNR, IR LED dometa do 30m, napajanje 12VDC\/POE, IP67.<\/p>\n","protected":false},"featured_media":5757,"comment_status":"open","ping_status":"closed","template":"","meta":{"_mi_skip_tracking":false,"_exactmetrics_sitenote_active":false,"_exactmetrics_sitenote_note":"","_exactmetrics_sitenote_category":0,"spay_email":""},"product_cat":[1043],"product_tag":[3598,3934,3599,827,3935,421,3936,474,3933,394],"brands":[{"id":2044,"name":"HikVision","slug":"hikvision"}],"df_price":"","df_sale_price":"","df_regular_price":"","df_image_link":"https:\/\/i0.wp.com\/astehshop.com\/wp-content\/uploads\/2022\/01\/DS-2CD1023G0E-I-1.jpg?fit=450%2C450&ssl=1","jetpack_publicize_connections":[],"jetpack_sharing_enabled":true,"jetpack_likes_enabled":true,"jetpack-related-posts":[{"id":3945,"url":"https:\/\/astehshop.com\/index.php\/product\/hikvision-ip-kamera-ds-2cd1023g0-i-2-mp\/","url_meta":{"origin":5756,"position":0},"title":"HikVision IP kamera DS-2CD1023G0-I 2 MP","date":"17. velja\u010de 2020.","format":false,"excerpt":"Vanjska kompaktna IP video kamera, mini bullet ku\u0107i\u0161te, rezolucije 2Mpx@25fps, kompresija MJPEG, H.264 i H.265, Bit Rate 32Kbps \u2013 8Mbps, dual stream,\u00a0 osjetljivost 0.01Lux@F1.2, D-WDR, 3D DNR, IR LED dometa do 30m, napajanje 12VDC\/POE, IP67.","rel":"","context":"Srodne objave","img":{"alt_text":"","src":"https:\/\/i0.wp.com\/astehshop.com\/wp-content\/uploads\/2020\/02\/DS-2CD1023G0-I.jpg?fit=804%2C832&ssl=1&resize=350%2C200","width":350,"height":200},"classes":[]},{"id":3947,"url":"https:\/\/astehshop.com\/index.php\/product\/hikvision-ip-kamera-ds-2cd1043g0-i-4-mp\/","url_meta":{"origin":5756,"position":1},"title":"HikVision IP kamera DS-2CD1043G0-I 4 MP","date":"17. velja\u010de 2020.","format":false,"excerpt":"Vanjska kompaktna IP video kamera, mini bullet ku\u0107i\u0161te, rezolucije 4Mpx@20fps, kompresija MJPEG, H.264 i H.265, Bit Rate 32Kbps \u2013 8Mbps, dual stream, osjetljivost 0.01Lux@F1.2, D-WDR, 3D DNR, IR LED dometa do 30m, napajanje 12VDC\/POE, IP67.","rel":"","context":"Srodne objave","img":{"alt_text":"","src":"https:\/\/i0.wp.com\/astehshop.com\/wp-content\/uploads\/2020\/02\/DS-2CD1023G0-I.jpg?fit=804%2C832&ssl=1&resize=350%2C200","width":350,"height":200},"classes":[]},{"id":3948,"url":"https:\/\/astehshop.com\/index.php\/product\/hikvision-ip-dome-kamera-ds-2cd1123g0-i-2-mp\/","url_meta":{"origin":5756,"position":2},"title":"HikVision IP dome kamera DS-2CD1123G0-I 2 MP","date":"17. velja\u010de 2020.","format":false,"excerpt":"Dome IP video kamera, rezolucije 2Mpx@25fps, kompresija MJPEG, H.264 i H.265, Bit Rate 32Kbps \u2013 8Mbps, 2 streama, objektiv 2.8mm, osjetljivost 0.01Lux@F1.2, D-WDR, IR LED dometa do 30m, napajanje 12VDC \/ PoE, IP67\/IK10.","rel":"","context":"Srodne objave","img":{"alt_text":"","src":"https:\/\/i2.wp.com\/astehshop.com\/wp-content\/uploads\/2020\/02\/DS-2CD1123G0-I.jpg?fit=1200%2C971&ssl=1&resize=350%2C200","width":350,"height":200},"classes":[]},{"id":6098,"url":"https:\/\/astehshop.com\/index.php\/product\/hikvision-ip-dome-kamera-za-video-nadzor-ds-2cd1123g0e-i\/","url_meta":{"origin":5756,"position":3},"title":"HikVision IP dome kamera za video nadzor DS-2CD1123G0E-I","date":"1. travnja 2022.","format":false,"excerpt":"Dome IP video kamera, rezolucije 2Mpx@25fps, kompresija H.265+, H.265, H.264+, H.264, MJPEG , Bit Rate 32Kbps - 8Mbps, 2 streama, objektiv 2.8mm, osjetljivost 0.01Lux@F1.2, D-WDR, IR LED dometa do 30m, napajanje 12VDC \/ PoE, IP67\/IK10.","rel":"","context":"Srodne objave","img":{"alt_text":"","src":"https:\/\/i2.wp.com\/astehshop.com\/wp-content\/uploads\/2022\/04\/DS-2CD1123G0E-I.jpg?fit=1200%2C1027&ssl=1&resize=350%2C200","width":350,"height":200},"classes":[]},{"id":6100,"url":"https:\/\/astehshop.com\/index.php\/product\/hikvision-kamera-ds-2cd1643g0-iz-video-nadzor\/","url_meta":{"origin":5756,"position":4},"title":"HikVision kamera DS-2CD1643G0-IZ video nadzor","date":"1. travnja 2022.","format":false,"excerpt":"Vanjska kompaktna IP video kamera, rezolucije 4Mpx@20fps, kompresija MJPEG, H.264\/H264+, H.265\/H265+, Bit Rate 32Kbps - 8Mbps, dual stream, moto zoom objektiv 2.8 - 12 mm, osjetljivost 0.01Lux@F1.2, 120 B TrueW R, 3 NR, microS slot, IR LE dometa do 30m, napajanje 12V C\/POE, IP67.","rel":"","context":"Srodne objave","img":{"alt_text":"","src":"https:\/\/i0.wp.com\/astehshop.com\/wp-content\/uploads\/2022\/04\/DS-2CD1643G0-IZ.png?fit=700%2C467&ssl=1&resize=350%2C200","width":350,"height":200},"classes":[]},{"id":3950,"url":"https:\/\/astehshop.com\/index.php\/product\/hikvision-ip-dome-kamera-ds-2cd1143g0-i-4-mp\/","url_meta":{"origin":5756,"position":5},"title":"HikVision IP dome kamera DS-2CD1143G2-I 4 MP","date":"17. velja\u010de 2020.","format":false,"excerpt":"Dome IP video kamera, turret ku\u0107i\u0161te, rezolucije 4Mpx@20fps, kompresija MJPEG, H.264\/H265+, H.265\/H265+, Bit Rate 32Kbps \u2013 8Mbps, 2 streama, objektiv 4 mm, osjetljivost 0.01Lux@F1.2, D-WDR, IR LED dometa do 30m, napajanje 12VDC \/ PoE, IP67.","rel":"","context":"Srodne objave","img":{"alt_text":"","src":"https:\/\/i2.wp.com\/astehshop.com\/wp-content\/uploads\/2020\/02\/DS-2CD1123G0-I.jpg?fit=1200%2C971&ssl=1&resize=350%2C200","width":350,"height":200},"classes":[]}],"_links":{"self":[{"href":"https:\/\/astehshop.com\/index.php\/wp-json\/wp\/v2\/product\/5756"}],"collection":[{"href":"https:\/\/astehshop.com\/index.php\/wp-json\/wp\/v2\/product"}],"about":[{"href":"https:\/\/astehshop.com\/index.php\/wp-json\/wp\/v2\/types\/product"}],"replies":[{"embeddable":true,"href":"https:\/\/astehshop.com\/index.php\/wp-json\/wp\/v2\/comments?post=5756"}],"wp:featuredmedia":[{"embeddable":true,"href":"https:\/\/astehshop.com\/index.php\/wp-json\/wp\/v2\/media\/5757"}],"wp:attachment":[{"href":"https:\/\/astehshop.com\/index.php\/wp-json\/wp\/v2\/media?parent=5756"}],"wp:term":[{"taxonomy":"product_cat","embeddable":true,"href":"https:\/\/astehshop.com\/index.php\/wp-json\/wp\/v2\/product_cat?post=5756"},{"taxonomy":"product_tag","embeddable":true,"href":"https:\/\/astehshop.com\/index.php\/wp-json\/wp\/v2\/product_tag?post=5756"}],"curies":[{"name":"wp","href":"https:\/\/api.w.org\/{rel}","templated":true}]}}