{"id":5404,"date":"2021-10-13T18:02:19","date_gmt":"2021-10-13T16:02:19","guid":{"rendered":"http:\/\/astehshop.com\/?post_type=product&#038;p=5404"},"modified":"2022-11-19T14:14:57","modified_gmt":"2022-11-19T13:14:57","slug":"wifi-roto-kamera-1080p-top-cijena","status":"publish","type":"product","link":"https:\/\/astehshop.com\/index.php\/product\/wifi-roto-kamera-1080p-top-cijena\/","title":{"rendered":"Wifi Roto kamera 1080p Top Cijena"},"content":{"rendered":"<p><span class=\"s1\">Cijena samo za online kupovinu do isteka zaliha<\/span><\/p>\n","protected":false},"excerpt":{"rendered":"<p><span class=\"s1\">Cijena samo za online kupovinu do isteka zaliha<\/span><\/p>\n","protected":false},"featured_media":5405,"comment_status":"open","ping_status":"closed","template":"","meta":{"_mi_skip_tracking":false,"_exactmetrics_sitenote_active":false,"_exactmetrics_sitenote_note":"","_exactmetrics_sitenote_category":0,"spay_email":""},"product_cat":[4415,135],"product_tag":[3208,477,472,3205,473,3207,540,1183,3206],"brands":[],"df_price":65,"df_sale_price":65,"df_regular_price":99,"df_image_link":"https:\/\/i2.wp.com\/astehshop.com\/wp-content\/uploads\/2021\/10\/slika-1854472-61558793a25ad-velika.jpg?fit=450%2C338&ssl=1","jetpack_publicize_connections":[],"jetpack_sharing_enabled":true,"jetpack_likes_enabled":true,"jetpack-related-posts":[{"id":8410,"url":"https:\/\/astehshop.com\/index.php\/product\/bft-motor-za-kliznu-kapiju-ares-bt-a1500-1500-kg\/","url_meta":{"origin":5404,"position":0},"title":"BFT Motor za kliznu kapiju Ares BT A1500 (1500 kg)","date":"22. listopada 2023.","format":false,"excerpt":"Motor za kliznu kapiju ARES BT A1000. Za kapije do 1000 kg. Cijena je za samo za motor. Elektromehanicki krajnji prekidaci","rel":"","context":"Srodne objave","img":{"alt_text":"","src":"https:\/\/i2.wp.com\/astehshop.com\/wp-content\/uploads\/2023\/10\/ARES-BT-A1000.jpg?fit=1000%2C1000&ssl=1&resize=350%2C200","width":350,"height":200},"classes":[]},{"id":8407,"url":"https:\/\/astehshop.com\/index.php\/product\/bft-motor-ares-za-kliznu-kapiju-do-1000-kg-bt-a1000\/","url_meta":{"origin":5404,"position":1},"title":"BFT motor Ares za kliznu kapiju do 1000 kg  BT A1000","date":"22. listopada 2023.","format":false,"excerpt":"Motor za kliznu kapiju ARES BT A1000. Za kapije do 1000 kg. Cijena je za samo za motor. Elektromehanicki krajnji prekidaci","rel":"","context":"Srodne objave","img":{"alt_text":"","src":"https:\/\/i2.wp.com\/astehshop.com\/wp-content\/uploads\/2023\/10\/ARES-BT-A1000.jpg?fit=1000%2C1000&ssl=1&resize=350%2C200","width":350,"height":200},"classes":[]},{"id":9236,"url":"https:\/\/astehshop.com\/index.php\/product\/uniview-kucna-kamera-uho-s2e-sa-gratis-karticom-64-gb\/","url_meta":{"origin":5404,"position":2},"title":"UniView ku\u0107na kamera UHO-S2E sa gratis karticom 64 GB","date":"21. o\u017eujka 2024.","format":false,"excerpt":"IP PTZ kamera sa efikasnim Ultra 265 algoritmom kompresije slike za jasan i nesmetan video streaming pri maks. rezolucija od 1080p Full HD. Vrlo jednostavno rukovanje putem mobilnih ure\u0111aja (Android \/ iOS), omogu\u0107ava korisnicima udobno i daljinsko upravljanje, kao i upravljanje kamerom. Pa\u017enja! Kamera samo za unutra\u0161nju upotrebu. https:\/\/www.youtube.com\/watch?v=6hTzRU3qgso \u00a0","rel":"","context":"Srodne objave","img":{"alt_text":"","src":"https:\/\/i1.wp.com\/astehshop.com\/wp-content\/uploads\/2024\/03\/uniarch-2.png?fit=500%2C500&ssl=1&resize=350%2C200","width":350,"height":200},"classes":[]},{"id":8411,"url":"https:\/\/astehshop.com\/index.php\/product\/bft-motor-za-kliznu-kapiju-ares-veloce-smart-bt-kit-a500-int\/","url_meta":{"origin":5404,"position":3},"title":"BFT Motor za kliznu kapiju ARES VELOCE  SMART BT KIT  A500 INT","date":"22. listopada 2023.","format":false,"excerpt":"Motor za kliznu kapiju ARES VELOCE 500. Za kapije do 500 kg. Cijena je U kit-u i uz motor dolaze 2 x daljinski , lampa bljeskaliva i fotocelije.BRZI motor 25 m\/miv.","rel":"","context":"Srodne objave","img":{"alt_text":"","src":"https:\/\/i0.wp.com\/astehshop.com\/wp-content\/uploads\/2023\/10\/kit-completo-bft-ares-veloce-smart-bt-a500-500kg-24v-uso-intensivo-fast-rapido-r925340-00001.jpg?fit=1200%2C1081&ssl=1&resize=350%2C200","width":350,"height":200},"classes":[]},{"id":10035,"url":"https:\/\/astehshop.com\/index.php\/product\/montaza-klima-uredaja-12-na-postojece-instalacije\/","url_meta":{"origin":5404,"position":4},"title":"Monta\u017ea klima ure\u0111aja 12&#8221; na postoje\u0107e instalacije","date":"22. o\u017eujka 2025.","format":false,"excerpt":"Za monta\u017eu zidne\u00a0 i vanjske jedinice na visini do 5m na postavljene i odgovaraju\u0107e instalacije Garancija na monta\u017eu vrijedi do isteka garancije za klima ure\u0111aj Ovla\u0161tenu monta\u017eu klima ure\u0111aja kupljenih u TechnoShopBN za monta\u017eu unutarnje i vanjske jedinice mono split klima ure\u0111aja na postavljene instalacije region Bijeljina i bli\u017ea okolina\u2026","rel":"","context":"Srodne objave","img":{"alt_text":"","src":"https:\/\/i0.wp.com\/astehshop.com\/wp-content\/uploads\/2025\/03\/SUNDOWN1.png?fit=1080%2C1080&ssl=1&resize=350%2C200","width":350,"height":200},"classes":[]},{"id":5546,"url":"https:\/\/astehshop.com\/index.php\/product\/bezicni-paradox-alarm-komplet\/","url_meta":{"origin":5404,"position":5},"title":"Be\u017ei\u010dni paradox alarm komplet","date":"22. listopada 2021.","format":false,"excerpt":"U kompletu dobijate ( mozemo u dogovoru da Vam podesimo sve i na Vama je samo da promijenite ulaznu \u0161ifru ) : 1 x Be\u017ei\u010dnu magellan paradox alarmnu centralu 2 x PMD2P be\u017ei\u010dna senzora ( sa ura\u010dunatim baterijama koje mogu trajati i do 3 godine ) 1 x k10 led\u2026","rel":"","context":"Srodne objave","img":{"alt_text":"","src":"https:\/\/i2.wp.com\/astehshop.com\/wp-content\/uploads\/2021\/10\/slika-1854472-5c321fd1a847f-velika.jpg?fit=800%2C560&ssl=1&resize=350%2C200","width":350,"height":200},"classes":[]}],"_links":{"self":[{"href":"https:\/\/astehshop.com\/index.php\/wp-json\/wp\/v2\/product\/5404"}],"collection":[{"href":"https:\/\/astehshop.com\/index.php\/wp-json\/wp\/v2\/product"}],"about":[{"href":"https:\/\/astehshop.com\/index.php\/wp-json\/wp\/v2\/types\/product"}],"replies":[{"embeddable":true,"href":"https:\/\/astehshop.com\/index.php\/wp-json\/wp\/v2\/comments?post=5404"}],"wp:featuredmedia":[{"embeddable":true,"href":"https:\/\/astehshop.com\/index.php\/wp-json\/wp\/v2\/media\/5405"}],"wp:attachment":[{"href":"https:\/\/astehshop.com\/index.php\/wp-json\/wp\/v2\/media?parent=5404"}],"wp:term":[{"taxonomy":"product_cat","embeddable":true,"href":"https:\/\/astehshop.com\/index.php\/wp-json\/wp\/v2\/product_cat?post=5404"},{"taxonomy":"product_tag","embeddable":true,"href":"https:\/\/astehshop.com\/index.php\/wp-json\/wp\/v2\/product_tag?post=5404"}],"curies":[{"name":"wp","href":"https:\/\/api.w.org\/{rel}","templated":true}]}}