{"id":5209,"date":"2021-10-09T08:40:41","date_gmt":"2021-10-09T06:40:41","guid":{"rendered":"http:\/\/astehshop.com\/?post_type=product&#038;p=5209"},"modified":"2026-01-15T09:54:30","modified_gmt":"2026-01-15T08:54:30","slug":"dahua-imou-dome-lite-4mp-wifi-kamera","status":"publish","type":"product","link":"https:\/\/astehshop.com\/index.php\/product\/dahua-imou-dome-lite-4mp-wifi-kamera\/","title":{"rendered":"Dahua Imou Dome Lite 4MP WIFI kamera"},"content":{"rendered":"<p>Dome Lite 4MP<\/p>\n<p>Pratite svoj dom i pazite na svoje stvari<\/p>\n<p>4MP Video | H.265 | No\u0107ni Mod | Wi-Fi Konekcija | Cloud<\/p>\n<p>4MP QHD Video i H.265 Codec<\/p>\n<p>4MP QHD rezolucija i kompresija H.265, omogu\u0107uje vam da vidite vi\u0161e detalja bez brige o prostoru za pohranu i propusnosti mre\u017ee.<\/p>\n<p>Superiorni No\u0107ni Vid<\/p>\n<p>Visokokvalitetni senzor i IR spektar zra\u010denja omogu\u0107avaju kristalno jasnu no\u0107nu sliku na 20 metara udaljenosti od kamere.<\/p>\n<p>Alarmne notifikacije<\/p>\n<p>\u0160alje trenutna upozorenja na va\u0161 pametni telefon kad god otkrije kretanje, obavje\u0161tavaju\u0107i o tome \u0161to se doga\u0111a kod ku\u0107e.<\/p>\n","protected":false},"excerpt":{"rendered":"<p>Dome Lite 4MP<\/p>\n<p>Pratite svoj dom i pazite na svoje stvari<\/p>\n<p>4MP Video | H.265 | No\u0107ni Mod | Wi-Fi Konekcija | Cloud<\/p>\n<p>4MP QHD Video i H.265 Codec<\/p>\n<p>4MP QHD rezolucija i kompresija H.265, omogu\u0107uje vam da vidite vi\u0161e detalja bez brige o prostoru za pohranu i propusnosti mre\u017ee.<\/p>\n<p>Superiorni No\u0107ni Vid<\/p>\n<p>Visokokvalitetni senzor i IR spektar zra\u010denja omogu\u0107avaju kristalno jasnu no\u0107nu sliku na 20 metara udaljenosti od kamere.<\/p>\n<p>Alarmne notifikacije<\/p>\n<p>\u0160alje trenutna upozorenja na va\u0161 pametni telefon kad god otkrije kretanje, obavje\u0161tavaju\u0107i o tome \u0161to se doga\u0111a kod ku\u0107e.<\/p>\n","protected":false},"featured_media":5210,"comment_status":"open","ping_status":"closed","template":"","meta":{"_mi_skip_tracking":false,"_exactmetrics_sitenote_active":false,"_exactmetrics_sitenote_note":"","_exactmetrics_sitenote_category":0,"spay_email":""},"product_cat":[4415,135],"product_tag":[2989,1937,3004,3005,3007,3006],"brands":[{"id":2045,"name":"Dahua","slug":"dahua"}],"df_price":"","df_sale_price":"","df_regular_price":"","df_image_link":"https:\/\/i2.wp.com\/astehshop.com\/wp-content\/uploads\/2021\/10\/dahua-imou-dome-lite-4mp-wi-fi-camera.jpg?fit=450%2C450&ssl=1","jetpack_publicize_connections":[],"jetpack_sharing_enabled":true,"jetpack_likes_enabled":true,"jetpack-related-posts":[{"id":9959,"url":"https:\/\/astehshop.com\/index.php\/product\/ipc-a42p-l-imou-wifi-roto-kamera\/","url_meta":{"origin":5209,"position":0},"title":"IPC-A42P-L Imou WIFI roto kamera","date":"16. o\u017eujka 2025.","format":false,"excerpt":"4MP QHD pra\u0107enjem u\u017eivo i zna\u010dajkama paniranja od 0~355\u00b0 i -5~80\u00b0nagiba, Ranger 2 4MP osigurava potpuno pokrivanje svakog kutka va\u0161eg doma. Human Detection brzo pronalazi ljude na slikama i odmah vam \u0161alje obavijest. Privacy Mode poma\u017ee u za\u0161titi va\u0161e osobne privatnosti kada ste kod ku\u0107e, a funkcija pametnog pra\u0107enja omogu\u0107uje\u2026","rel":"","context":"Srodne objave","img":{"alt_text":"","src":"https:\/\/i1.wp.com\/astehshop.com\/wp-content\/uploads\/2025\/03\/3-IPC-A42P-L-1.jpg?fit=225%2C225&ssl=1&resize=350%2C200","width":350,"height":200},"classes":[]},{"id":4096,"url":"https:\/\/astehshop.com\/index.php\/product\/longse-4mp-ip-kamera-lirdns400\/","url_meta":{"origin":5209,"position":1},"title":"Longse 4MP IP kamera LIRDNS400","date":"22. velja\u010de 2020.","format":false,"excerpt":"4MP vanjska fiksna kupola IP IR 20m \u2022 CMOS senzor visoke rezolucije 1\/3 \"OV \u2022 Metoda kompresije H.264 \/ H.265 \u2022 Fiksni objektiv 3,6 mm \u2022 Infracrvena LED 14\u00b5 x 18PCS 20m Max. \u2022 IP66 vanjska metalna futrola \u2022 Utor za SD karticu \u2022 \uffe0 94,5 x 76 (H) mm,\u2026","rel":"","context":"Srodne objave","img":{"alt_text":"","src":"https:\/\/i0.wp.com\/astehshop.com\/wp-content\/uploads\/2020\/02\/LIRDNS400.png?fit=455%2C436&ssl=1&resize=350%2C200","width":350,"height":200},"classes":[]},{"id":8571,"url":"https:\/\/astehshop.com\/index.php\/product\/unv-4-mp-ip-kamera-dome-ipc3614lb-sf28-a\/","url_meta":{"origin":5209,"position":2},"title":"UNV 4 MP IP kamera dome IPC3614LB-SF28-A","date":"10. studenoga 2023.","format":false,"excerpt":"\u2022 Slika visokog kvaliteta sa 4MP, 1\/3\" CMOS senzorom \u2022 4MP (2560*1440)@25\/20fps; 3MP (2304*1296)@30\/25fps; 2MP (1920*1080)@30\/25fps; 720P (1280*720) @ 30\/25 fps \u2022 Ultra 265, H.265, H.264, MJPEG \u2022 Pametan IR, do 30m (98ft) IR udaljenosti \u2022 Podr\u017eava 128 G Micro SD karticu \u2022 Podr\u017eava PoE napajanje \u2022 3-ose","rel":"","context":"Srodne objave","img":{"alt_text":"","src":"https:\/\/i1.wp.com\/astehshop.com\/wp-content\/uploads\/2023\/11\/IPC3612LB-SF28-A.jpg?fit=510%2C348&ssl=1&resize=350%2C200","width":350,"height":200},"classes":[]},{"id":4986,"url":"https:\/\/astehshop.com\/index.php\/product\/bullet-ip-kamera-4mp-3-6mm-poe-full-color-24-7-25m-ir-bmsass400wh\/","url_meta":{"origin":5209,"position":3},"title":"Bullet IP Kamera 4MP 3.6mm PoE Full Color 24\/7 25M IR BMSASS400WH","date":"7. studenoga 2020.","format":false,"excerpt":"4MP Full Time Color IP \u2022 Full Time Color Bullet \u2022 1\/2.8\"SONY Starvis Back-illuminated CMOS Sensor \u2022 H.265+\/H.265\/H.264+\/H.264 Compression Method \u2022 3.6mm Fixed Lens \u2022 Suport Warm white (4000K)\uff0cup to 25m \u2022 With Internal POE and SD Card Slot Garancija 24 mjeseca","rel":"","context":"Srodne objave","img":{"alt_text":"","src":"https:\/\/i0.wp.com\/astehshop.com\/wp-content\/uploads\/2020\/11\/bullet-ip-kamera-full-color.png?fit=800%2C800&ssl=1&resize=350%2C200","width":350,"height":200},"classes":[]},{"id":4049,"url":"https:\/\/astehshop.com\/index.php\/product\/dahua-ip-kamera-4-mp-ipc-hfw1431s\/","url_meta":{"origin":5209,"position":4},"title":"Dahua IP kamera 4 MP IPC-HFW1431S","date":"21. velja\u010de 2020.","format":false,"excerpt":"Serija: IP Lite Model: IPC-HFW1431S Dahua 4Mpx IP IC bullet kamera, 1\/3\" 4MP progressive scan CMOS, ICR, H.265\/H.264 BLC\/HLC\/AWB\/AGC\/3DNR\/WDR (120dB) 4MP(1~25fps), 2,8mm, 3,6mm, IC 30m, IP67, DC12V\/PoE. Podr\u017eava video analitiku.","rel":"","context":"Srodne objave","img":{"alt_text":"","src":"https:\/\/i1.wp.com\/astehshop.com\/wp-content\/uploads\/2020\/02\/IPC-HFW1431S.jpg?fit=1200%2C1101&ssl=1&resize=350%2C200","width":350,"height":200},"classes":[]},{"id":8578,"url":"https:\/\/astehshop.com\/index.php\/product\/unv-dome-kamera-4-mpx-colorhunter-ipc3624le-adf28k-wl\/","url_meta":{"origin":5209,"position":5},"title":"UNV dome kamera 4 MPX ColorHunter IPC3624LE-ADF28K-WL","date":"10. studenoga 2023.","format":false,"excerpt":"\u2022 Visokokvalitetna slika sa 4MP, 1\/1.8\" CMOS senzorom i F1.0 objektivom sa velikim otvorom blende \u2022 4MP (2688*1520) @ 25\/20fps; 4MP (2560*1440) @ 25\/20fps; 3MP (2304*1296) @30\/25fps; 2MP (1920*1080) @30\/25fps; \u2022 Ultra 265, H.265, H.264, MJPEG \u2022 Colorhunter tehnologija osigurava 24-satne slike u punoj boji \u2022 Prava WDR tehnologija od\u2026","rel":"","context":"Srodne objave","img":{"alt_text":"","src":"https:\/\/i2.wp.com\/astehshop.com\/wp-content\/uploads\/2023\/11\/IPC3624LE-ADF28K-WL.jpg?fit=510%2C348&ssl=1&resize=350%2C200","width":350,"height":200},"classes":[]}],"_links":{"self":[{"href":"https:\/\/astehshop.com\/index.php\/wp-json\/wp\/v2\/product\/5209"}],"collection":[{"href":"https:\/\/astehshop.com\/index.php\/wp-json\/wp\/v2\/product"}],"about":[{"href":"https:\/\/astehshop.com\/index.php\/wp-json\/wp\/v2\/types\/product"}],"replies":[{"embeddable":true,"href":"https:\/\/astehshop.com\/index.php\/wp-json\/wp\/v2\/comments?post=5209"}],"wp:featuredmedia":[{"embeddable":true,"href":"https:\/\/astehshop.com\/index.php\/wp-json\/wp\/v2\/media\/5210"}],"wp:attachment":[{"href":"https:\/\/astehshop.com\/index.php\/wp-json\/wp\/v2\/media?parent=5209"}],"wp:term":[{"taxonomy":"product_cat","embeddable":true,"href":"https:\/\/astehshop.com\/index.php\/wp-json\/wp\/v2\/product_cat?post=5209"},{"taxonomy":"product_tag","embeddable":true,"href":"https:\/\/astehshop.com\/index.php\/wp-json\/wp\/v2\/product_tag?post=5209"}],"curies":[{"name":"wp","href":"https:\/\/api.w.org\/{rel}","templated":true}]}}