{"id":5202,"date":"2021-10-09T08:25:38","date_gmt":"2021-10-09T06:25:38","guid":{"rendered":"http:\/\/astehshop.com\/?post_type=product&#038;p=5202"},"modified":"2026-01-15T09:54:33","modified_gmt":"2026-01-15T08:54:33","slug":"dahua-imou-bullet-2-full-color-4-mpx-wifi-ip-kamera","status":"publish","type":"product","link":"https:\/\/astehshop.com\/index.php\/product\/dahua-imou-bullet-2-full-color-4-mpx-wifi-ip-kamera\/","title":{"rendered":"Dahua Imou Bullet 2 Full Color 4 MPX WiFi Ip kamera"},"content":{"rendered":"<p>Bullet 2<\/p>\n<p>\u0160areni svijet, \u010dak i no\u0107u<\/p>\n<p>Detekcija osoba | No\u0107ni vid u boji | Full HD 1080P | Ugra\u0111eni mikrofon i zvu\u010dnik | Ugra\u0111en reflektor i sirena | IP67 otporan na vremenske uvjete | Dvostruka antena | Pohrana u oblaku<\/p>\n<p>Full Color No\u0107ni Vid<\/p>\n<p>\u010cetiri pametna moda no\u0107nog vida pru\u017eaju jasne slike u boji ili crno-bijele slike \u010dak i u potpunom mraku.<br \/>\nInfracrveni Mod<\/p>\n<p>Napredni IR algoritmi pru\u017eaju jasne crno-bijele slike \u010dak i u mraku.<\/p>\n<p>Full Color Mod<\/p>\n<p>Zahvaljuju\u0107i dva ugra\u0111ena izvora svjetla, va\u0161 no\u0107ni vid sada je omogu\u0107en u punoj boji. Novaj mod nudi i vanjsku rasvjetu va\u0161eg doma<\/p>\n<p>&nbsp;<\/p>\n<p>Smart Mod<\/p>\n<p>U\u017eivajte u crno-bijeloj no\u0107noj slici. Reflektori se automatski uklju\u010duju nakon otkrivanja sumnjivih pokreta, koji vam prikazuju sliku u punoj boji kada se ne\u0161to dogodi.<\/p>\n<p>Off Mod<\/p>\n<p>Pod uvjetom da no\u0107u nema potrebe za vanjskom rasvjetom, prebacite se u na\u010din isklju\u010divanja kako biste izbjegli svjetlosno zaga\u0111enje.<\/p>\n<p>&nbsp;<\/p>\n<p>Detekcija osoba<\/p>\n<p>Mo\u0107na tehnologija obrade slika brzo pronalazi ljude na slikama i odmah \u0161alje obavijest na va\u0161 pametni telefon omogu\u0107avaju\u0107i vam da nadgledate ono \u0161to je va\u017eno bez primanja la\u017enih notifikacija.<\/p>\n<p>&nbsp;<\/p>\n<p>Aktivno upozoravanje<\/p>\n<p>Uz ugra\u0111eni reflektor i sigurnosnu sirenu od 110 dB, prestra\u0161ite ne\u017eeljene neznance prije nego \u0161to u\u0111u u va\u0161u ku\u0107u.<\/p>\n<p>&nbsp;<\/p>\n<p>Vodootporno<\/p>\n<p>IP67 vodootporan upotrebu u razli\u010ditim vremenskim uvjetima<\/p>\n<p>&nbsp;<\/p>\n<p>Dvostruka antena i MIMO<\/p>\n<p>Dvostruka antena i MIMO tehnologija odolijevaju smetnjama, \u010dak i na velikim dometima<\/p>\n<p>&nbsp;<\/p>\n<p>Dvostrani prijenos zvuka<\/p>\n<p>Ugra\u0111eni zvu\u010dnik i mikrofon s karakteristikom eliminiranja jeke omogu\u0107uju interakciju s ku\u0107nim ljubimcima, obitelji i gostiju<\/p>\n<p>&nbsp;<\/p>\n<p>Alarmne Obavijesti<\/p>\n<p>\u0160alje trenutna upozorenja na va\u0161 pametni telefon kad god otkrije kretanje,informiraju\u0107i vas \u0161to se doga\u0111a.<\/p>\n","protected":false},"excerpt":{"rendered":"<p>Bullet 2<\/p>\n<p>\u0160areni svijet, \u010dak i no\u0107u<\/p>\n<p>Detekcija osoba | No\u0107ni vid u boji | Full HD 1080P | Ugra\u0111eni mikrofon i zvu\u010dnik | Ugra\u0111en reflektor i sirena | IP67 otporan na vremenske uvjete | Dvostruka antena | Pohrana u oblaku<\/p>\n<p>Full Color No\u0107ni Vid<\/p>\n<p>\u010cetiri pametna moda no\u0107nog vida pru\u017eaju jasne slike u boji ili crno-bijele slike \u010dak i u potpunom mraku.<br \/>\nInfracrveni Mod<\/p>\n<p>Napredni IR algoritmi pru\u017eaju jasne crno-bijele slike \u010dak i u mraku.<\/p>\n<p>Full Color Mod<\/p>\n<p>Zahvaljuju\u0107i dva ugra\u0111ena izvora svjetla, va\u0161 no\u0107ni vid sada je omogu\u0107en u punoj boji. Novaj mod nudi i vanjsku rasvjetu va\u0161eg doma<\/p>\n<p>&nbsp;<\/p>\n<p>Smart Mod<\/p>\n<p>U\u017eivajte u crno-bijeloj no\u0107noj slici. Reflektori se automatski uklju\u010duju nakon otkrivanja sumnjivih pokreta, koji vam prikazuju sliku u punoj boji kada se ne\u0161to dogodi.<\/p>\n<p>Off Mod<\/p>\n<p>Pod uvjetom da no\u0107u nema potrebe za vanjskom rasvjetom, prebacite se u na\u010din isklju\u010divanja kako biste izbjegli svjetlosno zaga\u0111enje.<\/p>\n<p>&nbsp;<\/p>\n<p>Detekcija osoba<\/p>\n<p>Mo\u0107na tehnologija obrade slika brzo pronalazi ljude na slikama i odmah \u0161alje obavijest na va\u0161 pametni telefon omogu\u0107avaju\u0107i vam da nadgledate ono \u0161to je va\u017eno bez primanja la\u017enih notifikacija.<\/p>\n<p>&nbsp;<\/p>\n<p>Aktivno upozoravanje<\/p>\n<p>Uz ugra\u0111eni reflektor i sigurnosnu sirenu od 110 dB, prestra\u0161ite ne\u017eeljene neznance prije nego \u0161to u\u0111u u va\u0161u ku\u0107u.<\/p>\n<p>&nbsp;<\/p>\n<p>Vodootporno<\/p>\n<p>IP67 vodootporan upotrebu u razli\u010ditim vremenskim uvjetima<\/p>\n<p>&nbsp;<\/p>\n<p>Dvostruka antena i MIMO<\/p>\n<p>Dvostruka antena i MIMO tehnologija odolijevaju smetnjama, \u010dak i na velikim dometima<\/p>\n<p>&nbsp;<\/p>\n<p>Dvostrani prijenos zvuka<\/p>\n<p>Ugra\u0111eni zvu\u010dnik i mikrofon s karakteristikom eliminiranja jeke omogu\u0107uju interakciju s ku\u0107nim ljubimcima, obitelji i gostiju<\/p>\n<p>&nbsp;<\/p>\n<p>Alarmne Obavijesti<\/p>\n<p>\u0160alje trenutna upozorenja na va\u0161 pametni telefon kad god otkrije kretanje,informiraju\u0107i vas \u0161to se doga\u0111a.<\/p>\n","protected":false},"featured_media":5203,"comment_status":"open","ping_status":"closed","template":"","meta":{"_mi_skip_tracking":false,"_exactmetrics_sitenote_active":false,"_exactmetrics_sitenote_note":"","_exactmetrics_sitenote_category":0,"spay_email":""},"product_cat":[4415,135],"product_tag":[2984,2989,2987,2988,2990,2986,2985],"brands":[{"id":2045,"name":"Dahua","slug":"dahua"}],"df_price":"","df_sale_price":"","df_regular_price":"","df_image_link":"https:\/\/i0.wp.com\/astehshop.com\/wp-content\/uploads\/2021\/10\/dahua-bullet-2.png?fit=450%2C250&ssl=1","jetpack_publicize_connections":[],"jetpack_sharing_enabled":true,"jetpack_likes_enabled":true,"jetpack-related-posts":[{"id":8303,"url":"https:\/\/astehshop.com\/index.php\/product\/ipc-c22fp-c-versa\/","url_meta":{"origin":5202,"position":0},"title":"IPC-C22FP-C (Versa)","date":"19. listopada 2023.","format":false,"excerpt":"Versa pru\u017ea pra\u0107enje u\u017eivo od 2MP sa objektivom visokih performansi od 2,8 mm F1.6, podr\u017eava \u010detiri re\u017eima no\u0107nog vida za jasno\u0107u kao dan \u010dak i u mrklom mraku. Sa IP65 sertifikovanim ku\u0107i\u0161tem, kamera se mo\u017ee koristiti na otvorenom u razli\u010ditim vremenskim uslovima. Sa sigurnosnom sirenom od 120dB, Versa aktivno dr\u017ei\u2026","rel":"","context":"Srodne objave","img":{"alt_text":"","src":"https:\/\/i2.wp.com\/astehshop.com\/wp-content\/uploads\/2023\/10\/IPC-C22FP-C.jpg?fit=1200%2C1167&ssl=1&resize=350%2C200","width":350,"height":200},"classes":[]},{"id":7523,"url":"https:\/\/astehshop.com\/index.php\/product\/imou-dahua-wifi-kamera-ipc-f22fep-bullet-2\/","url_meta":{"origin":5202,"position":1},"title":"Imou Dahua WiFi kamera IPC-F22FEP Bullet 2","date":"1. travnja 2023.","format":false,"excerpt":"Smart home kamera sa \u010dak 4 razli\u010dita na\u010dina rada nocu predstavlja odli\u010dan izbor za video nadzor ku\u0107e , vikendice, apartmana i sli\u010dno. Infrared na\u010din rada omogu\u0107uje \u010distu crno-bijelu sliku u potpunom mraku. Color na\u010din rada pru\u017ea savr\u0161enu sliku u boji 24h\/7 zahvaljuju\u010di 2 ugra\u0111ena reflektora. Smart mode na\u010din rada daje\u2026","rel":"","context":"Srodne objave","img":{"alt_text":"","src":"https:\/\/i2.wp.com\/astehshop.com\/wp-content\/uploads\/2023\/04\/imou-ipc-f22fep.jpg?fit=785%2C791&ssl=1&resize=350%2C200","width":350,"height":200},"classes":[]},{"id":6804,"url":"https:\/\/astehshop.com\/index.php\/product\/tvt-full-color-bullet-kamera-ahd-td-7421tm3-slika-u-boji-24-7\/","url_meta":{"origin":5202,"position":2},"title":"TVT Full Color bullet kamera AHD TD-7421TM3 slika u boji 24 \/ 7","date":"24. studenoga 2022.","format":false,"excerpt":"1080 P realna rezolucija sa realnom bojom Podrska za OSD meni Brz prenos slike Slika u boji uvijek uz pomo\u0107 LED lampica IP67 \u00a0","rel":"","context":"Srodne objave","img":{"alt_text":"","src":"https:\/\/i1.wp.com\/astehshop.com\/wp-content\/uploads\/2022\/11\/tvt-full-color-scaled.jpg?fit=1200%2C733&ssl=1&resize=350%2C200","width":350,"height":200},"classes":[]},{"id":6606,"url":"https:\/\/astehshop.com\/index.php\/product\/imilab-ec4-spotlight-battery-camera\/","url_meta":{"origin":5202,"position":3},"title":"IMILAB EC4 Spotlight Battery Camera","date":"17. studenoga 2022.","format":false,"excerpt":"Imilab IP kamera EC4 \u00a0 Novi model ima 4 MPx, 2.5K rezoluciju snimanja, tako\u0111er podr\u017eava no\u0107ni na\u010din rada u boji, a tako\u0111er omogu\u0107uje spajanje fotonaponske plo\u010de. \u00a0 2,5K video i mnoga pobolj\u0161anja \u00a0 Nova kamera IMILAB EC4 uklju\u010duje nekoliko pobolj\u0161anja koja bi trebala eliminirati probleme starijih kamera kao \u0161to su\u2026","rel":"","context":"Srodne objave","img":{"alt_text":"","src":"https:\/\/i1.wp.com\/astehshop.com\/wp-content\/uploads\/2022\/11\/imilab-ec4-spotlight-battery-camera.jpg?fit=800%2C800&ssl=1&resize=350%2C200","width":350,"height":200},"classes":[]},{"id":7127,"url":"https:\/\/astehshop.com\/index.php\/product\/partizan-security-ip-kamera-5-mpx-ipo-5sp-full-colour-1-1-cloud\/","url_meta":{"origin":5202,"position":4},"title":"Partizan Security IP kamera 5 MPX IPO-5SP Full Colour 1.1 Cloud","date":"27. prosinca 2022.","format":false,"excerpt":"Model je opremljen 1\/2.8\u2033 CMOS matricom sa rezolucijom od 5.0 megapiksela. Ova vanjska kamera generi\u0161e pobolj\u0161ani Super HD format slike, koji omogu\u0107ava prepoznavanje malih predmeta i nov\u010danica. Ure\u0111aj ima \u0161irok ugao gledanja. Ovaj ure\u0111aj je opremljen revolucionarnim hibridnim IR + bijelim LED diodama i sposoban je pru\u017eiti zadivljuju\u0107u i jasnu\u2026","rel":"","context":"Srodne objave","img":{"alt_text":"","src":"https:\/\/i0.wp.com\/astehshop.com\/wp-content\/uploads\/2022\/12\/IPO-5SP-Full-Colour-Cloud.jpg?fit=1155%2C1200&ssl=1&resize=350%2C200","width":350,"height":200},"classes":[]},{"id":9785,"url":"https:\/\/astehshop.com\/index.php\/product\/imou-ipc-s6dp-5m0web-e27-sijalica-5-mpx-wifi-kamera\/","url_meta":{"origin":5202,"position":5},"title":"Imou IPC-S6DP-5M0WEB-E27  sijalica 5 MPX wifi Kamera","date":"2. prosinca 2024.","format":false,"excerpt":"Bulb Cam pru\u017ea pra\u0107enje u\u017eivo od 5MP sa izborom opcije so\u010diva od 2,8mm, sa funkcijama 0~340\u00b0pan & 0~90\u00b0tilt, Bulb Cam 5MP osigurava da svaki kutak va\u0161eg doma bude potpuno pokriven. Podr\u017eava no\u0107ni vid u punoj boji za jasno\u0107u kao dan \u010dak i u potpunom mraku. Na\u010din ugradnje navojnog nosa\u010da vam\u2026","rel":"","context":"Srodne objave","img":{"alt_text":"","src":"https:\/\/i0.wp.com\/astehshop.com\/wp-content\/uploads\/2024\/12\/IPC-S6DP-5M0WEB-E27.jpg?fit=700%2C700&ssl=1&resize=350%2C200","width":350,"height":200},"classes":[]}],"_links":{"self":[{"href":"https:\/\/astehshop.com\/index.php\/wp-json\/wp\/v2\/product\/5202"}],"collection":[{"href":"https:\/\/astehshop.com\/index.php\/wp-json\/wp\/v2\/product"}],"about":[{"href":"https:\/\/astehshop.com\/index.php\/wp-json\/wp\/v2\/types\/product"}],"replies":[{"embeddable":true,"href":"https:\/\/astehshop.com\/index.php\/wp-json\/wp\/v2\/comments?post=5202"}],"wp:featuredmedia":[{"embeddable":true,"href":"https:\/\/astehshop.com\/index.php\/wp-json\/wp\/v2\/media\/5203"}],"wp:attachment":[{"href":"https:\/\/astehshop.com\/index.php\/wp-json\/wp\/v2\/media?parent=5202"}],"wp:term":[{"taxonomy":"product_cat","embeddable":true,"href":"https:\/\/astehshop.com\/index.php\/wp-json\/wp\/v2\/product_cat?post=5202"},{"taxonomy":"product_tag","embeddable":true,"href":"https:\/\/astehshop.com\/index.php\/wp-json\/wp\/v2\/product_tag?post=5202"}],"curies":[{"name":"wp","href":"https:\/\/api.w.org\/{rel}","templated":true}]}}