{"id":2496,"date":"2018-02-27T09:43:41","date_gmt":"2018-02-27T08:43:41","guid":{"rendered":"http:\/\/astehshop.com\/?post_type=product&#038;p=2496"},"modified":"2026-04-04T20:33:04","modified_gmt":"2026-04-04T18:33:04","slug":"zicana-paradox-centrala-sp6000","status":"publish","type":"product","link":"https:\/\/astehshop.com\/trgovina\/alarmni-sistemi\/centrale\/zicana-paradox-centrala-sp6000\/","title":{"rendered":"\u017di\u010dana paradox centrala sp6000"},"content":{"rendered":"<p><span class=\"fontstyle0\">Alarmna centrala 16 zona, 2 particije, 2 PGM izlaza,<br \/>\nkomunikator,BEZ \u0161ifratora i kutije.<br \/>\n<\/span><span class=\"fontstyle2\">8 ulaza za zone (16 sa dupliranjem) + max.15 zona na tastaturama,<br \/>\nmax. 24 dodatne zone (ukupno max.32 zone), max. 16 PGM-ova,<br \/>\nmogu\u0107nost priklju\u010denja be\u017ei\u010dnih senzora preko RTX3, StayD funkcija,<br \/>\n4-\u017ei\u010dna magistrala (bus), bez \u0161ifratora i kutije<\/span><\/p>\n","protected":false},"excerpt":{"rendered":"<p><span class=\"fontstyle0\">Alarmna centrala 16 zona, 2 particije, 2 PGM izlaza,<br \/>\nkomunikator,BEZ \u0161ifratora i kutije.<\/span><\/p>\n","protected":false},"featured_media":2497,"comment_status":"open","ping_status":"closed","template":"","meta":[],"product_brand":[],"product_cat":[141,142],"product_tag":[252,254,150,253],"class_list":{"0":"post-2496","1":"product","2":"type-product","3":"status-publish","4":"has-post-thumbnail","6":"product_cat-alarmni-sistemi","7":"product_cat-centrale","8":"product_tag-alarmna-centrala-sp6000","9":"product_tag-alarmne-centrale-paradox","10":"product_tag-paradox-alarm","11":"product_tag-sp6000","13":"first","14":"instock","15":"shipping-taxable","16":"purchasable","17":"product-type-simple"},"_links":{"self":[{"href":"https:\/\/astehshop.com\/wp-json\/wp\/v2\/product\/2496","targetHints":{"allow":["GET"]}}],"collection":[{"href":"https:\/\/astehshop.com\/wp-json\/wp\/v2\/product"}],"about":[{"href":"https:\/\/astehshop.com\/wp-json\/wp\/v2\/types\/product"}],"replies":[{"embeddable":true,"href":"https:\/\/astehshop.com\/wp-json\/wp\/v2\/comments?post=2496"}],"version-history":[{"count":0,"href":"https:\/\/astehshop.com\/wp-json\/wp\/v2\/product\/2496\/revisions"}],"wp:featuredmedia":[{"embeddable":true,"href":"https:\/\/astehshop.com\/wp-json\/wp\/v2\/media\/2497"}],"wp:attachment":[{"href":"https:\/\/astehshop.com\/wp-json\/wp\/v2\/media?parent=2496"}],"wp:term":[{"taxonomy":"product_brand","embeddable":true,"href":"https:\/\/astehshop.com\/wp-json\/wp\/v2\/product_brand?post=2496"},{"taxonomy":"product_cat","embeddable":true,"href":"https:\/\/astehshop.com\/wp-json\/wp\/v2\/product_cat?post=2496"},{"taxonomy":"product_tag","embeddable":true,"href":"https:\/\/astehshop.com\/wp-json\/wp\/v2\/product_tag?post=2496"}],"curies":[{"name":"wp","href":"https:\/\/api.w.org\/{rel}","templated":true}]}}