{"id":12176,"date":"2026-01-18T16:10:54","date_gmt":"2026-01-18T15:10:54","guid":{"rendered":"http:\/\/astehshop.com\/?post_type=product&#038;p=12176"},"modified":"2026-01-18T16:10:57","modified_gmt":"2026-01-18T15:10:57","slug":"kompletno-profesionalno-podesen-unv-uniview-set-4-kamere-uradi-sam-basic","status":"publish","type":"product","link":"https:\/\/astehshop.com\/index.php\/product\/kompletno-profesionalno-podesen-unv-uniview-set-4-kamere-uradi-sam-basic\/","title":{"rendered":"Kompletno profesionalno pode\u0161en UNV UniView set &#8211; 4 kamere &#8211; uradi sam &#8211; Basic"},"content":{"rendered":"<p>Uradi sam opcija : Mi podesimo, vi montirate<br \/>\n&#8211; Aplikacija spremna<br \/>\n&#8211; bez \u010dekanja majstora<br \/>\n&#8211; bez tro\u0161kova ugradnje<br \/>\n&#8211; Profesionalna priprema iz radnje<\/p>\n<p>Sistemi su testirani i spremni<br \/>\nKamere pode\u0161ene po va\u0161oj \u017eelji<br \/>\nAplikacija pripremljena za brzo povezivanje<\/p>\n<p>Paket sadr\u017ei :<br \/>\n1 x UniView snima\u010d 4 kanala + 1 TB disk za skladi\u0161tenje snimaka<br \/>\n4 x IP kamere OwlView ( sova ) 2 MPX<br \/>\nPoe switch za povezivanje sistema<\/p>\n<p>Odli\u010dan izbor za dvori\u0161ta, poslovne objekte i objekte sa slabim osvjeteljenjem<br \/>\nTop odnos cijena i kvalitet<\/p>\n<p>U ovom Uradi sam Basic modelu u cijeni dobijate :<br \/>\nsistem koji je testiran i ve\u0107 unaprijed spojen<br \/>\nbrzo uputstvo na jednom listu papira<\/p>\n<p>Garancija 24 mjeseca<br \/>\n066 123 234<\/p>\n","protected":false},"excerpt":{"rendered":"<p>Uradi sam opcija : Mi podesimo, vi montirate<br \/>\n&#8211; Aplikacija spremna<br \/>\n&#8211; bez \u010dekanja majstora<br \/>\n&#8211; bez tro\u0161kova ugradnje<br \/>\n&#8211; Profesionalna priprema iz radnje<\/p>\n<p>Sistemi su testirani i spremni<br \/>\nKamere pode\u0161ene po va\u0161oj \u017eelji<br \/>\nAplikacija pripremljena za brzo povezivanje<\/p>\n<p>Paket sadr\u017ei :<br \/>\n1 x UniView snima\u010d 4 kanala + 1 TB disk za skladi\u0161tenje snimaka<br \/>\n4 x IP kamere OwlView ( sova ) 2 MPX<br \/>\nPoe switch za povezivanje sistema<\/p>\n<p>Odli\u010dan izbor za dvori\u0161ta, poslovne objekte i objekte sa slabim osvjeteljenjem<br \/>\nTop odnos cijena i kvalitet<\/p>\n<p>U ovom Uradi sam Basic modelu u cijeni dobijate :<br \/>\nsistem koji je testiran i ve\u0107 unaprijed spojen<br \/>\nbrzo uputstvo na jednom listu papira<\/p>\n<p>Garancija 24 mjeseca<br \/>\n066 123 234<\/p>\n","protected":false},"featured_media":12177,"comment_status":"open","ping_status":"closed","template":"","meta":{"_mi_skip_tracking":false,"_exactmetrics_sitenote_active":false,"_exactmetrics_sitenote_note":"","_exactmetrics_sitenote_category":0,"spay_email":""},"product_cat":[8639],"product_tag":[8651,8646,8645,435,8647,8641,8648,8652,8642,8654,8490,8644,8653,8658,8662,743,8655,383,8650,8661,1384,8649,8663,6132,8640,1556,8659,8660,8643,8657,8656],"brands":[{"id":6129,"name":"UNV","slug":"unv"}],"df_price":1299,"df_sale_price":"","df_regular_price":1299,"df_image_link":"https:\/\/i2.wp.com\/astehshop.com\/wp-content\/uploads\/2026\/01\/UniView-set-scaled.jpeg?fit=450%2C338&ssl=1","jetpack_publicize_connections":[],"jetpack_sharing_enabled":true,"jetpack_likes_enabled":true,"jetpack-related-posts":[{"id":12178,"url":"https:\/\/astehshop.com\/index.php\/product\/kompletno-profesionalno-podesen-unv-uniview-set-4-kamere-uradi-sam-smart\/","url_meta":{"origin":12176,"position":0},"title":"Kompletno profesionalno pode\u0161en UNV UniView set &#8211; 4 kamere &#8211; uradi sam &#8211; SMART","date":"18. sije\u010dnja 2026.","format":false,"excerpt":"Uradi sam opcija : Mi podesimo, vi montirate \u2013 Aplikacija spremna \u2013 bez \u010dekanja majstora \u2013 bez tro\u0161kova ugradnje \u2013 Profesionalna priprema iz radnje Sistemi su testirani i spremni Kamere pode\u0161ene po va\u0161oj \u017eelji Aplikacija pripremljena za brzo povezivanje Paket sadr\u017ei : 1 x UniView snima\u010d 4 kanala + 1\u2026","rel":"","context":"Srodne objave","img":{"alt_text":"","src":"https:\/\/i2.wp.com\/astehshop.com\/wp-content\/uploads\/2026\/01\/UniView-set-scaled.jpeg?fit=1200%2C900&ssl=1&resize=350%2C200","width":350,"height":200},"classes":[]},{"id":3585,"url":"https:\/\/astehshop.com\/index.php\/product\/hikvision-video-nadzor-set-5-megapiksela\/","url_meta":{"origin":12176,"position":1},"title":"HikVision video nadzor set 5 MegaPiksela","date":"1. rujna 2019.","format":false,"excerpt":"Prava akcijska ponuda video nadzora koji je broj 1 u svijetu !!! 1 x DVR snimac za 4 kamere do 5 megapiksela 4 x kamere 5 megapiksela - DS-2CE56H1T-IT3 1 x napajanje za sve 4 kamere 4 x dc konektora za kamere 8 x bnc konektora za povezivanje 100 M\u2026","rel":"","context":"Srodne objave","img":{"alt_text":"","src":"https:\/\/i0.wp.com\/astehshop.com\/wp-content\/uploads\/2019\/09\/turbo-hd-sistem-dome-5-megapiksela.jpg?fit=1200%2C798&ssl=1&resize=350%2C200","width":350,"height":200},"classes":[]},{"id":3583,"url":"https:\/\/astehshop.com\/index.php\/product\/hikvision-video-nadzor-set-turbohd-02\/","url_meta":{"origin":12176,"position":2},"title":"HikVision video nadzor set TurboHD  02","date":"1. rujna 2019.","format":false,"excerpt":"Prava akcijska ponuda video nadzora koji je broj 1 u svijetu !!! 1 x DVR snimac za 4 analogne + 1 IP kameru 2 x Turbo HD kamere DS-2CE56C0T-IT3F 2 x Turbo HD kamere DS-2CE16C0T-IT3F ( 40 metara nocni IR ) 1 x napajanje za sve 4 kamere 4 x\u2026","rel":"","context":"Srodne objave","img":{"alt_text":"","src":"https:\/\/i0.wp.com\/astehshop.com\/wp-content\/uploads\/2019\/09\/turbo-hd-sistem-2-vani-2-unutra.jpg?fit=1200%2C798&ssl=1&resize=350%2C200","width":350,"height":200},"classes":[]},{"id":3581,"url":"https:\/\/astehshop.com\/index.php\/product\/hikvision-video-nadzor-set-turbohd\/","url_meta":{"origin":12176,"position":3},"title":"HikVision video nadzor set TurboHD","date":"1. rujna 2019.","format":false,"excerpt":"Prava akcijska ponuda video nadzora koji je broj 1 u svijetu !!! 1 x DVR snimac za 4 analogne + 1 IP kameru 4 x Turbo HD kamera DS-2CE56C0T-IT3F 1 x napajanje za sve 4 kamere 4 x dc konektora za kamere 8 x bnc konektora za povezivanje 100 M\u2026","rel":"","context":"Srodne objave","img":{"alt_text":"","src":"https:\/\/i1.wp.com\/astehshop.com\/wp-content\/uploads\/2019\/09\/69173406_485924835580848_3933001900563103744_n.jpg?fit=960%2C640&ssl=1&resize=350%2C200","width":350,"height":200},"classes":[]},{"id":11780,"url":"https:\/\/astehshop.com\/index.php\/product\/myers-kompletan-set-uradi-sam-5-mpx-slika-nocu-u-boji\/","url_meta":{"origin":12176,"position":4},"title":"Myers kompletan set uradi sam 5 MPX slika no\u0107u u boji","date":"28. rujna 2025.","format":false,"excerpt":"Pristupa\u010dan i visokokvalitetan IP komplet za video nadzor sa kamerama od 5 megapiksela i be\u017ei\u010dnim prijenosom podataka. Komplet je dizajniran za vanjsku instalaciju, \u0161to ga \u010dini odli\u010dnim izborom za privatne domove, urede, skladi\u0161ta i male komercijalne prostore gdje su visoki kvalitet slike i jednostavnost instalacije va\u017eni. Komplet uklju\u010duje \u010detiri be\u017ei\u010dne\u2026","rel":"","context":"Srodne objave","img":{"alt_text":"","src":"https:\/\/i0.wp.com\/astehshop.com\/wp-content\/uploads\/2025\/09\/myers-kamere-wifi.jpg?fit=855%2C662&ssl=1&resize=350%2C200","width":350,"height":200},"classes":[]},{"id":9965,"url":"https:\/\/astehshop.com\/index.php\/product\/ipc-k7cp-5h1we-wifi-roto-kamera-imou\/","url_meta":{"origin":12176,"position":5},"title":"IPC-K7CP-5H1WE WIFI roto kamera IMOU","date":"16. o\u017eujka 2025.","format":false,"excerpt":"Tip: IP \/ WiFi Rezolucija: 5MP 3K 3.6mm Ku\u0107i\u0161te: plasti\u010dno Boja ku\u0107i\u0161ta: bijela Povezivanje: WiFi, RJ-45 Rotacije: horizontalno i vertikalno Mogu\u0107nost povezivanja na Cloud Snimanje na SD karticu Dvostrana audio komunikacija Aplikacija za nadzor mobilnim ure\u0111ajem (Imou Life)","rel":"","context":"Srodne objave","img":{"alt_text":"","src":"https:\/\/i0.wp.com\/astehshop.com\/wp-content\/uploads\/2025\/03\/IPC-K7CP-5H1WE.jpg?fit=690%2C690&ssl=1&resize=350%2C200","width":350,"height":200},"classes":[]}],"_links":{"self":[{"href":"https:\/\/astehshop.com\/index.php\/wp-json\/wp\/v2\/product\/12176"}],"collection":[{"href":"https:\/\/astehshop.com\/index.php\/wp-json\/wp\/v2\/product"}],"about":[{"href":"https:\/\/astehshop.com\/index.php\/wp-json\/wp\/v2\/types\/product"}],"replies":[{"embeddable":true,"href":"https:\/\/astehshop.com\/index.php\/wp-json\/wp\/v2\/comments?post=12176"}],"wp:featuredmedia":[{"embeddable":true,"href":"https:\/\/astehshop.com\/index.php\/wp-json\/wp\/v2\/media\/12177"}],"wp:attachment":[{"href":"https:\/\/astehshop.com\/index.php\/wp-json\/wp\/v2\/media?parent=12176"}],"wp:term":[{"taxonomy":"product_cat","embeddable":true,"href":"https:\/\/astehshop.com\/index.php\/wp-json\/wp\/v2\/product_cat?post=12176"},{"taxonomy":"product_tag","embeddable":true,"href":"https:\/\/astehshop.com\/index.php\/wp-json\/wp\/v2\/product_tag?post=12176"}],"curies":[{"name":"wp","href":"https:\/\/api.w.org\/{rel}","templated":true}]}}