{"id":12093,"date":"2026-01-08T15:07:16","date_gmt":"2026-01-08T14:07:16","guid":{"rendered":"http:\/\/astehshop.com\/?post_type=product&#038;p=12093"},"modified":"2026-01-08T15:07:18","modified_gmt":"2026-01-08T14:07:18","slug":"laptop-hp-probook-4-g1ir-16","status":"publish","type":"product","link":"https:\/\/astehshop.com\/index.php\/product\/laptop-hp-probook-4-g1ir-16\/","title":{"rendered":"LAPTOP HP ProBook 4 G1iR 16"},"content":{"rendered":"<ul>\n<li data-start=\"182\" data-end=\"271\">\n<p data-start=\"184\" data-end=\"271\"><strong data-start=\"184\" data-end=\"204\">Veli\u010dina ekrana:<\/strong> 16.0&#8243; WUXGA (1920 \u00d7 1200), IPS, anti-glare, 300 nits, 62.5% sRGB<\/p>\n<\/li>\n<li data-start=\"272\" data-end=\"364\">\n<p data-start=\"274\" data-end=\"364\"><strong data-start=\"274\" data-end=\"287\">Procesor:<\/strong> Intel Core i5-1334U (3.4 \u2013 4.6 GHz), 10 jezgri \/ 12 threadova, 12 MB cache<\/p>\n<\/li>\n<li data-start=\"365\" data-end=\"393\">\n<p data-start=\"367\" data-end=\"393\"><strong data-start=\"367\" data-end=\"380\">Memorija:<\/strong> 16 GB DDR5<\/p>\n<\/li>\n<li data-start=\"394\" data-end=\"423\">\n<p data-start=\"396\" data-end=\"423\"><strong data-start=\"396\" data-end=\"410\">Hard disk:<\/strong> 512 GB SSD<\/p>\n<\/li>\n<li data-start=\"424\" data-end=\"484\">\n<p data-start=\"426\" data-end=\"484\"><strong data-start=\"426\" data-end=\"445\">Grafi\u010dka karta:<\/strong> Intel Iris Xe Graphics (integrisana)<\/p>\n<\/li>\n<li data-start=\"485\" data-end=\"539\">\n<p data-start=\"487\" data-end=\"539\"><strong data-start=\"487\" data-end=\"509\">Operativni sistem:<\/strong> Windows 11 + MS Office 2019<\/p>\n<\/li>\n<li data-start=\"540\" data-end=\"575\">\n<p data-start=\"542\" data-end=\"575\"><strong data-start=\"542\" data-end=\"556\">Tastatura:<\/strong> BiH lokalizacija<\/p>\n<\/li>\n<li data-start=\"576\" data-end=\"605\">\n<p data-start=\"578\" data-end=\"605\"><strong data-start=\"578\" data-end=\"592\">Garancija:<\/strong> 12 mjeseci<\/p>\n<\/li>\n<li data-start=\"606\" data-end=\"629\">\n<p data-start=\"608\" data-end=\"629\"><strong data-start=\"608\" data-end=\"619\">Te\u017eina:<\/strong> 1.74 kg<\/p>\n<\/li>\n<li data-start=\"630\" data-end=\"651\">\n<p data-start=\"632\" data-end=\"651\"><strong data-start=\"632\" data-end=\"641\">Boja:<\/strong> Srebrna<\/p>\n<\/li>\n<li data-start=\"652\" data-end=\"819\">\n<p data-start=\"654\" data-end=\"819\"><strong data-start=\"654\" data-end=\"665\">Ostalo:<\/strong> 1080p WebCam, Wi-Fi 6E, LAN, Bluetooth 5.3, HDMI 2.1, 2\u00d7 USB Type-A, 2\u00d7 USB Type-C (PD &amp; DP), audio\/microphone combo, baterija 56 Wh (Li-ion, 3-\u0107elijska)<\/p>\n<\/li>\n<\/ul>\n<p>&nbsp;<\/p>\n<p>&#x1f4cd; Li\u010dno preuzimanje ili slanje brzom po\u0161tom<\/p>\n<p><strong>Za sve dodatne informacije mozete nas kontaktirati na OLX poruke, 065824333 ili Viber<\/strong><\/p>\n<p><strong>\u00a0NUDIMO KUPOVINU NOVE ROBE NA RATE:<\/strong><\/p>\n<p><strong>-DO 18 RATA PREKO MIKROFIN KREDITNA ORGANIZACIJA<\/strong><\/p>\n<p><strong>-DO 12 RATA PREKO \u0160OPING KARTICE UNICREDIT BANK<\/strong><\/p>\n<p><strong>Trgovinska Radnja<\/strong><\/p>\n<p><strong>TECHNO SHOP BN<\/strong><\/p>\n<p><strong>Nikole Tesle 31a, Bijeljina<\/strong><\/p>\n<p><strong>(izme\u0111u Moja Apoteka i picerije Park Ne\u0161kovi\u0107)<\/strong><\/p>\n<p><strong>055\/422-599<\/strong><\/p>\n<p><strong>065\/824-333<\/strong><\/p>\n<p><strong>Radnim danima 09-19h<\/strong><\/p>\n<p><strong>Subotom 09-16h<\/strong><\/p>\n<p><strong>www.technoshopbn.com<\/strong><\/p>\n<p><strong>info@technoshopbn.com<\/strong><\/p>\n","protected":false},"excerpt":{"rendered":"<ul>\n<li data-start=\"182\" data-end=\"271\">\n<p data-start=\"184\" data-end=\"271\"><strong data-start=\"184\" data-end=\"204\">Veli\u010dina ekrana:<\/strong> 16.0&#8243; WUXGA (1920 \u00d7 1200), IPS, anti-glare, 300 nits, 62.5% sRGB<\/p>\n<\/li>\n<li data-start=\"272\" data-end=\"364\">\n<p data-start=\"274\" data-end=\"364\"><strong data-start=\"274\" data-end=\"287\">Procesor:<\/strong> Intel Core i5-1334U (3.4 \u2013 4.6 GHz), 10 jezgri \/ 12 threadova, 12 MB cache<\/p>\n<\/li>\n<li data-start=\"365\" data-end=\"393\">\n<p data-start=\"367\" data-end=\"393\"><strong data-start=\"367\" data-end=\"380\">Memorija:<\/strong> 16 GB DDR5<\/p>\n<\/li>\n<li data-start=\"394\" data-end=\"423\">\n<p data-start=\"396\" data-end=\"423\"><strong data-start=\"396\" data-end=\"410\">Hard disk:<\/strong> 512 GB SSD<\/p>\n<\/li>\n<li data-start=\"424\" data-end=\"484\">\n<p data-start=\"426\" data-end=\"484\"><strong data-start=\"426\" data-end=\"445\">Grafi\u010dka karta:<\/strong> Intel Iris Xe Graphics (integrisana)<\/p>\n<\/li>\n<li data-start=\"485\" data-end=\"539\">\n<p data-start=\"487\" data-end=\"539\"><strong data-start=\"487\" data-end=\"509\">Operativni sistem:<\/strong> Windows 11 + MS Office 2019<\/p>\n<\/li>\n<\/ul>\n","protected":false},"featured_media":12094,"comment_status":"open","ping_status":"closed","template":"","meta":{"_mi_skip_tracking":false,"_exactmetrics_sitenote_active":false,"_exactmetrics_sitenote_note":"","_exactmetrics_sitenote_category":0,"spay_email":""},"product_cat":[5138],"product_tag":[],"brands":[{"id":5149,"name":"HP","slug":"hp"}],"df_price":1379,"df_sale_price":"","df_regular_price":1379,"df_image_link":"https:\/\/i2.wp.com\/astehshop.com\/wp-content\/uploads\/2026\/01\/39690-HP-ProBook-4-G1iR-16-laptop-B39ZHAT-1.webp?fit=450%2C450&ssl=1","jetpack_publicize_connections":[],"jetpack_sharing_enabled":true,"jetpack_likes_enabled":true,"jetpack-related-posts":[{"id":12110,"url":"https:\/\/astehshop.com\/index.php\/product\/laptop-hp-probook-4-g1ir-16-b39zjatw\/","url_meta":{"origin":12093,"position":0},"title":"LAPTOP HP ProBook 4 G1iR 16 B39ZJATW","date":"8. sije\u010dnja 2026.","format":false,"excerpt":"Veli\u010dina ekrana: 16.0\" WUXGA (1920 \u00d7 1200), IPS, anti-glare, 300 nits, 62.5% sRGB Procesor: Intel Core i5-1334U (1.3 \u2013 4.6 GHz), 10 jezgri \/ 12 threadova, 12 MB cache Memorija: 16 GB DDR5 Hard disk: 1 TB SSD Grafi\u010dka karta: Intel Iris Xe Graphics (integrisana) Operativni sistem: Windows 11 +\u2026","rel":"","context":"Srodne objave","img":{"alt_text":"","src":"https:\/\/i1.wp.com\/astehshop.com\/wp-content\/uploads\/2026\/01\/39574-HP-ProBook-4-G1iR-16-laptop-B39ZJAT-1.webp?fit=450%2C450&ssl=1&resize=350%2C200","width":350,"height":200},"classes":[]},{"id":12120,"url":"https:\/\/astehshop.com\/index.php\/product\/laptop-hp-probook-4-g1ir-16-2\/","url_meta":{"origin":12093,"position":1},"title":"LAPTOP HP ProBook 4 G1iR 16","date":"8. sije\u010dnja 2026.","format":false,"excerpt":"Veli\u010dina ekrana: 16.0\" 1920 \u00d7 1200 px, IPS, anti-glare, 300 nita, 62,5% sRGB Procesor: Intel Core i5-120U (1.4 \u2013 5.0 GHz), 10 jezgri \/ 12 threadova, 12 MB cache Memorija: 16 GB DDR5 Hard disk: 512 GB SSD Grafi\u010dka karta: Intel UHD Graphics (integrisana) Operativni sistem: Windows 11 + MS\u2026","rel":"","context":"Srodne objave","img":{"alt_text":"","src":"https:\/\/i1.wp.com\/astehshop.com\/wp-content\/uploads\/2026\/01\/39950-HP-ProBook-4-G1iR-16-laptop-C38L2AT-1.webp?fit=450%2C450&ssl=1&resize=350%2C200","width":350,"height":200},"classes":[]},{"id":12133,"url":"https:\/\/astehshop.com\/index.php\/product\/laptop-hp-probook-460-g11-c14p4etw\/","url_meta":{"origin":12093,"position":2},"title":"LAPTOP HP ProBook 460 G11 C14P4ETW","date":"8. sije\u010dnja 2026.","format":false,"excerpt":"Veli\u010dina ekrana: 16.0\" 1920 \u00d7 1200 px, IPS, anti-glare, 300 nits, 45% NTSC Procesor: Intel Core Ultra 5 125U (1.3 \u2013 4.3 GHz), 12 jezgri \/ 14 threadova, 12 MB cache Memorija: 16 GB DDR5 Hard disk: 512 GB SSD Grafi\u010dka karta: Intel UHD Graphics (integrisana) Operativni sistem: Windows 11\u2026","rel":"","context":"Srodne objave","img":{"alt_text":"","src":"https:\/\/i0.wp.com\/astehshop.com\/wp-content\/uploads\/2026\/01\/39929-HP-ProBook-460-G11-laptop-C14P4ET-2.webp?fit=450%2C450&ssl=1&resize=350%2C200","width":350,"height":200},"classes":[]},{"id":12098,"url":"https:\/\/astehshop.com\/index.php\/product\/laptop-hp-probook-450-g10-ak9r0atw\/","url_meta":{"origin":12093,"position":3},"title":"LAPTOP HP ProBook 450 G10 AK9R0ATW","date":"8. sije\u010dnja 2026.","format":false,"excerpt":"Veli\u010dina ekrana: 15.6\" FHD (1920 \u00d7 1080), IPS, narrow bezel, anti-glare, 250 nits, 45% NTSC Procesor: Intel Core i5-1334U (1.3 \u2013 4.6 GHz), 10 jezgri \/ 12 threadova, 12 MB cache Memorija: 16 GB DDR4 Hard disk: 512 GB SSD Grafi\u010dka karta: Intel Iris Xe Graphics (integrisana) Operativni sistem: Windows\u2026","rel":"","context":"Srodne objave","img":{"alt_text":"","src":"https:\/\/i2.wp.com\/astehshop.com\/wp-content\/uploads\/2026\/01\/39690-HP-ProBook-4-G1iR-16-laptop-B39ZHAT-3-1.webp?fit=450%2C450&ssl=1&resize=350%2C200","width":350,"height":200},"classes":[]},{"id":12113,"url":"https:\/\/astehshop.com\/index.php\/product\/gaming-laptop-hp-victus-15-fb2063dx\/","url_meta":{"origin":12093,"position":4},"title":"GAMING LAPTOP HP Victus 15-fb2063dx","date":"8. sije\u010dnja 2026.","format":false,"excerpt":"Veli\u010dina ekrana: 15.6\" FHD (1920 \u00d7 1080), IPS, 144 Hz, anti-glare, 300 nits, 62.5% sRGB, AMD FreeSync Premium Procesor: AMD Ryzen 5 7535HS (3.3 \u2013 4.55 GHz), 6 jezgri \/ 12 threadova, 16 MB cache Memorija: 16 GB DDR5 Hard disk: 512 GB SSD Grafi\u010dka karta: AMD Radeon RX 6550M\u2026","rel":"","context":"Srodne objave","img":{"alt_text":"","src":"https:\/\/i2.wp.com\/astehshop.com\/wp-content\/uploads\/2026\/01\/37326-HP-Victus-15-fb2063-Gaming-laptop-9Z7L4UA-6.webp?fit=450%2C450&ssl=1&resize=350%2C200","width":350,"height":200},"classes":[]},{"id":12034,"url":"https:\/\/astehshop.com\/index.php\/product\/laptop-dell-inspiron-14-5440-5463blk-16gb\/","url_meta":{"origin":12093,"position":5},"title":"LAPTOP DELL Inspiron 14 5440-5463BLK\/16GB","date":"27. prosinca 2025.","format":false,"excerpt":"Veli\u010dina ekrana: 14\" 1920 \u00d7 1200 px, IPS WVA, anti-glare, 250 nits, 45% NTSC, 60 Hz Procesor: Intel Core i5-1334U (3.4 \u2013 4.6 GHz), 10 jezgri \/ 12 threadova, 12 MB cache Memorija: 16 GB DDR5 Hard disk: 512 GB SSD Grafi\u010dka karta: Intel UHD Graphics (integrisana) Operativni sistem: Windows\u2026","rel":"","context":"Srodne objave","img":{"alt_text":"","src":"https:\/\/i0.wp.com\/astehshop.com\/wp-content\/uploads\/2025\/12\/39480-DELL-Inspiron-14-laptop-5440-5463BLK-3.webp?fit=450%2C450&ssl=1&resize=350%2C200","width":350,"height":200},"classes":[]}],"_links":{"self":[{"href":"https:\/\/astehshop.com\/index.php\/wp-json\/wp\/v2\/product\/12093"}],"collection":[{"href":"https:\/\/astehshop.com\/index.php\/wp-json\/wp\/v2\/product"}],"about":[{"href":"https:\/\/astehshop.com\/index.php\/wp-json\/wp\/v2\/types\/product"}],"replies":[{"embeddable":true,"href":"https:\/\/astehshop.com\/index.php\/wp-json\/wp\/v2\/comments?post=12093"}],"wp:featuredmedia":[{"embeddable":true,"href":"https:\/\/astehshop.com\/index.php\/wp-json\/wp\/v2\/media\/12094"}],"wp:attachment":[{"href":"https:\/\/astehshop.com\/index.php\/wp-json\/wp\/v2\/media?parent=12093"}],"wp:term":[{"taxonomy":"product_cat","embeddable":true,"href":"https:\/\/astehshop.com\/index.php\/wp-json\/wp\/v2\/product_cat?post=12093"},{"taxonomy":"product_tag","embeddable":true,"href":"https:\/\/astehshop.com\/index.php\/wp-json\/wp\/v2\/product_tag?post=12093"}],"curies":[{"name":"wp","href":"https:\/\/api.w.org\/{rel}","templated":true}]}}