{"id":12085,"date":"2026-01-08T14:51:40","date_gmt":"2026-01-08T13:51:40","guid":{"rendered":"http:\/\/astehshop.com\/?post_type=product&#038;p=12085"},"modified":"2026-01-08T14:51:43","modified_gmt":"2026-01-08T13:51:43","slug":"laptop-asus-vivobook-15-x1502va-bq581w","status":"publish","type":"product","link":"https:\/\/astehshop.com\/index.php\/product\/laptop-asus-vivobook-15-x1502va-bq581w\/","title":{"rendered":"LAPTOP Asus Vivobook 15 X1502VA-BQ581W"},"content":{"rendered":"<p>\u2022 <strong data-start=\"191\" data-end=\"211\">Veli\u010dina ekrana:<\/strong> 15.6&#8243; Full HD (1920 \u00d7 1080), IPS-level, LED Backlit, anti-glare, 60 Hz, 250 nits, 45% NTSC, screen-to-body 82%<br data-start=\"337\" data-end=\"340\" \/>\u2022 <strong data-start=\"342\" data-end=\"355\">Procesor:<\/strong> Intel Core i7-13620H (3.6 \u2013 4.9 GHz), 10 jezgri \/ 16 threadova, 24 MB cache<br data-start=\"431\" data-end=\"434\" \/>\u2022 <strong data-start=\"436\" data-end=\"449\">Memorija:<\/strong> 16 GB DDR4<br data-start=\"460\" data-end=\"463\" \/>\u2022 <strong data-start=\"465\" data-end=\"479\">Hard disk:<\/strong> 512 GB SSD<br data-start=\"490\" data-end=\"493\" \/>\u2022 <strong data-start=\"495\" data-end=\"514\">Grafi\u010dka karta:<\/strong> Intel Iris Xe Graphics (integrisana)<br data-start=\"551\" data-end=\"554\" \/>\u2022 <strong data-start=\"556\" data-end=\"578\">Operativni sistem:<\/strong> Windows 11 + MS Office 2019<br data-start=\"606\" data-end=\"609\" \/>\u2022 <strong data-start=\"611\" data-end=\"625\">Tastatura:<\/strong> BiH lokalizacija, jednobojno pozadinsko osvjetljenje<br data-start=\"678\" data-end=\"681\" \/>\u2022 <strong data-start=\"683\" data-end=\"697\">Garancija:<\/strong> 24 mjeseca<br data-start=\"708\" data-end=\"711\" \/>\u2022 <strong data-start=\"713\" data-end=\"724\">Te\u017eina:<\/strong> 1.7 kg<br data-start=\"731\" data-end=\"734\" \/>\u2022 <strong data-start=\"736\" data-end=\"745\">Boja:<\/strong> Plava<br data-start=\"751\" data-end=\"754\" \/>\u2022 <strong data-start=\"756\" data-end=\"767\">Ostalo:<\/strong> WebCam 720p HD sa privacy shutterom, Wi-Fi 6E, Bluetooth 5.3, 1\u00d7 USB 2.0, 1\u00d7 USB-C 3.2 Gen 1, 2\u00d7 USB 3.2 Gen 1 Type-A, HDMI 1.4, audio combo jack, \u010dita\u010d otiska prsta, baterija 42 Wh Li-ion<\/p>\n<p>&nbsp;<\/p>\n<p>&#x1f4cd; Li\u010dno preuzimanje ili slanje brzom po\u0161tom<\/p>\n<p><strong>Za sve dodatne informacije mozete nas kontaktirati na OLX poruke, 065824333 ili Viber<\/strong><\/p>\n<p><strong>\u00a0NUDIMO KUPOVINU NOVE ROBE NA RATE:<\/strong><\/p>\n<p><strong>-DO 18 RATA PREKO MIKROFIN KREDITNA ORGANIZACIJA<\/strong><\/p>\n<p><strong>-DO 12 RATA PREKO \u0160OPING KARTICE UNICREDIT BANK<\/strong><\/p>\n<p><strong>Trgovinska Radnja<\/strong><\/p>\n<p><strong>TECHNO SHOP BN<\/strong><\/p>\n<p><strong>Nikole Tesle 31a, Bijeljina<\/strong><\/p>\n<p><strong>(izme\u0111u Moja Apoteka i picerije Park Ne\u0161kovi\u0107)<\/strong><\/p>\n<p><strong>055\/422-599<\/strong><\/p>\n<p><strong>065\/824-333<\/strong><\/p>\n<p><strong>Radnim danima 09-19h<\/strong><\/p>\n<p><strong>Subotom 09-16h<\/strong><\/p>\n<p><strong>www.technoshopbn.com<\/strong><\/p>\n<p><strong>info@technoshopbn.com<\/strong><\/p>\n<p>&nbsp;<\/p>\n","protected":false},"excerpt":{"rendered":"<p>\u2022 <strong data-start=\"191\" data-end=\"211\">Veli\u010dina ekrana:<\/strong> 15.6&#8243; Full HD (1920 \u00d7 1080), IPS-level, LED Backlit, anti-glare, 60 Hz, 250 nits, 45% NTSC, screen-to-body 82%<br data-start=\"337\" data-end=\"340\" \/>\u2022 <strong data-start=\"342\" data-end=\"355\">Procesor:<\/strong> Intel Core i7-13620H (3.6 \u2013 4.9 GHz), 10 jezgri \/ 16 threadova, 24 MB cache<br data-start=\"431\" data-end=\"434\" \/>\u2022 <strong data-start=\"436\" data-end=\"449\">Memorija:<\/strong> 16 GB DDR4<br data-start=\"460\" data-end=\"463\" \/>\u2022 <strong data-start=\"465\" data-end=\"479\">Hard disk:<\/strong> 512 GB SSD<br data-start=\"490\" data-end=\"493\" \/>\u2022 <strong data-start=\"495\" data-end=\"514\">Grafi\u010dka karta:<\/strong> Intel Iris Xe Graphics (integrisana)<br data-start=\"551\" data-end=\"554\" \/>\u2022 <strong data-start=\"556\" data-end=\"578\">Operativni sistem:<\/strong> Windows 11 + MS Office 2019<\/p>\n","protected":false},"featured_media":12087,"comment_status":"open","ping_status":"closed","template":"","meta":{"_mi_skip_tracking":false,"_exactmetrics_sitenote_active":false,"_exactmetrics_sitenote_note":"","_exactmetrics_sitenote_category":0,"spay_email":""},"product_cat":[5138],"product_tag":[],"brands":[{"id":5147,"name":"ASUS","slug":"asus"}],"df_price":1329,"df_sale_price":"","df_regular_price":1329,"df_image_link":"https:\/\/i2.wp.com\/astehshop.com\/wp-content\/uploads\/2026\/01\/38959-Asus-Vivobook-15-laptop-X1502VA-BQ581-1-2.webp?fit=450%2C450&ssl=1","jetpack_publicize_connections":[],"jetpack_sharing_enabled":true,"jetpack_likes_enabled":true,"jetpack-related-posts":[{"id":12098,"url":"https:\/\/astehshop.com\/index.php\/product\/laptop-hp-probook-450-g10-ak9r0atw\/","url_meta":{"origin":12085,"position":0},"title":"LAPTOP HP ProBook 450 G10 AK9R0ATW","date":"8. sije\u010dnja 2026.","format":false,"excerpt":"Veli\u010dina ekrana: 15.6\" FHD (1920 \u00d7 1080), IPS, narrow bezel, anti-glare, 250 nits, 45% NTSC Procesor: Intel Core i5-1334U (1.3 \u2013 4.6 GHz), 10 jezgri \/ 12 threadova, 12 MB cache Memorija: 16 GB DDR4 Hard disk: 512 GB SSD Grafi\u010dka karta: Intel Iris Xe Graphics (integrisana) Operativni sistem: Windows\u2026","rel":"","context":"Srodne objave","img":{"alt_text":"","src":"https:\/\/i2.wp.com\/astehshop.com\/wp-content\/uploads\/2026\/01\/39690-HP-ProBook-4-G1iR-16-laptop-B39ZHAT-3-1.webp?fit=450%2C450&ssl=1&resize=350%2C200","width":350,"height":200},"classes":[]},{"id":11998,"url":"https:\/\/astehshop.com\/index.php\/product\/laptop-lenovo-v15-g4-iru\/","url_meta":{"origin":12085,"position":1},"title":"LAPTOP LENOVO V15 G4 IRU","date":"26. prosinca 2025.","format":false,"excerpt":"Veli\u010dina ekrana: 15.6\" 1920 \u00d7 1080 px, FHD TN, 250 nits, anti-glare, 45% NTSC Procesor: Intel Core i3-1315U (3.3 \u2013 4.5 GHz), 6 jezgri \/ 8 threadova, 10 MB cache Memorija: 16 GB DDR4 Hard disk: 512 GB SSD Grafi\u010dka karta: Intel UHD Graphics (integrisana) Operativni sistem: Windows 11, MS\u2026","rel":"","context":"Srodne objave","img":{"alt_text":"","src":"https:\/\/i2.wp.com\/astehshop.com\/wp-content\/uploads\/2025\/12\/37652-LENOVO-V15-G4-IRU-laptop-83A100P4PB-2.webp?fit=450%2C450&ssl=1&resize=350%2C200","width":350,"height":200},"classes":[]},{"id":12009,"url":"https:\/\/astehshop.com\/index.php\/product\/laptop-lenovo-v15-g4-iru-83a100p4pbw\/","url_meta":{"origin":12085,"position":2},"title":"LAPTOP LENOVO V15 G4 IRU 83A100P4PBW","date":"26. prosinca 2025.","format":false,"excerpt":"Veli\u010dina ekrana: 15.6\" 1920 \u00d7 1080 px, FHD TN, 250 nits, anti-glare, 45% NTSC Procesor: Intel Core i3-1315U (3.3 \u2013 4.5 GHz), 6 jezgri \/ 8 threadova, 10 MB cache Memorija: 16 GB DDR4 Hard disk: 512 GB SSD Grafi\u010dka karta: Intel UHD Graphics (integrisana) Operativni sistem: Windows 11, MS\u2026","rel":"","context":"Srodne objave","img":{"alt_text":"","src":"https:\/\/i0.wp.com\/astehshop.com\/wp-content\/uploads\/2025\/12\/39085-LENOVO-V15-G4-IRU-laptop-83A100P4PBW-1.webp?fit=450%2C450&ssl=1&resize=350%2C200","width":350,"height":200},"classes":[]},{"id":12101,"url":"https:\/\/astehshop.com\/index.php\/product\/laptop-asus-vivobook-16-f1605va-ws74\/","url_meta":{"origin":12085,"position":3},"title":"LAPTOP ASUS Vivobook 16 F1605VA-WS74","date":"8. sije\u010dnja 2026.","format":false,"excerpt":"Veli\u010dina ekrana: 16\" WUXGA (1920 \u00d7 1200), IPS-level, 16:10, anti-glare, 300 nits, 60 Hz Procesor: Intel Core i7-1355U (3.7 \u2013 5.0 GHz), 10 jezgri \/ 12 threadova, 12 MB cache Memorija: 16 GB DDR4 Hard disk: 512 GB SSD Grafi\u010dka karta: Intel Iris Xe Graphics (integrisana) Operativni sistem: Windows 11\u2026","rel":"","context":"Srodne objave","img":{"alt_text":"","src":"https:\/\/i1.wp.com\/astehshop.com\/wp-content\/uploads\/2026\/01\/40020-ASUS-Vivobook-16-laptop-F1605VA-WS74-4.webp?fit=450%2C450&ssl=1&resize=350%2C200","width":350,"height":200},"classes":[]},{"id":12104,"url":"https:\/\/astehshop.com\/index.php\/product\/laptop-asus-vivobook-15-x1504va-bq1358w\/","url_meta":{"origin":12085,"position":4},"title":"LAPTOP ASUS VivoBook 15 X1504VA-BQ1358W","date":"8. sije\u010dnja 2026.","format":false,"excerpt":"Veli\u010dina ekrana: 15.6\" (1920 \u00d7 1080), Full HD Procesor: Intel Core i7-1355U (1.7 \u2013 5.0 GHz), 10 jezgri \/ 12 threadova, 12 MB cache Memorija: 16 GB DDR4 Hard disk: 1 TB SSD Grafi\u010dka karta: Intel Iris Xe Graphics (integrisana) Operativni sistem: Windows 11 + MS Office 2019","rel":"","context":"Srodne objave","img":{"alt_text":"","src":"https:\/\/i1.wp.com\/astehshop.com\/wp-content\/uploads\/2026\/01\/39371-ASUS-VivoBook-15-laptop-X1504VA-BQ1358-6.webp?fit=450%2C450&ssl=1&resize=350%2C200","width":350,"height":200},"classes":[]},{"id":12004,"url":"https:\/\/astehshop.com\/index.php\/product\/laptop-asus-vivobook-15-x1504va-bq2626\/","url_meta":{"origin":12085,"position":5},"title":"LAPTOP ASUS VivoBook 15 X1504VA-BQ2626","date":"26. prosinca 2025.","format":false,"excerpt":"Veli\u010dina ekrana: 15.6\" 1920 \u00d7 1080 px, FHD, 16:9, LED Backlit, IPS-level Panel, 60Hz, 250 nits, 45% NTSC, anti-glare Procesor: Intel Core i3-1315U (1.2 \u2013 4.5 GHz), 6 jezgri \/ 8 threadova, 10 MB cache Memorija: 16 GB DDR4 Hard disk: 512 GB SSD Grafi\u010dka karta: Intel UHD Graphics (integrisana)\u2026","rel":"","context":"Srodne objave","img":{"alt_text":"","src":"https:\/\/i2.wp.com\/astehshop.com\/wp-content\/uploads\/2025\/12\/39914-ASUS-VivoBook-15-laptop-X1504VA-BQ2445-4-1.webp?fit=450%2C450&ssl=1&resize=350%2C200","width":350,"height":200},"classes":[]}],"_links":{"self":[{"href":"https:\/\/astehshop.com\/index.php\/wp-json\/wp\/v2\/product\/12085"}],"collection":[{"href":"https:\/\/astehshop.com\/index.php\/wp-json\/wp\/v2\/product"}],"about":[{"href":"https:\/\/astehshop.com\/index.php\/wp-json\/wp\/v2\/types\/product"}],"replies":[{"embeddable":true,"href":"https:\/\/astehshop.com\/index.php\/wp-json\/wp\/v2\/comments?post=12085"}],"wp:featuredmedia":[{"embeddable":true,"href":"https:\/\/astehshop.com\/index.php\/wp-json\/wp\/v2\/media\/12087"}],"wp:attachment":[{"href":"https:\/\/astehshop.com\/index.php\/wp-json\/wp\/v2\/media?parent=12085"}],"wp:term":[{"taxonomy":"product_cat","embeddable":true,"href":"https:\/\/astehshop.com\/index.php\/wp-json\/wp\/v2\/product_cat?post=12085"},{"taxonomy":"product_tag","embeddable":true,"href":"https:\/\/astehshop.com\/index.php\/wp-json\/wp\/v2\/product_tag?post=12085"}],"curies":[{"name":"wp","href":"https:\/\/api.w.org\/{rel}","templated":true}]}}