{"id":12047,"date":"2025-12-30T15:35:52","date_gmt":"2025-12-30T14:35:52","guid":{"rendered":"http:\/\/astehshop.com\/?post_type=product&#038;p=12047"},"modified":"2025-12-30T15:35:55","modified_gmt":"2025-12-30T14:35:55","slug":"laptop-hp-probook-455-g9-9m3q0atw-16gb","status":"publish","type":"product","link":"https:\/\/astehshop.com\/index.php\/product\/laptop-hp-probook-455-g9-9m3q0atw-16gb\/","title":{"rendered":"LAPTOP HP ProBook 455 G9 9M3Q0ATW\/16GB"},"content":{"rendered":"<ul>\n<li data-start=\"181\" data-end=\"231\">\n<p data-start=\"183\" data-end=\"231\"><strong data-start=\"183\" data-end=\"203\">Veli\u010dina ekrana:<\/strong> 15.6&#8243; 1920 \u00d7 1080 px, IPS<\/p>\n<\/li>\n<li data-start=\"232\" data-end=\"321\">\n<p data-start=\"234\" data-end=\"321\"><strong data-start=\"234\" data-end=\"247\">Procesor:<\/strong> AMD Ryzen 5 5625U (2.3 \u2013 4.3 GHz), 6 jezgri \/ 12 threadova, 16 MB cache<\/p>\n<\/li>\n<li data-start=\"322\" data-end=\"350\">\n<p data-start=\"324\" data-end=\"350\"><strong data-start=\"324\" data-end=\"337\">Memorija:<\/strong> 16 GB DDR4<\/p>\n<\/li>\n<li data-start=\"351\" data-end=\"380\">\n<p data-start=\"353\" data-end=\"380\"><strong data-start=\"353\" data-end=\"367\">Hard disk:<\/strong> 512 GB SSD<\/p>\n<\/li>\n<li data-start=\"381\" data-end=\"438\">\n<p data-start=\"383\" data-end=\"438\"><strong data-start=\"383\" data-end=\"402\">Grafi\u010dka karta:<\/strong> AMD Radeon Graphics (integrisana)<\/p>\n<\/li>\n<li data-start=\"439\" data-end=\"497\">\n<p data-start=\"441\" data-end=\"497\"><strong data-start=\"441\" data-end=\"463\">Operativni sistem:<\/strong> Windows 11, MS Office 2019<\/p>\n<\/li>\n<li data-start=\"498\" data-end=\"533\">\n<p data-start=\"500\" data-end=\"533\"><strong data-start=\"500\" data-end=\"514\">Tastatura:<\/strong> BiH lokalizacija<\/p>\n<\/li>\n<li data-start=\"534\" data-end=\"563\">\n<p data-start=\"536\" data-end=\"563\"><strong data-start=\"536\" data-end=\"550\">Garancija:<\/strong> 12 mjeseci<\/p>\n<\/li>\n<li data-start=\"564\" data-end=\"587\">\n<p data-start=\"566\" data-end=\"587\"><strong data-start=\"566\" data-end=\"577\">Te\u017eina:<\/strong> 1.74 kg<\/p>\n<\/li>\n<li data-start=\"588\" data-end=\"606\">\n<p data-start=\"590\" data-end=\"606\"><strong data-start=\"590\" data-end=\"599\">Boja:<\/strong> Siva<\/p>\n<\/li>\n<li data-start=\"607\" data-end=\"834\">\n<p data-start=\"609\" data-end=\"622\"><strong data-start=\"609\" data-end=\"620\">Ostalo:<\/strong><\/p>\n<ul data-start=\"625\" data-end=\"834\">\n<li data-start=\"625\" data-end=\"664\">\n<p data-start=\"627\" data-end=\"664\">720p HD kamera sa privacy shutterom<\/p>\n<\/li>\n<li data-start=\"667\" data-end=\"674\">\n<p data-start=\"669\" data-end=\"674\">LAN<\/p>\n<\/li>\n<li data-start=\"677\" data-end=\"688\">\n<p data-start=\"679\" data-end=\"688\">Wi-Fi 6<\/p>\n<\/li>\n<li data-start=\"691\" data-end=\"708\">\n<p data-start=\"693\" data-end=\"708\">Bluetooth 5.3<\/p>\n<\/li>\n<li data-start=\"711\" data-end=\"731\">\n<p data-start=\"713\" data-end=\"731\">1\u00d7 USB-C 10 Gbps<\/p>\n<\/li>\n<li data-start=\"734\" data-end=\"753\">\n<p data-start=\"736\" data-end=\"753\">3\u00d7 USB-A 5 Gbps<\/p>\n<\/li>\n<li data-start=\"756\" data-end=\"769\">\n<p data-start=\"758\" data-end=\"769\">HDMI 2.0b<\/p>\n<\/li>\n<li data-start=\"772\" data-end=\"792\">\n<p data-start=\"774\" data-end=\"792\">Audio combo jack<\/p>\n<\/li>\n<li data-start=\"795\" data-end=\"834\">\n<p data-start=\"797\" data-end=\"834\">Baterija 42 Wh (3-\u0107elijska, Li-ion)<\/p>\n<\/li>\n<\/ul>\n<\/li>\n<\/ul>\n<p>&nbsp;<\/p>\n<p>&#x1f4cd; Li\u010dno preuzimanje ili slanje brzom po\u0161tom<\/p>\n<p><strong>Za sve dodatne informacije mozete nas kontaktirati na OLX poruke, 065824333 ili Viber<\/strong><\/p>\n<p><strong>\u00a0NUDIMO KUPOVINU NOVE ROBE NA RATE:<\/strong><\/p>\n<p><strong>-DO 18 RATA PREKO MIKROFIN KREDITNA ORGANIZACIJA<\/strong><\/p>\n<p><strong>-DO 12 RATA PREKO \u0160OPING KARTICE UNICREDIT BANK<\/strong><\/p>\n<p><strong>Trgovinska Radnja<\/strong><\/p>\n<p><strong>TECHNO SHOP BN<\/strong><\/p>\n<p><strong>Nikole Tesle 31a, Bijeljina<\/strong><\/p>\n<p><strong>(izme\u0111u Moja Apoteka i picerije Park Ne\u0161kovi\u0107)<\/strong><\/p>\n<p><strong>055\/422-599<\/strong><\/p>\n<p><strong>065\/824-333<\/strong><\/p>\n<p><strong>Radnim danima 09-19h<\/strong><\/p>\n<p><strong>Subotom 09-16h<\/strong><\/p>\n<p><strong>www.technoshopbn.com<\/strong><\/p>\n<p><strong>info@technoshopbn.com<\/strong><\/p>\n","protected":false},"excerpt":{"rendered":"<ul>\n<li data-start=\"181\" data-end=\"231\">\n<p data-start=\"183\" data-end=\"231\"><strong data-start=\"183\" data-end=\"203\">Veli\u010dina ekrana:<\/strong> 15.6&#8243; 1920 \u00d7 1080 px, IPS<\/p>\n<\/li>\n<li data-start=\"232\" data-end=\"321\">\n<p data-start=\"234\" data-end=\"321\"><strong data-start=\"234\" data-end=\"247\">Procesor:<\/strong> AMD Ryzen 5 5625U (2.3 \u2013 4.3 GHz), 6 jezgri \/ 12 threadova, 16 MB cache<\/p>\n<\/li>\n<li data-start=\"322\" data-end=\"350\">\n<p data-start=\"324\" data-end=\"350\"><strong data-start=\"324\" data-end=\"337\">Memorija:<\/strong> 16 GB DDR4<\/p>\n<\/li>\n<li data-start=\"351\" data-end=\"380\">\n<p data-start=\"353\" data-end=\"380\"><strong data-start=\"353\" data-end=\"367\">Hard disk:<\/strong> 512 GB SSD<\/p>\n<\/li>\n<li data-start=\"381\" data-end=\"438\">\n<p data-start=\"383\" data-end=\"438\"><strong data-start=\"383\" data-end=\"402\">Grafi\u010dka karta:<\/strong> AMD Radeon Graphics (integrisana)<\/p>\n<\/li>\n<li data-start=\"439\" data-end=\"497\">\n<p data-start=\"441\" data-end=\"497\"><strong data-start=\"441\" data-end=\"463\">Operativni sistem:<\/strong> Windows 11, MS Office 2019<\/p>\n<\/li>\n<\/ul>\n","protected":false},"featured_media":12048,"comment_status":"open","ping_status":"closed","template":"","meta":{"_mi_skip_tracking":false,"_exactmetrics_sitenote_active":false,"_exactmetrics_sitenote_note":"","_exactmetrics_sitenote_category":0,"spay_email":""},"product_cat":[5138],"product_tag":[],"brands":[{"id":5149,"name":"HP","slug":"hp"}],"df_price":1111,"df_sale_price":"","df_regular_price":1111,"df_image_link":"https:\/\/i1.wp.com\/astehshop.com\/wp-content\/uploads\/2025\/12\/36612-HP-ProBook-455-G9-laptop-9M3Q0AT-1.webp?fit=450%2C450&ssl=1","jetpack_publicize_connections":[],"jetpack_sharing_enabled":true,"jetpack_likes_enabled":true,"jetpack-related-posts":[{"id":11983,"url":"https:\/\/astehshop.com\/index.php\/product\/laptop-acer-aspire-3-a325-42\/","url_meta":{"origin":12047,"position":0},"title":"LAPTOP ACER Aspire 3 A325-42","date":"26. prosinca 2025.","format":false,"excerpt":"Veli\u010dina ekrana: 15.6\" 1920 \u00d7 1080 px, FHD, IPS Procesor: AMD Ryzen 3 7330U (2.3 \u2013 4.3 GHz), 4 jezgre \/ 8 threadova, 8 MB cache Memorija: 16 GB DDR4 Hard disk: 512 GB SSD Grafi\u010dka karta: AMD Radeon Graphics (integrisana) Operativni sistem: Windows 11, MS Office 2019","rel":"","context":"Srodne objave","img":{"alt_text":"","src":"https:\/\/i0.wp.com\/astehshop.com\/wp-content\/uploads\/2025\/12\/39077-ACER-Aspire-3-laptop-A325-42-4.webp?fit=450%2C450&ssl=1&resize=350%2C200","width":350,"height":200},"classes":[]},{"id":12028,"url":"https:\/\/astehshop.com\/index.php\/product\/laptop-asus-vivobook-15-m1502ya-bq927w\/","url_meta":{"origin":12047,"position":1},"title":"LAPTOP ASUS Vivobook 15 M1502YA-BQ927W","date":"27. prosinca 2025.","format":false,"excerpt":"\u2022 Veli\u010dina ekrana: 15.6\" 1920 \u00d7 1080 px, FHD, IPS-level panel, LED backlit, anti-glare, 60 Hz, 250 nits, 45% NTSC, screen-to-body ratio 82%\u2022 Procesor: AMD Ryzen 7 5825U (2.0 \u2013 4.5 GHz), 8 jezgri \/ 16 threadova, 16 MB cache\u2022 Memorija: 16 GB DDR4\u2022 Hard disk: 512 GB SSD\u2022 Grafi\u010dka\u2026","rel":"","context":"Srodne objave","img":{"alt_text":"","src":"https:\/\/i0.wp.com\/astehshop.com\/wp-content\/uploads\/2025\/12\/39501-ASUS-Vivobook-15-laptop-M1502YA-BQ927-5.webp?fit=450%2C450&ssl=1&resize=350%2C200","width":350,"height":200},"classes":[]},{"id":12113,"url":"https:\/\/astehshop.com\/index.php\/product\/gaming-laptop-hp-victus-15-fb2063dx\/","url_meta":{"origin":12047,"position":2},"title":"GAMING LAPTOP HP Victus 15-fb2063dx","date":"8. sije\u010dnja 2026.","format":false,"excerpt":"Veli\u010dina ekrana: 15.6\" FHD (1920 \u00d7 1080), IPS, 144 Hz, anti-glare, 300 nits, 62.5% sRGB, AMD FreeSync Premium Procesor: AMD Ryzen 5 7535HS (3.3 \u2013 4.55 GHz), 6 jezgri \/ 12 threadova, 16 MB cache Memorija: 16 GB DDR5 Hard disk: 512 GB SSD Grafi\u010dka karta: AMD Radeon RX 6550M\u2026","rel":"","context":"Srodne objave","img":{"alt_text":"","src":"https:\/\/i2.wp.com\/astehshop.com\/wp-content\/uploads\/2026\/01\/37326-HP-Victus-15-fb2063-Gaming-laptop-9Z7L4UA-6.webp?fit=450%2C450&ssl=1&resize=350%2C200","width":350,"height":200},"classes":[]},{"id":11994,"url":"https:\/\/astehshop.com\/index.php\/product\/laptop-asus-vivobook-go-15-e1504fa-bq2337\/","url_meta":{"origin":12047,"position":3},"title":"LAPTOP ASUS Vivobook Go 15 E1504FA-BQ2337","date":"26. prosinca 2025.","format":false,"excerpt":"Veli\u010dina ekrana: 15.6\" 1920 \u00d7 1080 px, IPS, 60 Hz, 250 nits, 45% NTSC, anti-glare, T\u00dcV Rheinland-certified Procesor: AMD Ryzen 3 7320U (2.4 \u2013 4.1 GHz), 4 jezgre \/ 8 threadova, 4 MB cache Memorija: 16 GB DDR5 Hard disk: 512 GB SSD Grafi\u010dka karta: AMD Radeon Graphics (integrisana) Operativni\u2026","rel":"","context":"Srodne objave","img":{"alt_text":"","src":"https:\/\/i2.wp.com\/astehshop.com\/wp-content\/uploads\/2025\/12\/39789-ASUS-Vivobook-Go-15-laptop-E1504FA-BQ2337-4.webp?fit=450%2C450&ssl=1&resize=350%2C200","width":350,"height":200},"classes":[]},{"id":12126,"url":"https:\/\/astehshop.com\/index.php\/product\/laptop-lenovo-thinkbook-16-g7-arp\/","url_meta":{"origin":12047,"position":4},"title":"LAPTOP LENOVO ThinkBook 16 G7 ARP","date":"8. sije\u010dnja 2026.","format":false,"excerpt":"Veli\u010dina ekrana: 16.0\" 1920 \u00d7 1200 px, IPS, anti-glare, 300 nits, 45% NTSC Procesor: AMD Ryzen 5 7533HS (3.3 \u2013 4.55 GHz), 6 jezgri \/ 12 threadova, 16 MB cache Memorija: 16 GB DDR5 Hard disk: 1000 GB SSD Grafi\u010dka karta: AMD Radeon Graphics (integrisana) Operativni sistem: Windows 11 +\u2026","rel":"","context":"Srodne objave","img":{"alt_text":"","src":"https:\/\/i0.wp.com\/astehshop.com\/wp-content\/uploads\/2026\/01\/39911-LENOVO-ThinkBook-16-G7-ARP-laptop-21MW009SUS-2.webp?fit=450%2C450&ssl=1&resize=350%2C200","width":350,"height":200},"classes":[]},{"id":12044,"url":"https:\/\/astehshop.com\/index.php\/product\/laptop-lenovo-v15-g4-abp-82yy0013rm\/","url_meta":{"origin":12047,"position":5},"title":"LAPTOP LENOVO V15 G4 ABP 82YY0013RM","date":"27. prosinca 2025.","format":false,"excerpt":"Veli\u010dina ekrana: 15.6\" 1920 \u00d7 1080 px, TN Procesor: AMD Ryzen 7 7730U (2.0 \u2013 4.5 GHz), 8 jezgri \/ 16 threadova, 16 MB cache Memorija: 16 GB DDR4 Hard disk: 512 GB SSD Grafi\u010dka karta: AMD Radeon Graphics (integrisana) Operativni sistem: Windows 11 Pro + MS Office 2019","rel":"","context":"Srodne objave","img":{"alt_text":"","src":"https:\/\/i1.wp.com\/astehshop.com\/wp-content\/uploads\/2025\/12\/39017-LENOVO-V15-G4-ABP-laptop-82YY0013RM-1-1.webp?fit=450%2C450&ssl=1&resize=350%2C200","width":350,"height":200},"classes":[]}],"_links":{"self":[{"href":"https:\/\/astehshop.com\/index.php\/wp-json\/wp\/v2\/product\/12047"}],"collection":[{"href":"https:\/\/astehshop.com\/index.php\/wp-json\/wp\/v2\/product"}],"about":[{"href":"https:\/\/astehshop.com\/index.php\/wp-json\/wp\/v2\/types\/product"}],"replies":[{"embeddable":true,"href":"https:\/\/astehshop.com\/index.php\/wp-json\/wp\/v2\/comments?post=12047"}],"wp:featuredmedia":[{"embeddable":true,"href":"https:\/\/astehshop.com\/index.php\/wp-json\/wp\/v2\/media\/12048"}],"wp:attachment":[{"href":"https:\/\/astehshop.com\/index.php\/wp-json\/wp\/v2\/media?parent=12047"}],"wp:term":[{"taxonomy":"product_cat","embeddable":true,"href":"https:\/\/astehshop.com\/index.php\/wp-json\/wp\/v2\/product_cat?post=12047"},{"taxonomy":"product_tag","embeddable":true,"href":"https:\/\/astehshop.com\/index.php\/wp-json\/wp\/v2\/product_tag?post=12047"}],"curies":[{"name":"wp","href":"https:\/\/api.w.org\/{rel}","templated":true}]}}