{"id":12044,"date":"2025-12-27T15:18:50","date_gmt":"2025-12-27T14:18:50","guid":{"rendered":"http:\/\/astehshop.com\/?post_type=product&#038;p=12044"},"modified":"2025-12-27T15:18:52","modified_gmt":"2025-12-27T14:18:52","slug":"laptop-lenovo-v15-g4-abp-82yy0013rm","status":"publish","type":"product","link":"https:\/\/astehshop.com\/index.php\/product\/laptop-lenovo-v15-g4-abp-82yy0013rm\/","title":{"rendered":"LAPTOP LENOVO V15 G4 ABP 82YY0013RM"},"content":{"rendered":"<ul>\n<li data-start=\"188\" data-end=\"237\">\n<p data-start=\"190\" data-end=\"237\"><strong data-start=\"190\" data-end=\"210\">Veli\u010dina ekrana:<\/strong> 15.6&#8243; 1920 \u00d7 1080 px, TN<\/p>\n<\/li>\n<li data-start=\"238\" data-end=\"327\">\n<p data-start=\"240\" data-end=\"327\"><strong data-start=\"240\" data-end=\"253\">Procesor:<\/strong> AMD Ryzen 7 7730U (2.0 \u2013 4.5 GHz), 8 jezgri \/ 16 threadova, 16 MB cache<\/p>\n<\/li>\n<li data-start=\"328\" data-end=\"356\">\n<p data-start=\"330\" data-end=\"356\"><strong data-start=\"330\" data-end=\"343\">Memorija:<\/strong> 16 GB DDR4<\/p>\n<\/li>\n<li data-start=\"357\" data-end=\"386\">\n<p data-start=\"359\" data-end=\"386\"><strong data-start=\"359\" data-end=\"373\">Hard disk:<\/strong> 512 GB SSD<\/p>\n<\/li>\n<li data-start=\"387\" data-end=\"444\">\n<p data-start=\"389\" data-end=\"444\"><strong data-start=\"389\" data-end=\"408\">Grafi\u010dka karta:<\/strong> AMD Radeon Graphics (integrisana)<\/p>\n<\/li>\n<li data-start=\"445\" data-end=\"503\">\n<p data-start=\"447\" data-end=\"503\"><strong data-start=\"447\" data-end=\"469\">Operativni sistem:<\/strong> Windows 11 Pro + MS Office 2019<\/p>\n<\/li>\n<li data-start=\"504\" data-end=\"541\">\n<p data-start=\"506\" data-end=\"541\"><strong data-start=\"506\" data-end=\"520\">Tastatura:<\/strong> US-Internacionalna<\/p>\n<\/li>\n<li data-start=\"542\" data-end=\"571\">\n<p data-start=\"544\" data-end=\"571\"><strong data-start=\"544\" data-end=\"558\">Garancija:<\/strong> 24 mjeseca<\/p>\n<\/li>\n<li data-start=\"572\" data-end=\"595\">\n<p data-start=\"574\" data-end=\"595\"><strong data-start=\"574\" data-end=\"585\">Te\u017eina:<\/strong> 1.63 kg<\/p>\n<\/li>\n<li data-start=\"596\" data-end=\"614\">\n<p data-start=\"598\" data-end=\"614\"><strong data-start=\"598\" data-end=\"607\">Boja:<\/strong> Crna<\/p>\n<\/li>\n<li data-start=\"615\" data-end=\"747\">\n<p data-start=\"617\" data-end=\"747\"><strong data-start=\"617\" data-end=\"628\">Ostalo:<\/strong> WebCam, Wi-Fi 6, LAN, Bluetooth 5.2, HDMI, USB 2.0, USB 3.2 Type-A, USB 3.2 Type-C, combo audio jack, baterija 38 Wh<\/p>\n<\/li>\n<\/ul>\n<p>&nbsp;<\/p>\n<p><strong>Za sve dodatne informacije mozete nas kontaktirati na OLX poruke, 065824333 ili Viber<\/strong><\/p>\n<p><strong>\u00a0NUDIMO KUPOVINU NOVE ROBE NA RATE:<\/strong><\/p>\n<p><strong>-DO 18 RATA PREKO MIKROFIN KREDITNA ORGANIZACIJA<\/strong><\/p>\n<p><strong>-DO 12 RATA PREKO \u0160OPING KARTICE UNICREDIT BANK<\/strong><\/p>\n<p><strong>Trgovinska Radnja<\/strong><\/p>\n<p><strong>TECHNO SHOP BN<\/strong><\/p>\n<p><strong>Nikole Tesle 31a, Bijeljina<\/strong><\/p>\n<p><strong>(izme\u0111u Moja Apoteka i picerije Park Ne\u0161kovi\u0107)<\/strong><\/p>\n<p><strong>055\/422-599<\/strong><\/p>\n<p><strong>065\/824-333<\/strong><\/p>\n<p><strong>Radnim danima 09-19h<\/strong><\/p>\n<p><strong>Subotom 09-16h<\/strong><\/p>\n<p><strong>www.technoshopbn.com<\/strong><\/p>\n<p><strong>info@technoshopbn.com<\/strong><\/p>\n<p>&nbsp;<\/p>\n","protected":false},"excerpt":{"rendered":"<ul>\n<li data-start=\"188\" data-end=\"237\">\n<p data-start=\"190\" data-end=\"237\"><strong data-start=\"190\" data-end=\"210\">Veli\u010dina ekrana:<\/strong> 15.6&#8243; 1920 \u00d7 1080 px, TN<\/p>\n<\/li>\n<li data-start=\"238\" data-end=\"327\">\n<p data-start=\"240\" data-end=\"327\"><strong data-start=\"240\" data-end=\"253\">Procesor:<\/strong> AMD Ryzen 7 7730U (2.0 \u2013 4.5 GHz), 8 jezgri \/ 16 threadova, 16 MB cache<\/p>\n<\/li>\n<li data-start=\"328\" data-end=\"356\">\n<p data-start=\"330\" data-end=\"356\"><strong data-start=\"330\" data-end=\"343\">Memorija:<\/strong> 16 GB DDR4<\/p>\n<\/li>\n<li data-start=\"357\" data-end=\"386\">\n<p data-start=\"359\" data-end=\"386\"><strong data-start=\"359\" data-end=\"373\">Hard disk:<\/strong> 512 GB SSD<\/p>\n<\/li>\n<li data-start=\"387\" data-end=\"444\">\n<p data-start=\"389\" data-end=\"444\"><strong data-start=\"389\" data-end=\"408\">Grafi\u010dka karta:<\/strong> AMD Radeon Graphics (integrisana)<\/p>\n<\/li>\n<li data-start=\"445\" data-end=\"503\">\n<p data-start=\"447\" data-end=\"503\"><strong data-start=\"447\" data-end=\"469\">Operativni sistem:<\/strong> Windows 11 Pro + MS Office 2019<\/p>\n<\/li>\n<\/ul>\n","protected":false},"featured_media":12045,"comment_status":"open","ping_status":"closed","template":"","meta":{"_mi_skip_tracking":false,"_exactmetrics_sitenote_active":false,"_exactmetrics_sitenote_note":"","_exactmetrics_sitenote_category":0,"spay_email":""},"product_cat":[5138],"product_tag":[],"brands":[{"id":5148,"name":"LENOVO","slug":"lenovo"}],"df_price":1089,"df_sale_price":"","df_regular_price":1089,"df_image_link":"https:\/\/i1.wp.com\/astehshop.com\/wp-content\/uploads\/2025\/12\/39017-LENOVO-V15-G4-ABP-laptop-82YY0013RM-1-1.webp?fit=450%2C450&ssl=1","jetpack_publicize_connections":[],"jetpack_sharing_enabled":true,"jetpack_likes_enabled":true,"jetpack-related-posts":[{"id":11983,"url":"https:\/\/astehshop.com\/index.php\/product\/laptop-acer-aspire-3-a325-42\/","url_meta":{"origin":12044,"position":0},"title":"LAPTOP ACER Aspire 3 A325-42","date":"26. prosinca 2025.","format":false,"excerpt":"Veli\u010dina ekrana: 15.6\" 1920 \u00d7 1080 px, FHD, IPS Procesor: AMD Ryzen 3 7330U (2.3 \u2013 4.3 GHz), 4 jezgre \/ 8 threadova, 8 MB cache Memorija: 16 GB DDR4 Hard disk: 512 GB SSD Grafi\u010dka karta: AMD Radeon Graphics (integrisana) Operativni sistem: Windows 11, MS Office 2019","rel":"","context":"Srodne objave","img":{"alt_text":"","src":"https:\/\/i0.wp.com\/astehshop.com\/wp-content\/uploads\/2025\/12\/39077-ACER-Aspire-3-laptop-A325-42-4.webp?fit=450%2C450&ssl=1&resize=350%2C200","width":350,"height":200},"classes":[]},{"id":12028,"url":"https:\/\/astehshop.com\/index.php\/product\/laptop-asus-vivobook-15-m1502ya-bq927w\/","url_meta":{"origin":12044,"position":1},"title":"LAPTOP ASUS Vivobook 15 M1502YA-BQ927W","date":"27. prosinca 2025.","format":false,"excerpt":"\u2022 Veli\u010dina ekrana: 15.6\" 1920 \u00d7 1080 px, FHD, IPS-level panel, LED backlit, anti-glare, 60 Hz, 250 nits, 45% NTSC, screen-to-body ratio 82%\u2022 Procesor: AMD Ryzen 7 5825U (2.0 \u2013 4.5 GHz), 8 jezgri \/ 16 threadova, 16 MB cache\u2022 Memorija: 16 GB DDR4\u2022 Hard disk: 512 GB SSD\u2022 Grafi\u010dka\u2026","rel":"","context":"Srodne objave","img":{"alt_text":"","src":"https:\/\/i0.wp.com\/astehshop.com\/wp-content\/uploads\/2025\/12\/39501-ASUS-Vivobook-15-laptop-M1502YA-BQ927-5.webp?fit=450%2C450&ssl=1&resize=350%2C200","width":350,"height":200},"classes":[]},{"id":12113,"url":"https:\/\/astehshop.com\/index.php\/product\/gaming-laptop-hp-victus-15-fb2063dx\/","url_meta":{"origin":12044,"position":2},"title":"GAMING LAPTOP HP Victus 15-fb2063dx","date":"8. sije\u010dnja 2026.","format":false,"excerpt":"Veli\u010dina ekrana: 15.6\" FHD (1920 \u00d7 1080), IPS, 144 Hz, anti-glare, 300 nits, 62.5% sRGB, AMD FreeSync Premium Procesor: AMD Ryzen 5 7535HS (3.3 \u2013 4.55 GHz), 6 jezgri \/ 12 threadova, 16 MB cache Memorija: 16 GB DDR5 Hard disk: 512 GB SSD Grafi\u010dka karta: AMD Radeon RX 6550M\u2026","rel":"","context":"Srodne objave","img":{"alt_text":"","src":"https:\/\/i2.wp.com\/astehshop.com\/wp-content\/uploads\/2026\/01\/37326-HP-Victus-15-fb2063-Gaming-laptop-9Z7L4UA-6.webp?fit=450%2C450&ssl=1&resize=350%2C200","width":350,"height":200},"classes":[]},{"id":12002,"url":"https:\/\/astehshop.com\/index.php\/product\/laptop-hp-250-g10-b3aa2at-16gb\/","url_meta":{"origin":12044,"position":3},"title":"LAPTOP HP 250 G10 B3AA2AT\/16GB","date":"26. prosinca 2025.","format":false,"excerpt":"Veli\u010dina ekrana: 15.6\" 1920 \u00d7 1080 px Procesor: Intel Core i3-1315U (1.2 \u2013 4.5 GHz), 6 jezgri \/ 8 threadova, 10 MB cache Memorija: 16 GB DDR4 Hard disk: 512 GB SSD Grafi\u010dka karta: Intel Iris Xe Graphics (integrisana) Operativni sistem: Windows 11, MS Office 2019","rel":"","context":"Srodne objave","img":{"alt_text":"","src":"https:\/\/i2.wp.com\/astehshop.com\/wp-content\/uploads\/2025\/12\/39573-HP-250-G10-laptop-B3AA2AT-3.webp?fit=450%2C450&ssl=1&resize=350%2C200","width":350,"height":200},"classes":[]},{"id":12126,"url":"https:\/\/astehshop.com\/index.php\/product\/laptop-lenovo-thinkbook-16-g7-arp\/","url_meta":{"origin":12044,"position":4},"title":"LAPTOP LENOVO ThinkBook 16 G7 ARP","date":"8. sije\u010dnja 2026.","format":false,"excerpt":"Veli\u010dina ekrana: 16.0\" 1920 \u00d7 1200 px, IPS, anti-glare, 300 nits, 45% NTSC Procesor: AMD Ryzen 5 7533HS (3.3 \u2013 4.55 GHz), 6 jezgri \/ 12 threadova, 16 MB cache Memorija: 16 GB DDR5 Hard disk: 1000 GB SSD Grafi\u010dka karta: AMD Radeon Graphics (integrisana) Operativni sistem: Windows 11 +\u2026","rel":"","context":"Srodne objave","img":{"alt_text":"","src":"https:\/\/i0.wp.com\/astehshop.com\/wp-content\/uploads\/2026\/01\/39911-LENOVO-ThinkBook-16-G7-ARP-laptop-21MW009SUS-2.webp?fit=450%2C450&ssl=1&resize=350%2C200","width":350,"height":200},"classes":[]},{"id":11994,"url":"https:\/\/astehshop.com\/index.php\/product\/laptop-asus-vivobook-go-15-e1504fa-bq2337\/","url_meta":{"origin":12044,"position":5},"title":"LAPTOP ASUS Vivobook Go 15 E1504FA-BQ2337","date":"26. prosinca 2025.","format":false,"excerpt":"Veli\u010dina ekrana: 15.6\" 1920 \u00d7 1080 px, IPS, 60 Hz, 250 nits, 45% NTSC, anti-glare, T\u00dcV Rheinland-certified Procesor: AMD Ryzen 3 7320U (2.4 \u2013 4.1 GHz), 4 jezgre \/ 8 threadova, 4 MB cache Memorija: 16 GB DDR5 Hard disk: 512 GB SSD Grafi\u010dka karta: AMD Radeon Graphics (integrisana) Operativni\u2026","rel":"","context":"Srodne objave","img":{"alt_text":"","src":"https:\/\/i2.wp.com\/astehshop.com\/wp-content\/uploads\/2025\/12\/39789-ASUS-Vivobook-Go-15-laptop-E1504FA-BQ2337-4.webp?fit=450%2C450&ssl=1&resize=350%2C200","width":350,"height":200},"classes":[]}],"_links":{"self":[{"href":"https:\/\/astehshop.com\/index.php\/wp-json\/wp\/v2\/product\/12044"}],"collection":[{"href":"https:\/\/astehshop.com\/index.php\/wp-json\/wp\/v2\/product"}],"about":[{"href":"https:\/\/astehshop.com\/index.php\/wp-json\/wp\/v2\/types\/product"}],"replies":[{"embeddable":true,"href":"https:\/\/astehshop.com\/index.php\/wp-json\/wp\/v2\/comments?post=12044"}],"wp:featuredmedia":[{"embeddable":true,"href":"https:\/\/astehshop.com\/index.php\/wp-json\/wp\/v2\/media\/12045"}],"wp:attachment":[{"href":"https:\/\/astehshop.com\/index.php\/wp-json\/wp\/v2\/media?parent=12044"}],"wp:term":[{"taxonomy":"product_cat","embeddable":true,"href":"https:\/\/astehshop.com\/index.php\/wp-json\/wp\/v2\/product_cat?post=12044"},{"taxonomy":"product_tag","embeddable":true,"href":"https:\/\/astehshop.com\/index.php\/wp-json\/wp\/v2\/product_tag?post=12044"}],"curies":[{"name":"wp","href":"https:\/\/api.w.org\/{rel}","templated":true}]}}