{"id":12030,"date":"2025-12-27T15:04:17","date_gmt":"2025-12-27T14:04:17","guid":{"rendered":"http:\/\/astehshop.com\/?post_type=product&#038;p=12030"},"modified":"2025-12-27T15:04:21","modified_gmt":"2025-12-27T14:04:21","slug":"laptop-asus-vivobook-15-f1504vap-wh56","status":"publish","type":"product","link":"https:\/\/astehshop.com\/index.php\/product\/laptop-asus-vivobook-15-f1504vap-wh56\/","title":{"rendered":"LAPTOP ASUS VivoBook 15 F1504VAP-WH56"},"content":{"rendered":"<p data-start=\"193\" data-end=\"863\">\u2022 <strong data-start=\"195\" data-end=\"215\">Veli\u010dina ekrana:<\/strong> 15.6&#8243; (1920 \u00d7 1080 px), FHD, 16:9, Anti-glare, 60 Hz, ~250 nits, ~45% NTSC<br data-start=\"290\" data-end=\"293\" \/>\u2022 <strong data-start=\"295\" data-end=\"308\">Procesor:<\/strong> Intel Core 5 120U (1.4 \u2013 5.0 GHz), 10 jezgri \/ 12 threadova, 12 MB cache<br data-start=\"381\" data-end=\"384\" \/>\u2022 <strong data-start=\"386\" data-end=\"399\">Memorija:<\/strong> 16 GB DDR4<br data-start=\"410\" data-end=\"413\" \/>\u2022 <strong data-start=\"415\" data-end=\"429\">Hard disk:<\/strong> 512 GB SSD<br data-start=\"440\" data-end=\"443\" \/>\u2022 <strong data-start=\"445\" data-end=\"464\">Grafi\u010dka karta:<\/strong> Intel UHD Graphics (integrisana)<br data-start=\"497\" data-end=\"500\" \/>\u2022 <strong data-start=\"502\" data-end=\"524\">Operativni sistem:<\/strong> Windows 11 + MS Office 2019<br data-start=\"552\" data-end=\"555\" \/>\u2022 <strong data-start=\"557\" data-end=\"571\">Tastatura:<\/strong> US-Internacionalna, bijelo pozadinsko osvjetljenje<br data-start=\"622\" data-end=\"625\" \/>\u2022 <strong data-start=\"627\" data-end=\"641\">Garancija:<\/strong> 12 mjeseci<br data-start=\"652\" data-end=\"655\" \/>\u2022 <strong data-start=\"657\" data-end=\"668\">Te\u017eina:<\/strong> 1.7 kg<br data-start=\"675\" data-end=\"678\" \/>\u2022 <strong data-start=\"680\" data-end=\"689\">Boja:<\/strong> Srebrna<br data-start=\"697\" data-end=\"700\" \/>\u2022 <strong data-start=\"702\" data-end=\"713\">Ostalo:<\/strong> 720p HD kamera sa privacy shutter-om, Wi-Fi 6, Bluetooth 5.2,<br data-start=\"775\" data-end=\"778\" \/>\u2003\u20031\u00d7 USB 2.0, 2\u00d7 USB 3.2 Gen 1 Type-A, 1\u00d7 USB-C 3.2 Gen 1, HDMI 1.4, baterija 42 Wh<\/p>\n<p data-start=\"193\" data-end=\"863\">\n<p><strong>Za sve dodatne informacije mozete nas kontaktirati na OLX poruke, 065824333 ili Viber<\/strong><\/p>\n<p><strong>\u00a0NUDIMO KUPOVINU NOVE ROBE NA RATE:<\/strong><\/p>\n<p><strong>-DO 18 RATA PREKO MIKROFIN KREDITNA ORGANIZACIJA<\/strong><\/p>\n<p><strong>-DO 12 RATA PREKO \u0160OPING KARTICE UNICREDIT BANK<\/strong><\/p>\n<p><strong>Trgovinska Radnja<\/strong><\/p>\n<p><strong>TECHNO SHOP BN<\/strong><\/p>\n<p><strong>Nikole Tesle 31a, Bijeljina<\/strong><\/p>\n<p><strong>(izme\u0111u Moja Apoteka i picerije Park Ne\u0161kovi\u0107)<\/strong><\/p>\n<p><strong>055\/422-599<\/strong><\/p>\n<p><strong>065\/824-333<\/strong><\/p>\n<p><strong>Radnim danima 09-19h<\/strong><\/p>\n<p><strong>Subotom 09-16h<\/strong><\/p>\n<p><strong>www.technoshopbn.com<\/strong><\/p>\n<p><strong>info@technoshopbn.com<\/strong><\/p>\n<h3 data-start=\"865\" data-end=\"890\"><\/h3>\n","protected":false},"excerpt":{"rendered":"<p>\u2022 <strong data-start=\"195\" data-end=\"215\">Veli\u010dina ekrana:<\/strong> 15.6&#8243; (1920 \u00d7 1080 px), FHD, 16:9, Anti-glare, 60 Hz, ~250 nits, ~45% NTSC<br data-start=\"290\" data-end=\"293\" \/>\u2022 <strong data-start=\"295\" data-end=\"308\">Procesor:<\/strong> Intel Core 5 120U (1.4 \u2013 5.0 GHz), 10 jezgri \/ 12 threadova, 12 MB cache<br data-start=\"381\" data-end=\"384\" \/>\u2022 <strong data-start=\"386\" data-end=\"399\">Memorija:<\/strong> 16 GB DDR4<br data-start=\"410\" data-end=\"413\" \/>\u2022 <strong data-start=\"415\" data-end=\"429\">Hard disk:<\/strong> 512 GB SSD<br data-start=\"440\" data-end=\"443\" \/>\u2022 <strong data-start=\"445\" data-end=\"464\">Grafi\u010dka karta:<\/strong> Intel UHD Graphics (integrisana)<br data-start=\"497\" data-end=\"500\" \/>\u2022 <strong data-start=\"502\" data-end=\"524\">Operativni sistem:<\/strong> Windows 11 + MS Office 2019<\/p>\n","protected":false},"featured_media":12031,"comment_status":"open","ping_status":"closed","template":"","meta":{"_mi_skip_tracking":false,"_exactmetrics_sitenote_active":false,"_exactmetrics_sitenote_note":"","_exactmetrics_sitenote_category":0,"spay_email":""},"product_cat":[5138],"product_tag":[],"brands":[{"id":5147,"name":"ASUS","slug":"asus"}],"df_price":1069,"df_sale_price":"","df_regular_price":1069,"df_image_link":"https:\/\/i2.wp.com\/astehshop.com\/wp-content\/uploads\/2025\/12\/39669-ASUS-VivoBook-15-laptop-F1504VAP-WH56-2.webp?fit=450%2C450&ssl=1","jetpack_publicize_connections":[],"jetpack_sharing_enabled":true,"jetpack_likes_enabled":true,"jetpack-related-posts":[{"id":11998,"url":"https:\/\/astehshop.com\/index.php\/product\/laptop-lenovo-v15-g4-iru\/","url_meta":{"origin":12030,"position":0},"title":"LAPTOP LENOVO V15 G4 IRU","date":"26. prosinca 2025.","format":false,"excerpt":"Veli\u010dina ekrana: 15.6\" 1920 \u00d7 1080 px, FHD TN, 250 nits, anti-glare, 45% NTSC Procesor: Intel Core i3-1315U (3.3 \u2013 4.5 GHz), 6 jezgri \/ 8 threadova, 10 MB cache Memorija: 16 GB DDR4 Hard disk: 512 GB SSD Grafi\u010dka karta: Intel UHD Graphics (integrisana) Operativni sistem: Windows 11, MS\u2026","rel":"","context":"Srodne objave","img":{"alt_text":"","src":"https:\/\/i2.wp.com\/astehshop.com\/wp-content\/uploads\/2025\/12\/37652-LENOVO-V15-G4-IRU-laptop-83A100P4PB-2.webp?fit=450%2C450&ssl=1&resize=350%2C200","width":350,"height":200},"classes":[]},{"id":12009,"url":"https:\/\/astehshop.com\/index.php\/product\/laptop-lenovo-v15-g4-iru-83a100p4pbw\/","url_meta":{"origin":12030,"position":1},"title":"LAPTOP LENOVO V15 G4 IRU 83A100P4PBW","date":"26. prosinca 2025.","format":false,"excerpt":"Veli\u010dina ekrana: 15.6\" 1920 \u00d7 1080 px, FHD TN, 250 nits, anti-glare, 45% NTSC Procesor: Intel Core i3-1315U (3.3 \u2013 4.5 GHz), 6 jezgri \/ 8 threadova, 10 MB cache Memorija: 16 GB DDR4 Hard disk: 512 GB SSD Grafi\u010dka karta: Intel UHD Graphics (integrisana) Operativni sistem: Windows 11, MS\u2026","rel":"","context":"Srodne objave","img":{"alt_text":"","src":"https:\/\/i0.wp.com\/astehshop.com\/wp-content\/uploads\/2025\/12\/39085-LENOVO-V15-G4-IRU-laptop-83A100P4PBW-1.webp?fit=450%2C450&ssl=1&resize=350%2C200","width":350,"height":200},"classes":[]},{"id":12098,"url":"https:\/\/astehshop.com\/index.php\/product\/laptop-hp-probook-450-g10-ak9r0atw\/","url_meta":{"origin":12030,"position":2},"title":"LAPTOP HP ProBook 450 G10 AK9R0ATW","date":"8. sije\u010dnja 2026.","format":false,"excerpt":"Veli\u010dina ekrana: 15.6\" FHD (1920 \u00d7 1080), IPS, narrow bezel, anti-glare, 250 nits, 45% NTSC Procesor: Intel Core i5-1334U (1.3 \u2013 4.6 GHz), 10 jezgri \/ 12 threadova, 12 MB cache Memorija: 16 GB DDR4 Hard disk: 512 GB SSD Grafi\u010dka karta: Intel Iris Xe Graphics (integrisana) Operativni sistem: Windows\u2026","rel":"","context":"Srodne objave","img":{"alt_text":"","src":"https:\/\/i2.wp.com\/astehshop.com\/wp-content\/uploads\/2026\/01\/39690-HP-ProBook-4-G1iR-16-laptop-B39ZHAT-3-1.webp?fit=450%2C450&ssl=1&resize=350%2C200","width":350,"height":200},"classes":[]},{"id":12004,"url":"https:\/\/astehshop.com\/index.php\/product\/laptop-asus-vivobook-15-x1504va-bq2626\/","url_meta":{"origin":12030,"position":3},"title":"LAPTOP ASUS VivoBook 15 X1504VA-BQ2626","date":"26. prosinca 2025.","format":false,"excerpt":"Veli\u010dina ekrana: 15.6\" 1920 \u00d7 1080 px, FHD, 16:9, LED Backlit, IPS-level Panel, 60Hz, 250 nits, 45% NTSC, anti-glare Procesor: Intel Core i3-1315U (1.2 \u2013 4.5 GHz), 6 jezgri \/ 8 threadova, 10 MB cache Memorija: 16 GB DDR4 Hard disk: 512 GB SSD Grafi\u010dka karta: Intel UHD Graphics (integrisana)\u2026","rel":"","context":"Srodne objave","img":{"alt_text":"","src":"https:\/\/i2.wp.com\/astehshop.com\/wp-content\/uploads\/2025\/12\/39914-ASUS-VivoBook-15-laptop-X1504VA-BQ2445-4-1.webp?fit=450%2C450&ssl=1&resize=350%2C200","width":350,"height":200},"classes":[]},{"id":11987,"url":"https:\/\/astehshop.com\/index.php\/product\/laptop-asus-vivobook-15-x1504va-bq2445\/","url_meta":{"origin":12030,"position":4},"title":"LAPTOP ASUS VivoBook 15 X1504VA-BQ2445","date":"26. prosinca 2025.","format":false,"excerpt":"Veli\u010dina ekrana: 15.6\" 1920 \u00d7 1080 px, FHD, 16:9, 60Hz, 250 nits, 45% NTSC, anti-glare Procesor: Intel Core i3-1315U (1.2 \u2013 4.5 GHz), 6 jezgri \/ 8 threadova, 10 MB cache Memorija: 8 GB DDR4 Hard disk: 512 GB SSD Grafi\u010dka karta: Intel UHD Graphics (integrisana) Operativni sistem: Windows 11,\u2026","rel":"","context":"Srodne objave","img":{"alt_text":"","src":"https:\/\/i0.wp.com\/astehshop.com\/wp-content\/uploads\/2025\/12\/39914-ASUS-VivoBook-15-laptop-X1504VA-BQ2445-4.webp?fit=450%2C450&ssl=1&resize=350%2C200","width":350,"height":200},"classes":[]},{"id":12133,"url":"https:\/\/astehshop.com\/index.php\/product\/laptop-hp-probook-460-g11-c14p4etw\/","url_meta":{"origin":12030,"position":5},"title":"LAPTOP HP ProBook 460 G11 C14P4ETW","date":"8. sije\u010dnja 2026.","format":false,"excerpt":"Veli\u010dina ekrana: 16.0\" 1920 \u00d7 1200 px, IPS, anti-glare, 300 nits, 45% NTSC Procesor: Intel Core Ultra 5 125U (1.3 \u2013 4.3 GHz), 12 jezgri \/ 14 threadova, 12 MB cache Memorija: 16 GB DDR5 Hard disk: 512 GB SSD Grafi\u010dka karta: Intel UHD Graphics (integrisana) Operativni sistem: Windows 11\u2026","rel":"","context":"Srodne objave","img":{"alt_text":"","src":"https:\/\/i0.wp.com\/astehshop.com\/wp-content\/uploads\/2026\/01\/39929-HP-ProBook-460-G11-laptop-C14P4ET-2.webp?fit=450%2C450&ssl=1&resize=350%2C200","width":350,"height":200},"classes":[]}],"_links":{"self":[{"href":"https:\/\/astehshop.com\/index.php\/wp-json\/wp\/v2\/product\/12030"}],"collection":[{"href":"https:\/\/astehshop.com\/index.php\/wp-json\/wp\/v2\/product"}],"about":[{"href":"https:\/\/astehshop.com\/index.php\/wp-json\/wp\/v2\/types\/product"}],"replies":[{"embeddable":true,"href":"https:\/\/astehshop.com\/index.php\/wp-json\/wp\/v2\/comments?post=12030"}],"wp:featuredmedia":[{"embeddable":true,"href":"https:\/\/astehshop.com\/index.php\/wp-json\/wp\/v2\/media\/12031"}],"wp:attachment":[{"href":"https:\/\/astehshop.com\/index.php\/wp-json\/wp\/v2\/media?parent=12030"}],"wp:term":[{"taxonomy":"product_cat","embeddable":true,"href":"https:\/\/astehshop.com\/index.php\/wp-json\/wp\/v2\/product_cat?post=12030"},{"taxonomy":"product_tag","embeddable":true,"href":"https:\/\/astehshop.com\/index.php\/wp-json\/wp\/v2\/product_tag?post=12030"}],"curies":[{"name":"wp","href":"https:\/\/api.w.org\/{rel}","templated":true}]}}