{"id":12028,"date":"2025-12-27T14:59:04","date_gmt":"2025-12-27T13:59:04","guid":{"rendered":"http:\/\/astehshop.com\/?post_type=product&#038;p=12028"},"modified":"2025-12-27T14:59:07","modified_gmt":"2025-12-27T13:59:07","slug":"laptop-asus-vivobook-15-m1502ya-bq927w","status":"publish","type":"product","link":"https:\/\/astehshop.com\/index.php\/product\/laptop-asus-vivobook-15-m1502ya-bq927w\/","title":{"rendered":"LAPTOP ASUS Vivobook 15 M1502YA-BQ927W"},"content":{"rendered":"<p>\u2022 <strong data-start=\"75\" data-end=\"95\">Veli\u010dina ekrana:<\/strong> 15.6&#8243; 1920 \u00d7 1080 px, FHD, IPS-level panel, LED backlit, anti-glare, 60 Hz, 250 nits, 45% NTSC, screen-to-body ratio 82%<br data-start=\"216\" data-end=\"219\" \/>\u2022 <strong data-start=\"221\" data-end=\"234\">Procesor:<\/strong> AMD Ryzen 7 5825U (2.0 \u2013 4.5 GHz), 8 jezgri \/ 16 threadova, 16 MB cache<br data-start=\"306\" data-end=\"309\" \/>\u2022 <strong data-start=\"311\" data-end=\"324\">Memorija:<\/strong> 16 GB DDR4<br data-start=\"335\" data-end=\"338\" \/>\u2022 <strong data-start=\"340\" data-end=\"354\">Hard disk:<\/strong> 512 GB SSD<br data-start=\"365\" data-end=\"368\" \/>\u2022 <strong data-start=\"370\" data-end=\"389\">Grafi\u010dka karta:<\/strong> AMD Radeon Graphics (integrisana)<br data-start=\"423\" data-end=\"426\" \/>\u2022 <strong data-start=\"428\" data-end=\"450\">Operativni sistem:<\/strong> Windows 11 Pro + MS Office 2019<br data-start=\"482\" data-end=\"485\" \/>\u2022 <strong data-start=\"487\" data-end=\"501\">Tastatura:<\/strong> BiH lokalizacija, jednobojno pozadinsko osvjetljenje<br data-start=\"554\" data-end=\"557\" \/>\u2022 <strong data-start=\"559\" data-end=\"573\">Garancija:<\/strong> 24 mjeseca<br data-start=\"584\" data-end=\"587\" \/>\u2022 <strong data-start=\"589\" data-end=\"600\">Te\u017eina:<\/strong> 1.7 kg<br data-start=\"607\" data-end=\"610\" \/>\u2022 <strong data-start=\"612\" data-end=\"621\">Boja:<\/strong> Siva<br data-start=\"626\" data-end=\"629\" \/>\u2022 <strong data-start=\"631\" data-end=\"642\">Ostalo:<\/strong> WebCam, Wi-Fi 6E, Bluetooth 5.3, HDMI, 1\u00d7 USB 2.0 Type-A, 1\u00d7 USB 3.2 Type-C, 2\u00d7 USB 3.2 Type-A, headphone\/microphone combo, baterija 42 Wh<\/p>\n","protected":false},"excerpt":{"rendered":"<p>\u2022 <strong data-start=\"75\" data-end=\"95\">Veli\u010dina ekrana:<\/strong> 15.6&#8243; 1920 \u00d7 1080 px, FHD, IPS-level panel, LED backlit, anti-glare, 60 Hz, 250 nits, 45% NTSC, screen-to-body ratio 82%<br data-start=\"216\" data-end=\"219\" \/>\u2022 <strong data-start=\"221\" data-end=\"234\">Procesor:<\/strong> AMD Ryzen 7 5825U (2.0 \u2013 4.5 GHz), 8 jezgri \/ 16 threadova, 16 MB cache<br data-start=\"306\" data-end=\"309\" \/>\u2022 <strong data-start=\"311\" data-end=\"324\">Memorija:<\/strong> 16 GB DDR4<br data-start=\"335\" data-end=\"338\" \/>\u2022 <strong data-start=\"340\" data-end=\"354\">Hard disk:<\/strong> 512 GB SSD<br data-start=\"365\" data-end=\"368\" \/>\u2022 <strong data-start=\"370\" data-end=\"389\">Grafi\u010dka karta:<\/strong> AMD Radeon Graphics (integrisana)<br data-start=\"423\" data-end=\"426\" \/>\u2022 <strong data-start=\"428\" data-end=\"450\">Operativni sistem:<\/strong> Windows 11 Pro + MS Office 2019<\/p>\n","protected":false},"featured_media":12029,"comment_status":"open","ping_status":"closed","template":"","meta":{"_mi_skip_tracking":false,"_exactmetrics_sitenote_active":false,"_exactmetrics_sitenote_note":"","_exactmetrics_sitenote_category":0,"spay_email":""},"product_cat":[5138],"product_tag":[],"brands":[{"id":5147,"name":"ASUS","slug":"asus"}],"df_price":1059,"df_sale_price":"","df_regular_price":1059,"df_image_link":"https:\/\/i0.wp.com\/astehshop.com\/wp-content\/uploads\/2025\/12\/39501-ASUS-Vivobook-15-laptop-M1502YA-BQ927-5.webp?fit=450%2C450&ssl=1","jetpack_publicize_connections":[],"jetpack_sharing_enabled":true,"jetpack_likes_enabled":true,"jetpack-related-posts":[{"id":11983,"url":"https:\/\/astehshop.com\/index.php\/product\/laptop-acer-aspire-3-a325-42\/","url_meta":{"origin":12028,"position":0},"title":"LAPTOP ACER Aspire 3 A325-42","date":"26. prosinca 2025.","format":false,"excerpt":"Veli\u010dina ekrana: 15.6\" 1920 \u00d7 1080 px, FHD, IPS Procesor: AMD Ryzen 3 7330U (2.3 \u2013 4.3 GHz), 4 jezgre \/ 8 threadova, 8 MB cache Memorija: 16 GB DDR4 Hard disk: 512 GB SSD Grafi\u010dka karta: AMD Radeon Graphics (integrisana) Operativni sistem: Windows 11, MS Office 2019","rel":"","context":"Srodne objave","img":{"alt_text":"","src":"https:\/\/i0.wp.com\/astehshop.com\/wp-content\/uploads\/2025\/12\/39077-ACER-Aspire-3-laptop-A325-42-4.webp?fit=450%2C450&ssl=1&resize=350%2C200","width":350,"height":200},"classes":[]},{"id":12113,"url":"https:\/\/astehshop.com\/index.php\/product\/gaming-laptop-hp-victus-15-fb2063dx\/","url_meta":{"origin":12028,"position":1},"title":"GAMING LAPTOP HP Victus 15-fb2063dx","date":"8. sije\u010dnja 2026.","format":false,"excerpt":"Veli\u010dina ekrana: 15.6\" FHD (1920 \u00d7 1080), IPS, 144 Hz, anti-glare, 300 nits, 62.5% sRGB, AMD FreeSync Premium Procesor: AMD Ryzen 5 7535HS (3.3 \u2013 4.55 GHz), 6 jezgri \/ 12 threadova, 16 MB cache Memorija: 16 GB DDR5 Hard disk: 512 GB SSD Grafi\u010dka karta: AMD Radeon RX 6550M\u2026","rel":"","context":"Srodne objave","img":{"alt_text":"","src":"https:\/\/i2.wp.com\/astehshop.com\/wp-content\/uploads\/2026\/01\/37326-HP-Victus-15-fb2063-Gaming-laptop-9Z7L4UA-6.webp?fit=450%2C450&ssl=1&resize=350%2C200","width":350,"height":200},"classes":[]},{"id":11994,"url":"https:\/\/astehshop.com\/index.php\/product\/laptop-asus-vivobook-go-15-e1504fa-bq2337\/","url_meta":{"origin":12028,"position":2},"title":"LAPTOP ASUS Vivobook Go 15 E1504FA-BQ2337","date":"26. prosinca 2025.","format":false,"excerpt":"Veli\u010dina ekrana: 15.6\" 1920 \u00d7 1080 px, IPS, 60 Hz, 250 nits, 45% NTSC, anti-glare, T\u00dcV Rheinland-certified Procesor: AMD Ryzen 3 7320U (2.4 \u2013 4.1 GHz), 4 jezgre \/ 8 threadova, 4 MB cache Memorija: 16 GB DDR5 Hard disk: 512 GB SSD Grafi\u010dka karta: AMD Radeon Graphics (integrisana) Operativni\u2026","rel":"","context":"Srodne objave","img":{"alt_text":"","src":"https:\/\/i2.wp.com\/astehshop.com\/wp-content\/uploads\/2025\/12\/39789-ASUS-Vivobook-Go-15-laptop-E1504FA-BQ2337-4.webp?fit=450%2C450&ssl=1&resize=350%2C200","width":350,"height":200},"classes":[]},{"id":12126,"url":"https:\/\/astehshop.com\/index.php\/product\/laptop-lenovo-thinkbook-16-g7-arp\/","url_meta":{"origin":12028,"position":3},"title":"LAPTOP LENOVO ThinkBook 16 G7 ARP","date":"8. sije\u010dnja 2026.","format":false,"excerpt":"Veli\u010dina ekrana: 16.0\" 1920 \u00d7 1200 px, IPS, anti-glare, 300 nits, 45% NTSC Procesor: AMD Ryzen 5 7533HS (3.3 \u2013 4.55 GHz), 6 jezgri \/ 12 threadova, 16 MB cache Memorija: 16 GB DDR5 Hard disk: 1000 GB SSD Grafi\u010dka karta: AMD Radeon Graphics (integrisana) Operativni sistem: Windows 11 +\u2026","rel":"","context":"Srodne objave","img":{"alt_text":"","src":"https:\/\/i0.wp.com\/astehshop.com\/wp-content\/uploads\/2026\/01\/39911-LENOVO-ThinkBook-16-G7-ARP-laptop-21MW009SUS-2.webp?fit=450%2C450&ssl=1&resize=350%2C200","width":350,"height":200},"classes":[]},{"id":12013,"url":"https:\/\/astehshop.com\/index.php\/product\/laptop-hp-255-g10-b3ab8at\/","url_meta":{"origin":12028,"position":4},"title":"LAPTOP HP 255 G10 B3AB8AT","date":"26. prosinca 2025.","format":false,"excerpt":"Veli\u010dina ekrana: 15.6\" (39,6 cm) 1920 \u00d7 1080 px, FHD, uski okvir, anti-glare, 250 nits, 45% NTSC Procesor: AMD Ryzen 5 7530U (2.0 \u2013 4.5 GHz), 6 jezgri \/ 12 threadova, 16 MB cache Memorija: 16 GB DDR4 Hard disk: 512 GB SSD Grafi\u010dka karta: AMD Radeon Graphics (integrisana) Operativni\u2026","rel":"","context":"Srodne objave","img":{"alt_text":"","src":"https:\/\/i0.wp.com\/astehshop.com\/wp-content\/uploads\/2025\/12\/39529-HP-255-G10-laptop-B3AB8AT-3.webp?fit=450%2C450&ssl=1&resize=350%2C200","width":350,"height":200},"classes":[]},{"id":11998,"url":"https:\/\/astehshop.com\/index.php\/product\/laptop-lenovo-v15-g4-iru\/","url_meta":{"origin":12028,"position":5},"title":"LAPTOP LENOVO V15 G4 IRU","date":"26. prosinca 2025.","format":false,"excerpt":"Veli\u010dina ekrana: 15.6\" 1920 \u00d7 1080 px, FHD TN, 250 nits, anti-glare, 45% NTSC Procesor: Intel Core i3-1315U (3.3 \u2013 4.5 GHz), 6 jezgri \/ 8 threadova, 10 MB cache Memorija: 16 GB DDR4 Hard disk: 512 GB SSD Grafi\u010dka karta: Intel UHD Graphics (integrisana) Operativni sistem: Windows 11, MS\u2026","rel":"","context":"Srodne objave","img":{"alt_text":"","src":"https:\/\/i2.wp.com\/astehshop.com\/wp-content\/uploads\/2025\/12\/37652-LENOVO-V15-G4-IRU-laptop-83A100P4PB-2.webp?fit=450%2C450&ssl=1&resize=350%2C200","width":350,"height":200},"classes":[]}],"_links":{"self":[{"href":"https:\/\/astehshop.com\/index.php\/wp-json\/wp\/v2\/product\/12028"}],"collection":[{"href":"https:\/\/astehshop.com\/index.php\/wp-json\/wp\/v2\/product"}],"about":[{"href":"https:\/\/astehshop.com\/index.php\/wp-json\/wp\/v2\/types\/product"}],"replies":[{"embeddable":true,"href":"https:\/\/astehshop.com\/index.php\/wp-json\/wp\/v2\/comments?post=12028"}],"wp:featuredmedia":[{"embeddable":true,"href":"https:\/\/astehshop.com\/index.php\/wp-json\/wp\/v2\/media\/12029"}],"wp:attachment":[{"href":"https:\/\/astehshop.com\/index.php\/wp-json\/wp\/v2\/media?parent=12028"}],"wp:term":[{"taxonomy":"product_cat","embeddable":true,"href":"https:\/\/astehshop.com\/index.php\/wp-json\/wp\/v2\/product_cat?post=12028"},{"taxonomy":"product_tag","embeddable":true,"href":"https:\/\/astehshop.com\/index.php\/wp-json\/wp\/v2\/product_tag?post=12028"}],"curies":[{"name":"wp","href":"https:\/\/api.w.org\/{rel}","templated":true}]}}