{"id":12019,"date":"2025-12-26T16:27:30","date_gmt":"2025-12-26T15:27:30","guid":{"rendered":"http:\/\/astehshop.com\/?post_type=product&#038;p=12019"},"modified":"2025-12-26T16:27:31","modified_gmt":"2025-12-26T15:27:31","slug":"laptop-asus-vivobook-14-x1404va-i512512","status":"publish","type":"product","link":"https:\/\/astehshop.com\/index.php\/product\/laptop-asus-vivobook-14-x1404va-i512512\/","title":{"rendered":"LAPTOP ASUS VivoBook 14 X1404VA-I512512"},"content":{"rendered":"<ul>\n<li data-start=\"219\" data-end=\"306\">\n<p data-start=\"221\" data-end=\"306\"><strong data-start=\"221\" data-end=\"241\">Veli\u010dina ekrana:<\/strong> 14&#8243; 1920 \u00d7 1080 px, Full HD, 16:9, anti-glare, 250 nits, 60 Hz<\/p>\n<\/li>\n<li data-start=\"307\" data-end=\"399\">\n<p data-start=\"309\" data-end=\"399\"><strong data-start=\"309\" data-end=\"322\">Procesor:<\/strong> Intel Core i5-1334U (3.4 \u2013 4.6 GHz), 10 jezgri \/ 12 threadova, 12 MB cache<\/p>\n<\/li>\n<li data-start=\"400\" data-end=\"428\">\n<p data-start=\"402\" data-end=\"428\"><strong data-start=\"402\" data-end=\"415\">Memorija:<\/strong> 12 GB DDR4<\/p>\n<\/li>\n<li data-start=\"429\" data-end=\"458\">\n<p data-start=\"431\" data-end=\"458\"><strong data-start=\"431\" data-end=\"445\">Hard disk:<\/strong> 256 GB SSD<\/p>\n<\/li>\n<li data-start=\"459\" data-end=\"515\">\n<p data-start=\"461\" data-end=\"515\"><strong data-start=\"461\" data-end=\"480\">Grafi\u010dka karta:<\/strong> Intel UHD Graphics (integrisana)<\/p>\n<\/li>\n<li data-start=\"516\" data-end=\"569\">\n<p data-start=\"518\" data-end=\"569\"><strong data-start=\"518\" data-end=\"540\">Operativni sistem:<\/strong> Windows 11, MS Office 2019<\/p>\n<\/li>\n<li data-start=\"570\" data-end=\"643\">\n<p data-start=\"572\" data-end=\"643\"><strong data-start=\"572\" data-end=\"586\">Tastatura:<\/strong> US-Internacionalna, jednobojno pozadinsko osvjetljenje<\/p>\n<\/li>\n<li data-start=\"644\" data-end=\"673\">\n<p data-start=\"646\" data-end=\"673\"><strong data-start=\"646\" data-end=\"660\">Garancija:<\/strong> 12 mjeseci<\/p>\n<\/li>\n<li data-start=\"674\" data-end=\"696\">\n<p data-start=\"676\" data-end=\"696\"><strong data-start=\"676\" data-end=\"687\">Te\u017eina:<\/strong> 1.4 kg<\/p>\n<\/li>\n<li data-start=\"697\" data-end=\"716\">\n<p data-start=\"699\" data-end=\"716\"><strong data-start=\"699\" data-end=\"708\">Boja:<\/strong> Plava<\/p>\n<\/li>\n<li data-start=\"717\" data-end=\"948\">\n<p data-start=\"719\" data-end=\"948\"><strong data-start=\"719\" data-end=\"730\">Ostalo:<\/strong> WebCam 720p HD sa privacy shutter, Wi-Fi 5, Bluetooth 5.1, 1\u00d7 USB 2.0, 2\u00d7 USB 3.2 Gen 1 Type-A, 1\u00d7 USB-C 3.2 Gen 1, HDMI 1.4, combo audio jack, DC-in, fingerprint senzor u touchpadu, baterija 42 Wh (3-\u0107elijska Li-ion)<\/p>\n<\/li>\n<\/ul>\n<p>&nbsp;<\/p>\n<p><strong>Za sve dodatne informacije mozete nas kontaktirati na OLX poruke, 065824333 ili Viber<\/strong><\/p>\n<p><strong>\u00a0<\/strong><\/p>\n<p><strong>\u00a0NUDIMO KUPOVINU NOVE ROBE NA RATE:<\/strong><\/p>\n<p><strong>-DO 18 RATA PREKO MIKROFIN KREDITNA ORGANIZACIJA<\/strong><\/p>\n<p><strong>-DO 12 RATA PREKO \u0160OPING KARTICE UNICREDIT BANK<\/strong><\/p>\n<p><strong>\u00a0<\/strong><\/p>\n<p><strong>Trgovinska RadnjaTECHNO SHOP BN<\/strong><\/p>\n<p><strong>Nikole Tesle 31a,<\/strong><\/p>\n<p><strong>Bijeljina(izme\u0111u Moja Apoteka i picerije Park Ne\u0161kovi\u0107)<\/strong><\/p>\n<p><strong>055\/422-599<\/strong><\/p>\n<p><strong>065\/824-333<\/strong><\/p>\n<p><strong>066\/123-234<\/strong><\/p>\n<p><strong>Radnim danima 09-19h<\/strong><\/p>\n<p><strong>Subotom 09-16h<\/strong><\/p>\n<p><strong>www.technoshopbn.com<\/strong><\/p>\n<p><strong>info@technoshopbn.com<\/strong><\/p>\n","protected":false},"excerpt":{"rendered":"<ul>\n<li data-start=\"219\" data-end=\"306\">\n<p data-start=\"221\" data-end=\"306\"><strong data-start=\"221\" data-end=\"241\">Veli\u010dina ekrana:<\/strong> 14&#8243; 1920 \u00d7 1080 px, Full HD, 16:9, anti-glare, 250 nits, 60 Hz<\/p>\n<\/li>\n<li data-start=\"307\" data-end=\"399\">\n<p data-start=\"309\" data-end=\"399\"><strong data-start=\"309\" data-end=\"322\">Procesor:<\/strong> Intel Core i5-1334U (3.4 \u2013 4.6 GHz), 10 jezgri \/ 12 threadova, 12 MB cache<\/p>\n<\/li>\n<li data-start=\"400\" data-end=\"428\">\n<p data-start=\"402\" data-end=\"428\"><strong data-start=\"402\" data-end=\"415\">Memorija:<\/strong> 12 GB DDR4<\/p>\n<\/li>\n<li data-start=\"429\" data-end=\"458\">\n<p data-start=\"431\" data-end=\"458\"><strong data-start=\"431\" data-end=\"445\">Hard disk:<\/strong> 256 GB SSD<\/p>\n<\/li>\n<li data-start=\"459\" data-end=\"515\">\n<p data-start=\"461\" data-end=\"515\"><strong data-start=\"461\" data-end=\"480\">Grafi\u010dka karta:<\/strong> Intel UHD Graphics (integrisana)<\/p>\n<\/li>\n<li data-start=\"516\" data-end=\"569\">\n<p data-start=\"518\" data-end=\"569\"><strong data-start=\"518\" data-end=\"540\">Operativni sistem:<\/strong> Windows 11, MS Office 2019<\/p>\n<\/li>\n<\/ul>\n","protected":false},"featured_media":12020,"comment_status":"open","ping_status":"closed","template":"","meta":{"_mi_skip_tracking":false,"_exactmetrics_sitenote_active":false,"_exactmetrics_sitenote_note":"","_exactmetrics_sitenote_category":0,"spay_email":""},"product_cat":[5138],"product_tag":[],"brands":[{"id":5147,"name":"ASUS","slug":"asus"}],"df_price":999,"df_sale_price":"","df_regular_price":999,"df_image_link":"https:\/\/i0.wp.com\/astehshop.com\/wp-content\/uploads\/2025\/12\/39558-ASUS-VivoBook-14-laptop-X1404VA-I512256-3.webp?fit=450%2C450&ssl=1","jetpack_publicize_connections":[],"jetpack_sharing_enabled":true,"jetpack_likes_enabled":true,"jetpack-related-posts":[{"id":12098,"url":"https:\/\/astehshop.com\/index.php\/product\/laptop-hp-probook-450-g10-ak9r0atw\/","url_meta":{"origin":12019,"position":0},"title":"LAPTOP HP ProBook 450 G10 AK9R0ATW","date":"8. sije\u010dnja 2026.","format":false,"excerpt":"Veli\u010dina ekrana: 15.6\" FHD (1920 \u00d7 1080), IPS, narrow bezel, anti-glare, 250 nits, 45% NTSC Procesor: Intel Core i5-1334U (1.3 \u2013 4.6 GHz), 10 jezgri \/ 12 threadova, 12 MB cache Memorija: 16 GB DDR4 Hard disk: 512 GB SSD Grafi\u010dka karta: Intel Iris Xe Graphics (integrisana) Operativni sistem: Windows\u2026","rel":"","context":"Srodne objave","img":{"alt_text":"","src":"https:\/\/i2.wp.com\/astehshop.com\/wp-content\/uploads\/2026\/01\/39690-HP-ProBook-4-G1iR-16-laptop-B39ZHAT-3-1.webp?fit=450%2C450&ssl=1&resize=350%2C200","width":350,"height":200},"classes":[]},{"id":12034,"url":"https:\/\/astehshop.com\/index.php\/product\/laptop-dell-inspiron-14-5440-5463blk-16gb\/","url_meta":{"origin":12019,"position":1},"title":"LAPTOP DELL Inspiron 14 5440-5463BLK\/16GB","date":"27. prosinca 2025.","format":false,"excerpt":"Veli\u010dina ekrana: 14\" 1920 \u00d7 1200 px, IPS WVA, anti-glare, 250 nits, 45% NTSC, 60 Hz Procesor: Intel Core i5-1334U (3.4 \u2013 4.6 GHz), 10 jezgri \/ 12 threadova, 12 MB cache Memorija: 16 GB DDR5 Hard disk: 512 GB SSD Grafi\u010dka karta: Intel UHD Graphics (integrisana) Operativni sistem: Windows\u2026","rel":"","context":"Srodne objave","img":{"alt_text":"","src":"https:\/\/i0.wp.com\/astehshop.com\/wp-content\/uploads\/2025\/12\/39480-DELL-Inspiron-14-laptop-5440-5463BLK-3.webp?fit=450%2C450&ssl=1&resize=350%2C200","width":350,"height":200},"classes":[]},{"id":12110,"url":"https:\/\/astehshop.com\/index.php\/product\/laptop-hp-probook-4-g1ir-16-b39zjatw\/","url_meta":{"origin":12019,"position":2},"title":"LAPTOP HP ProBook 4 G1iR 16 B39ZJATW","date":"8. sije\u010dnja 2026.","format":false,"excerpt":"Veli\u010dina ekrana: 16.0\" WUXGA (1920 \u00d7 1200), IPS, anti-glare, 300 nits, 62.5% sRGB Procesor: Intel Core i5-1334U (1.3 \u2013 4.6 GHz), 10 jezgri \/ 12 threadova, 12 MB cache Memorija: 16 GB DDR5 Hard disk: 1 TB SSD Grafi\u010dka karta: Intel Iris Xe Graphics (integrisana) Operativni sistem: Windows 11 +\u2026","rel":"","context":"Srodne objave","img":{"alt_text":"","src":"https:\/\/i1.wp.com\/astehshop.com\/wp-content\/uploads\/2026\/01\/39574-HP-ProBook-4-G1iR-16-laptop-B39ZJAT-1.webp?fit=450%2C450&ssl=1&resize=350%2C200","width":350,"height":200},"classes":[]},{"id":11998,"url":"https:\/\/astehshop.com\/index.php\/product\/laptop-lenovo-v15-g4-iru\/","url_meta":{"origin":12019,"position":3},"title":"LAPTOP LENOVO V15 G4 IRU","date":"26. prosinca 2025.","format":false,"excerpt":"Veli\u010dina ekrana: 15.6\" 1920 \u00d7 1080 px, FHD TN, 250 nits, anti-glare, 45% NTSC Procesor: Intel Core i3-1315U (3.3 \u2013 4.5 GHz), 6 jezgri \/ 8 threadova, 10 MB cache Memorija: 16 GB DDR4 Hard disk: 512 GB SSD Grafi\u010dka karta: Intel UHD Graphics (integrisana) Operativni sistem: Windows 11, MS\u2026","rel":"","context":"Srodne objave","img":{"alt_text":"","src":"https:\/\/i2.wp.com\/astehshop.com\/wp-content\/uploads\/2025\/12\/37652-LENOVO-V15-G4-IRU-laptop-83A100P4PB-2.webp?fit=450%2C450&ssl=1&resize=350%2C200","width":350,"height":200},"classes":[]},{"id":12009,"url":"https:\/\/astehshop.com\/index.php\/product\/laptop-lenovo-v15-g4-iru-83a100p4pbw\/","url_meta":{"origin":12019,"position":4},"title":"LAPTOP LENOVO V15 G4 IRU 83A100P4PBW","date":"26. prosinca 2025.","format":false,"excerpt":"Veli\u010dina ekrana: 15.6\" 1920 \u00d7 1080 px, FHD TN, 250 nits, anti-glare, 45% NTSC Procesor: Intel Core i3-1315U (3.3 \u2013 4.5 GHz), 6 jezgri \/ 8 threadova, 10 MB cache Memorija: 16 GB DDR4 Hard disk: 512 GB SSD Grafi\u010dka karta: Intel UHD Graphics (integrisana) Operativni sistem: Windows 11, MS\u2026","rel":"","context":"Srodne objave","img":{"alt_text":"","src":"https:\/\/i0.wp.com\/astehshop.com\/wp-content\/uploads\/2025\/12\/39085-LENOVO-V15-G4-IRU-laptop-83A100P4PBW-1.webp?fit=450%2C450&ssl=1&resize=350%2C200","width":350,"height":200},"classes":[]},{"id":12002,"url":"https:\/\/astehshop.com\/index.php\/product\/laptop-hp-250-g10-b3aa2at-16gb\/","url_meta":{"origin":12019,"position":5},"title":"LAPTOP HP 250 G10 B3AA2AT\/16GB","date":"26. prosinca 2025.","format":false,"excerpt":"Veli\u010dina ekrana: 15.6\" 1920 \u00d7 1080 px Procesor: Intel Core i3-1315U (1.2 \u2013 4.5 GHz), 6 jezgri \/ 8 threadova, 10 MB cache Memorija: 16 GB DDR4 Hard disk: 512 GB SSD Grafi\u010dka karta: Intel Iris Xe Graphics (integrisana) Operativni sistem: Windows 11, MS Office 2019","rel":"","context":"Srodne objave","img":{"alt_text":"","src":"https:\/\/i2.wp.com\/astehshop.com\/wp-content\/uploads\/2025\/12\/39573-HP-250-G10-laptop-B3AA2AT-3.webp?fit=450%2C450&ssl=1&resize=350%2C200","width":350,"height":200},"classes":[]}],"_links":{"self":[{"href":"https:\/\/astehshop.com\/index.php\/wp-json\/wp\/v2\/product\/12019"}],"collection":[{"href":"https:\/\/astehshop.com\/index.php\/wp-json\/wp\/v2\/product"}],"about":[{"href":"https:\/\/astehshop.com\/index.php\/wp-json\/wp\/v2\/types\/product"}],"replies":[{"embeddable":true,"href":"https:\/\/astehshop.com\/index.php\/wp-json\/wp\/v2\/comments?post=12019"}],"wp:featuredmedia":[{"embeddable":true,"href":"https:\/\/astehshop.com\/index.php\/wp-json\/wp\/v2\/media\/12020"}],"wp:attachment":[{"href":"https:\/\/astehshop.com\/index.php\/wp-json\/wp\/v2\/media?parent=12019"}],"wp:term":[{"taxonomy":"product_cat","embeddable":true,"href":"https:\/\/astehshop.com\/index.php\/wp-json\/wp\/v2\/product_cat?post=12019"},{"taxonomy":"product_tag","embeddable":true,"href":"https:\/\/astehshop.com\/index.php\/wp-json\/wp\/v2\/product_tag?post=12019"}],"curies":[{"name":"wp","href":"https:\/\/api.w.org\/{rel}","templated":true}]}}