{"id":11987,"date":"2025-12-26T11:47:41","date_gmt":"2025-12-26T10:47:41","guid":{"rendered":"http:\/\/astehshop.com\/?post_type=product&#038;p=11987"},"modified":"2025-12-26T11:47:43","modified_gmt":"2025-12-26T10:47:43","slug":"laptop-asus-vivobook-15-x1504va-bq2445","status":"publish","type":"product","link":"https:\/\/astehshop.com\/index.php\/product\/laptop-asus-vivobook-15-x1504va-bq2445\/","title":{"rendered":"LAPTOP ASUS VivoBook 15 X1504VA-BQ2445"},"content":{"rendered":"<ul>\n<li data-start=\"156\" data-end=\"250\">\n<p data-start=\"158\" data-end=\"250\"><strong data-start=\"158\" data-end=\"178\">Veli\u010dina ekrana:<\/strong> 15.6&#8243; 1920 \u00d7 1080 px, FHD, 16:9, 60Hz, 250 nits, 45% NTSC, anti-glare<\/p>\n<\/li>\n<li data-start=\"251\" data-end=\"341\">\n<p data-start=\"253\" data-end=\"341\"><strong data-start=\"253\" data-end=\"266\">Procesor:<\/strong> Intel Core i3-1315U (1.2 \u2013 4.5 GHz), 6 jezgri \/ 8 threadova, 10 MB cache<\/p>\n<\/li>\n<li data-start=\"342\" data-end=\"369\">\n<p data-start=\"344\" data-end=\"369\"><strong data-start=\"344\" data-end=\"357\">Memorija:<\/strong> 8 GB DDR4<\/p>\n<\/li>\n<li data-start=\"370\" data-end=\"399\">\n<p data-start=\"372\" data-end=\"399\"><strong data-start=\"372\" data-end=\"386\">Hard disk:<\/strong> 512 GB SSD<\/p>\n<\/li>\n<li data-start=\"400\" data-end=\"456\">\n<p data-start=\"402\" data-end=\"456\"><strong data-start=\"402\" data-end=\"421\">Grafi\u010dka karta:<\/strong> Intel UHD Graphics (integrisana)<\/p>\n<\/li>\n<li data-start=\"457\" data-end=\"510\">\n<p data-start=\"459\" data-end=\"510\"><strong data-start=\"459\" data-end=\"481\">Operativni sistem:<\/strong> Windows 11, MS Office 2019<\/p>\n<\/li>\n<li data-start=\"511\" data-end=\"582\">\n<p data-start=\"513\" data-end=\"582\"><strong data-start=\"513\" data-end=\"527\">Tastatura:<\/strong> BiH lokalizacija, jednobojno pozadinsko osvjetljenje<\/p>\n<\/li>\n<li data-start=\"583\" data-end=\"612\">\n<p data-start=\"585\" data-end=\"612\"><strong data-start=\"585\" data-end=\"599\">Garancija:<\/strong> 24 mjeseca<\/p>\n<\/li>\n<li data-start=\"613\" data-end=\"635\">\n<p data-start=\"615\" data-end=\"635\"><strong data-start=\"615\" data-end=\"626\">Te\u017eina:<\/strong> 1.7 kg<\/p>\n<\/li>\n<li data-start=\"636\" data-end=\"655\">\n<p data-start=\"638\" data-end=\"655\"><strong data-start=\"638\" data-end=\"647\">Boja:<\/strong> Plava<\/p>\n<\/li>\n<li data-start=\"656\" data-end=\"924\">\n<p data-start=\"658\" data-end=\"924\"><strong data-start=\"658\" data-end=\"669\">Ostalo:<\/strong> WebCam 720p HD sa privacy shutter, Wi-Fi 6, Bluetooth 5.2, 1\u00d7 USB 2.0 Type-A, 2\u00d7 USB 3.2 Gen 1 Type-A, 2\u00d7 USB 3.2 Gen 1 Type-C (jedan sa Power Delivery), 1\u00d7 HDMI 1.4, 3.5 mm combo audio, fingerprint sensor u touchpadu, baterija 42 Wh, 3-\u0107elijska Li-ion<\/p>\n<\/li>\n<\/ul>\n","protected":false},"excerpt":{"rendered":"<ul>\n<li data-start=\"156\" data-end=\"250\">\n<p data-start=\"158\" data-end=\"250\"><strong data-start=\"158\" data-end=\"178\">Veli\u010dina ekrana:<\/strong> 15.6&#8243; 1920 \u00d7 1080 px, FHD, 16:9, 60Hz, 250 nits, 45% NTSC, anti-glare<\/p>\n<\/li>\n<li data-start=\"251\" data-end=\"341\">\n<p data-start=\"253\" data-end=\"341\"><strong data-start=\"253\" data-end=\"266\">Procesor:<\/strong> Intel Core i3-1315U (1.2 \u2013 4.5 GHz), 6 jezgri \/ 8 threadova, 10 MB cache<\/p>\n<\/li>\n<li data-start=\"342\" data-end=\"369\">\n<p data-start=\"344\" data-end=\"369\"><strong data-start=\"344\" data-end=\"357\">Memorija:<\/strong> 8 GB DDR4<\/p>\n<\/li>\n<li data-start=\"370\" data-end=\"399\">\n<p data-start=\"372\" data-end=\"399\"><strong data-start=\"372\" data-end=\"386\">Hard disk:<\/strong> 512 GB SSD<\/p>\n<\/li>\n<li data-start=\"400\" data-end=\"456\">\n<p data-start=\"402\" data-end=\"456\"><strong data-start=\"402\" data-end=\"421\">Grafi\u010dka karta:<\/strong> Intel UHD Graphics (integrisana)<\/p>\n<\/li>\n<li data-start=\"457\" data-end=\"510\">\n<p data-start=\"459\" data-end=\"510\"><strong data-start=\"459\" data-end=\"481\">Operativni sistem:<\/strong> Windows 11, MS Office 2019<\/p>\n<\/li>\n<\/ul>\n","protected":false},"featured_media":11988,"comment_status":"open","ping_status":"closed","template":"","meta":{"_mi_skip_tracking":false,"_exactmetrics_sitenote_active":false,"_exactmetrics_sitenote_note":"","_exactmetrics_sitenote_category":0,"spay_email":""},"product_cat":[5138],"product_tag":[],"brands":[{"id":5147,"name":"ASUS","slug":"asus"}],"df_price":789,"df_sale_price":"","df_regular_price":789,"df_image_link":"https:\/\/i0.wp.com\/astehshop.com\/wp-content\/uploads\/2025\/12\/39914-ASUS-VivoBook-15-laptop-X1504VA-BQ2445-4.webp?fit=450%2C450&ssl=1","jetpack_publicize_connections":[],"jetpack_sharing_enabled":true,"jetpack_likes_enabled":true,"jetpack-related-posts":[{"id":11998,"url":"https:\/\/astehshop.com\/index.php\/product\/laptop-lenovo-v15-g4-iru\/","url_meta":{"origin":11987,"position":0},"title":"LAPTOP LENOVO V15 G4 IRU","date":"26. prosinca 2025.","format":false,"excerpt":"Veli\u010dina ekrana: 15.6\" 1920 \u00d7 1080 px, FHD TN, 250 nits, anti-glare, 45% NTSC Procesor: Intel Core i3-1315U (3.3 \u2013 4.5 GHz), 6 jezgri \/ 8 threadova, 10 MB cache Memorija: 16 GB DDR4 Hard disk: 512 GB SSD Grafi\u010dka karta: Intel UHD Graphics (integrisana) Operativni sistem: Windows 11, MS\u2026","rel":"","context":"Srodne objave","img":{"alt_text":"","src":"https:\/\/i2.wp.com\/astehshop.com\/wp-content\/uploads\/2025\/12\/37652-LENOVO-V15-G4-IRU-laptop-83A100P4PB-2.webp?fit=450%2C450&ssl=1&resize=350%2C200","width":350,"height":200},"classes":[]},{"id":12009,"url":"https:\/\/astehshop.com\/index.php\/product\/laptop-lenovo-v15-g4-iru-83a100p4pbw\/","url_meta":{"origin":11987,"position":1},"title":"LAPTOP LENOVO V15 G4 IRU 83A100P4PBW","date":"26. prosinca 2025.","format":false,"excerpt":"Veli\u010dina ekrana: 15.6\" 1920 \u00d7 1080 px, FHD TN, 250 nits, anti-glare, 45% NTSC Procesor: Intel Core i3-1315U (3.3 \u2013 4.5 GHz), 6 jezgri \/ 8 threadova, 10 MB cache Memorija: 16 GB DDR4 Hard disk: 512 GB SSD Grafi\u010dka karta: Intel UHD Graphics (integrisana) Operativni sistem: Windows 11, MS\u2026","rel":"","context":"Srodne objave","img":{"alt_text":"","src":"https:\/\/i0.wp.com\/astehshop.com\/wp-content\/uploads\/2025\/12\/39085-LENOVO-V15-G4-IRU-laptop-83A100P4PBW-1.webp?fit=450%2C450&ssl=1&resize=350%2C200","width":350,"height":200},"classes":[]},{"id":12004,"url":"https:\/\/astehshop.com\/index.php\/product\/laptop-asus-vivobook-15-x1504va-bq2626\/","url_meta":{"origin":11987,"position":2},"title":"LAPTOP ASUS VivoBook 15 X1504VA-BQ2626","date":"26. prosinca 2025.","format":false,"excerpt":"Veli\u010dina ekrana: 15.6\" 1920 \u00d7 1080 px, FHD, 16:9, LED Backlit, IPS-level Panel, 60Hz, 250 nits, 45% NTSC, anti-glare Procesor: Intel Core i3-1315U (1.2 \u2013 4.5 GHz), 6 jezgri \/ 8 threadova, 10 MB cache Memorija: 16 GB DDR4 Hard disk: 512 GB SSD Grafi\u010dka karta: Intel UHD Graphics (integrisana)\u2026","rel":"","context":"Srodne objave","img":{"alt_text":"","src":"https:\/\/i2.wp.com\/astehshop.com\/wp-content\/uploads\/2025\/12\/39914-ASUS-VivoBook-15-laptop-X1504VA-BQ2445-4-1.webp?fit=450%2C450&ssl=1&resize=350%2C200","width":350,"height":200},"classes":[]},{"id":12002,"url":"https:\/\/astehshop.com\/index.php\/product\/laptop-hp-250-g10-b3aa2at-16gb\/","url_meta":{"origin":11987,"position":3},"title":"LAPTOP HP 250 G10 B3AA2AT\/16GB","date":"26. prosinca 2025.","format":false,"excerpt":"Veli\u010dina ekrana: 15.6\" 1920 \u00d7 1080 px Procesor: Intel Core i3-1315U (1.2 \u2013 4.5 GHz), 6 jezgri \/ 8 threadova, 10 MB cache Memorija: 16 GB DDR4 Hard disk: 512 GB SSD Grafi\u010dka karta: Intel Iris Xe Graphics (integrisana) Operativni sistem: Windows 11, MS Office 2019","rel":"","context":"Srodne objave","img":{"alt_text":"","src":"https:\/\/i2.wp.com\/astehshop.com\/wp-content\/uploads\/2025\/12\/39573-HP-250-G10-laptop-B3AA2AT-3.webp?fit=450%2C450&ssl=1&resize=350%2C200","width":350,"height":200},"classes":[]},{"id":12098,"url":"https:\/\/astehshop.com\/index.php\/product\/laptop-hp-probook-450-g10-ak9r0atw\/","url_meta":{"origin":11987,"position":4},"title":"LAPTOP HP ProBook 450 G10 AK9R0ATW","date":"8. sije\u010dnja 2026.","format":false,"excerpt":"Veli\u010dina ekrana: 15.6\" FHD (1920 \u00d7 1080), IPS, narrow bezel, anti-glare, 250 nits, 45% NTSC Procesor: Intel Core i5-1334U (1.3 \u2013 4.6 GHz), 10 jezgri \/ 12 threadova, 12 MB cache Memorija: 16 GB DDR4 Hard disk: 512 GB SSD Grafi\u010dka karta: Intel Iris Xe Graphics (integrisana) Operativni sistem: Windows\u2026","rel":"","context":"Srodne objave","img":{"alt_text":"","src":"https:\/\/i2.wp.com\/astehshop.com\/wp-content\/uploads\/2026\/01\/39690-HP-ProBook-4-G1iR-16-laptop-B39ZHAT-3-1.webp?fit=450%2C450&ssl=1&resize=350%2C200","width":350,"height":200},"classes":[]},{"id":12133,"url":"https:\/\/astehshop.com\/index.php\/product\/laptop-hp-probook-460-g11-c14p4etw\/","url_meta":{"origin":11987,"position":5},"title":"LAPTOP HP ProBook 460 G11 C14P4ETW","date":"8. sije\u010dnja 2026.","format":false,"excerpt":"Veli\u010dina ekrana: 16.0\" 1920 \u00d7 1200 px, IPS, anti-glare, 300 nits, 45% NTSC Procesor: Intel Core Ultra 5 125U (1.3 \u2013 4.3 GHz), 12 jezgri \/ 14 threadova, 12 MB cache Memorija: 16 GB DDR5 Hard disk: 512 GB SSD Grafi\u010dka karta: Intel UHD Graphics (integrisana) Operativni sistem: Windows 11\u2026","rel":"","context":"Srodne objave","img":{"alt_text":"","src":"https:\/\/i0.wp.com\/astehshop.com\/wp-content\/uploads\/2026\/01\/39929-HP-ProBook-460-G11-laptop-C14P4ET-2.webp?fit=450%2C450&ssl=1&resize=350%2C200","width":350,"height":200},"classes":[]}],"_links":{"self":[{"href":"https:\/\/astehshop.com\/index.php\/wp-json\/wp\/v2\/product\/11987"}],"collection":[{"href":"https:\/\/astehshop.com\/index.php\/wp-json\/wp\/v2\/product"}],"about":[{"href":"https:\/\/astehshop.com\/index.php\/wp-json\/wp\/v2\/types\/product"}],"replies":[{"embeddable":true,"href":"https:\/\/astehshop.com\/index.php\/wp-json\/wp\/v2\/comments?post=11987"}],"wp:featuredmedia":[{"embeddable":true,"href":"https:\/\/astehshop.com\/index.php\/wp-json\/wp\/v2\/media\/11988"}],"wp:attachment":[{"href":"https:\/\/astehshop.com\/index.php\/wp-json\/wp\/v2\/media?parent=11987"}],"wp:term":[{"taxonomy":"product_cat","embeddable":true,"href":"https:\/\/astehshop.com\/index.php\/wp-json\/wp\/v2\/product_cat?post=11987"},{"taxonomy":"product_tag","embeddable":true,"href":"https:\/\/astehshop.com\/index.php\/wp-json\/wp\/v2\/product_tag?post=11987"}],"curies":[{"name":"wp","href":"https:\/\/api.w.org\/{rel}","templated":true}]}}