{"id":11980,"date":"2025-12-26T11:35:50","date_gmt":"2025-12-26T10:35:50","guid":{"rendered":"http:\/\/astehshop.com\/?post_type=product&#038;p=11980"},"modified":"2025-12-26T11:35:51","modified_gmt":"2025-12-26T10:35:51","slug":"laptop-lenovo-v15-g4-82yu016vpb","status":"publish","type":"product","link":"https:\/\/astehshop.com\/index.php\/product\/laptop-lenovo-v15-g4-82yu016vpb\/","title":{"rendered":"LAPTOP LENOVO V15 G4 82YU016VPB"},"content":{"rendered":"<ul data-start=\"223\" data-end=\"896\">\n<li data-start=\"223\" data-end=\"303\">\n<p data-start=\"225\" data-end=\"303\"><strong data-start=\"225\" data-end=\"245\">Veli\u010dina ekrana:<\/strong> 15.6&#8243; FHD (1920 \u00d7 1080), TN panel, 250 nits, Anti-glare<\/p>\n<\/li>\n<li data-start=\"304\" data-end=\"391\">\n<p data-start=\"306\" data-end=\"391\"><strong data-start=\"306\" data-end=\"319\">Procesor:<\/strong> AMD Ryzen 3 7320U (2.4 \u2013 4.1 GHz), 4 jezgre \/ 8 threadova, 4 MB cache<\/p>\n<\/li>\n<li data-start=\"392\" data-end=\"420\">\n<p data-start=\"394\" data-end=\"420\"><strong data-start=\"394\" data-end=\"407\">Memorija:<\/strong> 16 GB DDR5<\/p>\n<\/li>\n<li data-start=\"421\" data-end=\"450\">\n<p data-start=\"423\" data-end=\"450\"><strong data-start=\"423\" data-end=\"437\">Hard disk:<\/strong> 512 GB SSD<\/p>\n<\/li>\n<li data-start=\"451\" data-end=\"508\">\n<p data-start=\"453\" data-end=\"508\"><strong data-start=\"453\" data-end=\"472\">Grafi\u010dka karta:<\/strong> AMD Radeon Graphics (integrisana)<\/p>\n<\/li>\n<li data-start=\"509\" data-end=\"562\">\n<p data-start=\"511\" data-end=\"562\"><strong data-start=\"511\" data-end=\"533\">Operativni sistem:<\/strong> Windows 11, MS Office 2019<\/p>\n<\/li>\n<li data-start=\"563\" data-end=\"602\">\n<p data-start=\"565\" data-end=\"602\"><strong data-start=\"565\" data-end=\"579\">Tastatura:<\/strong> US \u2013 Internacionalna<\/p>\n<\/li>\n<li data-start=\"603\" data-end=\"632\">\n<p data-start=\"605\" data-end=\"632\"><strong data-start=\"605\" data-end=\"619\">Garancija:<\/strong> 12 mjeseci<\/p>\n<\/li>\n<li data-start=\"633\" data-end=\"656\">\n<p data-start=\"635\" data-end=\"656\"><strong data-start=\"635\" data-end=\"646\">Te\u017eina:<\/strong> 1.63 kg<\/p>\n<\/li>\n<li data-start=\"657\" data-end=\"675\">\n<p data-start=\"659\" data-end=\"675\"><strong data-start=\"659\" data-end=\"668\">Boja:<\/strong> Crna<\/p>\n<\/li>\n<li data-start=\"676\" data-end=\"896\">\n<p data-start=\"678\" data-end=\"896\"><strong data-start=\"678\" data-end=\"689\">Ostalo:<\/strong> HD 720p web kamera sa privacy shutterom, Wi-Fi 6, Bluetooth 5.3, 2\u00d7 USB 3.2 Gen 1, 1\u00d7 USB-C 3.2 Gen 1 (data, Power Delivery 20V, DisplayPort 1.2), 1\u00d7 HDMI 1.4b, audio combo 3.5 mm, RJ-45 LAN, baterija 38 Wh<\/p>\n<\/li>\n<\/ul>\n","protected":false},"excerpt":{"rendered":"<ul data-start=\"223\" data-end=\"896\">\n<li data-start=\"223\" data-end=\"303\">\n<p data-start=\"225\" data-end=\"303\"><strong data-start=\"225\" data-end=\"245\">Veli\u010dina ekrana:<\/strong> 15.6&#8243; FHD (1920 \u00d7 1080), TN panel, 250 nits, Anti-glare<\/p>\n<\/li>\n<li data-start=\"304\" data-end=\"391\">\n<p data-start=\"306\" data-end=\"391\"><strong data-start=\"306\" data-end=\"319\">Procesor:<\/strong> AMD Ryzen 3 7320U (2.4 \u2013 4.1 GHz), 4 jezgre \/ 8 threadova, 4 MB cache<\/p>\n<\/li>\n<li data-start=\"392\" data-end=\"420\">\n<p data-start=\"394\" data-end=\"420\"><strong data-start=\"394\" data-end=\"407\">Memorija:<\/strong> 16 GB DDR5<\/p>\n<\/li>\n<li data-start=\"421\" data-end=\"450\">\n<p data-start=\"423\" data-end=\"450\"><strong data-start=\"423\" data-end=\"437\">Hard disk:<\/strong> 512 GB SSD<\/p>\n<\/li>\n<li data-start=\"451\" data-end=\"508\">\n<p data-start=\"453\" data-end=\"508\"><strong data-start=\"453\" data-end=\"472\">Grafi\u010dka karta:<\/strong> AMD Radeon Graphics (integrisana)<\/p>\n<\/li>\n<li data-start=\"509\" data-end=\"562\">\n<p data-start=\"511\" data-end=\"562\"><strong data-start=\"511\" data-end=\"533\">Operativni sistem:<\/strong> Windows 11, MS Office 2019<\/p>\n<\/li>\n<\/ul>\n","protected":false},"featured_media":11981,"comment_status":"open","ping_status":"closed","template":"","meta":{"_mi_skip_tracking":false,"_exactmetrics_sitenote_active":false,"_exactmetrics_sitenote_note":"","_exactmetrics_sitenote_category":0,"spay_email":""},"product_cat":[5138],"product_tag":[],"brands":[{"id":5148,"name":"LENOVO","slug":"lenovo"}],"df_price":767,"df_sale_price":"","df_regular_price":767,"df_image_link":"https:\/\/i1.wp.com\/astehshop.com\/wp-content\/uploads\/2025\/12\/39851-LENOVO-V15-G4-laptop-82YU016VPB-2-1.webp?fit=450%2C450&ssl=1","jetpack_publicize_connections":[],"jetpack_sharing_enabled":true,"jetpack_likes_enabled":true,"jetpack-related-posts":[{"id":11994,"url":"https:\/\/astehshop.com\/index.php\/product\/laptop-asus-vivobook-go-15-e1504fa-bq2337\/","url_meta":{"origin":11980,"position":0},"title":"LAPTOP ASUS Vivobook Go 15 E1504FA-BQ2337","date":"26. prosinca 2025.","format":false,"excerpt":"Veli\u010dina ekrana: 15.6\" 1920 \u00d7 1080 px, IPS, 60 Hz, 250 nits, 45% NTSC, anti-glare, T\u00dcV Rheinland-certified Procesor: AMD Ryzen 3 7320U (2.4 \u2013 4.1 GHz), 4 jezgre \/ 8 threadova, 4 MB cache Memorija: 16 GB DDR5 Hard disk: 512 GB SSD Grafi\u010dka karta: AMD Radeon Graphics (integrisana) Operativni\u2026","rel":"","context":"Srodne objave","img":{"alt_text":"","src":"https:\/\/i2.wp.com\/astehshop.com\/wp-content\/uploads\/2025\/12\/39789-ASUS-Vivobook-Go-15-laptop-E1504FA-BQ2337-4.webp?fit=450%2C450&ssl=1&resize=350%2C200","width":350,"height":200},"classes":[]},{"id":12113,"url":"https:\/\/astehshop.com\/index.php\/product\/gaming-laptop-hp-victus-15-fb2063dx\/","url_meta":{"origin":11980,"position":1},"title":"GAMING LAPTOP HP Victus 15-fb2063dx","date":"8. sije\u010dnja 2026.","format":false,"excerpt":"Veli\u010dina ekrana: 15.6\" FHD (1920 \u00d7 1080), IPS, 144 Hz, anti-glare, 300 nits, 62.5% sRGB, AMD FreeSync Premium Procesor: AMD Ryzen 5 7535HS (3.3 \u2013 4.55 GHz), 6 jezgri \/ 12 threadova, 16 MB cache Memorija: 16 GB DDR5 Hard disk: 512 GB SSD Grafi\u010dka karta: AMD Radeon RX 6550M\u2026","rel":"","context":"Srodne objave","img":{"alt_text":"","src":"https:\/\/i2.wp.com\/astehshop.com\/wp-content\/uploads\/2026\/01\/37326-HP-Victus-15-fb2063-Gaming-laptop-9Z7L4UA-6.webp?fit=450%2C450&ssl=1&resize=350%2C200","width":350,"height":200},"classes":[]},{"id":11983,"url":"https:\/\/astehshop.com\/index.php\/product\/laptop-acer-aspire-3-a325-42\/","url_meta":{"origin":11980,"position":2},"title":"LAPTOP ACER Aspire 3 A325-42","date":"26. prosinca 2025.","format":false,"excerpt":"Veli\u010dina ekrana: 15.6\" 1920 \u00d7 1080 px, FHD, IPS Procesor: AMD Ryzen 3 7330U (2.3 \u2013 4.3 GHz), 4 jezgre \/ 8 threadova, 8 MB cache Memorija: 16 GB DDR4 Hard disk: 512 GB SSD Grafi\u010dka karta: AMD Radeon Graphics (integrisana) Operativni sistem: Windows 11, MS Office 2019","rel":"","context":"Srodne objave","img":{"alt_text":"","src":"https:\/\/i0.wp.com\/astehshop.com\/wp-content\/uploads\/2025\/12\/39077-ACER-Aspire-3-laptop-A325-42-4.webp?fit=450%2C450&ssl=1&resize=350%2C200","width":350,"height":200},"classes":[]},{"id":11970,"url":"https:\/\/astehshop.com\/index.php\/product\/laptop-hp-255-g10-b39v4at\/","url_meta":{"origin":11980,"position":3},"title":"LAPTOP HP 255 G10 B39V4AT","date":"26. prosinca 2025.","format":false,"excerpt":"Ekran: 15.6\" FHD (1920 \u00d7 1080), narrow bezel, anti-glare, 250 nits, 45% NTSC Procesor: AMD Ryzen 3 7330U (2.3 \u2013 4.3 GHz), 4 jezgre \/ 8 threadova, 8 MB cache Memorija: 8 GB DDR4 Hard disk: 512 GB SSD Grafi\u010dka karta: AMD Radeon Graphics (integrisana) Operativni sistem: Windows 11, MS\u2026","rel":"","context":"Srodne objave","img":{"alt_text":"","src":"https:\/\/i2.wp.com\/astehshop.com\/wp-content\/uploads\/2025\/12\/39513-HP-250-G10-laptop-B39V4AT-3.webp?fit=450%2C450&ssl=1&resize=350%2C200","width":350,"height":200},"classes":[]},{"id":12028,"url":"https:\/\/astehshop.com\/index.php\/product\/laptop-asus-vivobook-15-m1502ya-bq927w\/","url_meta":{"origin":11980,"position":4},"title":"LAPTOP ASUS Vivobook 15 M1502YA-BQ927W","date":"27. prosinca 2025.","format":false,"excerpt":"\u2022 Veli\u010dina ekrana: 15.6\" 1920 \u00d7 1080 px, FHD, IPS-level panel, LED backlit, anti-glare, 60 Hz, 250 nits, 45% NTSC, screen-to-body ratio 82%\u2022 Procesor: AMD Ryzen 7 5825U (2.0 \u2013 4.5 GHz), 8 jezgri \/ 16 threadova, 16 MB cache\u2022 Memorija: 16 GB DDR4\u2022 Hard disk: 512 GB SSD\u2022 Grafi\u010dka\u2026","rel":"","context":"Srodne objave","img":{"alt_text":"","src":"https:\/\/i0.wp.com\/astehshop.com\/wp-content\/uploads\/2025\/12\/39501-ASUS-Vivobook-15-laptop-M1502YA-BQ927-5.webp?fit=450%2C450&ssl=1&resize=350%2C200","width":350,"height":200},"classes":[]},{"id":11998,"url":"https:\/\/astehshop.com\/index.php\/product\/laptop-lenovo-v15-g4-iru\/","url_meta":{"origin":11980,"position":5},"title":"LAPTOP LENOVO V15 G4 IRU","date":"26. prosinca 2025.","format":false,"excerpt":"Veli\u010dina ekrana: 15.6\" 1920 \u00d7 1080 px, FHD TN, 250 nits, anti-glare, 45% NTSC Procesor: Intel Core i3-1315U (3.3 \u2013 4.5 GHz), 6 jezgri \/ 8 threadova, 10 MB cache Memorija: 16 GB DDR4 Hard disk: 512 GB SSD Grafi\u010dka karta: Intel UHD Graphics (integrisana) Operativni sistem: Windows 11, MS\u2026","rel":"","context":"Srodne objave","img":{"alt_text":"","src":"https:\/\/i2.wp.com\/astehshop.com\/wp-content\/uploads\/2025\/12\/37652-LENOVO-V15-G4-IRU-laptop-83A100P4PB-2.webp?fit=450%2C450&ssl=1&resize=350%2C200","width":350,"height":200},"classes":[]}],"_links":{"self":[{"href":"https:\/\/astehshop.com\/index.php\/wp-json\/wp\/v2\/product\/11980"}],"collection":[{"href":"https:\/\/astehshop.com\/index.php\/wp-json\/wp\/v2\/product"}],"about":[{"href":"https:\/\/astehshop.com\/index.php\/wp-json\/wp\/v2\/types\/product"}],"replies":[{"embeddable":true,"href":"https:\/\/astehshop.com\/index.php\/wp-json\/wp\/v2\/comments?post=11980"}],"wp:featuredmedia":[{"embeddable":true,"href":"https:\/\/astehshop.com\/index.php\/wp-json\/wp\/v2\/media\/11981"}],"wp:attachment":[{"href":"https:\/\/astehshop.com\/index.php\/wp-json\/wp\/v2\/media?parent=11980"}],"wp:term":[{"taxonomy":"product_cat","embeddable":true,"href":"https:\/\/astehshop.com\/index.php\/wp-json\/wp\/v2\/product_cat?post=11980"},{"taxonomy":"product_tag","embeddable":true,"href":"https:\/\/astehshop.com\/index.php\/wp-json\/wp\/v2\/product_tag?post=11980"}],"curies":[{"name":"wp","href":"https:\/\/api.w.org\/{rel}","templated":true}]}}