{"id":11602,"date":"2025-08-21T19:57:36","date_gmt":"2025-08-21T17:57:36","guid":{"rendered":"http:\/\/astehshop.com\/?post_type=product&#038;p=11602"},"modified":"2025-08-21T19:57:37","modified_gmt":"2025-08-21T17:57:37","slug":"xiaomi-outdoor-camera-bw500","status":"publish","type":"product","link":"https:\/\/astehshop.com\/index.php\/product\/xiaomi-outdoor-camera-bw500\/","title":{"rendered":"XIAOMI OUTDOOR CAMERA BW500"},"content":{"rendered":"<ul>\n<li>Garancija:\u00a0<strong>12 mjeseci<\/strong><\/li>\n<li>Rezolucija:\u00a0<strong>2,5k<\/strong><\/li>\n<li>Snimanje:\u00a0<strong>125\u00b0<\/strong><\/li>\n<li>Glasovni poziv:\u00a0<strong>Dvosmjerni<\/strong><\/li>\n<li>Aplikacija:\u00a0<strong>MI Home<\/strong><\/li>\n<\/ul>\n<p><u><\/u>Za sve dodatne informacije mozete nas kontaktirati na\u00a0<strong>OLX poruke, 065824333 ili Viber<\/strong><\/p>\n<p>NUDIMO KUPOVINU NOVE ROBE NA RATE:<\/p>\n<p>-DO 18 RATA PREKO MIKROFIN KREDITNA ORGANIZACIJA<\/p>\n<p>-DO 12 RATA PREKO \u0160OPING KARTICE UNICREDIT BANK<\/p>\n<p>&nbsp;<\/p>\n<p>Trgovinska Radnja TECHNO SHOP BN<\/p>\n<p>Nikole Tesle 31a, Bijeljina<\/p>\n<p>(izme\u0111u Moja Apoteka i picerije Park Ne\u0161kovi\u0107)<\/p>\n<p>055\/422-599;\u00a0<strong><u>065\/824-333<\/u><\/strong><\/p>\n<p>Radnim danima 09-19h<\/p>\n<p>Subotom 09-16h<\/p>\n<p>www.technoshopbn.com<\/p>\n<p><a href=\"https:\/\/olx.ba\/artikal\/51187537\/gaming-racunar-pc-i5-10400f-16gb-gtx-1660-ti\">info@technoshopbn.com<\/a><\/p>\n","protected":false},"excerpt":{"rendered":"<ul>\n<li>Garancija:\u00a0<strong>12 mjeseci<\/strong><\/li>\n<li>Rezolucija:\u00a0<strong>2,5k<\/strong><\/li>\n<li>Snimanje:\u00a0<strong>125\u00b0<\/strong><\/li>\n<li>Glasovni poziv:\u00a0<strong>Dvosmjerni<\/strong><\/li>\n<li>Aplikacija:\u00a0<strong>MI Home<\/strong><\/li>\n<\/ul>\n","protected":false},"featured_media":11603,"comment_status":"open","ping_status":"closed","template":"","meta":{"_mi_skip_tracking":false,"_exactmetrics_sitenote_active":false,"_exactmetrics_sitenote_note":"","_exactmetrics_sitenote_category":0,"spay_email":""},"product_cat":[135],"product_tag":[],"brands":[{"id":2356,"name":"xiaomi","slug":"xiaomi"}],"df_price":199,"df_sale_price":"","df_regular_price":199,"df_image_link":"https:\/\/i2.wp.com\/astehshop.com\/wp-content\/uploads\/2025\/08\/xiaomi-outdoor-camera-bw500.jpg?fit=400%2C400&ssl=1","jetpack_publicize_connections":[],"jetpack_sharing_enabled":true,"jetpack_likes_enabled":true,"jetpack-related-posts":[{"id":11604,"url":"https:\/\/astehshop.com\/index.php\/product\/xiaomi-smart-camera-c100\/","url_meta":{"origin":11602,"position":0},"title":"XIAOMI SMART CAMERA C100","date":"21. kolovoza 2025.","format":false,"excerpt":"Garancija:\u00a012 mjeseci Rezolucija:\u00a02304x1296 Snimanje:\u00a0128\u00b0 Aplikacija:\u00a0Mi Home","rel":"","context":"Srodne objave","img":{"alt_text":"","src":"https:\/\/i0.wp.com\/astehshop.com\/wp-content\/uploads\/2025\/08\/xiaomi-smart-camera-c100.jpg?fit=400%2C400&ssl=1&resize=350%2C200","width":350,"height":200},"classes":[]},{"id":11606,"url":"https:\/\/astehshop.com\/index.php\/product\/xiaomi-smart-camera-cw500-dual\/","url_meta":{"origin":11602,"position":1},"title":"XIAOMI SMART CAMERA CW500 DUAL","date":"21. kolovoza 2025.","format":false,"excerpt":"Garancija:\u00a012 mjeseci Rezolucija:\u00a02k Snimanje:\u00a04MP Aplikacija:\u00a0MI Home","rel":"","context":"Srodne objave","img":{"alt_text":"","src":"https:\/\/i0.wp.com\/astehshop.com\/wp-content\/uploads\/2025\/08\/xiaomi-smart-camera-cw500-dual.jpg?fit=400%2C400&ssl=1&resize=350%2C200","width":350,"height":200},"classes":[]},{"id":11600,"url":"https:\/\/astehshop.com\/index.php\/product\/xiaomi-outdoor-camera-bw300\/","url_meta":{"origin":11602,"position":2},"title":"XIAOMI OUTDOOR CAMERA BW300","date":"21. kolovoza 2025.","format":false,"excerpt":"Garancija:\u00a012 mjeseci Brend: Xiaomi\u00a0 Model: BW300\u00a0 Rezolucija: 2k","rel":"","context":"Srodne objave","img":{"alt_text":"","src":"https:\/\/i0.wp.com\/astehshop.com\/wp-content\/uploads\/2025\/08\/xiaomi-outdoor-camera-bw300.jpg?fit=400%2C400&ssl=1&resize=350%2C200","width":350,"height":200},"classes":[]},{"id":11592,"url":"https:\/\/astehshop.com\/index.php\/product\/imilab-video-doorbell-zvono\/","url_meta":{"origin":11602,"position":3},"title":"IMILAB VIDEO DOORBELL &#8211; ZVONO","date":"21. kolovoza 2025.","format":false,"excerpt":"Rezolucija:\u00a02.5K QHD Ugao snimanja:\u00a0150\u00b0 Audio:\u00a0Dvosmjerni razgovor Detekcija:\u00a0AI pokret i osoba No\u0107ni vid:\u00a0Infracrveni + HDR Baterija:\u00a05200 mAh Povezivanje:\u00a0Wi-Fi + poja\u010diva\u010d Skladi\u0161tenje:\u00a0microSD + Cloud Aplikacija:\u00a0IMILAB Home","rel":"","context":"Srodne objave","img":{"alt_text":"","src":"https:\/\/i1.wp.com\/astehshop.com\/wp-content\/uploads\/2025\/08\/imilab-video-doorbell-zvono-xiaomi_STA0831.jpg?fit=1200%2C900&ssl=1&resize=350%2C200","width":350,"height":200},"classes":[]},{"id":11590,"url":"https:\/\/astehshop.com\/index.php\/product\/kamera-imilab-c21-home-2560p\/","url_meta":{"origin":11602,"position":4},"title":"KAMERA IMILAB C21 HOME 2560P","date":"21. kolovoza 2025.","format":false,"excerpt":"\u00a0 Rezolucija:\u00a02.5K QHD (2560 \u00d7 1440) Rotacija:\u00a0360\u00b0 horizontalno \/ 110\u00b0 vertikalno No\u0107ni re\u017eim:\u00a0Infracrveni + AI pobolj\u0161anje slike Detekcija:\u00a0Pametna AI detekcija pokreta i osoba Audio:\u00a0Dvosmjerni \u2013 ugra\u0111en mikrofon i zvu\u010dnik Skladi\u0161tenje:\u00a0microSD do 256GB + Cloud opcija Povezivanje:\u00a0Wi-Fi 2.4GHz \/ Aplikacija IMILAB Home Privatnost:\u00a0Sleep re\u017eim + elektronski shutter","rel":"","context":"Srodne objave","img":{"alt_text":"","src":"https:\/\/i0.wp.com\/astehshop.com\/wp-content\/uploads\/2025\/08\/imilab-c21-home-security-camera-2560p.jpg?fit=700%2C700&ssl=1&resize=350%2C200","width":350,"height":200},"classes":[]},{"id":7659,"url":"https:\/\/astehshop.com\/index.php\/product\/projektor-cubot-sw-10\/","url_meta":{"origin":11602,"position":5},"title":"PROJEKTOR CUBOT SW 10","date":"4. svibnja 2023.","format":false,"excerpt":"CUBOT Surewheel SW10 projektor, boja: crna.\u00a0 Rezolucija: 1080p - Full HD. Maksimalna veli\u010dina prikaza do 180 inch. Wireless Screen mirroring omogu\u0107ava prikazivanje sadr\u017eaja sa mobiltela. Ugra\u0111en zvu\u010dnik 5W. Wi-Fi integrisan - 2,4GHz i 5GHz. Bluetooth 4.0. Garancija: 12 mjeseci. \u00a0 Za sve dodatne informacije mozete nas kontaktirati na OLX poruke,\u2026","rel":"","context":"Srodne objave","img":{"alt_text":"","src":"https:\/\/i0.wp.com\/astehshop.com\/wp-content\/uploads\/2023\/05\/nhF49iEfBWlpp9dp73cx.jpg?fit=800%2C800&ssl=1&resize=350%2C200","width":350,"height":200},"classes":[]}],"_links":{"self":[{"href":"https:\/\/astehshop.com\/index.php\/wp-json\/wp\/v2\/product\/11602"}],"collection":[{"href":"https:\/\/astehshop.com\/index.php\/wp-json\/wp\/v2\/product"}],"about":[{"href":"https:\/\/astehshop.com\/index.php\/wp-json\/wp\/v2\/types\/product"}],"replies":[{"embeddable":true,"href":"https:\/\/astehshop.com\/index.php\/wp-json\/wp\/v2\/comments?post=11602"}],"wp:featuredmedia":[{"embeddable":true,"href":"https:\/\/astehshop.com\/index.php\/wp-json\/wp\/v2\/media\/11603"}],"wp:attachment":[{"href":"https:\/\/astehshop.com\/index.php\/wp-json\/wp\/v2\/media?parent=11602"}],"wp:term":[{"taxonomy":"product_cat","embeddable":true,"href":"https:\/\/astehshop.com\/index.php\/wp-json\/wp\/v2\/product_cat?post=11602"},{"taxonomy":"product_tag","embeddable":true,"href":"https:\/\/astehshop.com\/index.php\/wp-json\/wp\/v2\/product_tag?post=11602"}],"curies":[{"name":"wp","href":"https:\/\/api.w.org\/{rel}","templated":true}]}}