{"id":11600,"date":"2025-08-21T19:55:52","date_gmt":"2025-08-21T17:55:52","guid":{"rendered":"http:\/\/astehshop.com\/?post_type=product&#038;p=11600"},"modified":"2025-08-21T19:55:54","modified_gmt":"2025-08-21T17:55:54","slug":"xiaomi-outdoor-camera-bw300","status":"publish","type":"product","link":"https:\/\/astehshop.com\/index.php\/product\/xiaomi-outdoor-camera-bw300\/","title":{"rendered":"XIAOMI OUTDOOR CAMERA BW300"},"content":{"rendered":"<ul>\n<li><strong>Garancija:\u00a012 mjeseci<\/strong><\/li>\n<li><strong>Brend: Xiaomi\u00a0<\/strong><\/li>\n<li><strong>Model: BW300\u00a0<\/strong><\/li>\n<li><strong>Rezolucija: 2k<\/strong><\/li>\n<\/ul>\n<p>&nbsp;<\/p>\n<p><u><\/u>Za sve dodatne informacije mozete nas kontaktirati na\u00a0<strong>OLX poruke, 065824333 ili Viber<\/strong><\/p>\n<p>NUDIMO KUPOVINU NOVE ROBE NA RATE:<\/p>\n<p>-DO 18 RATA PREKO MIKROFIN KREDITNA ORGANIZACIJA<\/p>\n<p>-DO 12 RATA PREKO \u0160OPING KARTICE UNICREDIT BANK<\/p>\n<p>&nbsp;<\/p>\n<p>Trgovinska Radnja TECHNO SHOP BN<\/p>\n<p>Nikole Tesle 31a, Bijeljina<\/p>\n<p>(izme\u0111u Moja Apoteka i picerije Park Ne\u0161kovi\u0107)<\/p>\n<p>055\/422-599;\u00a0<strong><u>065\/824-333<\/u><\/strong><\/p>\n<p>Radnim danima 09-19h<\/p>\n<p>Subotom 09-16h<\/p>\n<p>www.technoshopbn.com<\/p>\n<p><a href=\"https:\/\/olx.ba\/artikal\/51187537\/gaming-racunar-pc-i5-10400f-16gb-gtx-1660-ti\">info@technoshopbn.com<\/a><\/p>\n","protected":false},"excerpt":{"rendered":"<ul>\n<li><strong>Garancija:\u00a012 mjeseci<\/strong><\/li>\n<li><strong>Brend: Xiaomi\u00a0<\/strong><\/li>\n<li><strong>Model: BW300\u00a0<\/strong><\/li>\n<li><strong>Rezolucija: 2k<\/strong><\/li>\n<\/ul>\n","protected":false},"featured_media":11601,"comment_status":"open","ping_status":"closed","template":"","meta":{"_mi_skip_tracking":false,"_exactmetrics_sitenote_active":false,"_exactmetrics_sitenote_note":"","_exactmetrics_sitenote_category":0,"spay_email":""},"product_cat":[135],"product_tag":[],"brands":[{"id":2356,"name":"xiaomi","slug":"xiaomi"}],"df_price":159,"df_sale_price":"","df_regular_price":159,"df_image_link":"https:\/\/i0.wp.com\/astehshop.com\/wp-content\/uploads\/2025\/08\/xiaomi-outdoor-camera-bw300.jpg?fit=400%2C400&ssl=1","jetpack_publicize_connections":[],"jetpack_sharing_enabled":true,"jetpack_likes_enabled":true,"jetpack-related-posts":[{"id":11606,"url":"https:\/\/astehshop.com\/index.php\/product\/xiaomi-smart-camera-cw500-dual\/","url_meta":{"origin":11600,"position":0},"title":"XIAOMI SMART CAMERA CW500 DUAL","date":"21. kolovoza 2025.","format":false,"excerpt":"Garancija:\u00a012 mjeseci Rezolucija:\u00a02k Snimanje:\u00a04MP Aplikacija:\u00a0MI Home","rel":"","context":"Srodne objave","img":{"alt_text":"","src":"https:\/\/i0.wp.com\/astehshop.com\/wp-content\/uploads\/2025\/08\/xiaomi-smart-camera-cw500-dual.jpg?fit=400%2C400&ssl=1&resize=350%2C200","width":350,"height":200},"classes":[]},{"id":11604,"url":"https:\/\/astehshop.com\/index.php\/product\/xiaomi-smart-camera-c100\/","url_meta":{"origin":11600,"position":1},"title":"XIAOMI SMART CAMERA C100","date":"21. kolovoza 2025.","format":false,"excerpt":"Garancija:\u00a012 mjeseci Rezolucija:\u00a02304x1296 Snimanje:\u00a0128\u00b0 Aplikacija:\u00a0Mi Home","rel":"","context":"Srodne objave","img":{"alt_text":"","src":"https:\/\/i0.wp.com\/astehshop.com\/wp-content\/uploads\/2025\/08\/xiaomi-smart-camera-c100.jpg?fit=400%2C400&ssl=1&resize=350%2C200","width":350,"height":200},"classes":[]},{"id":11598,"url":"https:\/\/astehshop.com\/index.php\/product\/xiaomi-imilab-ec4-solarni-panel-za-kameru\/","url_meta":{"origin":11600,"position":2},"title":"XIAOMI IMILAB EC4 SOLARNI PANEL ZA KAMERU","date":"21. kolovoza 2025.","format":false,"excerpt":"Garancija:\u00a012 mjeseci Brend:\u00a0Imilab Temperatura:\u00a0od -20\u00b0C\u00a0do +60\u00b0C Ja\u010dina:\u00a035W","rel":"","context":"Srodne objave","img":{"alt_text":"","src":"https:\/\/i2.wp.com\/astehshop.com\/wp-content\/uploads\/2025\/08\/imilab-ec4-solarni-panel-za-kameru.png?fit=400%2C400&ssl=1&resize=350%2C200","width":350,"height":200},"classes":[]},{"id":11602,"url":"https:\/\/astehshop.com\/index.php\/product\/xiaomi-outdoor-camera-bw500\/","url_meta":{"origin":11600,"position":3},"title":"XIAOMI OUTDOOR CAMERA BW500","date":"21. kolovoza 2025.","format":false,"excerpt":"Garancija:\u00a012 mjeseci Rezolucija:\u00a02,5k Snimanje:\u00a0125\u00b0 Glasovni poziv:\u00a0Dvosmjerni Aplikacija:\u00a0MI Home","rel":"","context":"Srodne objave","img":{"alt_text":"","src":"https:\/\/i2.wp.com\/astehshop.com\/wp-content\/uploads\/2025\/08\/xiaomi-outdoor-camera-bw500.jpg?fit=400%2C400&ssl=1&resize=350%2C200","width":350,"height":200},"classes":[]},{"id":11618,"url":"https:\/\/astehshop.com\/index.php\/product\/xiaomi-poco-c71-3gb-64gb\/","url_meta":{"origin":11600,"position":4},"title":"XIAOMI POCO C71 3GB 64GB","date":"21. kolovoza 2025.","format":false,"excerpt":"Brend:\u00a0Xiaomi Garancija:\u00a024 mjeseca Velicina ekrana:\u00a06.67\" Kamera:\u00a050MP\u00a0+ 5MP Baterija:\u00a06000mAh","rel":"","context":"Srodne objave","img":{"alt_text":"","src":"https:\/\/i0.wp.com\/astehshop.com\/wp-content\/uploads\/2025\/08\/xiaomi-poco-c71-3gb-64gb-black-eu.jpg?fit=400%2C400&ssl=1&resize=350%2C200","width":350,"height":200},"classes":[]},{"id":11622,"url":"https:\/\/astehshop.com\/index.php\/product\/xiaomi-redmi-14c-8gb-256gb-green-eu\/","url_meta":{"origin":11600,"position":5},"title":"XIAOMI REDMI 14C 8GB 256GB GREEN EU","date":"21. kolovoza 2025.","format":false,"excerpt":"Brend:\u00a0Xiaomi Garancija:\u00a024 mjeseca Velicina ekrana:\u00a06.88\" Kamera:\u00a050MP + 13MP Baterija:\u00a05160mAh","rel":"","context":"Srodne objave","img":{"alt_text":"","src":"https:\/\/i2.wp.com\/astehshop.com\/wp-content\/uploads\/2025\/08\/xiaomi-redmi-14c-8gb-256gb-green-eu.jpg?fit=400%2C400&ssl=1&resize=350%2C200","width":350,"height":200},"classes":[]}],"_links":{"self":[{"href":"https:\/\/astehshop.com\/index.php\/wp-json\/wp\/v2\/product\/11600"}],"collection":[{"href":"https:\/\/astehshop.com\/index.php\/wp-json\/wp\/v2\/product"}],"about":[{"href":"https:\/\/astehshop.com\/index.php\/wp-json\/wp\/v2\/types\/product"}],"replies":[{"embeddable":true,"href":"https:\/\/astehshop.com\/index.php\/wp-json\/wp\/v2\/comments?post=11600"}],"wp:featuredmedia":[{"embeddable":true,"href":"https:\/\/astehshop.com\/index.php\/wp-json\/wp\/v2\/media\/11601"}],"wp:attachment":[{"href":"https:\/\/astehshop.com\/index.php\/wp-json\/wp\/v2\/media?parent=11600"}],"wp:term":[{"taxonomy":"product_cat","embeddable":true,"href":"https:\/\/astehshop.com\/index.php\/wp-json\/wp\/v2\/product_cat?post=11600"},{"taxonomy":"product_tag","embeddable":true,"href":"https:\/\/astehshop.com\/index.php\/wp-json\/wp\/v2\/product_tag?post=11600"}],"curies":[{"name":"wp","href":"https:\/\/api.w.org\/{rel}","templated":true}]}}