{"id":11548,"date":"2025-08-19T18:12:37","date_gmt":"2025-08-19T16:12:37","guid":{"rendered":"http:\/\/astehshop.com\/?post_type=product&#038;p=11548"},"modified":"2026-03-24T10:33:46","modified_gmt":"2026-03-24T09:33:46","slug":"laptop-lenovo-thinkpad-t590-i5","status":"publish","type":"product","link":"https:\/\/astehshop.com\/index.php\/product\/laptop-lenovo-thinkpad-t590-i5\/","title":{"rendered":"LAPTOP LENOVO ThinkPad T590 i5"},"content":{"rendered":"<ul>\n<li>CPU: i5-8350U 4\/8 Cores<\/li>\n<li>RAM DDR4 2666MHz 16GB<\/li>\n<li>SSD M.2 NVME 512GB<\/li>\n<li>Ekran 15.6&#8243; FullHD IPS<\/li>\n<li>Grafika MX220 2GB + Inrel UHD<\/li>\n<\/ul>\n<p><u><\/u>Za sve dodatne informacije mozete nas kontaktirati na\u00a0<strong>OLX poruke, 065824333 ili Viber<\/strong><\/p>\n<p>NUDIMO KUPOVINU NOVE ROBE NA RATE:<\/p>\n<p>-DO 18 RATA PREKO MIKROFIN KREDITNA ORGANIZACIJA<\/p>\n<p>-DO 12 RATA PREKO \u0160OPING KARTICE UNICREDIT BANK<\/p>\n<p>&nbsp;<\/p>\n<p>Trgovinska Radnja TECHNO SHOP BN<\/p>\n<p>Nikole Tesle 31a, Bijeljina<\/p>\n<p>(izme\u0111u Moja Apoteka i picerije Park Ne\u0161kovi\u0107)<\/p>\n<p>055\/422-599;\u00a0<strong><u>065\/824-333<\/u><\/strong><\/p>\n<p>Radnim danima 09-19h<\/p>\n<p>Subotom 09-16h<\/p>\n<p>www.technoshopbn.com<\/p>\n<p><a href=\"https:\/\/olx.ba\/artikal\/51187537\/gaming-racunar-pc-i5-10400f-16gb-gtx-1660-ti\">info@technoshopbn.com<\/a><\/p>\n","protected":false},"excerpt":{"rendered":"<ul>\n<li>CPU: i5-8350U 4\/8 Cores<\/li>\n<li>RAM DDR4 2666MHz 16GB<\/li>\n<li>SSD M.2 NVME 512GB<\/li>\n<li>Ekran 15.6&#8243; FullHD IPS<\/li>\n<li>Grafika MX220 2GB + Inrel UHD<\/li>\n<\/ul>\n","protected":false},"featured_media":11549,"comment_status":"open","ping_status":"closed","template":"","meta":{"_mi_skip_tracking":false,"_exactmetrics_sitenote_active":false,"_exactmetrics_sitenote_note":"","_exactmetrics_sitenote_category":0,"spay_email":""},"product_cat":[158],"product_tag":[],"brands":[{"id":5148,"name":"LENOVO","slug":"lenovo"}],"df_price":579,"df_sale_price":"","df_regular_price":579,"df_image_link":"https:\/\/i0.wp.com\/astehshop.com\/wp-content\/uploads\/2025\/08\/viber_image_2025-08-19_18-03-13-161.png?fit=450%2C329&ssl=1","jetpack_publicize_connections":[],"jetpack_sharing_enabled":true,"jetpack_likes_enabled":true,"jetpack-related-posts":[{"id":11552,"url":"https:\/\/astehshop.com\/index.php\/product\/laptop-hp-elitebook-840-g7\/","url_meta":{"origin":11548,"position":0},"title":"LAPTOP HP EliteBook 840 G7","date":"19. kolovoza 2025.","format":false,"excerpt":"CPU: i5-10310U 4\/8 Cores RAM DDR4 2666MHz 8GB SSD M.2 NVME 256GB Ekran: 14.1\" FullHD IPS Intel UHD","rel":"","context":"Srodne objave","img":{"alt_text":"","src":"https:\/\/i2.wp.com\/astehshop.com\/wp-content\/uploads\/2025\/08\/laptop-hp-elitebook-840-g7.webp?fit=800%2C800&ssl=1&resize=350%2C200","width":350,"height":200},"classes":[]},{"id":7579,"url":"https:\/\/astehshop.com\/index.php\/product\/hp-elitebook-650-g2-i5-6440u-8gb-250-m-2-ssd-fhd-15-6\/","url_meta":{"origin":11548,"position":1},"title":"HP EliteBook 650 G2 i5-6440U 8GB 250 M.2 SSD FHD 15.6&#8243;","date":"5. travnja 2023.","format":false,"excerpt":"Model: HP ProBook 650 G3 Procesor: i5-6440U 2.60GHz (do 3.50GHz) RAM: 8GB DDR4 2666MHz Pohrana: 250GB M.2 SSD Optika: DVD-RW Grafika: Intel UHD Rezolucija: 1920x1080 IPS Veli\u010dina: 15.6\"","rel":"","context":"Srodne objave","img":{"alt_text":"","src":"https:\/\/i0.wp.com\/astehshop.com\/wp-content\/uploads\/2023\/04\/XP5g3Nv36inyJVa7EZ1k.jpg?fit=800%2C518&ssl=1&resize=350%2C200","width":350,"height":200},"classes":[]},{"id":9948,"url":"https:\/\/astehshop.com\/index.php\/product\/9948\/","url_meta":{"origin":11548,"position":2},"title":"Detaljni opis POLOVAN LAPTOP Lenovo\u2026","date":"5. o\u017eujka 2025.","format":false,"excerpt":"POLOVAN LAPTOP Lenovo ThinkPad T490 BIZNIS LAPTOP PREMIUM KVALITETA! MAGNEZIJUMSKO KU\u0106I\u0160TE Ekran: 14,1\" IPS FHD 1920x1080 Procesor: Intel Core i5-8365 4\/8 Cores Ram: DDR4 24GB SSD 512GB NVMe Grafika: Intel up to 8GB Windows 11, MS Office... Garancija: 6 mjeseci","rel":"","context":"Srodne objave","img":{"alt_text":"","src":"https:\/\/i2.wp.com\/astehshop.com\/wp-content\/uploads\/2025\/03\/Lenovo-Thinkpad-T490.jpg?fit=650%2C650&ssl=1&resize=350%2C200","width":350,"height":200},"classes":[]},{"id":11087,"url":"https:\/\/astehshop.com\/index.php\/product\/laptop-lenovo-l390-yoga-i5-8365u\/","url_meta":{"origin":11548,"position":3},"title":"LAPTOP Lenovo L390 Yoga i5-8365U","date":"15. srpnja 2025.","format":false,"excerpt":"Ekran: 13,3\" IPS FHD 1920x1080 Procesor: Intel Core i5-8250U Ram: DDR4 8GB SSD 256GB M.2 NVMe Grafika: Grafika Integrisana Intel 3.9GB Windows 11, MS Office... Garancija: 6 mjeseci","rel":"","context":"Srodne objave","img":{"alt_text":"","src":"https:\/\/i0.wp.com\/astehshop.com\/wp-content\/uploads\/2025\/07\/img-1752599813-f3cd00e59d2b.jpg?fit=700%2C497&ssl=1&resize=350%2C200","width":350,"height":200},"classes":[]},{"id":8238,"url":"https:\/\/astehshop.com\/index.php\/product\/polovan-laptop-hp-elitebook-450-g3-156\/","url_meta":{"origin":11548,"position":4},"title":"POLOVAN LAPTOP HP ELITEBOOK 450 G3 15,6&#8243;","date":"1. rujna 2023.","format":false,"excerpt":"Ekran: 15,6\" FHD 1920x1080 LED Procesor: Intel i5-6440HQ Quad Ram: DDR4 12GB 2666MHz SSD: M.2 NVMe 250GB Grafika: Intel UHD up to 4GB","rel":"","context":"Srodne objave","img":{"alt_text":"","src":"https:\/\/i1.wp.com\/astehshop.com\/wp-content\/uploads\/2023\/09\/61cV2WblOcL.jpg?fit=1200%2C900&ssl=1&resize=350%2C200","width":350,"height":200},"classes":[]},{"id":8244,"url":"https:\/\/astehshop.com\/index.php\/product\/laptop-dell-7480-i5-8gb\/","url_meta":{"origin":11548,"position":5},"title":"LAPTOP DELL 7480 i5 8GB","date":"2. rujna 2023.","format":false,"excerpt":"DELL 7480 CPU i5-6300U SSD M.2 NVMe 250GB RAM DDR4 8GB 14,1\" OLED FullHD 1920x1080","rel":"","context":"Srodne objave","img":{"alt_text":"","src":"https:\/\/i1.wp.com\/astehshop.com\/wp-content\/uploads\/2023\/09\/img-1693679700-0cc6078ebd30.jpg?fit=504%2C350&ssl=1&resize=350%2C200","width":350,"height":200},"classes":[]}],"_links":{"self":[{"href":"https:\/\/astehshop.com\/index.php\/wp-json\/wp\/v2\/product\/11548"}],"collection":[{"href":"https:\/\/astehshop.com\/index.php\/wp-json\/wp\/v2\/product"}],"about":[{"href":"https:\/\/astehshop.com\/index.php\/wp-json\/wp\/v2\/types\/product"}],"replies":[{"embeddable":true,"href":"https:\/\/astehshop.com\/index.php\/wp-json\/wp\/v2\/comments?post=11548"}],"wp:featuredmedia":[{"embeddable":true,"href":"https:\/\/astehshop.com\/index.php\/wp-json\/wp\/v2\/media\/11549"}],"wp:attachment":[{"href":"https:\/\/astehshop.com\/index.php\/wp-json\/wp\/v2\/media?parent=11548"}],"wp:term":[{"taxonomy":"product_cat","embeddable":true,"href":"https:\/\/astehshop.com\/index.php\/wp-json\/wp\/v2\/product_cat?post=11548"},{"taxonomy":"product_tag","embeddable":true,"href":"https:\/\/astehshop.com\/index.php\/wp-json\/wp\/v2\/product_tag?post=11548"}],"curies":[{"name":"wp","href":"https:\/\/api.w.org\/{rel}","templated":true}]}}