{"id":11010,"date":"2025-07-14T17:11:45","date_gmt":"2025-07-14T15:11:45","guid":{"rendered":"http:\/\/astehshop.com\/?post_type=product&#038;p=11010"},"modified":"2025-07-14T17:11:47","modified_gmt":"2025-07-14T15:11:47","slug":"syrox-usb-brzi-auto-punjac-2xusb","status":"publish","type":"product","link":"https:\/\/astehshop.com\/trgovina\/uncategorized\/syrox-usb-brzi-auto-punjac-2xusb\/","title":{"rendered":"SYROX USB BRZI AUTO PUNJA\u010c 2XUSB"},"content":{"rendered":"<ul>\n<li>\u00a0Ulaz: DC 12V \u2013 30V<\/li>\n<li>\u00a0Izlaz 1: DC 5V \/ 2.1A<\/li>\n<li>\u00a0Izlaz 2: DC 5V \/ 1A<\/li>\n<li>\u00a0Dimenzije: 65 x 26mm<\/li>\n<li>\u00a0Te\u017eina: 36g<\/li>\n<\/ul>\n<p>&nbsp;<\/p>\n<p>Za sve dodatne informacije mozete nas kontaktirati na\u00a0<strong>OLX poruke, 065824333 ili Viber<\/strong><\/p>\n<p>NUDIMO KUPOVINU NOVE ROBE NA RATE:<\/p>\n<p>-DO 18 RATA PREKO MIKROFIN KREDITNA ORGANIZACIJA<\/p>\n<p>-DO 12 RATA PREKO \u0160OPING KARTICE UNICREDIT BANK<\/p>\n<p>&nbsp;<\/p>\n<p>Trgovinska Radnja TECHNO SHOP BN<\/p>\n<p>Nikole Tesle 31a, Bijeljina<\/p>\n<p>(izme\u0111u Moja Apoteka i picerije Park Ne\u0161kovi\u0107)<\/p>\n<p>055\/422-599;\u00a0<strong><u>065\/824-333<\/u><\/strong><\/p>\n<p>Radnim danima 09-19h<\/p>\n<p>Subotom 09-16h<\/p>\n<p>www.technoshopbn.com<\/p>\n<p><a href=\"https:\/\/olx.ba\/artikal\/51187537\/gaming-racunar-pc-i5-10400f-16gb-gtx-1660-ti\">info@technoshopbn.com<\/a><\/p>\n","protected":false},"excerpt":{"rendered":"<ul>\n<li>\u00a0Ulaz: DC 12V \u2013 30V<\/li>\n<li>\u00a0Izlaz 1: DC 5V \/ 2.1A<\/li>\n<li>\u00a0Izlaz 2: DC 5V \/ 1A<\/li>\n<li>\u00a0Dimenzije: 65 x 26mm<\/li>\n<li>\u00a0Te\u017eina: 36g<\/li>\n<\/ul>\n","protected":false},"featured_media":11011,"comment_status":"open","ping_status":"closed","template":"","meta":[],"product_brand":[],"product_cat":[15],"product_tag":[],"class_list":{"0":"post-11010","1":"product","2":"type-product","3":"status-publish","4":"has-post-thumbnail","6":"product_cat-uncategorized","8":"first","9":"instock","10":"shipping-taxable","11":"purchasable","12":"product-type-simple"},"_links":{"self":[{"href":"https:\/\/astehshop.com\/wp-json\/wp\/v2\/product\/11010","targetHints":{"allow":["GET"]}}],"collection":[{"href":"https:\/\/astehshop.com\/wp-json\/wp\/v2\/product"}],"about":[{"href":"https:\/\/astehshop.com\/wp-json\/wp\/v2\/types\/product"}],"replies":[{"embeddable":true,"href":"https:\/\/astehshop.com\/wp-json\/wp\/v2\/comments?post=11010"}],"version-history":[{"count":0,"href":"https:\/\/astehshop.com\/wp-json\/wp\/v2\/product\/11010\/revisions"}],"wp:featuredmedia":[{"embeddable":true,"href":"https:\/\/astehshop.com\/wp-json\/wp\/v2\/media\/11011"}],"wp:attachment":[{"href":"https:\/\/astehshop.com\/wp-json\/wp\/v2\/media?parent=11010"}],"wp:term":[{"taxonomy":"product_brand","embeddable":true,"href":"https:\/\/astehshop.com\/wp-json\/wp\/v2\/product_brand?post=11010"},{"taxonomy":"product_cat","embeddable":true,"href":"https:\/\/astehshop.com\/wp-json\/wp\/v2\/product_cat?post=11010"},{"taxonomy":"product_tag","embeddable":true,"href":"https:\/\/astehshop.com\/wp-json\/wp\/v2\/product_tag?post=11010"}],"curies":[{"name":"wp","href":"https:\/\/api.w.org\/{rel}","templated":true}]}}