{"id":10962,"date":"2025-07-10T14:40:57","date_gmt":"2025-07-10T12:40:57","guid":{"rendered":"http:\/\/astehshop.com\/?post_type=product&#038;p=10962"},"modified":"2025-07-10T14:40:59","modified_gmt":"2025-07-10T12:40:59","slug":"racunar-lenovo-workstation-p500-xeon-e5-1620-v3","status":"publish","type":"product","link":"https:\/\/astehshop.com\/index.php\/product\/racunar-lenovo-workstation-p500-xeon-e5-1620-v3\/","title":{"rendered":"RA\u010cUNAR Lenovo WorkStation P500 XEON E5-1620 v3"},"content":{"rendered":"<ul>\n<li>Proizvo\u0111a\u010d: LENOVO<\/li>\n<li>Model: WorkStation P500<\/li>\n<li>Procesor: Xeon E5-1620 v3 3.50GHz do 3.60GHz<\/li>\n<li>RAM: 16GB DDR4 ECC<\/li>\n<li>Pohrana: x<\/li>\n<li>Optika: DVD-RW<\/li>\n<li>Grafika: QUADRO K620<\/li>\n<\/ul>\n<p>Za sve dodatne informacije mozete nas kontaktirati na\u00a0<strong>OLX poruke, 065824333 ili Viber<\/strong><\/p>\n<p>&nbsp;<\/p>\n<p>NUDIMO KUPOVINU NOVE ROBE NA RATE:<\/p>\n<p>-DO 18 RATA PREKO MIKROFIN KREDITNA ORGANIZACIJA<\/p>\n<p>-DO 12 RATA PREKO \u0160OPING KARTICE UNICREDIT BANK<\/p>\n<p>&nbsp;<\/p>\n<p>Trgovinska Radnja TECHNO SHOP BN<\/p>\n<p>Nikole Tesle 31a, Bijeljina<\/p>\n<p>(izme\u0111u Moja Apoteka i picerije Park Ne\u0161kovi\u0107)<\/p>\n<p>055\/422-599;\u00a0<strong><u>065\/824-333<\/u><\/strong><\/p>\n<p>Radnim danima 09-19h<\/p>\n<p>Subotom 09-16h<\/p>\n<p>www.technoshopbn.com<\/p>\n<p><a href=\"https:\/\/olx.ba\/artikal\/51187537\/gaming-racunar-pc-i5-10400f-16gb-gtx-1660-ti\">info@technoshopbn.com<\/a><\/p>\n","protected":false},"excerpt":{"rendered":"<ul>\n<li>Proizvo\u0111a\u010d: LENOVO<\/li>\n<li>Model: WorkStation P500<\/li>\n<li>Procesor: Xeon E5-1620 v3 3.50GHz do 3.60GHz<\/li>\n<li>RAM: 16GB DDR4 ECC<\/li>\n<li>Optika: DVD-RW<\/li>\n<li>Grafika: QUADRO K620<\/li>\n<\/ul>\n","protected":false},"featured_media":10963,"comment_status":"open","ping_status":"closed","template":"","meta":{"_mi_skip_tracking":false,"_exactmetrics_sitenote_active":false,"_exactmetrics_sitenote_note":"","_exactmetrics_sitenote_category":0,"spay_email":""},"product_cat":[157],"product_tag":[],"brands":[{"id":5148,"name":"LENOVO","slug":"lenovo"}],"df_price":572,"df_sale_price":"","df_regular_price":572,"df_image_link":"https:\/\/i0.wp.com\/astehshop.com\/wp-content\/uploads\/2025\/07\/HP-Z240-SFF-Workstation-HP-Z240-Tower-Workstation-and-Dual-HP-Z23n-Displays-scaled.jpg?fit=450%2C234&ssl=1","jetpack_publicize_connections":[],"jetpack_sharing_enabled":true,"jetpack_likes_enabled":true,"jetpack-related-posts":[{"id":10960,"url":"https:\/\/astehshop.com\/index.php\/product\/racunar-hp-workstation-z240-tower-2\/","url_meta":{"origin":10962,"position":0},"title":"RA\u010cUNAR HP WorkStation Z240 Tower","date":"10. srpnja 2025.","format":false,"excerpt":"Proizvo\u0111a\u010d: HP Model: WorkStation Z240 Tower Procesor: i5-6400 2.70GHz RAM: 16GB DDR4 Pohrana: 256GB NvME Optika: DVD-RW Grafika: K2200 4GB Video izlazi: 1x DVI-D, 2x DisplayPort","rel":"","context":"Srodne objave","img":{"alt_text":"","src":"https:\/\/i2.wp.com\/astehshop.com\/wp-content\/uploads\/2025\/07\/image11.png?fit=1024%2C1024&ssl=1&resize=350%2C200","width":350,"height":200},"classes":[]},{"id":10947,"url":"https:\/\/astehshop.com\/index.php\/product\/racunar-hp-workstation-z240-tower\/","url_meta":{"origin":10962,"position":1},"title":"RA\u010cUNAR HP WorkStation Z240 Tower","date":"10. srpnja 2025.","format":false,"excerpt":"Proizvo\u0111a\u010d: HP Model: WorkStation Z240 Tower Procesor: i5-6600 3.30GHz (od 3.90 GHz) RAM: 16 GB DDR4 Pohrana: 256GB SSD Optika: DVD-RW Grafika:Nvidia quadro K620 2GB Video izlazi: 1x DVI-D, 2x DisplayPort","rel":"","context":"Srodne objave","img":{"alt_text":"","src":"https:\/\/i1.wp.com\/astehshop.com\/wp-content\/uploads\/2025\/07\/image-6.png?fit=1024%2C1024&ssl=1&resize=350%2C200","width":350,"height":200},"classes":[]},{"id":10979,"url":"https:\/\/astehshop.com\/index.php\/product\/racunar-hp-workstation-z240-tower-i7-6700-256ssd\/","url_meta":{"origin":10962,"position":2},"title":"RA\u010cUNAR HP WorkStation Z240 Tower i7-6700 \/ 256SSD","date":"10. srpnja 2025.","format":false,"excerpt":"Proizvo\u0111a\u010d: HP Model: WorkStation Z240 Tower Procesor: i7-6700 3.40GHz (od 4.00 GHz) RAM: 16 GB DDR4 Pohrana: 256GB SSD Optika: DVD-RW Grafika:Nvidia quadro K620 2GB","rel":"","context":"Srodne objave","img":{"alt_text":"","src":"https:\/\/i1.wp.com\/astehshop.com\/wp-content\/uploads\/2025\/07\/kk.png?fit=1024%2C1024&ssl=1&resize=350%2C200","width":350,"height":200},"classes":[]},{"id":10958,"url":"https:\/\/astehshop.com\/index.php\/product\/racunar-hp-workstation-z2-g4-tower-1tb-ssd\/","url_meta":{"origin":10962,"position":3},"title":"RA\u010cUNAR HP WorkStation Z2 G4 Tower 1TB SSD","date":"10. srpnja 2025.","format":false,"excerpt":"Proizvo\u0111a\u010d: HP Model: WorkStation Z2 G4 Tower Procesor: Intel Core i7-8700 3.20GHz do 4.60GHz RAM: 32GB DDR4 Pohrana: 1TB SSD Grafika: Quadro P2000 5GB","rel":"","context":"Srodne objave","img":{"alt_text":"","src":"https:\/\/i1.wp.com\/astehshop.com\/wp-content\/uploads\/2025\/07\/image-10.jpg?fit=500%2C367&ssl=1&resize=350%2C200","width":350,"height":200},"classes":[]},{"id":10952,"url":"https:\/\/astehshop.com\/index.php\/product\/racunar-fractal-design-tower-2\/","url_meta":{"origin":10962,"position":4},"title":"RA\u010cUNAR FRACTAL DESIGN Tower","date":"10. srpnja 2025.","format":false,"excerpt":"Model: FRECTAL DESIGN TOWER Procesor: i5-6600 3.30 GHz do 3.60GHz Ram memorija: 16GB DDR4 Pohrana: 256m.2 Optika: DVD-RW Grafika: GTX 750Ti 2GB Napajanje: Cooler Master 650W","rel":"","context":"Srodne objave","img":{"alt_text":"","src":"https:\/\/i1.wp.com\/astehshop.com\/wp-content\/uploads\/2025\/07\/image-7.jpg?fit=1024%2C1024&ssl=1&resize=350%2C200","width":350,"height":200},"classes":[]},{"id":10941,"url":"https:\/\/astehshop.com\/index.php\/product\/dell-precision-3620-tower\/","url_meta":{"origin":10962,"position":5},"title":"Dell Precision 3620 Tower","date":"10. srpnja 2025.","format":false,"excerpt":"Model: Dell Precision 3620 Tower Procesor: i7-7700 3.60GHz do 4.20GHz Ram memorija: 16GB DDR4 Pohrana: 256GB SSD Optika: x Grafika: Qudro M2000 4GB","rel":"","context":"Srodne objave","img":{"alt_text":"","src":"https:\/\/i1.wp.com\/astehshop.com\/wp-content\/uploads\/2025\/07\/image-3.jpg?fit=800%2C800&ssl=1&resize=350%2C200","width":350,"height":200},"classes":[]}],"_links":{"self":[{"href":"https:\/\/astehshop.com\/index.php\/wp-json\/wp\/v2\/product\/10962"}],"collection":[{"href":"https:\/\/astehshop.com\/index.php\/wp-json\/wp\/v2\/product"}],"about":[{"href":"https:\/\/astehshop.com\/index.php\/wp-json\/wp\/v2\/types\/product"}],"replies":[{"embeddable":true,"href":"https:\/\/astehshop.com\/index.php\/wp-json\/wp\/v2\/comments?post=10962"}],"wp:featuredmedia":[{"embeddable":true,"href":"https:\/\/astehshop.com\/index.php\/wp-json\/wp\/v2\/media\/10963"}],"wp:attachment":[{"href":"https:\/\/astehshop.com\/index.php\/wp-json\/wp\/v2\/media?parent=10962"}],"wp:term":[{"taxonomy":"product_cat","embeddable":true,"href":"https:\/\/astehshop.com\/index.php\/wp-json\/wp\/v2\/product_cat?post=10962"},{"taxonomy":"product_tag","embeddable":true,"href":"https:\/\/astehshop.com\/index.php\/wp-json\/wp\/v2\/product_tag?post=10962"}],"curies":[{"name":"wp","href":"https:\/\/api.w.org\/{rel}","templated":true}]}}