{"id":10938,"date":"2025-07-10T13:47:39","date_gmt":"2025-07-10T11:47:39","guid":{"rendered":"http:\/\/astehshop.com\/?post_type=product&#038;p=10938"},"modified":"2025-07-10T13:47:40","modified_gmt":"2025-07-10T11:47:40","slug":"racunar-dell-optiplex-5090","status":"publish","type":"product","link":"https:\/\/astehshop.com\/index.php\/product\/racunar-dell-optiplex-5090\/","title":{"rendered":"RA\u010cUNAR Dell OptiPlex 5090"},"content":{"rendered":"<ul>\n<li>Proizvo\u0111a\u010d: Dell<\/li>\n<li>Model: OptiPlex 5090 SFF<\/li>\n<li>Procesor: Intel i5-10505 3.20GHz do 4.60GHz<\/li>\n<li>RAM: 16GB DDR4<\/li>\n<li>Pohrana: 256GB SSD NVMe<\/li>\n<li>Grafika: x<\/li>\n<li>Optika: DVD-RW<\/li>\n<li>Video izlazi: 2x DisplayPort<\/li>\n<li>\u00a0Priklju\u010dci: 4x 3.0 USB, 4x 2.0 USB, 1x RJ-45, 2&#215;3.5mm<\/li>\n<\/ul>\n<p>&nbsp;<\/p>\n<p>Za sve dodatne informacije mozete nas kontaktirati na\u00a0<strong>OLX poruke, 065824333 ili Viber<\/strong><\/p>\n<p>&nbsp;<\/p>\n<p>NUDIMO KUPOVINU NOVE ROBE NA RATE:<\/p>\n<p>-DO 18 RATA PREKO MIKROFIN KREDITNA ORGANIZACIJA<\/p>\n<p>-DO 12 RATA PREKO \u0160OPING KARTICE UNICREDIT BANK<\/p>\n<p>&nbsp;<\/p>\n<p>Trgovinska Radnja TECHNO SHOP BN<\/p>\n<p>Nikole Tesle 31a, Bijeljina<\/p>\n<p>(izme\u0111u Moja Apoteka i picerije Park Ne\u0161kovi\u0107)<\/p>\n<p>055\/422-599;\u00a0<strong><u>065\/824-333<\/u><\/strong><\/p>\n<p>Radnim danima 09-19h<\/p>\n<p>Subotom 09-16h<\/p>\n<p>www.technoshopbn.com<\/p>\n<p><a href=\"https:\/\/olx.ba\/artikal\/51187537\/gaming-racunar-pc-i5-10400f-16gb-gtx-1660-ti\">info@technoshopbn.com<\/a><\/p>\n","protected":false},"excerpt":{"rendered":"<ul>\n<li>Proizvo\u0111a\u010d: Dell<\/li>\n<li>Model: OptiPlex 5090 SFF<\/li>\n<li>Procesor: Intel i5-10505 3.20GHz do 4.60GHz<\/li>\n<li>RAM: 16GB DDR4<\/li>\n<li>Pohrana: 256GB SSD NVMe<\/li>\n<li>Grafika: x<\/li>\n<li>Optika: DVD-RW<\/li>\n<li>Video izlazi: 2x DisplayPort<\/li>\n<li>\u00a0Priklju\u010dci: 4x 3.0 USB, 4x 2.0 USB, 1x RJ-45, 2&#215;3.5mm<\/li>\n<\/ul>\n","protected":false},"featured_media":10939,"comment_status":"open","ping_status":"closed","template":"","meta":{"_mi_skip_tracking":false,"_exactmetrics_sitenote_active":false,"_exactmetrics_sitenote_note":"","_exactmetrics_sitenote_category":0,"spay_email":""},"product_cat":[2393],"product_tag":[],"brands":[],"df_price":730,"df_sale_price":"","df_regular_price":730,"df_image_link":"https:\/\/i0.wp.com\/astehshop.com\/wp-content\/uploads\/2025\/07\/0384_pdp-polaris-MT_SFF_Swordfish_7000_module-01.jpg?fit=450%2C315&ssl=1","jetpack_publicize_connections":[],"jetpack_sharing_enabled":true,"jetpack_likes_enabled":true,"jetpack-related-posts":[{"id":10950,"url":"https:\/\/astehshop.com\/index.php\/product\/racunar-dell-optiplex-3080-sff\/","url_meta":{"origin":10938,"position":0},"title":"RA\u010cUNAR Dell OptiPlex 3080 SFF","date":"10. srpnja 2025.","format":false,"excerpt":"Proizvo\u0111a\u010d: Dell Model: OptiPlex 3080 SFF Procesor: Intel i5-10505 3.20GHz do 4.60GHz RAM: 16GB DDR4 Pohrana: 256GB SSD NVMe Grafika: x Optika: DVD-RW Video izlazi: 1X DisplayPort, 1x HDMI \u00a0Priklju\u010dci: 4x 3.0 USB, 4x 2.0 USB, 1x RJ-45","rel":"","context":"Srodne objave","img":{"alt_text":"","src":"https:\/\/i2.wp.com\/astehshop.com\/wp-content\/uploads\/2025\/07\/0384_pdp-polaris-MT_SFF_Swordfish_7000_module-01-1.jpg?fit=965%2C676&ssl=1&resize=350%2C200","width":350,"height":200},"classes":[]},{"id":10976,"url":"https:\/\/astehshop.com\/index.php\/product\/racunar-dell-optiplex-7070-sff-i5-9500-16-256gb-nvme\/","url_meta":{"origin":10938,"position":1},"title":"RA\u010cUNAR Dell OptiPlex 7070 SFF i5-9500 \/ 16 \/ 256GB NvME","date":"10. srpnja 2025.","format":false,"excerpt":"Proizvo\u0111a\u010d: Dell Model: OptiPlex 7070 SFF Procesor: i5-9500 3.00GHz RAM: 16GB DDR4 Pohrana: 256GB SSD NvME","rel":"","context":"Srodne objave","img":{"alt_text":"","src":"https:\/\/i0.wp.com\/astehshop.com\/wp-content\/uploads\/2025\/07\/image-13.jpg?fit=550%2C412&ssl=1&resize=350%2C200","width":350,"height":200},"classes":[]},{"id":10954,"url":"https:\/\/astehshop.com\/index.php\/product\/racunar-dell-optiplex-3070-sff\/","url_meta":{"origin":10938,"position":2},"title":"RA\u010cUNAR Dell OptiPlex 3070 SFF","date":"10. srpnja 2025.","format":false,"excerpt":"Proizvo\u0111a\u010d: Dell Model: OptiPlex 3070 SFF Procesor: i5-9500 3.00GHz RAM: 16GB DDR4 Pohrana: 256GB SSD m.2 Video izlazi: 1X DisplayPort, 1x HDMI \u00a0Priklju\u010dci: 4x 3.0 USB, 4x 2.0 USB, 1x RS-232","rel":"","context":"Srodne objave","img":{"alt_text":"","src":"https:\/\/i2.wp.com\/astehshop.com\/wp-content\/uploads\/2025\/07\/image-8.jpg?fit=1024%2C1024&ssl=1&resize=350%2C200","width":350,"height":200},"classes":[]},{"id":10956,"url":"https:\/\/astehshop.com\/index.php\/product\/racunar-dell-optiplex-7070-sff\/","url_meta":{"origin":10938,"position":3},"title":"RA\u010cUNAR Dell OptiPlex 7070 SFF","date":"10. srpnja 2025.","format":false,"excerpt":"Proizvo\u0111a\u010d: Dell Model: OptiPlex 7070 SFF Procesor: i5-8500 3.00GHz RAM: 8GB DDR4 Pohrana: 256GB SSD m.2","rel":"","context":"Srodne objave","img":{"alt_text":"","src":"https:\/\/i2.wp.com\/astehshop.com\/wp-content\/uploads\/2025\/07\/image-9.jpg?fit=550%2C412&ssl=1&resize=350%2C200","width":350,"height":200},"classes":[]},{"id":10974,"url":"https:\/\/astehshop.com\/index.php\/product\/10974\/","url_meta":{"origin":10938,"position":4},"title":"Proizvo\u0111a\u010d: Dell Model: OptiPlex 7070\u2026","date":"10. srpnja 2025.","format":false,"excerpt":"Proizvo\u0111a\u010d: Dell Model: OptiPlex 7070 SFF Procesor: i5-8500 3.00GHz RAM: 8GB DDR4 Pohrana: 256GB SSD NvME","rel":"","context":"Srodne objave","img":{"alt_text":"","src":"https:\/\/i0.wp.com\/astehshop.com\/wp-content\/uploads\/2025\/07\/image-13.jpg?fit=550%2C412&ssl=1&resize=350%2C200","width":350,"height":200},"classes":[]},{"id":10968,"url":"https:\/\/astehshop.com\/index.php\/product\/racunar-dell-optiplex-7060-sff\/","url_meta":{"origin":10938,"position":5},"title":"RA\u010cUNAR Dell OptiPlex 7060 SFF","date":"10. srpnja 2025.","format":false,"excerpt":"Proizvo\u0111a\u010d: Dell Model: OptiPlex 7060 SFF Procesor: i5-8500 3.00GHz RAM: 8GB DDR4 Pohrana: 256SSD m.2 Grafika: Intel\u00ae HD Graphics 510\/530","rel":"","context":"Srodne objave","img":{"alt_text":"","src":"https:\/\/i0.wp.com\/astehshop.com\/wp-content\/uploads\/2025\/07\/0384_pdp-polaris-MT_SFF_Swordfish_7000_module-01.jpg?fit=965%2C676&ssl=1&resize=350%2C200","width":350,"height":200},"classes":[]}],"_links":{"self":[{"href":"https:\/\/astehshop.com\/index.php\/wp-json\/wp\/v2\/product\/10938"}],"collection":[{"href":"https:\/\/astehshop.com\/index.php\/wp-json\/wp\/v2\/product"}],"about":[{"href":"https:\/\/astehshop.com\/index.php\/wp-json\/wp\/v2\/types\/product"}],"replies":[{"embeddable":true,"href":"https:\/\/astehshop.com\/index.php\/wp-json\/wp\/v2\/comments?post=10938"}],"wp:featuredmedia":[{"embeddable":true,"href":"https:\/\/astehshop.com\/index.php\/wp-json\/wp\/v2\/media\/10939"}],"wp:attachment":[{"href":"https:\/\/astehshop.com\/index.php\/wp-json\/wp\/v2\/media?parent=10938"}],"wp:term":[{"taxonomy":"product_cat","embeddable":true,"href":"https:\/\/astehshop.com\/index.php\/wp-json\/wp\/v2\/product_cat?post=10938"},{"taxonomy":"product_tag","embeddable":true,"href":"https:\/\/astehshop.com\/index.php\/wp-json\/wp\/v2\/product_tag?post=10938"}],"curies":[{"name":"wp","href":"https:\/\/api.w.org\/{rel}","templated":true}]}}