{"id":10344,"date":"2025-05-07T21:06:39","date_gmt":"2025-05-07T19:06:39","guid":{"rendered":"http:\/\/astehshop.com\/?post_type=product&#038;p=10344"},"modified":"2026-04-04T20:22:08","modified_gmt":"2026-04-04T18:22:08","slug":"max-klima-12-on-off-mac12cw","status":"publish","type":"product","link":"http:\/\/astehshop.com\/index.php\/product\/max-klima-12-on-off-mac12cw\/","title":{"rendered":"Max klima 12&#8221; ON OFF MAC12CW"},"content":{"rendered":"<p>Model MAC12CW<br \/>\nKapacitet hla\u0111enja (BTU\/H) 11000<br \/>\nKapacitet hla\u0111enja (W) 3230<br \/>\nKapacitet grejanja (BTU\/H) 11500<br \/>\nKapacitet grejanja (W) 3370<br \/>\nEER za hla\u0111enje (W) 3,21<br \/>\nEnergetska klasa hla\u0111enja A<br \/>\nCOP za grejanje (W) 3,61<br \/>\nEnergetska klasa grejanja A<br \/>\nRadna supstanca (freon) R410A<\/p>\n","protected":false},"excerpt":{"rendered":"<p>Model MAC12CW<br \/>\nKapacitet hla\u0111enja (BTU\/H) 11000<br \/>\nKapacitet hla\u0111enja (W) 3230<br \/>\nKapacitet grejanja (BTU\/H) 11500<br \/>\nKapacitet grejanja (W) 3370<br \/>\nEER za hla\u0111enje (W) 3,21<br \/>\nEnergetska klasa hla\u0111enja A<br \/>\nCOP za grejanje (W) 3,61<br \/>\nEnergetska klasa grejanja A<br \/>\nRadna supstanca (freon) R410A<\/p>\n","protected":false},"featured_media":10345,"comment_status":"open","ping_status":"closed","template":"","meta":{"_mi_skip_tracking":false,"_exactmetrics_sitenote_active":false,"_exactmetrics_sitenote_note":"","_exactmetrics_sitenote_category":0,"spay_email":""},"product_cat":[2458],"product_tag":[8055,8056,8054,8058,8057],"brands":[],"df_price":559,"df_sale_price":559,"df_regular_price":579,"df_image_link":"https:\/\/i0.wp.com\/astehshop.com\/wp-content\/uploads\/2025\/05\/max-klima-bijeljina.jpg?fit=360%2C450","jetpack_publicize_connections":[],"jetpack_sharing_enabled":true,"jetpack_likes_enabled":true,"jetpack-related-posts":[{"id":3431,"url":"http:\/\/astehshop.com\/index.php\/product\/klima-vivax-acp-12ch35aex-a-klasa\/","url_meta":{"origin":10344,"position":0},"title":"Klima VIVAX ACP-12CH35AEX A klasa","date":"23. lipnja 2019.","format":false,"excerpt":"Kapacitet hla\u0111enja: 3,517 kW. Energetska klasa hla\u0111enja: A. Kapacitet grijanja: 3,810 kWh. Energetska klasa grijanja: A. Podru\u010dje rada od -7C do +43C. Inteligentno napajanje. Indikator istjecanja rashladnog medija. EER: 3,21 COP: 3,61","rel":"","context":"Srodne objave","img":{"alt_text":"","src":"https:\/\/i0.wp.com\/astehshop.com\/wp-content\/uploads\/2019\/06\/ACP-12CH35AEX.jpg?fit=600%2C600&resize=350%2C200","width":350,"height":200},"classes":[]},{"id":9395,"url":"http:\/\/astehshop.com\/index.php\/product\/klima-uredaj-favorit-18000btu-jd-hb-inverter-do-25-gratis-nosaci\/","url_meta":{"origin":10344,"position":1},"title":"Klima ure\u0111aj FAVORIT 18000BTU JD HB INVERTER do -25","date":"22. lipnja 2024.","format":false,"excerpt":"KAPACITET HLA\u0110ENJA: 5.3W KAPACITET HLA\u0110ENJA (BTU) 18084 KAPACITET GREJANJA: 5.6W KAPACITET GREJANJA (BTU) 19107 SCOP ZA GREJANJE (W\/W)-PROSEK: 4.19W ENERGETSKA KLASA A++\/A+ VRSTA GASA R32 PROTOK VAZDUHA 850 SPOLJNA\/UNUTRA\u0160NJA JEDINICA (NIVO BUKE): 57\/62dB UNUTRA\u0160NJA JEDINICA NETO TE\u017dINA (KG) 11.5 SPOLJNA JEDINICA NETO TE\u017dINA (KG) 28 DIMENZIJE (UNUTRA\u0160NJE) \u2013 NETO 940*316*224\u2026","rel":"","context":"Srodne objave","img":{"alt_text":"","src":"https:\/\/i0.wp.com\/astehshop.com\/wp-content\/uploads\/2024\/06\/klima-18-25.png?fit=1080%2C1080&resize=350%2C200","width":350,"height":200},"classes":[]},{"id":9393,"url":"http:\/\/astehshop.com\/index.php\/product\/klima-uredaj-favorit-12000btu-qb-he-hb-inverter-gratis-nosaci\/","url_meta":{"origin":10344,"position":2},"title":"Klima ure\u0111aj FAVORIT 12000BTU QB HE HB INVERTER -35 stepeni","date":"22. lipnja 2024.","format":false,"excerpt":"kapacitet hla\u0111enja kw: 3.5(0.65-4.1) kapacitet hla\u0111enja btu: 11942 kapacitet grijanja kw: 4.2(0.93-4.2) kapacitet grijanja btu: 14330 SEER hla\u0111enje: 8.5 Predstavljamo vam na\u0161 najnoviji HVAC sistem, koji ima kapacitet hla\u0111enja od 3.5 kW (11942 BTU) i kapacitet grijanja od 4.2 kW (14330 BTU). Sa SEER-om efikasnosti hla\u0111enja ocenjenim na 8.5 i\u2026","rel":"","context":"Srodne objave","img":{"alt_text":"","src":"https:\/\/i2.wp.com\/astehshop.com\/wp-content\/uploads\/2024\/06\/klima-12-do-35.png?fit=1080%2C1080&resize=350%2C200","width":350,"height":200},"classes":[]},{"id":9391,"url":"http:\/\/astehshop.com\/index.php\/product\/klima-uredaj-favorit-18000-btu-qb-he-hb-inverter-gratis-nosaci\/","url_meta":{"origin":10344,"position":3},"title":"Klima ure\u0111aj FAVORIT 18000 BTU QB HE HB INVERTER -35 stepeni","date":"22. lipnja 2024.","format":false,"excerpt":"kapacitet hla\u0111enje kw: 5.28(1.3-5.9) kapacitet hla\u0111enje BTU: 18015 kapacitet grijanje kw: 5.8(1.3-6.1) kapacitet grijanje BTU: 19107 SEER hla\u0111enje: 8.5 Predstavljamo vam na\u0161 najnoviji HVAC sistem, koji ima kapacitet hla\u0111enja od 3.5 kW (11942 BTU) i kapacitet grijanja od 4.2 kW (14330 BTU). Sa SEER-om efikasnosti hla\u0111enja ocenjenim na 1.7 i\u2026","rel":"","context":"Srodne objave","img":{"alt_text":"","src":"https:\/\/i2.wp.com\/astehshop.com\/wp-content\/uploads\/2024\/06\/klima-fav-35-18.png?fit=1080%2C1080&resize=350%2C200","width":350,"height":200},"classes":[]},{"id":7769,"url":"http:\/\/astehshop.com\/index.php\/product\/klima-uredaj-24000btu-premium-20-wifi-inverter-a-a\/","url_meta":{"origin":10344,"position":4},"title":"Klima ure\u0111aj, 24000Btu, premium -20\u00b0, Wifi, Inverter, A++\/A+","date":"15. svibnja 2023.","format":false,"excerpt":"Klima ure\u0111aj TAC-24CHSD\/LFI, 24000 Btu, kapacitet hla\u0111enja 6.84 ( 1.83 - 7.82 ) kW, kapacitet grijanja 7.05 ( 1.85 - 7.96 ) kW Protok zraka 1100 m\u00b3\/h, temperaturni opseg u modu hla\u0111enja -15\u00b0C - 53\u00b0C, premium -20\u00b0, grija\u010d vanjske jedinice, temperaturni opseg u modu grijanja -20\u00b0C - +30\u00b0C Rashladni plin\u2026","rel":"","context":"Srodne objave","img":{"alt_text":"","src":"https:\/\/i1.wp.com\/astehshop.com\/wp-content\/uploads\/2023\/05\/frozzini-24-bez-nosaca-scaled.jpg?fit=1200%2C936&resize=350%2C200","width":350,"height":200},"classes":[]},{"id":10346,"url":"http:\/\/astehshop.com\/index.php\/product\/max-klima-inveter-12-15-mac12icwl\/","url_meta":{"origin":10344,"position":5},"title":"MAX klima inveter 12&#8221; -15 MAC12ICWL","date":"7. svibnja 2025.","format":false,"excerpt":"Kapacitet: 12000 BTU Energetsla klasa: A++\/ A+ Gas: R32 Buka unutra\u0161nje\/ spolja\u0161nje jedinice: 53dB\/ 59dB Kapacitet hla\u0111enje \/ grijanje: 3.4 kW \/ 3.5 kW Garancija 24 mjeseca","rel":"","context":"Srodne objave","img":{"alt_text":"","src":"https:\/\/i0.wp.com\/astehshop.com\/wp-content\/uploads\/2025\/05\/max-klima-bijeljina.jpg?fit=960%2C1200&resize=350%2C200","width":350,"height":200},"classes":[]}],"_links":{"self":[{"href":"http:\/\/astehshop.com\/index.php\/wp-json\/wp\/v2\/product\/10344"}],"collection":[{"href":"http:\/\/astehshop.com\/index.php\/wp-json\/wp\/v2\/product"}],"about":[{"href":"http:\/\/astehshop.com\/index.php\/wp-json\/wp\/v2\/types\/product"}],"replies":[{"embeddable":true,"href":"http:\/\/astehshop.com\/index.php\/wp-json\/wp\/v2\/comments?post=10344"}],"wp:featuredmedia":[{"embeddable":true,"href":"http:\/\/astehshop.com\/index.php\/wp-json\/wp\/v2\/media\/10345"}],"wp:attachment":[{"href":"http:\/\/astehshop.com\/index.php\/wp-json\/wp\/v2\/media?parent=10344"}],"wp:term":[{"taxonomy":"product_cat","embeddable":true,"href":"http:\/\/astehshop.com\/index.php\/wp-json\/wp\/v2\/product_cat?post=10344"},{"taxonomy":"product_tag","embeddable":true,"href":"http:\/\/astehshop.com\/index.php\/wp-json\/wp\/v2\/product_tag?post=10344"}],"curies":[{"name":"wp","href":"https:\/\/api.w.org\/{rel}","templated":true}]}}