{"id":10215,"date":"2025-04-10T19:25:37","date_gmt":"2025-04-10T17:25:37","guid":{"rendered":"http:\/\/astehshop.com\/?post_type=product&#038;p=10215"},"modified":"2025-04-10T19:25:38","modified_gmt":"2025-04-10T17:25:38","slug":"racunar-pc-lenovo-m710s-i5-8gb-ssd-250gb","status":"publish","type":"product","link":"https:\/\/astehshop.com\/index.php\/product\/racunar-pc-lenovo-m710s-i5-8gb-ssd-250gb\/","title":{"rendered":"Ra\u010dunar PC LENOVO M710s i5 8GB SSD 250GB"},"content":{"rendered":"<p>DO\u010cEKAJTE NOVI TALAS FISKALIZACIJE SA MODERNIJIM RA\u010cUNAROM po povoljnoj cijeni.<\/p>\n<p>Udoban rad obezbje\u0111uje SSD 250GB spregnut sa 8GB DDR4 memorije.<\/p>\n<p>Namjenjen je prvenstveno za ku\u0107nu i kancelarijsku upotrebu, knjigovodstvenim agencijama, za rad sa knjigovodstvenim programima, \u0161kola&#8230;<\/p>\n<p>LENOVO M710 SFF, Karakteristike:<\/p>\n<p>CPU Intel i5-6500 6th generation<br \/>\nRAM DDR4 8GB<br \/>\nSSD 250GB<br \/>\npoklon HDD 250GB za backup kase<br \/>\n10xUSB 3.0<\/p>\n<p>Opcije doplate:<\/p>\n<p>za dodatnih 8GB RAM-a 49KM<br \/>\nLicenciran Windows 10 i 11 144.00KM.<br \/>\nZa sve dodatne informacije mozete nas kontaktirati na OLX poruke, 065824333 ili Viber<\/p>\n<p> NUDIMO KUPOVINU NOVE ROBE NA RATE:<\/p>\n<p>-DO 18 RATA PREKO MIKROFIN KREDITNA ORGANIZACIJA<\/p>\n<p>-DO 12 RATA PREKO \u0160OPING KARTICE UNICREDIT BANK<\/p>\n<p>Trgovinska Radnja<\/p>\n<p>TECHNO SHOP BN<\/p>\n<p>Nikole Tesle 31a, Bijeljina<\/p>\n<p>(izme\u0111u Moja Apoteka i picerije Park Ne\u0161kovi\u0107)<\/p>\n<p>055\/422-599<\/p>\n<p>065\/824-333<\/p>\n<p>066\/123-234<\/p>\n<p>Radnim danima 09-19h<\/p>\n<p>Subotom 09-16h<\/p>\n","protected":false},"excerpt":{"rendered":"<p>LENOVO M710 SFF, Karakteristike:<\/p>\n<p>CPU Intel i5-6500 6th generation<br \/>\nRAM DDR4 8GB<br \/>\nSSD 250GB<br \/>\npoklon HDD 250GB za backup kase<br \/>\n10xUSB 3.0<\/p>\n","protected":false},"featured_media":10217,"comment_status":"open","ping_status":"closed","template":"","meta":{"_mi_skip_tracking":false,"_exactmetrics_sitenote_active":false,"_exactmetrics_sitenote_note":"","_exactmetrics_sitenote_category":0,"spay_email":""},"product_cat":[157],"product_tag":[],"brands":[{"id":5148,"name":"LENOVO","slug":"lenovo"}],"df_price":219,"df_sale_price":"","df_regular_price":219,"df_image_link":"https:\/\/i1.wp.com\/astehshop.com\/wp-content\/uploads\/2025\/04\/img-1744184057-05c31ddfc0cb.jpg?fit=450%2C385&ssl=1","jetpack_publicize_connections":[],"jetpack_sharing_enabled":true,"jetpack_likes_enabled":true,"jetpack-related-posts":[{"id":9385,"url":"https:\/\/astehshop.com\/index.php\/product\/pc-racunar-hp-800-g2-i3-8gb-ssd-fiskalizacija-2024\/","url_meta":{"origin":10215,"position":0},"title":"PC RA\u010cUNAR HP 800 G2 i3 8GB SSD &#8211; FISKALIZACIJA 2024","date":"13. lipnja 2024.","format":false,"excerpt":"HP 800 G2 Elitedesk SFF, Karakteristike: CPU Intel i3-6100 6th generation RAM DDR4 8GB SSD 250GB poklon HDD 250GB za backup kase 10xUSB 3.0","rel":"","context":"Srodne objave","img":{"alt_text":"","src":"https:\/\/i0.wp.com\/astehshop.com\/wp-content\/uploads\/2024\/06\/hp-elitedesk-800-g2-sff-1532506521.jpg?fit=1000%2C1000&ssl=1&resize=350%2C200","width":350,"height":200},"classes":[]},{"id":8244,"url":"https:\/\/astehshop.com\/index.php\/product\/laptop-dell-7480-i5-8gb\/","url_meta":{"origin":10215,"position":1},"title":"LAPTOP DELL 7480 i5 8GB","date":"2. rujna 2023.","format":false,"excerpt":"DELL 7480 CPU i5-6300U SSD M.2 NVMe 250GB RAM DDR4 8GB 14,1\" OLED FullHD 1920x1080","rel":"","context":"Srodne objave","img":{"alt_text":"","src":"https:\/\/i1.wp.com\/astehshop.com\/wp-content\/uploads\/2023\/09\/img-1693679700-0cc6078ebd30.jpg?fit=504%2C350&ssl=1&resize=350%2C200","width":350,"height":200},"classes":[]},{"id":8681,"url":"https:\/\/astehshop.com\/index.php\/product\/laptop-hp-elitebook-850-g3-156-i5-ssd-8gb\/","url_meta":{"origin":10215,"position":2},"title":"LAPTOP HP Elitebook 850 G3 15,6&#8243; i5 SSD 8GB","date":"4. prosinca 2023.","format":false,"excerpt":"Model: 800 G3 Procesor: i5-6300U up to 3.30GHz RAM: 8GB DDR4 Pohrana: 250GB M.2 NVMe SSD Metalno ku\u0107i\u0161te Optika: Da Grafika: Intel Rezolucija: 1920x1080 Veli\u010dina: 15,6\" Webcam: \u221aBlueTooth: da; Fingerprint Reader: DA; WiFi: \u221a","rel":"","context":"Srodne objave","img":{"alt_text":"","src":"https:\/\/i2.wp.com\/astehshop.com\/wp-content\/uploads\/2023\/12\/img-1699867139-142df0195e91.webp?fit=520%2C382&ssl=1&resize=350%2C200","width":350,"height":200},"classes":[]},{"id":10288,"url":"https:\/\/astehshop.com\/index.php\/product\/praznicna-akcija-laptop-hp-15-6-i5-8gb-ssd-250gb\/","url_meta":{"origin":10215,"position":3},"title":"PRAZNI\u010cNA AKCIJA!  HP 650 G1 , 15.6&#8243; i5 8GB SSD 250GB","date":"17. travnja 2025.","format":false,"excerpt":"POLOVAN LAPTOP HP 650 G1 15,6\" BIZNIS LAPTOP PREMIUM KVALITETA! METALNO KU\u0106I\u0160TE Ekran: 15,6\" FHD 1920x1080 Procesor: Intel Core i5-4210M Ram: DDR3 8GB SSD 250GB Nov! Grafika: Intel HD 4000 up to 2.7GB Windows 10, MS Office... Garancija: 6 mjeseci","rel":"","context":"Srodne objave","img":{"alt_text":"","src":"https:\/\/i0.wp.com\/astehshop.com\/wp-content\/uploads\/2025\/04\/cbb20bb8439a675c508b7601c90a6f92.webp?fit=680%2C850&ssl=1&resize=350%2C200","width":350,"height":200},"classes":[]},{"id":7579,"url":"https:\/\/astehshop.com\/index.php\/product\/hp-elitebook-650-g2-i5-6440u-8gb-250-m-2-ssd-fhd-15-6\/","url_meta":{"origin":10215,"position":4},"title":"HP EliteBook 650 G2 i5-6440U 8GB 250 M.2 SSD FHD 15.6&#8243;","date":"5. travnja 2023.","format":false,"excerpt":"Model: HP ProBook 650 G3 Procesor: i5-6440U 2.60GHz (do 3.50GHz) RAM: 8GB DDR4 2666MHz Pohrana: 250GB M.2 SSD Optika: DVD-RW Grafika: Intel UHD Rezolucija: 1920x1080 IPS Veli\u010dina: 15.6\"","rel":"","context":"Srodne objave","img":{"alt_text":"","src":"https:\/\/i0.wp.com\/astehshop.com\/wp-content\/uploads\/2023\/04\/XP5g3Nv36inyJVa7EZ1k.jpg?fit=800%2C518&ssl=1&resize=350%2C200","width":350,"height":200},"classes":[]},{"id":8674,"url":"https:\/\/astehshop.com\/index.php\/product\/gaming-racunar-i5-6500-gtx-1050\/","url_meta":{"origin":10215,"position":5},"title":"GAMING RA\u010cUNAR i5 6500 GTX 1050","date":"4. prosinca 2023.","format":false,"excerpt":"CPU i5-6500 6th generation SSD 250GB HDD 500GB RAM DDR4 8GB GRAFIKA GTX 1050 4GB WINDOWS 10, MS Office","rel":"","context":"Srodne objave","img":{"alt_text":"","src":"https:\/\/i2.wp.com\/astehshop.com\/wp-content\/uploads\/2023\/12\/img-1683562811-6187a1a42d6a.jpeg?fit=450%2C450&ssl=1&resize=350%2C200","width":350,"height":200},"classes":[]}],"_links":{"self":[{"href":"https:\/\/astehshop.com\/index.php\/wp-json\/wp\/v2\/product\/10215"}],"collection":[{"href":"https:\/\/astehshop.com\/index.php\/wp-json\/wp\/v2\/product"}],"about":[{"href":"https:\/\/astehshop.com\/index.php\/wp-json\/wp\/v2\/types\/product"}],"replies":[{"embeddable":true,"href":"https:\/\/astehshop.com\/index.php\/wp-json\/wp\/v2\/comments?post=10215"}],"wp:featuredmedia":[{"embeddable":true,"href":"https:\/\/astehshop.com\/index.php\/wp-json\/wp\/v2\/media\/10217"}],"wp:attachment":[{"href":"https:\/\/astehshop.com\/index.php\/wp-json\/wp\/v2\/media?parent=10215"}],"wp:term":[{"taxonomy":"product_cat","embeddable":true,"href":"https:\/\/astehshop.com\/index.php\/wp-json\/wp\/v2\/product_cat?post=10215"},{"taxonomy":"product_tag","embeddable":true,"href":"https:\/\/astehshop.com\/index.php\/wp-json\/wp\/v2\/product_tag?post=10215"}],"curies":[{"name":"wp","href":"https:\/\/api.w.org\/{rel}","templated":true}]}}