{"id":10171,"date":"2025-04-06T16:11:26","date_gmt":"2025-04-06T14:11:26","guid":{"rendered":"http:\/\/astehshop.com\/?post_type=product&#038;p=10171"},"modified":"2026-01-14T18:40:22","modified_gmt":"2026-01-14T17:40:22","slug":"azuri-prijenosni-klima-uredaj-azo-mp25va-samo-hladenje","status":"publish","type":"product","link":"https:\/\/astehshop.com\/index.php\/product\/azuri-prijenosni-klima-uredaj-azo-mp25va-samo-hladenje\/","title":{"rendered":"AZURI PRIJENOSNI KLIMA URE\u0110AJ AZO-MP25VA &#8211; samo hla\u0111enje"},"content":{"rendered":"<p>U\u010dinak hla\u0111enja: 2,6 kW<br \/>\nPrikladno za prostor do 20 m2<br \/>\nEnergetska klasa: A<br \/>\nGarancija: 3 godine<\/p>\n","protected":false},"excerpt":{"rendered":"<h4>Prijenosni Azuri Eco Design\u00a0klima ure\u0111aj posjeduje brojne pozitivne odlike. Primjerice svojim zakrivljenim povr\u0161inama Elegantno dizajniran i ugla\u0111en Azuri, odaje elegantan dojam. Fleksibilni kota\u010di\u0107i omogu\u0107avaju olak\u0161ano pomicanje ure\u0111aja. Osim daljinskim ure\u0111ajem Eco Design\u00a0daje mogu\u0107nost kontrole performansa na samom ure\u0111aju.<\/h4>\n","protected":false},"featured_media":10172,"comment_status":"open","ping_status":"closed","template":"","meta":{"_mi_skip_tracking":false,"_exactmetrics_sitenote_active":false,"_exactmetrics_sitenote_note":"","_exactmetrics_sitenote_category":0,"spay_email":""},"product_cat":[2458],"product_tag":[7848,7850,7849],"brands":[{"id":7847,"name":"Azuri","slug":"azuri"}],"df_price":820,"df_sale_price":"","df_regular_price":820,"df_image_link":"https:\/\/i1.wp.com\/astehshop.com\/wp-content\/uploads\/2025\/04\/azuri-azo-mo35vd-klima-uredaj_3e6e27db.jpeg?fit=450%2C450&ssl=1","jetpack_publicize_connections":[],"jetpack_sharing_enabled":true,"jetpack_likes_enabled":true,"jetpack-related-posts":[{"id":10167,"url":"https:\/\/astehshop.com\/index.php\/product\/azuri-console-parapetni-klima-uredaj-azi-fo25vd\/","url_meta":{"origin":10171,"position":0},"title":"AZURI CONSOLE Parapetni KLIMA URE\u0110AJ AZI-FO25VD","date":"6. travnja 2025.","format":false,"excerpt":"Podna unutarnja i vanjska jedinica U\u010dinak hla\u0111enja: 2,7kW (0,70 - 3,40) kW U\u010dinak grijanja: 2,9kW (0,60 - 3,50) kW Prikladno za prostor: do 25m2 Energetska klasa: A++ Wi-Fi upravljanje je uklju\u010deno u cijenu Garancija : 5 godina (3 god. osnovno + 2 god. uz registraciju) AZURI klima ure\u0111aji odlikuju se\u2026","rel":"","context":"Srodne objave","img":{"alt_text":"","src":"https:\/\/i0.wp.com\/astehshop.com\/wp-content\/uploads\/2025\/04\/parapetna-klima.png?fit=867%2C650&ssl=1&resize=350%2C200","width":350,"height":200},"classes":[]},{"id":10189,"url":"https:\/\/astehshop.com\/index.php\/product\/azuri-supra-klima-uredaj-azi-wo25vg-multi-split-unutrasnja-jedinica\/","url_meta":{"origin":10171,"position":1},"title":"AZURI Supra KLIMA URE\u0110AJ AZI-WO25VG Multi Split unutra\u0161nja jedinica","date":"6. travnja 2025.","format":false,"excerpt":"Unutarnja zidna jedinica za multi sustav U\u010dinak hla\u0111enja: 2,7 kW (0,45-3,50) kW U\u010dinak grijanja: 3 kW (0,50-4,20) kW Prikladno za prostor: do 25m2 Wi-Fi upravljanje je uklju\u010deno u cijenu Garancija: 5 godina (3 god. osnovno + 2 god. uz registraciju) AZURI klima ure\u0111aji odlikuju se modernim dizajnom i visokom energetskom\u2026","rel":"","context":"Srodne objave","img":{"alt_text":"","src":"https:\/\/i2.wp.com\/astehshop.com\/wp-content\/uploads\/2025\/04\/SUPRA-1.png?fit=1024%2C1024&ssl=1&resize=350%2C200","width":350,"height":200},"classes":[]},{"id":10193,"url":"https:\/\/astehshop.com\/index.php\/product\/azuri-supra-klima-uredaj-azi-wo25vb-unutrasnja-multi-split-jedinica-antracit\/","url_meta":{"origin":10171,"position":2},"title":"AZURI Supra KLIMA URE\u0110AJ AZI-WO25VB Unutra\u0161nja Multi Split jedinica antracit","date":"6. travnja 2025.","format":false,"excerpt":"Unutarnja zidna jedinica za multi sustav U\u010dinak hla\u0111enja: 2,7 kW (0,45-3,50) kW U\u010dinak grijanja: 3 kW (0,50-4,20) kW Prikladno za prostor: do 25m2 Wi-Fi upravljanje je uklju\u010deno u cijenu Garancija : 5 godina (3 god. osnovno + 2 god. uz registraciju) \u00a0 AZURI klima ure\u0111aji odlikuju se modernim dizajnom i\u2026","rel":"","context":"Srodne objave","img":{"alt_text":"","src":"https:\/\/i2.wp.com\/astehshop.com\/wp-content\/uploads\/2025\/04\/supra-black-2-ast-3276390-d.png?fit=1162%2C1120&ssl=1&resize=350%2C200","width":350,"height":200},"classes":[]},{"id":10154,"url":"https:\/\/astehshop.com\/index.php\/product\/azuri-supra-klima-uredaj-azi-wo25vg-22\/","url_meta":{"origin":10171,"position":3},"title":"AZURI SUPRA KLIMA URE\u0110AJ AZI-WO25VG -22","date":"6. travnja 2025.","format":false,"excerpt":"AZURI klima ure\u0111aji odlikuju se modernim dizajnom i visokom energetskom u\u010dinkovito\u0161\u0107u. Zahvaljuju\u0107i inverter tehnologiji i posebno dizajniranim ventilatorom unutarnje jedinice ucinkovito, brzo i pouzdano udovoljavaju zahtjevima stambenih i uredskih prostora. AZURI klima ure\u0111aji odlikuju se visokom energetskom u\u010dinkovitosti, niskom razinom buke unutarnje i vanjske jedinice, sukladni su najnovijim Ecodesign normama\u2026","rel":"","context":"Srodne objave","img":{"alt_text":"","src":"https:\/\/i1.wp.com\/astehshop.com\/wp-content\/uploads\/2025\/04\/azuri-supra.jpg?fit=900%2C900&ssl=1&resize=350%2C200","width":350,"height":200},"classes":[]},{"id":10191,"url":"https:\/\/astehshop.com\/index.php\/product\/azuri-supra-klima-uredaj-azi-wo35vg-multi-split-unutrasnja-jedinica\/","url_meta":{"origin":10171,"position":4},"title":"AZURI Supra KLIMA URE\u0110AJ AZI-WO35VG Multi Split unutra\u0161nja jedinica","date":"6. travnja 2025.","format":false,"excerpt":"Unutarnja zidna jedinica za multi sustav U\u010dinak hla\u0111enja: 3,5kW (0,70-4,00) kW U\u010dinak grijanja: 3,67kW (0,80-4,50) kW Prikladno za prostor: do 35m2 Wi-Fi upravljanje je uklju\u010deno u cijenu Garancija: 5 godina (3 god. osnovno + 2 god. uz registraciju) \u00a0 AZURI klima ure\u0111aji odlikuju se modernim dizajnom i visokom energetskom u\u010dinkovito\u0161\u0107u.\u2026","rel":"","context":"Srodne objave","img":{"alt_text":"","src":"https:\/\/i2.wp.com\/astehshop.com\/wp-content\/uploads\/2025\/04\/SUPRA-1.png?fit=1024%2C1024&ssl=1&resize=350%2C200","width":350,"height":200},"classes":[]},{"id":10195,"url":"https:\/\/astehshop.com\/index.php\/product\/azuri-supra-klima-uredaj-azi-wo35vb-multi-split-unutrasnja-jedinica-antracit\/","url_meta":{"origin":10171,"position":5},"title":"AZURI Supra KLIMA URE\u0110AJ AZI-WO35VB Multi Split unutra\u0161nja jedinica Antracit","date":"6. travnja 2025.","format":false,"excerpt":"Unutarnja zidna jedinica za multi sustav U\u010dinak hla\u0111enja: 3,5kW (0,70-4,00) kW U\u010dinak grijanja: 3,67kW (0,80-4,50) kW Prikladno za prostor: do 35m2 Wi-Fi upravljanje je uklju\u010deno u cijenu Garancija : 5 godina (3 god. osnovno + 2 god. uz registraciju) \u00a0 \u00a0 AZURI klima ure\u0111aji odlikuju se modernim dizajnom i visokom\u2026","rel":"","context":"Srodne objave","img":{"alt_text":"","src":"https:\/\/i2.wp.com\/astehshop.com\/wp-content\/uploads\/2025\/04\/supra-black-2-ast-3276390-d.png?fit=1162%2C1120&ssl=1&resize=350%2C200","width":350,"height":200},"classes":[]}],"_links":{"self":[{"href":"https:\/\/astehshop.com\/index.php\/wp-json\/wp\/v2\/product\/10171"}],"collection":[{"href":"https:\/\/astehshop.com\/index.php\/wp-json\/wp\/v2\/product"}],"about":[{"href":"https:\/\/astehshop.com\/index.php\/wp-json\/wp\/v2\/types\/product"}],"replies":[{"embeddable":true,"href":"https:\/\/astehshop.com\/index.php\/wp-json\/wp\/v2\/comments?post=10171"}],"wp:featuredmedia":[{"embeddable":true,"href":"https:\/\/astehshop.com\/index.php\/wp-json\/wp\/v2\/media\/10172"}],"wp:attachment":[{"href":"https:\/\/astehshop.com\/index.php\/wp-json\/wp\/v2\/media?parent=10171"}],"wp:term":[{"taxonomy":"product_cat","embeddable":true,"href":"https:\/\/astehshop.com\/index.php\/wp-json\/wp\/v2\/product_cat?post=10171"},{"taxonomy":"product_tag","embeddable":true,"href":"https:\/\/astehshop.com\/index.php\/wp-json\/wp\/v2\/product_tag?post=10171"}],"curies":[{"name":"wp","href":"https:\/\/api.w.org\/{rel}","templated":true}]}}