{"id":9994,"date":"2025-03-16T13:05:47","date_gmt":"2025-03-16T12:05:47","guid":{"rendered":"http:\/\/astehshop.com\/?post_type=product&#038;p=9994"},"modified":"2025-03-16T13:05:48","modified_gmt":"2025-03-16T12:05:48","slug":"roombanker-senzor-poplave-rbss-wl1-868","status":"publish","type":"product","link":"http:\/\/astehshop.com\/index.php\/product\/roombanker-senzor-poplave-rbss-wl1-868\/","title":{"rendered":"RoomBanker senzor poplave RBSS-WL1-868"},"content":{"rendered":"<p>Podignite za\u0161titu svog doma od o\u0161te\u0107enja vodom uz Roombanker visokoprecizni detektor curenja vode. Skrojen sa produ\u017enim kablom, ovaj ure\u0111aj nudi neusporedivu preciznost u otkrivanju curenja u razli\u010ditim kriti\u010dnim oblastima kao \u0161to su kuhinje, kupatila i balkoni, gde je najverovatnije da \u0107e do\u0107i do o\u0161te\u0107enja vodom.<\/p>\n<p>Napravljen da izdr\u017ei izazove okru\u017eenja s visokom vlagom, njegova IP66 vodootporna ocjena pru\u017ea trajne performanse i bezbri\u017enost. Integracija sa aplikacijom RB Link olak\u0161ava postavljanje i upravljanje ure\u0111ajem bez napora, osiguravaju\u0107i da mo\u017eete s lako\u0107om daljinski nadgledati i odr\u017eavati sistem. Funkcije kao \u0161to su &#8220;Power up enrolling&#8221; za automatsku konekciju u \u010dvori\u0161tu i &#8220;Prona\u0111i me&#8221; za brzu identifikaciju ure\u0111aja nagla\u0161avaju njegov dizajn usmjeren na korisnika.<\/p>\n<p>Koriste\u0107i RBF be\u017ei\u010dnu tehnologiju, detektor se mo\u017ee pohvaliti \u0161irokim komunikacijskim mogu\u0107nostima, pokrivaju\u0107i do 1.600 metara kako bi osigurao da va\u0161 sistem ostane na oprezu i da reaguje. Zajedno sa AES-CCM enkripcijom, nudi sigurnu, pouzdanu mre\u017eu za prijenos upozorenja bez prekida.<\/p>\n<p>Napajan baterijom CR2032, detektor je dizajniran za dugovje\u010dnost, pru\u017eaju\u0107i do 2,2 godine vremena pripravnosti kako bi se smanjila u\u010destalost odr\u017eavanja. Paket dolazi u kompletu sa detektorom curenja vode, produ\u017enim kablom za pro\u0161irenu pokrivenost, eksternim stroboskopom za vidljiva upozorenja i svim potrebnim komponentama za instalaciju, uklju\u010duju\u0107i Quick Start Guide za jednostavno pode\u0161avanje.<\/p>\n<p>Uz certifikate vode\u0107ih autoriteta kao \u0161to su CE, FCC i ICASA, Roombanker detektor curenja vode predstavlja pouzdano rje\u0161enje za za\u0161titu va\u0161eg doma od opasnosti od o\u0161te\u0107enja vodom. Zapamtite, Roombanker Security Hub je neophodan za otklju\u010davanje punog potencijala ovog naprednog sistema za otkrivanje curenja, integri\u0161u\u0107i ga u ekosistem va\u0161eg pametnog doma radi sveobuhvatne prevencije o\u0161te\u0107enja vodom.<\/p>\n","protected":false},"excerpt":{"rendered":"<p>Podignite za\u0161titu svog doma od o\u0161te\u0107enja vodom uz Roombanker visokoprecizni detektor curenja vode. Skrojen sa produ\u017enim kablom, ovaj ure\u0111aj nudi neusporedivu preciznost u otkrivanju curenja u razli\u010ditim kriti\u010dnim oblastima kao \u0161to su kuhinje, kupatila i balkoni, gde je najverovatnije da \u0107e do\u0107i do o\u0161te\u0107enja vodom.<\/p>\n<p>Napravljen da izdr\u017ei izazove okru\u017eenja s visokom vlagom, njegova IP66 vodootporna ocjena pru\u017ea trajne performanse i bezbri\u017enost. Integracija sa aplikacijom RB Link olak\u0161ava postavljanje i upravljanje ure\u0111ajem bez napora, osiguravaju\u0107i da mo\u017eete s lako\u0107om daljinski nadgledati i odr\u017eavati sistem. Funkcije kao \u0161to su &#8220;Power up enrolling&#8221; za automatsku konekciju u \u010dvori\u0161tu i &#8220;Prona\u0111i me&#8221; za brzu identifikaciju ure\u0111aja nagla\u0161avaju njegov dizajn usmjeren na korisnika.<\/p>\n<p>Koriste\u0107i RBF be\u017ei\u010dnu tehnologiju, detektor se mo\u017ee pohvaliti \u0161irokim komunikacijskim mogu\u0107nostima, pokrivaju\u0107i do 1.600 metara kako bi osigurao da va\u0161 sistem ostane na oprezu i da reaguje. Zajedno sa AES-CCM enkripcijom, nudi sigurnu, pouzdanu mre\u017eu za prijenos upozorenja bez prekida.<\/p>\n<p>Napajan baterijom CR2032, detektor je dizajniran za dugovje\u010dnost, pru\u017eaju\u0107i do 2,2 godine vremena pripravnosti kako bi se smanjila u\u010destalost odr\u017eavanja. Paket dolazi u kompletu sa detektorom curenja vode, produ\u017enim kablom za pro\u0161irenu pokrivenost, eksternim stroboskopom za vidljiva upozorenja i svim potrebnim komponentama za instalaciju, uklju\u010duju\u0107i Quick Start Guide za jednostavno pode\u0161avanje.<\/p>\n<p>Uz certifikate vode\u0107ih autoriteta kao \u0161to su CE, FCC i ICASA, Roombanker detektor curenja vode predstavlja pouzdano rje\u0161enje za za\u0161titu va\u0161eg doma od opasnosti od o\u0161te\u0107enja vodom. Zapamtite, Roombanker Security Hub je neophodan za otklju\u010davanje punog potencijala ovog naprednog sistema za otkrivanje curenja, integri\u0161u\u0107i ga u ekosistem va\u0161eg pametnog doma radi sveobuhvatne prevencije o\u0161te\u0107enja vodom.<\/p>\n","protected":false},"featured_media":9995,"comment_status":"open","ping_status":"closed","template":"","meta":{"_mi_skip_tracking":false,"_exactmetrics_sitenote_active":false,"_exactmetrics_sitenote_note":"","_exactmetrics_sitenote_category":0,"spay_email":""},"product_cat":[7634],"product_tag":[7653,7652,7651,5600],"brands":[{"id":7629,"name":"RoomBanker","slug":"roombanker"}],"df_price":85,"df_sale_price":"","df_regular_price":85,"df_image_link":"https:\/\/i0.wp.com\/astehshop.com\/wp-content\/uploads\/2025\/03\/RBSS-WL1-868-6.webp?fit=450%2C450","jetpack_publicize_connections":[],"jetpack_sharing_enabled":true,"jetpack_likes_enabled":true,"jetpack-related-posts":[{"id":9992,"url":"http:\/\/astehshop.com\/index.php\/product\/roombanker-senzor-temperature-i-vlaznosti-rbss-th1-868\/","url_meta":{"origin":9994,"position":0},"title":"RoomBanker senzor temperature i vla\u017enosti RBSS-TH1-868","date":"16. o\u017eujka 2025.","format":false,"excerpt":"Roombanker Smart Temperature & Humidity Monitor dizajniran je za one koji \u017eele s lako\u0107om odr\u017eavati optimalnu i zdravu klimu u zatvorenom prostoru. Nudi precizno i \u200b\u200bu realnom vremenu pra\u0107enje temperature i vla\u017enosti, pru\u017eaju\u0107i jasna o\u010ditavanja direktno na ure\u0111aju. Za one koji \u017eele da iskoriste prednosti pobolj\u0161anih funkcija kao \u0161to su\u2026","rel":"","context":"Srodne objave","img":{"alt_text":"","src":"https:\/\/i1.wp.com\/astehshop.com\/wp-content\/uploads\/2025\/03\/RBSS-TH1-868-7.webp?fit=600%2C600&resize=350%2C200","width":350,"height":200},"classes":[]},{"id":10003,"url":"http:\/\/astehshop.com\/index.php\/product\/roombanker-vanjska-bezicna-solarna-sirena\/","url_meta":{"origin":9994,"position":1},"title":"RoomBanker vanjska be\u017ei\u010dna solarna sirena","date":"16. o\u017eujka 2025.","format":false,"excerpt":"Roombanker be\u017ei\u010dna vanjska sirena podi\u017ee sigurnost va\u0161eg doma na nove visine. Kombinira alarm visokog decibela i vizualna stroboskopa, koju pokre\u0107e ekolo\u0161ki prihvatljiv solarni panel, osiguravaju\u0107i da je va\u0161a nekretnina vidljivo i zvu\u010dno za\u0161ti\u0107ena od neovla\u0161tenog ulaska. Ovaj sistem slu\u017ei ne samo kao sredstvo odvra\u0107anja, ve\u0107 i kao mehanizam upozorenja zajednice\u2026","rel":"","context":"Srodne objave","img":{"alt_text":"","src":"https:\/\/i0.wp.com\/astehshop.com\/wp-content\/uploads\/2025\/03\/RBAD-SO1-868-3.webp?fit=600%2C600&resize=350%2C200","width":350,"height":200},"classes":[]},{"id":10000,"url":"http:\/\/astehshop.com\/index.php\/product\/roombanker-unutrasnja-sirena\/","url_meta":{"origin":9994,"position":2},"title":"RoomBanker unutra\u0161nja sirena","date":"16. o\u017eujka 2025.","format":false,"excerpt":"Pobolj\u0161ajte svoj ku\u0107ni sigurnosni sistem uz Roombanker be\u017ei\u010dnu unutra\u0161nju sirenu, dizajniranu da privu\u010de pa\u017enju svojim glasnim zvukom i trep\u0107u\u0107im stroboskopom. Ova efikasna za\u0161tita od provala je savr\u0161ena za svako doma\u0107instvo koje \u017eeli da poja\u010da svoje sigurnosne mjere. Sa podesivim nivoima ja\u010dine zvuka i trajanjem alarma, ova sirena se mo\u017ee prilagoditi\u2026","rel":"","context":"Srodne objave","img":{"alt_text":"","src":"https:\/\/i1.wp.com\/astehshop.com\/wp-content\/uploads\/2025\/03\/RBAD-SI1-868-2.webp?fit=600%2C600&resize=350%2C200","width":350,"height":200},"classes":[]},{"id":9997,"url":"http:\/\/astehshop.com\/index.php\/product\/roombanker-detektor-dima-rbss-sm1-868\/","url_meta":{"origin":9994,"position":3},"title":"RoomBanker detektor dima RBSS-SM1-868","date":"16. o\u017eujka 2025.","format":false,"excerpt":"Detektor dima kontinuirano prati dim i odmah aktivira alarm u po\u010detnoj fazi po\u017eara. Ovaj proizvod je opremljen ugra\u0111enom baterijom koja osigurava dugoro\u010dnu detekciju u stanju pripravnosti u realnom vremenu. Trenutno postoje dva modela, koji podr\u017eavaju RBF protokol i Zigbee protokol, koji mogu zadovoljiti stvarne potrebe instalacije i kori\u0161tenja razli\u010ditih korisnika.","rel":"","context":"Srodne objave","img":{"alt_text":"","src":"https:\/\/i1.wp.com\/astehshop.com\/wp-content\/uploads\/2025\/03\/smoke-detector-rbf-roombanker.jpg?fit=1056%2C600&resize=350%2C200","width":350,"height":200},"classes":[]},{"id":9983,"url":"http:\/\/astehshop.com\/index.php\/product\/hub-roombanker-rbgw-202-868-sa-4g-wifi-i-rj45-do-128-uredjaja\/","url_meta":{"origin":9994,"position":4},"title":"HUB RoomBanker RBGW-202-868  sa 4G wifi i RJ45 do 128 uredjaja","date":"16. o\u017eujka 2025.","format":false,"excerpt":"Unesite neuporedivu fleksibilnost i sigurnost u svoj dom uz Roombanker Station Home Security Hub, kamen temeljac Roombanker Security & Automation sistema. Dizajniran za vlasnike ku\u0107a koji su upoznati s tehnologijom, ovo \u010dvori\u0161te podr\u017eava \u0161irok raspon do 128 perifernih ure\u0111aja, uklju\u010duju\u0107i RBF, Zigbee i Bluetooth ure\u0111aje, \u0161to ga \u010dini najsvestranijim izborom\u2026","rel":"","context":"Srodne objave","img":{"alt_text":"","src":"https:\/\/i2.wp.com\/astehshop.com\/wp-content\/uploads\/2025\/03\/RBGW-202-868_EU_-1.webp?fit=1200%2C1200&resize=350%2C200","width":350,"height":200},"classes":[]},{"id":2891,"url":"http:\/\/astehshop.com\/index.php\/product\/detektor-topline\/","url_meta":{"origin":9994,"position":5},"title":"Detektor topline","date":"8. listopada 2018.","format":false,"excerpt":"Alarmira za temp. iznad 54C Ovaj detektor topline se uklju\u010duje kada detektira toplinu ve\u0107u od 54C. Pogodan je za postavljanje u prostorije u kojima se ne smiju primjenjivati dimni alarmi, kao \u0161to je kuhinja. Sirena alarma je preko 85 dB. Uz glasnu sirenu, alarm je tako\u0111er opremljen i gumbom za\u2026","rel":"","context":"Srodne objave","img":{"alt_text":"","src":"https:\/\/i0.wp.com\/astehshop.com\/wp-content\/uploads\/2018\/10\/detektor-topline.jpg?fit=974%2C1048&resize=350%2C200","width":350,"height":200},"classes":[]}],"_links":{"self":[{"href":"http:\/\/astehshop.com\/index.php\/wp-json\/wp\/v2\/product\/9994"}],"collection":[{"href":"http:\/\/astehshop.com\/index.php\/wp-json\/wp\/v2\/product"}],"about":[{"href":"http:\/\/astehshop.com\/index.php\/wp-json\/wp\/v2\/types\/product"}],"replies":[{"embeddable":true,"href":"http:\/\/astehshop.com\/index.php\/wp-json\/wp\/v2\/comments?post=9994"}],"wp:featuredmedia":[{"embeddable":true,"href":"http:\/\/astehshop.com\/index.php\/wp-json\/wp\/v2\/media\/9995"}],"wp:attachment":[{"href":"http:\/\/astehshop.com\/index.php\/wp-json\/wp\/v2\/media?parent=9994"}],"wp:term":[{"taxonomy":"product_cat","embeddable":true,"href":"http:\/\/astehshop.com\/index.php\/wp-json\/wp\/v2\/product_cat?post=9994"},{"taxonomy":"product_tag","embeddable":true,"href":"http:\/\/astehshop.com\/index.php\/wp-json\/wp\/v2\/product_tag?post=9994"}],"curies":[{"name":"wp","href":"https:\/\/api.w.org\/{rel}","templated":true}]}}