{"id":9992,"date":"2025-03-16T12:59:54","date_gmt":"2025-03-16T11:59:54","guid":{"rendered":"http:\/\/astehshop.com\/?post_type=product&#038;p=9992"},"modified":"2025-03-16T12:59:55","modified_gmt":"2025-03-16T11:59:55","slug":"roombanker-senzor-temperature-i-vlaznosti-rbss-th1-868","status":"publish","type":"product","link":"http:\/\/astehshop.com\/index.php\/product\/roombanker-senzor-temperature-i-vlaznosti-rbss-th1-868\/","title":{"rendered":"RoomBanker senzor temperature i vla\u017enosti RBSS-TH1-868"},"content":{"rendered":"<p>Roombanker Smart Temperature &amp; Humidity Monitor dizajniran je za one koji \u017eele s lako\u0107om odr\u017eavati optimalnu i zdravu klimu u zatvorenom prostoru. Nudi precizno i \u200b\u200bu realnom vremenu pra\u0107enje temperature i vla\u017enosti, pru\u017eaju\u0107i jasna o\u010ditavanja direktno na ure\u0111aju. Za one koji \u017eele da iskoriste prednosti pobolj\u0161anih funkcija kao \u0161to su daljinsko pode\u0161avanje i detaljno pra\u0107enje, preporu\u010duje se uparivanje sa Roombanker Hub-om.<\/p>\n<p>Prilagodljiv razli\u010ditim korisni\u010dkim preferencijama, monitor uklju\u010duje mogu\u0107nost prebacivanja izme\u0111u Celzijusa i Farenhajta. Dok je ure\u0111aj samostalan u pru\u017eanju preciznih o\u010ditavanja okoline, integracija sa aplikacijom RB Link i Roombanker Hub-om olak\u0161ava sveobuhvatnu kontrolu i uvid, omogu\u0107avaju\u0107i vam da efikasno upravljate klimom va\u0161eg doma s bilo kojeg mjesta.<\/p>\n<p>Uklju\u010divanje naprednih funkcija, kao \u0161to su &#8220;Power up enrolling&#8221; za automatsku vezu sa \u010dvori\u0161tem i &#8220;Prona\u0111i me&#8221; za jednostavnu identifikaciju ure\u0111aja, dostupne su kada su uparene sa Roombanker Hub-om, \u010dine\u0107i pode\u0161avanje i postavljanje prakti\u010dnijim.<\/p>\n<p>Dizajniran imaju\u0107i na umu dugovje\u010dnost, monitor se napaja s tri AA baterije, nude\u0107i zna\u010dajan period rada i \u0161irok raspon komunikacije, osiguravaju\u0107i pouzdanost tokom vremena. Paket dolazi sa svime \u0161to je potrebno za brzi po\u010detak, uklju\u010duju\u0107i baterije i vodi\u010d.<\/p>\n<p>Sa sertifikatima CE, FCC i ICASA, Roombanker Smart Monitor temperature i vla\u017enosti ispunjava globalne standarde. Iako je samostalno funkcionalan za osnovna o\u010ditavanja temperature i vla\u017enosti, preporu\u010duje se povezivanje s Roombanker sigurnosnim \u010dvori\u0161tem za otklju\u010davanje cijelog paketa pametnih funkcija monitora, pove\u0107avaju\u0107i svijest o okoli\u0161u i kontrolu va\u0161eg doma.<\/p>\n","protected":false},"excerpt":{"rendered":"<p>Roombanker Smart Temperature &amp; Humidity Monitor dizajniran je za one koji \u017eele s lako\u0107om odr\u017eavati optimalnu i zdravu klimu u zatvorenom prostoru. Nudi precizno i \u200b\u200bu realnom vremenu pra\u0107enje temperature i vla\u017enosti, pru\u017eaju\u0107i jasna o\u010ditavanja direktno na ure\u0111aju. Za one koji \u017eele da iskoriste prednosti pobolj\u0161anih funkcija kao \u0161to su daljinsko pode\u0161avanje i detaljno pra\u0107enje, preporu\u010duje se uparivanje sa Roombanker Hub-om.<\/p>\n<p>Prilagodljiv razli\u010ditim korisni\u010dkim preferencijama, monitor uklju\u010duje mogu\u0107nost prebacivanja izme\u0111u Celzijusa i Farenhajta. Dok je ure\u0111aj samostalan u pru\u017eanju preciznih o\u010ditavanja okoline, integracija sa aplikacijom RB Link i Roombanker Hub-om olak\u0161ava sveobuhvatnu kontrolu i uvid, omogu\u0107avaju\u0107i vam da efikasno upravljate klimom va\u0161eg doma s bilo kojeg mjesta.<\/p>\n<p>Uklju\u010divanje naprednih funkcija, kao \u0161to su &#8220;Power up enrolling&#8221; za automatsku vezu sa \u010dvori\u0161tem i &#8220;Prona\u0111i me&#8221; za jednostavnu identifikaciju ure\u0111aja, dostupne su kada su uparene sa Roombanker Hub-om, \u010dine\u0107i pode\u0161avanje i postavljanje prakti\u010dnijim.<\/p>\n<p>Dizajniran imaju\u0107i na umu dugovje\u010dnost, monitor se napaja s tri AA baterije, nude\u0107i zna\u010dajan period rada i \u0161irok raspon komunikacije, osiguravaju\u0107i pouzdanost tokom vremena. Paket dolazi sa svime \u0161to je potrebno za brzi po\u010detak, uklju\u010duju\u0107i baterije i vodi\u010d.<\/p>\n<p>Sa sertifikatima CE, FCC i ICASA, Roombanker Smart Monitor temperature i vla\u017enosti ispunjava globalne standarde. Iako je samostalno funkcionalan za osnovna o\u010ditavanja temperature i vla\u017enosti, preporu\u010duje se povezivanje s Roombanker sigurnosnim \u010dvori\u0161tem za otklju\u010davanje cijelog paketa pametnih funkcija monitora, pove\u0107avaju\u0107i svijest o okoli\u0161u i kontrolu va\u0161eg doma.<\/p>\n","protected":false},"featured_media":9993,"comment_status":"open","ping_status":"closed","template":"","meta":{"_mi_skip_tracking":false,"_exactmetrics_sitenote_active":false,"_exactmetrics_sitenote_note":"","_exactmetrics_sitenote_category":0,"spay_email":""},"product_cat":[7634],"product_tag":[7648,7649,7650],"brands":[{"id":7629,"name":"RoomBanker","slug":"roombanker"}],"df_price":125,"df_sale_price":"","df_regular_price":125,"df_image_link":"https:\/\/i1.wp.com\/astehshop.com\/wp-content\/uploads\/2025\/03\/RBSS-TH1-868-7.webp?fit=450%2C450","jetpack_publicize_connections":[],"jetpack_sharing_enabled":true,"jetpack_likes_enabled":true,"jetpack-related-posts":[{"id":10003,"url":"http:\/\/astehshop.com\/index.php\/product\/roombanker-vanjska-bezicna-solarna-sirena\/","url_meta":{"origin":9992,"position":0},"title":"RoomBanker vanjska be\u017ei\u010dna solarna sirena","date":"16. o\u017eujka 2025.","format":false,"excerpt":"Roombanker be\u017ei\u010dna vanjska sirena podi\u017ee sigurnost va\u0161eg doma na nove visine. Kombinira alarm visokog decibela i vizualna stroboskopa, koju pokre\u0107e ekolo\u0161ki prihvatljiv solarni panel, osiguravaju\u0107i da je va\u0161a nekretnina vidljivo i zvu\u010dno za\u0161ti\u0107ena od neovla\u0161tenog ulaska. Ovaj sistem slu\u017ei ne samo kao sredstvo odvra\u0107anja, ve\u0107 i kao mehanizam upozorenja zajednice\u2026","rel":"","context":"Srodne objave","img":{"alt_text":"","src":"https:\/\/i0.wp.com\/astehshop.com\/wp-content\/uploads\/2025\/03\/RBAD-SO1-868-3.webp?fit=600%2C600&resize=350%2C200","width":350,"height":200},"classes":[]},{"id":9983,"url":"http:\/\/astehshop.com\/index.php\/product\/hub-roombanker-rbgw-202-868-sa-4g-wifi-i-rj45-do-128-uredjaja\/","url_meta":{"origin":9992,"position":1},"title":"HUB RoomBanker RBGW-202-868  sa 4G wifi i RJ45 do 128 uredjaja","date":"16. o\u017eujka 2025.","format":false,"excerpt":"Unesite neuporedivu fleksibilnost i sigurnost u svoj dom uz Roombanker Station Home Security Hub, kamen temeljac Roombanker Security & Automation sistema. Dizajniran za vlasnike ku\u0107a koji su upoznati s tehnologijom, ovo \u010dvori\u0161te podr\u017eava \u0161irok raspon do 128 perifernih ure\u0111aja, uklju\u010duju\u0107i RBF, Zigbee i Bluetooth ure\u0111aje, \u0161to ga \u010dini najsvestranijim izborom\u2026","rel":"","context":"Srodne objave","img":{"alt_text":"","src":"https:\/\/i2.wp.com\/astehshop.com\/wp-content\/uploads\/2025\/03\/RBGW-202-868_EU_-1.webp?fit=1200%2C1200&resize=350%2C200","width":350,"height":200},"classes":[]},{"id":10000,"url":"http:\/\/astehshop.com\/index.php\/product\/roombanker-unutrasnja-sirena\/","url_meta":{"origin":9992,"position":2},"title":"RoomBanker unutra\u0161nja sirena","date":"16. o\u017eujka 2025.","format":false,"excerpt":"Pobolj\u0161ajte svoj ku\u0107ni sigurnosni sistem uz Roombanker be\u017ei\u010dnu unutra\u0161nju sirenu, dizajniranu da privu\u010de pa\u017enju svojim glasnim zvukom i trep\u0107u\u0107im stroboskopom. Ova efikasna za\u0161tita od provala je savr\u0161ena za svako doma\u0107instvo koje \u017eeli da poja\u010da svoje sigurnosne mjere. Sa podesivim nivoima ja\u010dine zvuka i trajanjem alarma, ova sirena se mo\u017ee prilagoditi\u2026","rel":"","context":"Srodne objave","img":{"alt_text":"","src":"https:\/\/i1.wp.com\/astehshop.com\/wp-content\/uploads\/2025\/03\/RBAD-SI1-868-2.webp?fit=600%2C600&resize=350%2C200","width":350,"height":200},"classes":[]},{"id":9990,"url":"http:\/\/astehshop.com\/index.php\/product\/roombanker-panik-dugme-alarmni-sistem\/","url_meta":{"origin":9992,"position":3},"title":"RoomBanker panik dugme ( alarmni sistem )","date":"16. o\u017eujka 2025.","format":false,"excerpt":"U hitnim situacijama, Roombanker Panic Alarm Button je va\u0161 neposredni izvor pomo\u0107i. Sa dizajnom fokusiranim na jednostavnost i efikasnost, ovaj ure\u0111aj je nezamjenjiva komponenta sigurnosne postavke va\u0161eg doma, pru\u017eaju\u0107i sigurnost i vama i va\u0161im najmilijima. Pode\u0161avanje ure\u0111aja je jednostavno uz aplikaciju RB Link, olak\u0161avaju\u0107i daljinsko konfigurisanje i osiguravaju\u0107i da je\u2026","rel":"","context":"Srodne objave","img":{"alt_text":"","src":"https:\/\/i2.wp.com\/astehshop.com\/wp-content\/uploads\/2025\/03\/RBSS-EB1-868-1.webp?fit=600%2C600&resize=350%2C200","width":350,"height":200},"classes":[]},{"id":10006,"url":"http:\/\/astehshop.com\/index.php\/product\/roombanker-bezicna-tastatura\/","url_meta":{"origin":9992,"position":4},"title":"RoomBanker be\u017ei\u010dna tastatura","date":"16. o\u017eujka 2025.","format":false,"excerpt":"Podignite sigurnost svog doma uz Roombanker be\u017ei\u010dnu sigurnosnu tastaturu, klju\u010dni alat za kontrolu nad va\u0161im sigurnosnim sistemom bez napora. Ova inovativna tastatura ima sveobuhvatan interfejs sa 15 tastera, koji omogu\u0107ava aktiviranje\/deaktiviranje jednim klikom i pristup prilago\u0111enim postavkama, obezbe\u0111uju\u0107i brz i lak rad. Opremljena naprednim sigurnosnim mjerama, uklju\u010duju\u0107i za\u0161titu od neovla\u0161tenog\u2026","rel":"","context":"Srodne objave","img":{"alt_text":"","src":"https:\/\/i1.wp.com\/astehshop.com\/wp-content\/uploads\/2025\/03\/RBCT-KP1-868-3.webp?fit=600%2C600&resize=350%2C200","width":350,"height":200},"classes":[]},{"id":9994,"url":"http:\/\/astehshop.com\/index.php\/product\/roombanker-senzor-poplave-rbss-wl1-868\/","url_meta":{"origin":9992,"position":5},"title":"RoomBanker senzor poplave RBSS-WL1-868","date":"16. o\u017eujka 2025.","format":false,"excerpt":"Podignite za\u0161titu svog doma od o\u0161te\u0107enja vodom uz Roombanker visokoprecizni detektor curenja vode. Skrojen sa produ\u017enim kablom, ovaj ure\u0111aj nudi neusporedivu preciznost u otkrivanju curenja u razli\u010ditim kriti\u010dnim oblastima kao \u0161to su kuhinje, kupatila i balkoni, gde je najverovatnije da \u0107e do\u0107i do o\u0161te\u0107enja vodom. Napravljen da izdr\u017ei izazove okru\u017eenja\u2026","rel":"","context":"Srodne objave","img":{"alt_text":"","src":"https:\/\/i0.wp.com\/astehshop.com\/wp-content\/uploads\/2025\/03\/RBSS-WL1-868-6.webp?fit=600%2C600&resize=350%2C200","width":350,"height":200},"classes":[]}],"_links":{"self":[{"href":"http:\/\/astehshop.com\/index.php\/wp-json\/wp\/v2\/product\/9992"}],"collection":[{"href":"http:\/\/astehshop.com\/index.php\/wp-json\/wp\/v2\/product"}],"about":[{"href":"http:\/\/astehshop.com\/index.php\/wp-json\/wp\/v2\/types\/product"}],"replies":[{"embeddable":true,"href":"http:\/\/astehshop.com\/index.php\/wp-json\/wp\/v2\/comments?post=9992"}],"wp:featuredmedia":[{"embeddable":true,"href":"http:\/\/astehshop.com\/index.php\/wp-json\/wp\/v2\/media\/9993"}],"wp:attachment":[{"href":"http:\/\/astehshop.com\/index.php\/wp-json\/wp\/v2\/media?parent=9992"}],"wp:term":[{"taxonomy":"product_cat","embeddable":true,"href":"http:\/\/astehshop.com\/index.php\/wp-json\/wp\/v2\/product_cat?post=9992"},{"taxonomy":"product_tag","embeddable":true,"href":"http:\/\/astehshop.com\/index.php\/wp-json\/wp\/v2\/product_tag?post=9992"}],"curies":[{"name":"wp","href":"https:\/\/api.w.org\/{rel}","templated":true}]}}