{"id":9985,"date":"2025-03-16T12:42:31","date_gmt":"2025-03-16T11:42:31","guid":{"rendered":"http:\/\/astehshop.com\/?post_type=product&#038;p=9985"},"modified":"2025-03-16T12:42:33","modified_gmt":"2025-03-16T11:42:33","slug":"roombanker-senzor-pokreta-rbss-ps1-868","status":"publish","type":"product","link":"http:\/\/astehshop.com\/index.php\/product\/roombanker-senzor-pokreta-rbss-ps1-868\/","title":{"rendered":"RoomBanker senzor pokreta RBSS-PS1-868"},"content":{"rendered":"<p>Pasivni infracrveni senzor detektuje kretanje detektuju\u0107i promene u infracrvenim (IR) nivoima uzrokovanim prisustvom ljudi u njegovom dometu.<\/p>\n<p>Metoda detekcije<\/p>\n<p>Pasivni infracrveni senzor<\/p>\n<p>Udaljenost detekcije pokreta<\/p>\n<p>Do 12 m<\/p>\n<p>Ugao detekcije<\/p>\n<p>Horizontalno: 110\u00b0<\/p>\n<p><iframe loading=\"lazy\"  id=\"_ytid_62533\"  width=\"480\" height=\"270\"  data-origwidth=\"480\" data-origheight=\"270\"  src=\"https:\/\/www.youtube.com\/embed\/M9rehb_yynw?enablejsapi=1&#038;autoplay=0&#038;cc_load_policy=0&#038;cc_lang_pref=&#038;iv_load_policy=1&#038;loop=0&#038;modestbranding=0&#038;rel=1&#038;fs=1&#038;playsinline=0&#038;autohide=2&#038;theme=dark&#038;color=red&#038;controls=1&#038;\" class=\"__youtube_prefs__  epyt-is-override  no-lazyload\" title=\"YouTube player\"  allow=\"autoplay; encrypted-media\" allowfullscreen data-no-lazy=\"1\" data-skipgform_ajax_framebjll=\"\"><\/iframe><\/p>\n<p>&nbsp;<\/p>\n","protected":false},"excerpt":{"rendered":"<p>Pasivni infracrveni senzor detektuje kretanje detektuju\u0107i promene u infracrvenim (IR) nivoima uzrokovanim prisustvom ljudi u njegovom dometu.<\/p>\n<p>Metoda detekcije<\/p>\n<p>Pasivni infracrveni senzor<\/p>\n<p>Udaljenost detekcije pokreta<\/p>\n<p>Do 12 m<\/p>\n<p>Ugao detekcije<\/p>\n<p>Horizontalno: 110\u00b0<\/p>\n","protected":false},"featured_media":9986,"comment_status":"open","ping_status":"closed","template":"","meta":{"_mi_skip_tracking":false,"_exactmetrics_sitenote_active":false,"_exactmetrics_sitenote_note":"","_exactmetrics_sitenote_category":0,"spay_email":""},"product_cat":[7634,143],"product_tag":[280,7636,854,7637],"brands":[{"id":7629,"name":"RoomBanker","slug":"roombanker"}],"df_price":99,"df_sale_price":"","df_regular_price":99,"df_image_link":"https:\/\/i1.wp.com\/astehshop.com\/wp-content\/uploads\/2025\/03\/RBSS-PS1-868-1.jpg?fit=353%2C450","jetpack_publicize_connections":[],"jetpack_sharing_enabled":true,"jetpack_likes_enabled":true,"jetpack-related-posts":[{"id":2544,"url":"http:\/\/astehshop.com\/index.php\/product\/zicani-senzor-nv5\/","url_meta":{"origin":9985,"position":0},"title":"\u017di\u010dani senzor NV5","date":"27. velja\u010de 2018.","format":false,"excerpt":"Digitalni infracrveni detektor visokih performansi, u kompletu sa nosa\u010dem,","rel":"","context":"Srodne objave","img":{"alt_text":"","src":"https:\/\/i2.wp.com\/astehshop.com\/wp-content\/uploads\/2018\/02\/nv5senzor.jpg?fit=500%2C418&resize=350%2C200","width":350,"height":200},"classes":[]},{"id":2841,"url":"http:\/\/astehshop.com\/index.php\/product\/senzor-detektor-pokreta\/","url_meta":{"origin":9985,"position":1},"title":"Senzor detektor pokreta","date":"22. srpnja 2018.","format":false,"excerpt":"Detektor pokreta neosjetljiv na ku\u0107ne ljubimce do 25 kilograma, \u010detiri (Quad) PIR elementa za detekciju, digitalno procesiranje signala, podesivo podru\u010dje detekcije od 5m do 15m, napajanje 9,6 do 16 Vdc, kontakti C i NC, tamper prekida\u010d","rel":"","context":"Srodne objave","img":{"alt_text":"","src":"https:\/\/i1.wp.com\/astehshop.com\/wp-content\/uploads\/2018\/07\/LC100PI.jpg?fit=965%2C1200&resize=350%2C200","width":350,"height":200},"classes":[]},{"id":4522,"url":"http:\/\/astehshop.com\/index.php\/product\/bezicni-detektor-pokreta-dometa-12m-crni-ajax-cp-bl\/","url_meta":{"origin":9985,"position":2},"title":"Be\u017ei\u010dni detektor pokreta dometa 12m Crni AJAX-CP-BL CombiProtect","date":"4. svibnja 2020.","format":false,"excerpt":"Model: AJAX CombiProtect BL Be\u017ei\u010dni detektor pokreta dometa 12m neosjetljiv na ku\u0107ne ljubimce i loma stakla dometa 9m. Crne boje, Be\u017ei\u010dna frekvencija 868Mhz, Dvosmjerna be\u017ei\u010dna komunikacija, Dimenzije 110 x 65 x 50mm, Stupanj sigurnosti Grade 2, Baterijsko napajanje, 1x3V, tip CR123A, Unutra\u0161nja ugradnja PIR \/GB Metoda detekcije, Zidna Monta\u017ea, Visina\u2026","rel":"","context":"Srodne objave","img":{"alt_text":"","src":"https:\/\/i0.wp.com\/astehshop.com\/wp-content\/uploads\/2020\/05\/AJAX-CP-BL-1.png?fit=1200%2C630&resize=350%2C200","width":350,"height":200},"classes":[]},{"id":7928,"url":"http:\/\/astehshop.com\/index.php\/product\/pametni-wifi-detektor-pokreta-360-stepeni\/","url_meta":{"origin":9985,"position":3},"title":"Pametni WIFI detektor pokreta 360 stepeni","date":"10. lipnja 2023.","format":false,"excerpt":"PIR detektor pokreta WiFi montiran na strop sa \u0161irokim vidnim poljem od 360\u00b0 Tuya Pir Smart WiFi Motion Sensor je WiFi stropni detektor provale s PIR tehnologijom. Ure\u0111aj je dizajniran za stropnu ili zidnu monta\u017eu. Mo\u017ee otkriti temperaturu ljudskog tijela u \u010duvanom prostoru, definiranom krugom od 360 \u00b0. Detektor koristi\u2026","rel":"","context":"Srodne objave","img":{"alt_text":"","src":"https:\/\/i2.wp.com\/astehshop.com\/wp-content\/uploads\/2023\/06\/tuya-senzor-pokreta-wifi.jpg?fit=800%2C800&resize=350%2C200","width":350,"height":200},"classes":[]},{"id":4526,"url":"http:\/\/astehshop.com\/index.php\/product\/bezicni-detektor-pokreta-dometa-12m-bijeli-ajax-mp-wh\/","url_meta":{"origin":9985,"position":4},"title":"Be\u017ei\u010dni detektor pokreta dometa 12m Bijeli AJAX-MP-WH MotionProtect","date":"4. svibnja 2020.","format":false,"excerpt":"Model: AJAX MotionProtect WH AJAX Be\u017ei\u010dni Detektor pokreta, Be\u017ei\u010dna frekvencija 868Mhz, Dvosmjerna be\u017ei\u010dna komunikacija, Dimenzije 110 x 65 x 50mm, Stupanj sigurnosti Grade 2, Baterijsko napajanje, 1x3V, tip CR123A, Unutra\u0161nja ugradnja PIR Metoda detekcije, Zidna Monta\u017ea, Visina monta\u017ee 2,2m Pode\u0161avanje osjetljivosti putem centrale, LED signalizacija, Radna temperatura 0\u00b0C do +50\u00b0C\u2026","rel":"","context":"Srodne objave","img":{"alt_text":"","src":"https:\/\/i2.wp.com\/astehshop.com\/wp-content\/uploads\/2020\/05\/AJAX-MP-WH.jpg?fit=1200%2C650&resize=350%2C200","width":350,"height":200},"classes":[]},{"id":6647,"url":"http:\/\/astehshop.com\/index.php\/product\/tenda-security-pan-tilt-camera-4mp-cp7\/","url_meta":{"origin":9985,"position":5},"title":"Tenda Security Pan\/Tilt Camera 4MP CP7","date":"17. studenoga 2022.","format":false,"excerpt":"Pomicanje \/ nagib: horizontalno: 355\u00b0 | vertikalno prema gore: 90\u00b0 | vertikalno prema dole: 65\u00b0 Pohrana | Micro SD (do 128 GB, klasa 10 i noviji) Snaga: DC 9V; 1A Le\u0107e: 4 mm@F2.2 Ethernet: RJ45 port Unutarnja antena Rezolucija: 2560 x 1440 Be\u017ei\u010dna stopa: 150 Mbps Sigurnost: 64 \/ 128\u2026","rel":"","context":"Srodne objave","img":{"alt_text":"","src":"https:\/\/i0.wp.com\/astehshop.com\/wp-content\/uploads\/2022\/11\/medium_36192463_0b6554e17eb4becdaeb301372ffd3d7aruA.png?fit=400%2C400&resize=350%2C200","width":350,"height":200},"classes":[]}],"_links":{"self":[{"href":"http:\/\/astehshop.com\/index.php\/wp-json\/wp\/v2\/product\/9985"}],"collection":[{"href":"http:\/\/astehshop.com\/index.php\/wp-json\/wp\/v2\/product"}],"about":[{"href":"http:\/\/astehshop.com\/index.php\/wp-json\/wp\/v2\/types\/product"}],"replies":[{"embeddable":true,"href":"http:\/\/astehshop.com\/index.php\/wp-json\/wp\/v2\/comments?post=9985"}],"wp:featuredmedia":[{"embeddable":true,"href":"http:\/\/astehshop.com\/index.php\/wp-json\/wp\/v2\/media\/9986"}],"wp:attachment":[{"href":"http:\/\/astehshop.com\/index.php\/wp-json\/wp\/v2\/media?parent=9985"}],"wp:term":[{"taxonomy":"product_cat","embeddable":true,"href":"http:\/\/astehshop.com\/index.php\/wp-json\/wp\/v2\/product_cat?post=9985"},{"taxonomy":"product_tag","embeddable":true,"href":"http:\/\/astehshop.com\/index.php\/wp-json\/wp\/v2\/product_tag?post=9985"}],"curies":[{"name":"wp","href":"https:\/\/api.w.org\/{rel}","templated":true}]}}