{"id":9983,"date":"2025-03-16T12:34:33","date_gmt":"2025-03-16T11:34:33","guid":{"rendered":"http:\/\/astehshop.com\/?post_type=product&#038;p=9983"},"modified":"2025-03-16T12:34:35","modified_gmt":"2025-03-16T11:34:35","slug":"hub-roombanker-rbgw-202-868-sa-4g-wifi-i-rj45-do-128-uredjaja","status":"publish","type":"product","link":"http:\/\/astehshop.com\/index.php\/product\/hub-roombanker-rbgw-202-868-sa-4g-wifi-i-rj45-do-128-uredjaja\/","title":{"rendered":"HUB RoomBanker RBGW-202-868  sa 4G wifi i RJ45 do 128 uredjaja"},"content":{"rendered":"<p>Unesite neuporedivu fleksibilnost i sigurnost u svoj dom uz Roombanker Station Home Security Hub, kamen temeljac Roombanker Security &amp; Automation sistema. Dizajniran za vlasnike ku\u0107a koji su upoznati s tehnologijom, ovo \u010dvori\u0161te podr\u017eava \u0161irok raspon do 128 perifernih ure\u0111aja, uklju\u010duju\u0107i RBF, Zigbee i Bluetooth ure\u0111aje, \u0161to ga \u010dini najsvestranijim izborom za prilago\u0111avanje va\u0161eg sigurnosnog rje\u0161enja.<\/p>\n<p>Sa svojom inovativnom RBF komunikacionom tehnologijom, \u010dvori\u0161te stanice garantuje ultra-velike veze do 3,5 km i siguran prijenos podataka s AES-CCM enkripcijom. Bilo da integri\u0161ete alarmne tastature, sirene ili privezke, kapacitet \u010dvori\u0161ta Station za 64 prilago\u0111ene automatizovane scene osigurava da je va\u0161 dom za\u0161ti\u0107en i automatizovan prema va\u0161im ta\u010dnim specifikacijama.<\/p>\n<p>Hub nudi robusne opcije povezivanja na internet, uklju\u010duju\u0107i Ethernet, Wi-Fi i mobilnu vezu s LTE podr\u0161kom, osiguravaju\u0107i da ste uvijek povezani sa svojim domom. Ugra\u0111ena rezervna baterija pru\u017ea bezbri\u017enost, odr\u017eavaju\u0107i sistem u funkciji tokom nestanka struje.<\/p>\n<p>Kompaktno i dizajnirano za jednostavnu instalaciju, Station \u010dvori\u0161te dolazi u kompletu sa monta\u017enom plo\u010dom, kablovima za napajanje i eternetom i vodi\u010dem za brzi po\u010detak koji \u0107e vas brzo pokrenuti i pokrenuti. Sertifikovan za globalnu upotrebu sa CE, FCC, ICASA i jo\u0161 mnogo toga, Roombanker Station Home Security Hub je va\u0161e re\u0161enje za napredan, siguran i fleksibilan sistem ku\u0107ne automatizacije.<\/p>\n<p><iframe loading=\"lazy\"  id=\"_ytid_35372\"  width=\"480\" height=\"270\"  data-origwidth=\"480\" data-origheight=\"270\"  src=\"https:\/\/www.youtube.com\/embed\/BWP6cR5_TZk?enablejsapi=1&#038;autoplay=0&#038;cc_load_policy=0&#038;cc_lang_pref=&#038;iv_load_policy=1&#038;loop=0&#038;modestbranding=0&#038;rel=1&#038;fs=1&#038;playsinline=0&#038;autohide=2&#038;theme=dark&#038;color=red&#038;controls=1&#038;\" class=\"__youtube_prefs__  epyt-is-override  no-lazyload\" title=\"YouTube player\"  allow=\"autoplay; encrypted-media\" allowfullscreen data-no-lazy=\"1\" data-skipgform_ajax_framebjll=\"\"><\/iframe><\/p>\n<p>&nbsp;<\/p>\n","protected":false},"excerpt":{"rendered":"<p>Unesite neuporedivu fleksibilnost i sigurnost u svoj dom uz Roombanker Station Home Security Hub, kamen temeljac Roombanker Security &amp; Automation sistema. Dizajniran za vlasnike ku\u0107a koji su upoznati s tehnologijom, ovo \u010dvori\u0161te podr\u017eava \u0161irok raspon do 128 perifernih ure\u0111aja, uklju\u010duju\u0107i RBF, Zigbee i Bluetooth ure\u0111aje, \u0161to ga \u010dini najsvestranijim izborom za prilago\u0111avanje va\u0161eg sigurnosnog rje\u0161enja.<\/p>\n<p>Sa svojom inovativnom RBF komunikacionom tehnologijom, \u010dvori\u0161te stanice garantuje ultra-velike veze do 3,5 km i siguran prijenos podataka s AES-CCM enkripcijom. Bilo da integri\u0161ete alarmne tastature, sirene ili privezke, kapacitet \u010dvori\u0161ta Station za 64 prilago\u0111ene automatizovane scene osigurava da je va\u0161 dom za\u0161ti\u0107en i automatizovan prema va\u0161im ta\u010dnim specifikacijama.<\/p>\n<p>Hub nudi robusne opcije povezivanja na internet, uklju\u010duju\u0107i Ethernet, Wi-Fi i mobilnu vezu s LTE podr\u0161kom, osiguravaju\u0107i da ste uvijek povezani sa svojim domom. Ugra\u0111ena rezervna baterija pru\u017ea bezbri\u017enost, odr\u017eavaju\u0107i sistem u funkciji tokom nestanka struje.<\/p>\n<p>Kompaktno i dizajnirano za jednostavnu instalaciju, Station \u010dvori\u0161te dolazi u kompletu sa monta\u017enom plo\u010dom, kablovima za napajanje i eternetom i vodi\u010dem za brzi po\u010detak koji \u0107e vas brzo pokrenuti i pokrenuti. Sertifikovan za globalnu upotrebu sa CE, FCC, ICASA i jo\u0161 mnogo toga, Roombanker Station Home Security Hub je va\u0161e re\u0161enje za napredan, siguran i fleksibilan sistem ku\u0107ne automatizacije.<\/p>\n","protected":false},"featured_media":9984,"comment_status":"open","ping_status":"closed","template":"","meta":{"_mi_skip_tracking":false,"_exactmetrics_sitenote_active":false,"_exactmetrics_sitenote_note":"","_exactmetrics_sitenote_category":0,"spay_email":""},"product_cat":[7634],"product_tag":[7635,149,7630],"brands":[{"id":7629,"name":"RoomBanker","slug":"roombanker"}],"df_price":340,"df_sale_price":"","df_regular_price":340,"df_image_link":"https:\/\/i2.wp.com\/astehshop.com\/wp-content\/uploads\/2025\/03\/RBGW-202-868_EU_-1.webp?fit=450%2C450","jetpack_publicize_connections":[],"jetpack_sharing_enabled":true,"jetpack_likes_enabled":true,"jetpack-related-posts":[{"id":10006,"url":"http:\/\/astehshop.com\/index.php\/product\/roombanker-bezicna-tastatura\/","url_meta":{"origin":9983,"position":0},"title":"RoomBanker be\u017ei\u010dna tastatura","date":"16. o\u017eujka 2025.","format":false,"excerpt":"Podignite sigurnost svog doma uz Roombanker be\u017ei\u010dnu sigurnosnu tastaturu, klju\u010dni alat za kontrolu nad va\u0161im sigurnosnim sistemom bez napora. Ova inovativna tastatura ima sveobuhvatan interfejs sa 15 tastera, koji omogu\u0107ava aktiviranje\/deaktiviranje jednim klikom i pristup prilago\u0111enim postavkama, obezbe\u0111uju\u0107i brz i lak rad. Opremljena naprednim sigurnosnim mjerama, uklju\u010duju\u0107i za\u0161titu od neovla\u0161tenog\u2026","rel":"","context":"Srodne objave","img":{"alt_text":"","src":"https:\/\/i1.wp.com\/astehshop.com\/wp-content\/uploads\/2025\/03\/RBCT-KP1-868-3.webp?fit=600%2C600&resize=350%2C200","width":350,"height":200},"classes":[]},{"id":9988,"url":"http:\/\/astehshop.com\/index.php\/product\/roombanker-magnetni-senzor-za-vrata-i-prozore-rbss-mc1-868\/","url_meta":{"origin":9983,"position":1},"title":"Roombanker magnetni senzor za vrata i prozore RBSS-MC1-868","date":"16. o\u017eujka 2025.","format":false,"excerpt":"Pove\u0107ajte sigurnost svog doma uz Roombanker magnetni senzor za vrata, klju\u010dnu komponentu Roombanker Security & Automation sistema. Ovaj povr\u0161inski postavljeni senzor omogu\u0107ava precizno pra\u0107enje vrata, upozoravaju\u0107i vas na svako neovla\u0161teno otvaranje sa robusnim razmakom za detekciju od preko 17 mm. Dizajniran za jednostavnu upotrebu, neprimetno se integri\u0161e sa va\u0161im Roombanker\u2026","rel":"","context":"Srodne objave","img":{"alt_text":"","src":"https:\/\/i0.wp.com\/astehshop.com\/wp-content\/uploads\/2025\/03\/RBSS-MC1-868-111.webp?fit=600%2C600&resize=350%2C200","width":350,"height":200},"classes":[]},{"id":10011,"url":"http:\/\/astehshop.com\/index.php\/product\/roombanker-relej\/","url_meta":{"origin":9983,"position":2},"title":"Roombanker relej","date":"16. o\u017eujka 2025.","format":false,"excerpt":"Podignite svoj pametni dom ili sigurnosni sistem uz Roombanker RBF relejni modul, genijalno dizajniran za sveobuhvatnu kontrolu nad va\u0161im izvorima napajanja, u rasponu od 6 do 36 V\u2393. Ovaj modul nudi neusporedivu prakti\u010dnost, spajaju\u0107i fizi\u010dku kontrolu dugmadi sa sofisticiranim upravljanjem zasnovanim na aplikacijama putem aplikacije RB Link i omogu\u0107avaju\u0107i pametnu\u2026","rel":"","context":"Srodne objave","img":{"alt_text":"","src":"https:\/\/i1.wp.com\/astehshop.com\/wp-content\/uploads\/2025\/03\/RBAD-RL1-868-2.webp?fit=600%2C600&resize=350%2C200","width":350,"height":200},"classes":[]},{"id":9992,"url":"http:\/\/astehshop.com\/index.php\/product\/roombanker-senzor-temperature-i-vlaznosti-rbss-th1-868\/","url_meta":{"origin":9983,"position":3},"title":"RoomBanker senzor temperature i vla\u017enosti RBSS-TH1-868","date":"16. o\u017eujka 2025.","format":false,"excerpt":"Roombanker Smart Temperature & Humidity Monitor dizajniran je za one koji \u017eele s lako\u0107om odr\u017eavati optimalnu i zdravu klimu u zatvorenom prostoru. Nudi precizno i \u200b\u200bu realnom vremenu pra\u0107enje temperature i vla\u017enosti, pru\u017eaju\u0107i jasna o\u010ditavanja direktno na ure\u0111aju. Za one koji \u017eele da iskoriste prednosti pobolj\u0161anih funkcija kao \u0161to su\u2026","rel":"","context":"Srodne objave","img":{"alt_text":"","src":"https:\/\/i1.wp.com\/astehshop.com\/wp-content\/uploads\/2025\/03\/RBSS-TH1-868-7.webp?fit=600%2C600&resize=350%2C200","width":350,"height":200},"classes":[]},{"id":10009,"url":"http:\/\/astehshop.com\/index.php\/product\/roombanker-daljinski-upravljac-alarmnim-sistemom\/","url_meta":{"origin":9983,"position":4},"title":"RoomBanker daljinski upravlja\u010d alarmnim sistemom","date":"16. o\u017eujka 2025.","format":false,"excerpt":"Preuzmite kontrolu nad sigurno\u0161\u0107u svog doma uz Roombanker prijenosni be\u017ei\u010dni privezak za klju\u010deve, dizajniran za jednostavnu upotrebu i prakti\u010dnost. Ovaj privezak pojednostavljuje va\u0161e sigurnosne operacije, omogu\u0107avaju\u0107i vam da aktivirate i deaktivirate svoj sistem samo jednim klikom. Osim toga, nudi dva prilagodljiva gumba koja se mogu personalizirati putem aplikacije RB Link,\u2026","rel":"","context":"Srodne objave","img":{"alt_text":"","src":"https:\/\/i2.wp.com\/astehshop.com\/wp-content\/uploads\/2025\/03\/RBCT-KF1-868-6.webp?fit=600%2C600&resize=350%2C200","width":350,"height":200},"classes":[]},{"id":10000,"url":"http:\/\/astehshop.com\/index.php\/product\/roombanker-unutrasnja-sirena\/","url_meta":{"origin":9983,"position":5},"title":"RoomBanker unutra\u0161nja sirena","date":"16. o\u017eujka 2025.","format":false,"excerpt":"Pobolj\u0161ajte svoj ku\u0107ni sigurnosni sistem uz Roombanker be\u017ei\u010dnu unutra\u0161nju sirenu, dizajniranu da privu\u010de pa\u017enju svojim glasnim zvukom i trep\u0107u\u0107im stroboskopom. Ova efikasna za\u0161tita od provala je savr\u0161ena za svako doma\u0107instvo koje \u017eeli da poja\u010da svoje sigurnosne mjere. Sa podesivim nivoima ja\u010dine zvuka i trajanjem alarma, ova sirena se mo\u017ee prilagoditi\u2026","rel":"","context":"Srodne objave","img":{"alt_text":"","src":"https:\/\/i1.wp.com\/astehshop.com\/wp-content\/uploads\/2025\/03\/RBAD-SI1-868-2.webp?fit=600%2C600&resize=350%2C200","width":350,"height":200},"classes":[]}],"_links":{"self":[{"href":"http:\/\/astehshop.com\/index.php\/wp-json\/wp\/v2\/product\/9983"}],"collection":[{"href":"http:\/\/astehshop.com\/index.php\/wp-json\/wp\/v2\/product"}],"about":[{"href":"http:\/\/astehshop.com\/index.php\/wp-json\/wp\/v2\/types\/product"}],"replies":[{"embeddable":true,"href":"http:\/\/astehshop.com\/index.php\/wp-json\/wp\/v2\/comments?post=9983"}],"wp:featuredmedia":[{"embeddable":true,"href":"http:\/\/astehshop.com\/index.php\/wp-json\/wp\/v2\/media\/9984"}],"wp:attachment":[{"href":"http:\/\/astehshop.com\/index.php\/wp-json\/wp\/v2\/media?parent=9983"}],"wp:term":[{"taxonomy":"product_cat","embeddable":true,"href":"http:\/\/astehshop.com\/index.php\/wp-json\/wp\/v2\/product_cat?post=9983"},{"taxonomy":"product_tag","embeddable":true,"href":"http:\/\/astehshop.com\/index.php\/wp-json\/wp\/v2\/product_tag?post=9983"}],"curies":[{"name":"wp","href":"https:\/\/api.w.org\/{rel}","templated":true}]}}