{"id":9978,"date":"2025-03-16T09:27:35","date_gmt":"2025-03-16T08:27:35","guid":{"rendered":"http:\/\/astehshop.com\/?post_type=product&#038;p=9978"},"modified":"2026-03-22T13:00:20","modified_gmt":"2026-03-22T12:00:20","slug":"ipc-k9dcp-3t0we-v2-wifi-solarna-kamera","status":"publish","type":"product","link":"http:\/\/astehshop.com\/index.php\/product\/ipc-k9dcp-3t0we-v2-wifi-solarna-kamera\/","title":{"rendered":"IPC-K9DCP-3T0WE-V2 WIFI solarna kamera"},"content":{"rendered":"<div class=\"central-inner sm:pb-lg hide\">\n<p>3 MP WI-FI bullet kamera sa solarnim panelom<\/p>\n<p>1\/2.8\u201d CMOS sa progresivnim skeniranjem. Rezolucija 2304&#215;1296. Fiksna optika 2.8mm. Detekcija pokreta, detekcija ljudi, dvosmjerna komunikacija,integrisan mikrofon, zvu\u010dnik,sirena.Kompresija H.265\/H.264.Smart,PIR senzor, no\u0107na vidljivost do 15 m.5000mAh baterija.Ugradjen solarni panel 2.2W Slot za Micro SD karticu do 256GB.ImouLife aplikacija za iOS, Android. Napajanje 5VDC, 2A -kroz solarni panel. Nivo za\u0161tite IP66 &#8211; Materijal metal i plastika.<\/p>\n<p><iframe loading=\"lazy\"  id=\"_ytid_97624\"  width=\"480\" height=\"270\"  data-origwidth=\"480\" data-origheight=\"270\"  src=\"https:\/\/www.youtube.com\/embed\/or7XIw8Q-eY?enablejsapi=1&#038;autoplay=0&#038;cc_load_policy=0&#038;cc_lang_pref=&#038;iv_load_policy=1&#038;loop=0&#038;modestbranding=0&#038;rel=1&#038;fs=1&#038;playsinline=0&#038;autohide=2&#038;theme=dark&#038;color=red&#038;controls=1&#038;\" class=\"__youtube_prefs__  epyt-is-override  no-lazyload\" title=\"YouTube player\"  allow=\"autoplay; encrypted-media\" allowfullscreen data-no-lazy=\"1\" data-skipgform_ajax_framebjll=\"\"><\/iframe><\/p>\n<p>&nbsp;<\/p>\n<\/div>\n","protected":false},"excerpt":{"rendered":"<div class=\"central-inner sm:pb-lg hide\">\n<p>3 MP WI-FI bullet kamera sa solarnim panelom<\/p>\n<p>1\/2.8\u201d CMOS sa progresivnim skeniranjem. Rezolucija 2304&#215;1296. Fiksna optika 2.8mm. Detekcija pokreta, detekcija ljudi, dvosmjerna komunikacija,integrisan mikrofon, zvu\u010dnik,sirena.Kompresija H.265\/H.264.Smart,PIR senzor, no\u0107na vidljivost do 15 m.5000mAh baterija.Ugradjen solarni panel 2.2W Slot za Micro SD karticu do 256GB.ImouLife aplikacija za iOS, Android. Napajanje 5VDC, 2A -kroz solarni panel. Nivo za\u0161tite IP66 &#8211; Materijal metal i plastika.<\/p>\n<\/div>\n","protected":false},"featured_media":9979,"comment_status":"open","ping_status":"closed","template":"","meta":{"_mi_skip_tracking":false,"_exactmetrics_sitenote_active":false,"_exactmetrics_sitenote_note":"","_exactmetrics_sitenote_category":0,"spay_email":""},"product_cat":[135],"product_tag":[7625,7628,5696,7626,7627],"brands":[{"id":7606,"name":"Imou","slug":"imou"}],"df_price":169,"df_sale_price":"","df_regular_price":169,"df_image_link":"https:\/\/i0.wp.com\/astehshop.com\/wp-content\/uploads\/2025\/03\/IPC-K9DCP-3T0WE-V2-11.jpg?fit=450%2C290","jetpack_publicize_connections":[],"jetpack_sharing_enabled":true,"jetpack_likes_enabled":true,"jetpack-related-posts":[{"id":9414,"url":"http:\/\/astehshop.com\/index.php\/product\/dahua-pokretna-wifi-kamera-ipc-p5b-pv-5-mpx-full-color\/","url_meta":{"origin":9978,"position":0},"title":"Dahua pokretna wifi kamera IPC-P5B-PV 5 MPX Full Color","date":"23. lipnja 2024.","format":false,"excerpt":"5 MP WI-FI pokretna PT kamera 1\/3\u201d CMOS sa progresivnim skeniranjem. Rezolucija 2880x1620. Fiksna optika 3.6mm. Detekcija pokreta, detekcija ljudi,detekcija vozila, dvosmjerna komunikacija,integrisan mikrofon, zvu\u010dnik, sirena 110dB.Kompresija H.265.Smart Full Color, no\u0107na vidljivost do 30 m. Slot za Micro SD karticu do 256GB. Dualna antena 120m domet na otvorenom, 1x100Mbps Ethernet\u2026","rel":"","context":"Srodne objave","img":{"alt_text":"","src":"https:\/\/i1.wp.com\/astehshop.com\/wp-content\/uploads\/2024\/06\/camera_supraveghere_ip_wireless_de_exterior_pt_3mp_3.6mm_smart_dual_light_microfon_si_difuzor_microsd_ip66_dahua_ipc-p3b-pv_3_.jpeg?fit=1200%2C992&resize=350%2C200","width":350,"height":200},"classes":[]},{"id":8299,"url":"http:\/\/astehshop.com\/index.php\/product\/imou-ipc-f26fep-bullet-2-pro-2mp-ip-kamera-2-8mm\/","url_meta":{"origin":9978,"position":1},"title":"IMOU IPC-F26FEP Bullet 2 Pro 2MP IP kamera 2.8mm","date":"19. listopada 2023.","format":false,"excerpt":"IPC-F26FEP 2MP Wi Fi Active Deterrence Full Color kamera u bulit ku\u0107i\u0161tu. 1\/2.8\u201d CMOS sa progresivnim skeniranjem. Rezolucija 1920x1080. Fiksna optika 2.8mm, 16xdigital zoom. Detekcija pokreta, detekcija ljudi, dvosmjerna komunikacija, integrisan mikrofon, zvu\u010dnik, sirena 110dB i spotlight. Kompresija H.265+\/H.264+. Smart Full Color, no\u0107na vidljivost do 30 m. Podr\u017eava skladi\u0161tenje na\u2026","rel":"","context":"Srodne objave","img":{"alt_text":"","src":"https:\/\/i2.wp.com\/astehshop.com\/wp-content\/uploads\/2023\/10\/f26fep.jpeg?fit=1200%2C1200&resize=350%2C200","width":350,"height":200},"classes":[]},{"id":9410,"url":"http:\/\/astehshop.com\/index.php\/product\/dahua-pokretna-wifi-kamera-ipc-h4a-0360b\/","url_meta":{"origin":9978,"position":2},"title":"Dahua pokretna WIFI kamera IPC-H4A-0360B","date":"23. lipnja 2024.","format":false,"excerpt":"4MP Wi Fi pokretna P&T kamera 1\/3\u201d 4MP CMOS.Rezolucija 2560x1440. Fiksna optika 3.6mm. Detekcija pokreta, detekcija ljudi, abnormal sound alarm,dvosmjerna komunikacija, integrisan mikrofon, zvu\u010dnik, sirena. Kompresija H.265\/H.264. Wi Fi 50m domet na otvorenom, 1x100Mbps Ethernet Port. Smart Tracking, 16xdigital zoom, 0~355\u00b0 Pan & -5~80\u00b0 Tilt. No\u0107na vidljivost do 10 m.\u2026","rel":"","context":"Srodne objave","img":{"alt_text":"","src":"https:\/\/i2.wp.com\/astehshop.com\/wp-content\/uploads\/2024\/06\/camera_hero_h4a_dahua_ipc-h4a-0360b_wifi_2k_4mp_3.6mm.jpg?fit=913%2C800&resize=350%2C200","width":350,"height":200},"classes":[]},{"id":9566,"url":"http:\/\/astehshop.com\/index.php\/product\/dahua-ipc-hfw1439tl1-a-il-0280b-bullet-dual-ilumination-kamera\/","url_meta":{"origin":9978,"position":3},"title":"Dahua IPC-HFW1439TL1-A-IL-0280B bullet Dual ilumination kamera","date":"26. listopada 2024.","format":false,"excerpt":"4MP Full-color Dual-iluminator mre\u017ena kamera u bulit ku\u0107i\u0161tu 1\/2.9\u201d CMOS sa progresivnim skeniranjem. Color: 0.0006 Lux@F1.6 Maksimalna rezolucija 2560x1440. Fiksna optika 2.8mm. Kompresija H.265+\/H.264+. 120dB WDR. Warm light\/IR LED diode, domet dioda 30metara. Integrisan mikrofon. Video analitika:(detekcija ljudi).Odgovaraju\u0107a baza PFA130-E\/PFA134, nosa\u010d za stub PFA152-E . Nivo za\u0161tite IP67.Napajanje 12VDC\/PoE, 2.9W\u2026","rel":"","context":"Srodne objave","img":{"alt_text":"","src":"https:\/\/i0.wp.com\/astehshop.com\/wp-content\/uploads\/2024\/10\/ipc-hfw1439tl1-a-il-1.jpg?fit=1200%2C675&resize=350%2C200","width":350,"height":200},"classes":[]},{"id":9560,"url":"http:\/\/astehshop.com\/index.php\/product\/dahua-ipc-hdw1439v-a-il-0280b-dome-ip-kamera-dual-ilumination\/","url_meta":{"origin":9978,"position":4},"title":"Dahua IPC-HDW1439V-A-IL-0280B dome IP kamera dual ilumination","date":"26. listopada 2024.","format":false,"excerpt":"4MP Full-color Dual-iluminator mre\u017ena kamera u dome ku\u0107i\u0161tu 1\/2.9\u201d CMOS sa progresivnim skeniranjem. Color: 0.006 Lux@F1.6 Maksimalna rezolucija 2560x1440. Fiksna optika 2.8mm. Kompresija H.265+\/H.264+. 120dB WDR. Warm light\/IR LED diode, domet dioda 30metara. Integrisan mikrofon. Video analitika:(detekcija ljudi).Odgovaraju\u0107a baza PFA13G nosa\u010d za stub PFA152-E . Nivo za\u0161tite IP67.Napajanje 12VDC\/PoE, 2.9W\u2026","rel":"","context":"Srodne objave","img":{"alt_text":"","src":"https:\/\/i2.wp.com\/astehshop.com\/wp-content\/uploads\/2024\/10\/IPC-HDW1439V-A-IL-1.jpg?fit=1200%2C675&resize=350%2C200","width":350,"height":200},"classes":[]},{"id":8306,"url":"http:\/\/astehshop.com\/index.php\/product\/dahua-imou-ipc-l26p-sa-reflektorima\/","url_meta":{"origin":9978,"position":5},"title":"Dahua Imou IPC-L26P sa reflektorima","date":"19. listopada 2023.","format":false,"excerpt":"IPC-L26P Wi Fi kamera sa reflektorom 1\/2.7\u201d 2 Megapixel progressive CMOS senzor, WI-FI sa dvije antene, IR dometa do 10m, H.265&H.264, fiksni objektiv 2.8mm, dvosmjerna komunikacija, integrisan mikrofon, zvu\u010dnik i sirena 110dB, 2 reflektora sa tri re\u017eima aktivacije (ru\u010dno\/PIR\/od sumraka do zore), Motion Detection, PIR detekcija, Alarm notifikacija. Napajanje 240VAC\/40W,\u2026","rel":"","context":"Srodne objave","img":{"alt_text":"","src":"https:\/\/i2.wp.com\/astehshop.com\/wp-content\/uploads\/2023\/10\/ipc-l26p-imou_3.jpg?fit=1000%2C1000&resize=350%2C200","width":350,"height":200},"classes":[]}],"_links":{"self":[{"href":"http:\/\/astehshop.com\/index.php\/wp-json\/wp\/v2\/product\/9978"}],"collection":[{"href":"http:\/\/astehshop.com\/index.php\/wp-json\/wp\/v2\/product"}],"about":[{"href":"http:\/\/astehshop.com\/index.php\/wp-json\/wp\/v2\/types\/product"}],"replies":[{"embeddable":true,"href":"http:\/\/astehshop.com\/index.php\/wp-json\/wp\/v2\/comments?post=9978"}],"wp:featuredmedia":[{"embeddable":true,"href":"http:\/\/astehshop.com\/index.php\/wp-json\/wp\/v2\/media\/9979"}],"wp:attachment":[{"href":"http:\/\/astehshop.com\/index.php\/wp-json\/wp\/v2\/media?parent=9978"}],"wp:term":[{"taxonomy":"product_cat","embeddable":true,"href":"http:\/\/astehshop.com\/index.php\/wp-json\/wp\/v2\/product_cat?post=9978"},{"taxonomy":"product_tag","embeddable":true,"href":"http:\/\/astehshop.com\/index.php\/wp-json\/wp\/v2\/product_tag?post=9978"}],"curies":[{"name":"wp","href":"https:\/\/api.w.org\/{rel}","templated":true}]}}