{"id":9975,"date":"2025-03-16T09:21:00","date_gmt":"2025-03-16T08:21:00","guid":{"rendered":"http:\/\/astehshop.com\/?post_type=product&#038;p=9975"},"modified":"2026-03-22T13:00:39","modified_gmt":"2026-03-22T12:00:39","slug":"ipc-s7dp-5m0wez-imou-kamera","status":"publish","type":"product","link":"http:\/\/astehshop.com\/index.php\/product\/ipc-s7dp-5m0wez-imou-kamera\/","title":{"rendered":"IPC-S7DP-5M0WEZ IMOU kamera"},"content":{"rendered":"<p>Model: Cruiser Z IPC-S7DP-5M0WEZ Rezolucija: 5MP (3K Ultra HD) So\u010diva: 2.8mm \u0161iroki ugao i 12mm telefoto Zoom: 12x hibridni zoom No\u0107no Snimanje: do 56m, \u010detiri re\u017eima (Smart, Full Color, Infrared, Off) Detekcija: AI prepoznavanje ljudi i vozila Audio: Dvosmjerni (mikrofon + zvu\u010dnik, sirena 110dB) Povezivanje: Dual Wi-Fi antena IEEE802.11b\/g\/n\/ax (2.4GHz) Memorija: microSD do 512GB (nije uklju\u010dena), IMOU cloud opcija Otpornost: IP66 za\u0161tita (otporna na pra\u0161inu i vodu) Radna Temperatura: -30\u00b0C do 50\u00b0C Dimenzije: 129 x 110 x 110 mm Te\u017eina: 438g Boja: Bijela<\/p>\n<p><iframe loading=\"lazy\"  id=\"_ytid_69579\"  width=\"480\" height=\"270\"  data-origwidth=\"480\" data-origheight=\"270\"  src=\"https:\/\/www.youtube.com\/embed\/wvCkcekWqc0?enablejsapi=1&#038;autoplay=0&#038;cc_load_policy=0&#038;cc_lang_pref=&#038;iv_load_policy=1&#038;loop=0&#038;modestbranding=0&#038;rel=1&#038;fs=1&#038;playsinline=0&#038;autohide=2&#038;theme=dark&#038;color=red&#038;controls=1&#038;\" class=\"__youtube_prefs__  epyt-is-override  no-lazyload\" title=\"YouTube player\"  allow=\"autoplay; encrypted-media\" allowfullscreen data-no-lazy=\"1\" data-skipgform_ajax_framebjll=\"\"><\/iframe><\/p>\n<p>&nbsp;<\/p>\n","protected":false},"excerpt":{"rendered":"<p>Model: Cruiser Z IPC-S7DP-5M0WEZ Rezolucija: 5MP (3K Ultra HD) So\u010diva: 2.8mm \u0161iroki ugao i 12mm telefoto Zoom: 12x hibridni zoom No\u0107no Snimanje: do 56m, \u010detiri re\u017eima (Smart, Full Color, Infrared, Off) Detekcija: AI prepoznavanje ljudi i vozila Audio: Dvosmjerni (mikrofon + zvu\u010dnik, sirena 110dB) Povezivanje: Dual Wi-Fi antena IEEE802.11b\/g\/n\/ax (2.4GHz) Memorija: microSD do 512GB (nije uklju\u010dena), IMOU cloud opcija Otpornost: IP66 za\u0161tita (otporna na pra\u0161inu i vodu) Radna Temperatura: -30\u00b0C do 50\u00b0C Dimenzije: 129 x 110 x 110 mm Te\u017eina: 438g Boja: Bijela<\/p>\n","protected":false},"featured_media":9976,"comment_status":"open","ping_status":"closed","template":"","meta":{"_mi_skip_tracking":false,"_exactmetrics_sitenote_active":false,"_exactmetrics_sitenote_note":"","_exactmetrics_sitenote_category":0,"spay_email":""},"product_cat":[135],"product_tag":[2832,2962,7624,6804,2081],"brands":[{"id":7606,"name":"Imou","slug":"imou"}],"df_price":199,"df_sale_price":"","df_regular_price":199,"df_image_link":"https:\/\/i2.wp.com\/astehshop.com\/wp-content\/uploads\/2025\/03\/IPC-S7DP-5M0WEZ-11.jpg?fit=450%2C279","jetpack_publicize_connections":[],"jetpack_sharing_enabled":true,"jetpack_likes_enabled":true,"jetpack-related-posts":[{"id":9968,"url":"http:\/\/astehshop.com\/index.php\/product\/ipc-k7fp-5h0we-wifi-roto-kamera-imou\/","url_meta":{"origin":9975,"position":0},"title":"IPC-K7FP-5H0WE WIFI roto kamera IMOU","date":"16. o\u017eujka 2025.","format":false,"excerpt":"IMOU Cruiser SC 5MP IPC-K7FP-5H0WE-EU je napredna IP kamera dizajnirana za sigurnosni nadzor unutra\u0161njih i vanjskih prostora. Sa rezolucijom od 5MP (2880x1620) i 3.6mm fiksnim objektivom, omogu\u0107ava visoku jasno\u0107u slike i \u0161iroki ugao gledanja.Kamera je opremljena inteligentnim funkcijama kao \u0161to su detekcija ljudi, pametan no\u0107ni vid u \u010detiri moda, AI\u2026","rel":"","context":"Srodne objave","img":{"alt_text":"","src":"https:\/\/i0.wp.com\/astehshop.com\/wp-content\/uploads\/2025\/03\/IPC-K7FP-5H0WE-WIFI-roto-kamera-IMOU-1.jpg?fit=1200%2C1200&resize=350%2C200","width":350,"height":200},"classes":[]},{"id":9426,"url":"http:\/\/astehshop.com\/index.php\/product\/imou-wifi-kamera-cruiser-2-ipc-gs7ep-5mowe\/","url_meta":{"origin":9975,"position":1},"title":"Imou wifi kamera Cruiser 2 ipc-gs7ep-5mowe","date":"23. lipnja 2024.","format":false,"excerpt":"Cruiser pru\u017ea pra\u0107enje u\u017eivo od 5MP sa izborom 3,6mm objektiva, sa 5MP 3K pra\u0107enjem u\u017eivo i 0~340\u00b0 pan & 0~90\u00b0tilt funkcijama, Cruiser 2 5MP osigurava da svaki kutak va\u0161eg doma bude potpuno pokriven. Podr\u017eava \u010detiri re\u017eima no\u0107nog vida za jasno\u0107u poput dana \u010dak i u mrklom mraku. Sa IP66 certifikatom,\u2026","rel":"","context":"Srodne objave","img":{"alt_text":"","src":"https:\/\/i0.wp.com\/astehshop.com\/wp-content\/uploads\/2024\/06\/52875_camera_ngoai_troi_ip_wifi_imou_ipc_gs7ep_5m0we_5mp_406f91045c8245b38982b4bf2a11ad65_master.jpg?fit=600%2C600&resize=350%2C200","width":350,"height":200},"classes":[]},{"id":9970,"url":"http:\/\/astehshop.com\/index.php\/product\/ipc-k7fp-5h0te-roto-kamera-4g\/","url_meta":{"origin":9975,"position":2},"title":"IPC-K7FP-5H0TE roto kamera 4G","date":"16. o\u017eujka 2025.","format":false,"excerpt":"IMOU Cruiser SC 4G 5MP IP Kamera, Tip ure\u0111aja: Vanjska rotiraju\u0107a IP kamera, Rezolucija: 5MP (2880x1620), Objektiv: 3.6 mm, Ugao gledanja: 74\u00b0, Rotacija: 355\u00b0 horizontalno, 90\u00b0 vertikalno, No\u0107ni vid: 30m IR i bijelo LED osvjetljenje, Povezivanje: 4G SIM kartica (Band 1\/3\/5\/7\/8\/20\/28\/38\/40\/41), AI funkcije: Detekcija ljudi, auto pra\u0107enje, sirena 110dB, Pohrana:\u2026","rel":"","context":"Srodne objave","img":{"alt_text":"","src":"https:\/\/i1.wp.com\/img.youtube.com\/vi\/OWrO0oPV_04\/0.jpg?resize=350%2C200","width":350,"height":200},"classes":[]},{"id":9424,"url":"http:\/\/astehshop.com\/index.php\/product\/imou-cruiser-dual-10-mpx-ipc-s7xp-10m0wed\/","url_meta":{"origin":9975,"position":3},"title":"Imou Cruiser dual 10 MPX ipc-s7xp-10m0wed","date":"23. lipnja 2024.","format":false,"excerpt":"IPC-S7XP-10M0WED-IMOU Cruiser Dual Imou | 10PM be\u017ei\u010dna Wi-Fi kamera na otvorenom (5Mp fiksna 3,6mm + 5Mp PT motorizirana), 8X digitalni zum. Opremljen IMOU SENSE algoritmom, 4 na\u010dina no\u0107nog vida (Smart, Full Color, Infrared, Off) do 30M, Active Deterrence (integrirana 110dB sirena i reflektor), Smart funkcije: Smart Tracking (automatsko pra\u0107enje kretanja)\u2026","rel":"","context":"Srodne objave","img":{"alt_text":"","src":"https:\/\/i1.wp.com\/astehshop.com\/wp-content\/uploads\/2024\/06\/imou-cruiser-dual-ip-camera-3mp-5mp-ipc-s7xp-8m0wed-0360b-imou.png?fit=1200%2C1131&resize=350%2C200","width":350,"height":200},"classes":[]},{"id":9965,"url":"http:\/\/astehshop.com\/index.php\/product\/ipc-k7cp-5h1we-wifi-roto-kamera-imou\/","url_meta":{"origin":9975,"position":4},"title":"IPC-K7CP-5H1WE WIFI roto kamera IMOU","date":"16. o\u017eujka 2025.","format":false,"excerpt":"Tip: IP \/ WiFi Rezolucija: 5MP 3K 3.6mm Ku\u0107i\u0161te: plasti\u010dno Boja ku\u0107i\u0161ta: bijela Povezivanje: WiFi, RJ-45 Rotacije: horizontalno i vertikalno Mogu\u0107nost povezivanja na Cloud Snimanje na SD karticu Dvostrana audio komunikacija Aplikacija za nadzor mobilnim ure\u0111ajem (Imou Life)","rel":"","context":"Srodne objave","img":{"alt_text":"","src":"https:\/\/i0.wp.com\/astehshop.com\/wp-content\/uploads\/2025\/03\/IPC-K7CP-5H1WE.jpg?fit=690%2C690&resize=350%2C200","width":350,"height":200},"classes":[]},{"id":8299,"url":"http:\/\/astehshop.com\/index.php\/product\/imou-ipc-f26fep-bullet-2-pro-2mp-ip-kamera-2-8mm\/","url_meta":{"origin":9975,"position":5},"title":"IMOU IPC-F26FEP Bullet 2 Pro 2MP IP kamera 2.8mm","date":"19. listopada 2023.","format":false,"excerpt":"IPC-F26FEP 2MP Wi Fi Active Deterrence Full Color kamera u bulit ku\u0107i\u0161tu. 1\/2.8\u201d CMOS sa progresivnim skeniranjem. Rezolucija 1920x1080. Fiksna optika 2.8mm, 16xdigital zoom. Detekcija pokreta, detekcija ljudi, dvosmjerna komunikacija, integrisan mikrofon, zvu\u010dnik, sirena 110dB i spotlight. Kompresija H.265+\/H.264+. Smart Full Color, no\u0107na vidljivost do 30 m. Podr\u017eava skladi\u0161tenje na\u2026","rel":"","context":"Srodne objave","img":{"alt_text":"","src":"https:\/\/i2.wp.com\/astehshop.com\/wp-content\/uploads\/2023\/10\/f26fep.jpeg?fit=1200%2C1200&resize=350%2C200","width":350,"height":200},"classes":[]}],"_links":{"self":[{"href":"http:\/\/astehshop.com\/index.php\/wp-json\/wp\/v2\/product\/9975"}],"collection":[{"href":"http:\/\/astehshop.com\/index.php\/wp-json\/wp\/v2\/product"}],"about":[{"href":"http:\/\/astehshop.com\/index.php\/wp-json\/wp\/v2\/types\/product"}],"replies":[{"embeddable":true,"href":"http:\/\/astehshop.com\/index.php\/wp-json\/wp\/v2\/comments?post=9975"}],"wp:featuredmedia":[{"embeddable":true,"href":"http:\/\/astehshop.com\/index.php\/wp-json\/wp\/v2\/media\/9976"}],"wp:attachment":[{"href":"http:\/\/astehshop.com\/index.php\/wp-json\/wp\/v2\/media?parent=9975"}],"wp:term":[{"taxonomy":"product_cat","embeddable":true,"href":"http:\/\/astehshop.com\/index.php\/wp-json\/wp\/v2\/product_cat?post=9975"},{"taxonomy":"product_tag","embeddable":true,"href":"http:\/\/astehshop.com\/index.php\/wp-json\/wp\/v2\/product_tag?post=9975"}],"curies":[{"name":"wp","href":"https:\/\/api.w.org\/{rel}","templated":true}]}}