{"id":9968,"date":"2025-03-16T09:12:48","date_gmt":"2025-03-16T08:12:48","guid":{"rendered":"http:\/\/astehshop.com\/?post_type=product&#038;p=9968"},"modified":"2026-03-22T13:01:19","modified_gmt":"2026-03-22T12:01:19","slug":"ipc-k7fp-5h0we-wifi-roto-kamera-imou","status":"publish","type":"product","link":"http:\/\/astehshop.com\/index.php\/product\/ipc-k7fp-5h0we-wifi-roto-kamera-imou\/","title":{"rendered":"IPC-K7FP-5H0WE WIFI roto kamera IMOU"},"content":{"rendered":"<p>IMOU Cruiser SC 5MP IPC-K7FP-5H0WE-EU je napredna IP kamera dizajnirana za sigurnosni nadzor unutra\u0161njih i vanjskih prostora. Sa rezolucijom od 5MP (2880&#215;1620) i 3.6mm fiksnim objektivom, omogu\u0107ava visoku jasno\u0107u slike i \u0161iroki ugao gledanja.Kamera je opremljena inteligentnim funkcijama kao \u0161to su <strong>detekcija ljudi<\/strong>, <strong>pametan no\u0107ni vid u \u010detiri moda<\/strong>, <strong>AI pra\u0107enje pokreta<\/strong>, te <strong>dvosmjerni zvuk<\/strong> sa ugra\u0111enim mikrofonom i zvu\u010dnikom. Crveno-plava LED signalna svjetla pru\u017eaju dodatni nivo sigurnosti, odvra\u0107aju\u0107i potencijalne uljeze.<\/p>\n<p><iframe loading=\"lazy\"  id=\"_ytid_69768\"  width=\"480\" height=\"360\"  data-origwidth=\"480\" data-origheight=\"360\"  src=\"https:\/\/www.youtube.com\/embed\/JS9EUFko7l0?enablejsapi=1&#038;autoplay=0&#038;cc_load_policy=0&#038;cc_lang_pref=&#038;iv_load_policy=1&#038;loop=0&#038;modestbranding=0&#038;rel=1&#038;fs=1&#038;playsinline=0&#038;autohide=2&#038;theme=dark&#038;color=red&#038;controls=1&#038;\" class=\"__youtube_prefs__  epyt-is-override  no-lazyload\" title=\"YouTube player\"  allow=\"autoplay; encrypted-media\" allowfullscreen data-no-lazy=\"1\" data-skipgform_ajax_framebjll=\"\"><\/iframe><\/p>\n<p>&nbsp;<\/p>\n","protected":false},"excerpt":{"rendered":"<p>IMOU Cruiser SC 5MP IPC-K7FP-5H0WE-EU je napredna IP kamera dizajnirana za sigurnosni nadzor unutra\u0161njih i vanjskih prostora. Sa rezolucijom od 5MP (2880&#215;1620) i 3.6mm fiksnim objektivom, omogu\u0107ava visoku jasno\u0107u slike i \u0161iroki ugao gledanja.Kamera je opremljena inteligentnim funkcijama kao \u0161to su <strong>detekcija ljudi<\/strong>, <strong>pametan no\u0107ni vid u \u010detiri moda<\/strong>, <strong>AI pra\u0107enje pokreta<\/strong>, te <strong>dvosmjerni zvuk<\/strong> sa ugra\u0111enim mikrofonom i zvu\u010dnikom. Crveno-plava LED signalna svjetla pru\u017eaju dodatni nivo sigurnosti, odvra\u0107aju\u0107i potencijalne uljeze.<\/p>\n","protected":false},"featured_media":9969,"comment_status":"open","ping_status":"closed","template":"","meta":{"_mi_skip_tracking":false,"_exactmetrics_sitenote_active":false,"_exactmetrics_sitenote_note":"","_exactmetrics_sitenote_category":0,"spay_email":""},"product_cat":[135],"product_tag":[7621,1179,435,2832,7618,7617,1184,7620,7619,7622,1183],"brands":[{"id":7606,"name":"Imou","slug":"imou"}],"df_price":159,"df_sale_price":"","df_regular_price":159,"df_image_link":"https:\/\/i0.wp.com\/astehshop.com\/wp-content\/uploads\/2025\/03\/IPC-K7FP-5H0WE-WIFI-roto-kamera-IMOU-1.jpg?fit=450%2C450","jetpack_publicize_connections":[],"jetpack_sharing_enabled":true,"jetpack_likes_enabled":true,"jetpack-related-posts":[{"id":9788,"url":"http:\/\/astehshop.com\/index.php\/product\/imou-ipc-k3dp-5h0wf-bullet-2e-5mp-wifi-sigurnosna-ip-kamera\/","url_meta":{"origin":9968,"position":0},"title":"IMOU IPC-K3DP-5H0WF Bullet 2E 5MP WiFi sigurnosna IP kamera","date":"2. prosinca 2024.","format":false,"excerpt":"IMOU Bullet 2E 5MP IP kamera s rezolucijom 2880x1620, objektivom 2.8mm, no\u0107nim vidom do 30m, IP67 vodootpornost, Wi-Fi povezivanjem, detekcijom pokreta, podr\u0161kom za SD karticu do 256GB i mobilnom aplikacijom IMOU Life. Kompatibilna s iOS i Android ure\u0111ajima.","rel":"","context":"Srodne objave","img":{"alt_text":"","src":"https:\/\/i2.wp.com\/astehshop.com\/wp-content\/uploads\/2024\/12\/IPC-K3DP-5H0WF.jpg?fit=594%2C481&resize=350%2C200","width":350,"height":200},"classes":[]},{"id":9426,"url":"http:\/\/astehshop.com\/index.php\/product\/imou-wifi-kamera-cruiser-2-ipc-gs7ep-5mowe\/","url_meta":{"origin":9968,"position":1},"title":"Imou wifi kamera Cruiser 2 ipc-gs7ep-5mowe","date":"23. lipnja 2024.","format":false,"excerpt":"Cruiser pru\u017ea pra\u0107enje u\u017eivo od 5MP sa izborom 3,6mm objektiva, sa 5MP 3K pra\u0107enjem u\u017eivo i 0~340\u00b0 pan & 0~90\u00b0tilt funkcijama, Cruiser 2 5MP osigurava da svaki kutak va\u0161eg doma bude potpuno pokriven. Podr\u017eava \u010detiri re\u017eima no\u0107nog vida za jasno\u0107u poput dana \u010dak i u mrklom mraku. Sa IP66 certifikatom,\u2026","rel":"","context":"Srodne objave","img":{"alt_text":"","src":"https:\/\/i0.wp.com\/astehshop.com\/wp-content\/uploads\/2024\/06\/52875_camera_ngoai_troi_ip_wifi_imou_ipc_gs7ep_5m0we_5mp_406f91045c8245b38982b4bf2a11ad65_master.jpg?fit=600%2C600&resize=350%2C200","width":350,"height":200},"classes":[]},{"id":9785,"url":"http:\/\/astehshop.com\/index.php\/product\/imou-ipc-s6dp-5m0web-e27-sijalica-5-mpx-wifi-kamera\/","url_meta":{"origin":9968,"position":2},"title":"Imou IPC-S6DP-5M0WEB-E27  sijalica 5 MPX wifi Kamera","date":"2. prosinca 2024.","format":false,"excerpt":"Bulb Cam pru\u017ea pra\u0107enje u\u017eivo od 5MP sa izborom opcije so\u010diva od 2,8mm, sa funkcijama 0~340\u00b0pan & 0~90\u00b0tilt, Bulb Cam 5MP osigurava da svaki kutak va\u0161eg doma bude potpuno pokriven. Podr\u017eava no\u0107ni vid u punoj boji za jasno\u0107u kao dan \u010dak i u potpunom mraku. Na\u010din ugradnje navojnog nosa\u010da vam\u2026","rel":"","context":"Srodne objave","img":{"alt_text":"","src":"https:\/\/i0.wp.com\/astehshop.com\/wp-content\/uploads\/2024\/12\/IPC-S6DP-5M0WEB-E27.jpg?fit=700%2C700&resize=350%2C200","width":350,"height":200},"classes":[]},{"id":9970,"url":"http:\/\/astehshop.com\/index.php\/product\/ipc-k7fp-5h0te-roto-kamera-4g\/","url_meta":{"origin":9968,"position":3},"title":"IPC-K7FP-5H0TE roto kamera 4G","date":"16. o\u017eujka 2025.","format":false,"excerpt":"IMOU Cruiser SC 4G 5MP IP Kamera, Tip ure\u0111aja: Vanjska rotiraju\u0107a IP kamera, Rezolucija: 5MP (2880x1620), Objektiv: 3.6 mm, Ugao gledanja: 74\u00b0, Rotacija: 355\u00b0 horizontalno, 90\u00b0 vertikalno, No\u0107ni vid: 30m IR i bijelo LED osvjetljenje, Povezivanje: 4G SIM kartica (Band 1\/3\/5\/7\/8\/20\/28\/38\/40\/41), AI funkcije: Detekcija ljudi, auto pra\u0107enje, sirena 110dB, Pohrana:\u2026","rel":"","context":"Srodne objave","img":{"alt_text":"","src":"https:\/\/i1.wp.com\/img.youtube.com\/vi\/OWrO0oPV_04\/0.jpg?resize=350%2C200","width":350,"height":200},"classes":[]},{"id":9975,"url":"http:\/\/astehshop.com\/index.php\/product\/ipc-s7dp-5m0wez-imou-kamera\/","url_meta":{"origin":9968,"position":4},"title":"IPC-S7DP-5M0WEZ IMOU kamera","date":"16. o\u017eujka 2025.","format":false,"excerpt":"Model: Cruiser Z IPC-S7DP-5M0WEZ Rezolucija: 5MP (3K Ultra HD) So\u010diva: 2.8mm \u0161iroki ugao i 12mm telefoto Zoom: 12x hibridni zoom No\u0107no Snimanje: do 56m, \u010detiri re\u017eima (Smart, Full Color, Infrared, Off) Detekcija: AI prepoznavanje ljudi i vozila Audio: Dvosmjerni (mikrofon + zvu\u010dnik, sirena 110dB) Povezivanje: Dual Wi-Fi antena IEEE802.11b\/g\/n\/ax (2.4GHz)\u2026","rel":"","context":"Srodne objave","img":{"alt_text":"","src":"https:\/\/i2.wp.com\/astehshop.com\/wp-content\/uploads\/2025\/03\/IPC-S7DP-5M0WEZ-11.jpg?fit=1200%2C744&resize=350%2C200","width":350,"height":200},"classes":[]},{"id":9417,"url":"http:\/\/astehshop.com\/index.php\/product\/imou-kamera-ranger-dual-8mp-53-ipc-s2xp-8m0wed\/","url_meta":{"origin":9968,"position":5},"title":"IMOU KAMERA Ranger DUAL 8MP (5+3) IPC-S2XP-8M0WED","date":"23. lipnja 2024.","format":false,"excerpt":"Specifikacije: **Kamera sa fiksnim objektivom:** - Senzor: 1\/2.8 in\u010da, 3 megapiksela progresivni CMOS - Rezolucija: 3MP (2304x1296) - No\u0107ni re\u017eim: Domet od 15m (49ft) - Fiksni objektiv: 3.6mm - Ugao gledanja: 84\u00b0(H), 45\u00b0(V), 101\u00b0(D) - Pan: 0~355\u00b0, Tilt: 0~15\u00b0 **Pan & Tilt kamera:** - Senzor: 1\/3 in\u010da, 5 megapiksela progresivni\u2026","rel":"","context":"Srodne objave","img":{"alt_text":"","src":"https:\/\/i2.wp.com\/astehshop.com\/wp-content\/uploads\/2024\/06\/dual-ranger.png?fit=1078%2C990&resize=350%2C200","width":350,"height":200},"classes":[]}],"_links":{"self":[{"href":"http:\/\/astehshop.com\/index.php\/wp-json\/wp\/v2\/product\/9968"}],"collection":[{"href":"http:\/\/astehshop.com\/index.php\/wp-json\/wp\/v2\/product"}],"about":[{"href":"http:\/\/astehshop.com\/index.php\/wp-json\/wp\/v2\/types\/product"}],"replies":[{"embeddable":true,"href":"http:\/\/astehshop.com\/index.php\/wp-json\/wp\/v2\/comments?post=9968"}],"wp:featuredmedia":[{"embeddable":true,"href":"http:\/\/astehshop.com\/index.php\/wp-json\/wp\/v2\/media\/9969"}],"wp:attachment":[{"href":"http:\/\/astehshop.com\/index.php\/wp-json\/wp\/v2\/media?parent=9968"}],"wp:term":[{"taxonomy":"product_cat","embeddable":true,"href":"http:\/\/astehshop.com\/index.php\/wp-json\/wp\/v2\/product_cat?post=9968"},{"taxonomy":"product_tag","embeddable":true,"href":"http:\/\/astehshop.com\/index.php\/wp-json\/wp\/v2\/product_tag?post=9968"}],"curies":[{"name":"wp","href":"https:\/\/api.w.org\/{rel}","templated":true}]}}