{"id":9965,"date":"2025-03-16T09:09:07","date_gmt":"2025-03-16T08:09:07","guid":{"rendered":"http:\/\/astehshop.com\/?post_type=product&#038;p=9965"},"modified":"2026-02-28T16:19:33","modified_gmt":"2026-02-28T15:19:33","slug":"ipc-k7cp-5h1we-wifi-roto-kamera-imou","status":"publish","type":"product","link":"http:\/\/astehshop.com\/index.php\/product\/ipc-k7cp-5h1we-wifi-roto-kamera-imou\/","title":{"rendered":"IPC-K7CP-5H1WE WIFI roto kamera IMOU"},"content":{"rendered":"<p><strong>Tip:<\/strong> IP \/ WiFi<\/p>\n<p><strong>Rezolucija:<\/strong> 5MP 3K 3.6mm<\/p>\n<p><strong>Ku\u0107i\u0161te:<\/strong> plasti\u010dno<\/p>\n<p><strong>Boja ku\u0107i\u0161ta:<\/strong> bijela<\/p>\n<p><strong>Povezivanje:<\/strong> WiFi, RJ-45<\/p>\n<p><strong>Rotacije:<\/strong> horizontalno i vertikalno<\/p>\n<p><strong>Mogu\u0107nost povezivanja na Cloud<\/strong><\/p>\n<p><strong>Snimanje na SD karticu<\/strong><\/p>\n<p><strong>Dvostrana audio komunikacija<\/strong><\/p>\n<p><strong>Aplikacija za nadzor mobilnim ure\u0111ajem (Imou Life)<\/strong><\/p>\n<p>&nbsp;<\/p>\n<p><iframe loading=\"lazy\"  id=\"_ytid_10469\"  width=\"480\" height=\"270\"  data-origwidth=\"480\" data-origheight=\"270\"  src=\"https:\/\/www.youtube.com\/embed\/rsII-s-Te9Q?enablejsapi=1&#038;autoplay=0&#038;cc_load_policy=0&#038;cc_lang_pref=&#038;iv_load_policy=1&#038;loop=0&#038;modestbranding=0&#038;rel=1&#038;fs=1&#038;playsinline=0&#038;autohide=2&#038;theme=dark&#038;color=red&#038;controls=1&#038;\" class=\"__youtube_prefs__  epyt-is-override  no-lazyload\" title=\"YouTube player\"  allow=\"autoplay; encrypted-media\" allowfullscreen data-no-lazy=\"1\" data-skipgform_ajax_framebjll=\"\"><\/iframe><\/p>\n<p>&nbsp;<\/p>\n","protected":false},"excerpt":{"rendered":"<p><strong>Tip:<\/strong> IP \/ WiFi<\/p>\n<p><strong>Rezolucija:<\/strong> 5MP 3K 3.6mm<\/p>\n<p><strong>Ku\u0107i\u0161te:<\/strong> plasti\u010dno<\/p>\n<p><strong>Boja ku\u0107i\u0161ta:<\/strong> bijela<\/p>\n<p><strong>Povezivanje:<\/strong> WiFi, RJ-45<\/p>\n<p><strong>Rotacije:<\/strong> horizontalno i vertikalno<\/p>\n<p><strong>Mogu\u0107nost povezivanja na Cloud<\/strong><\/p>\n<p><strong>Snimanje na SD karticu<\/strong><\/p>\n<p><strong>Dvostrana audio komunikacija<\/strong><\/p>\n<p><strong>Aplikacija za nadzor mobilnim ure\u0111ajem (Imou Life)<\/strong><\/p>\n","protected":false},"featured_media":9966,"comment_status":"open","ping_status":"closed","template":"","meta":{"_mi_skip_tracking":false,"_exactmetrics_sitenote_active":false,"_exactmetrics_sitenote_note":"","_exactmetrics_sitenote_category":0,"spay_email":""},"product_cat":[135],"product_tag":[2962,7616,4921,1549,4914,3283,626,4944,476,433,474,1183,1033],"brands":[{"id":7606,"name":"Imou","slug":"imou"}],"df_price":139,"df_sale_price":"","df_regular_price":139,"df_image_link":"https:\/\/i0.wp.com\/astehshop.com\/wp-content\/uploads\/2025\/03\/IPC-K7CP-5H1WE.jpg?fit=450%2C450","jetpack_publicize_connections":[],"jetpack_sharing_enabled":true,"jetpack_likes_enabled":true,"jetpack-related-posts":[{"id":8015,"url":"http:\/\/astehshop.com\/index.php\/product\/ai-wifi-kamera-2-mpx-rotirajuca\/","url_meta":{"origin":9965,"position":0},"title":"AI WIFI kamera 2 MPX rotirajuca","date":"13. kolovoza 2023.","format":false,"excerpt":"Nadzorna kamera AI Smart 2.0MP WiFi IP HD Tip: IP Rezolucija: 2.0MP, HD Ku\u0107i\u0161te: plasti\u010dno Boja ku\u0107i\u0161ta: bijela Povezivanje: WiFi, 10\/100Mbps RJ-45 Infracrvene IR LED: 8+6 Rotacije: horizontalno i vertikalno Mogu\u0107nost povezivanja na Cloud Snimanje na SD karticu Dvostrana audio komunikacija Aplikacija za nadzor mobilnim ure\u0111ajem (YooSee) Detekcija pokreta IR\u2026","rel":"","context":"Srodne objave","img":{"alt_text":"","src":"https:\/\/i0.wp.com\/astehshop.com\/wp-content\/uploads\/2023\/08\/IMG_1911-18-scaled-removebg-preview.png?fit=768%2C828&resize=350%2C200","width":350,"height":200},"classes":[]},{"id":8012,"url":"http:\/\/astehshop.com\/index.php\/product\/kamera-za-video-nadzor-bullet-wifi-2-mpx\/","url_meta":{"origin":9965,"position":1},"title":"Kamera za video nadzor bullet WIFI 2 MPX","date":"13. kolovoza 2023.","format":false,"excerpt":"Nadzorna kamera IT-Blue SC-B10 WiFi IP FHD P2P Model: SC-B10 Tip: IP Rezolucija: 2.0MP, 1080p FHD Ku\u0107i\u0161te: metalno Boja ku\u0107i\u0161ta: bijela Povezivanje: WiFi, 10\/100Mbps RJ-45 Infracrvene IR LED: 4 Mogu\u0107nost povezivanja na Cloud Snimanje na SD karticu Aplikacija za nadzor mobilnim ure\u0111ajem (YooSee) Detekcija pokreta Jednostavno postavljanje www.technoshopbn.com","rel":"","context":"Srodne objave","img":{"alt_text":"","src":"https:\/\/i1.wp.com\/astehshop.com\/wp-content\/uploads\/2023\/08\/b10-wifi-kamera.jpg?fit=799%2C799&resize=350%2C200","width":350,"height":200},"classes":[]},{"id":8018,"url":"http:\/\/astehshop.com\/index.php\/product\/solarna-4g-kamera-3-mp-fhd-ip-na-sim-karticu\/","url_meta":{"origin":9965,"position":2},"title":"Solarna 4G kamera 3.MP FHD IP na sim karticu","date":"13. kolovoza 2023.","format":false,"excerpt":"Solarna WiFi \/ 4G kamera D12-A9 3.MP FHD IP Tip:\u00a0IP Povezivanje: WiFi i 4G Rezolucija:\u00a03.0MP \/ 1080p Ku\u0107i\u0161te:\u00a0plastika Boja:\u00a0bijela Stupanj IP za\u0161tite:\u00a0IP66 Napajanje: solarno Ugra\u0111ena Lithium baterija Mogu\u0107nost povezivanja na Cloud IR no\u0107no snimanje Dvostrani audio Podr\u017eava TF kartice Detekcija pokreta www.technoshopbn.com","rel":"","context":"Srodne objave","img":{"alt_text":"","src":"https:\/\/i1.wp.com\/astehshop.com\/wp-content\/uploads\/2023\/08\/solarna-4g-kamera-wifi.jpg?fit=550%2C550&resize=350%2C200","width":350,"height":200},"classes":[]},{"id":9420,"url":"http:\/\/astehshop.com\/index.php\/product\/imou-kamera-cruiser-dual-8mp-53-ipc-s7xp-8m0wed\/","url_meta":{"origin":9965,"position":3},"title":"IMOU KAMERA Cruiser DUAL 8MP (5+3) IPC-S7XP-8M0WED","date":"23. lipnja 2024.","format":false,"excerpt":"rezolucija: 3MPx + 5MPx broj kadrova u sekundi: 15 video kompresija: H.265 \/ H.264 Objektiv od 3,6 mm fiksne \u017ei\u017ene daljine:\u00a0\u00a01\/2,8\" progresivni CMOS 3MPX (2304x1296); no\u0107na vidljivost - 30 m (na otvorenom terenu); ugao gledanja: 88\u00b0 (vertikalno), 45\u00b0 (horizontalno), 107\u00b0 (dijagonalno) rotiraju\u0107e so\u010divo:\u00a0\u00a01\/3\" progresivni CMOS 5MPX (2880x1620); no\u0107na vidljivost -\u2026","rel":"","context":"Srodne objave","img":{"alt_text":"","src":"https:\/\/i1.wp.com\/astehshop.com\/wp-content\/uploads\/2024\/06\/imou-cruiser-dual-ip-camera-3mp-5mp-ipc-s7xp-8m0wed-0360b-imou.png?fit=1200%2C1131&resize=350%2C200","width":350,"height":200},"classes":[]},{"id":9975,"url":"http:\/\/astehshop.com\/index.php\/product\/ipc-s7dp-5m0wez-imou-kamera\/","url_meta":{"origin":9965,"position":4},"title":"IPC-S7DP-5M0WEZ IMOU kamera","date":"16. o\u017eujka 2025.","format":false,"excerpt":"Model: Cruiser Z IPC-S7DP-5M0WEZ Rezolucija: 5MP (3K Ultra HD) So\u010diva: 2.8mm \u0161iroki ugao i 12mm telefoto Zoom: 12x hibridni zoom No\u0107no Snimanje: do 56m, \u010detiri re\u017eima (Smart, Full Color, Infrared, Off) Detekcija: AI prepoznavanje ljudi i vozila Audio: Dvosmjerni (mikrofon + zvu\u010dnik, sirena 110dB) Povezivanje: Dual Wi-Fi antena IEEE802.11b\/g\/n\/ax (2.4GHz)\u2026","rel":"","context":"Srodne objave","img":{"alt_text":"","src":"https:\/\/i2.wp.com\/astehshop.com\/wp-content\/uploads\/2025\/03\/IPC-S7DP-5M0WEZ-11.jpg?fit=1200%2C744&resize=350%2C200","width":350,"height":200},"classes":[]},{"id":8294,"url":"http:\/\/astehshop.com\/index.php\/product\/ipc-t42ep-imou-dahua-wifi-ip-kamera\/","url_meta":{"origin":9965,"position":5},"title":"IPC-T42EP IMOU Dahua WiFi IP kamera","date":"19. listopada 2023.","format":false,"excerpt":"Dahua Wi-Fi IP kamera IPC-T42EP IMOU serija kamere sa 4MP koja detektuje ljude sa IC senzorom dometa do 30 m, ima mogu\u0107nost povezivanja na cloud, snimanje na NVR i micro SD karticu. Detekcija pokreta, detekcija ljudi, monta\u017ea na plafon ili zid. Plasti\u010dno ku\u0107i\u0161te. Ugra\u0111en mikrofon. \u00a0 Tehni\u010dka specifikacija: IP 4MP\u2026","rel":"","context":"Srodne objave","img":{"alt_text":"","src":"https:\/\/i0.wp.com\/astehshop.com\/wp-content\/uploads\/2023\/10\/b-IPC-T22EAPimg.jpg?fit=720%2C660&resize=350%2C200","width":350,"height":200},"classes":[]}],"_links":{"self":[{"href":"http:\/\/astehshop.com\/index.php\/wp-json\/wp\/v2\/product\/9965"}],"collection":[{"href":"http:\/\/astehshop.com\/index.php\/wp-json\/wp\/v2\/product"}],"about":[{"href":"http:\/\/astehshop.com\/index.php\/wp-json\/wp\/v2\/types\/product"}],"replies":[{"embeddable":true,"href":"http:\/\/astehshop.com\/index.php\/wp-json\/wp\/v2\/comments?post=9965"}],"wp:featuredmedia":[{"embeddable":true,"href":"http:\/\/astehshop.com\/index.php\/wp-json\/wp\/v2\/media\/9966"}],"wp:attachment":[{"href":"http:\/\/astehshop.com\/index.php\/wp-json\/wp\/v2\/media?parent=9965"}],"wp:term":[{"taxonomy":"product_cat","embeddable":true,"href":"http:\/\/astehshop.com\/index.php\/wp-json\/wp\/v2\/product_cat?post=9965"},{"taxonomy":"product_tag","embeddable":true,"href":"http:\/\/astehshop.com\/index.php\/wp-json\/wp\/v2\/product_tag?post=9965"}],"curies":[{"name":"wp","href":"https:\/\/api.w.org\/{rel}","templated":true}]}}