{"id":9959,"date":"2025-03-16T08:48:29","date_gmt":"2025-03-16T07:48:29","guid":{"rendered":"http:\/\/astehshop.com\/?post_type=product&#038;p=9959"},"modified":"2026-01-15T09:53:27","modified_gmt":"2026-01-15T08:53:27","slug":"ipc-a42p-l-imou-wifi-roto-kamera","status":"publish","type":"product","link":"http:\/\/astehshop.com\/index.php\/product\/ipc-a42p-l-imou-wifi-roto-kamera\/","title":{"rendered":"IPC-A42P-L Imou WIFI roto kamera"},"content":{"rendered":"<p>4MP QHD pra\u0107enjem u\u017eivo i zna\u010dajkama paniranja od 0~355\u00b0 i -5~80\u00b0nagiba, Ranger 2 4MP osigurava potpuno pokrivanje svakog kutka va\u0161eg doma. Human Detection brzo pronalazi ljude na slikama i odmah vam \u0161alje obavijest. Privacy Mode poma\u017ee u za\u0161titi va\u0161e osobne privatnosti kada ste kod ku\u0107e, a funkcija pametnog pra\u0107enja omogu\u0107uje kameri da prati pokretne objekte kada detektira kretanje.<\/p>\n<p>&nbsp;<\/p>\n<p>H.265 4MP QHD &#8211; Vidi vi\u0161e od 1080P<\/p>\n<p>&nbsp;<\/p>\n<p>Otkrivanje ljudi &#8211; Brzo prona\u0111ite ljudske mete u svom domu<\/p>\n<p><iframe loading=\"lazy\"  id=\"_ytid_53010\"  width=\"480\" height=\"270\"  data-origwidth=\"480\" data-origheight=\"270\"  src=\"https:\/\/www.youtube.com\/embed\/EXMlnYIEtoc?enablejsapi=1&#038;autoplay=0&#038;cc_load_policy=0&#038;cc_lang_pref=&#038;iv_load_policy=1&#038;loop=0&#038;modestbranding=0&#038;rel=1&#038;fs=1&#038;playsinline=0&#038;autohide=2&#038;theme=dark&#038;color=red&#038;controls=1&#038;\" class=\"__youtube_prefs__  epyt-is-override  no-lazyload\" title=\"YouTube player\"  allow=\"autoplay; encrypted-media\" allowfullscreen data-no-lazy=\"1\" data-skipgform_ajax_framebjll=\"\"><\/iframe><\/p>\n<p>&nbsp;<\/p>\n<p>&nbsp;<\/p>\n","protected":false},"excerpt":{"rendered":"<p>4MP QHD pra\u0107enjem u\u017eivo i zna\u010dajkama paniranja od 0~355\u00b0 i -5~80\u00b0nagiba, Ranger 2 4MP osigurava potpuno pokrivanje svakog kutka va\u0161eg doma. Human Detection brzo pronalazi ljude na slikama i odmah vam \u0161alje obavijest. Privacy Mode poma\u017ee u za\u0161titi va\u0161e osobne privatnosti kada ste kod ku\u0107e, a funkcija pametnog pra\u0107enja omogu\u0107uje kameri da prati pokretne objekte kada detektira kretanje.<\/p>\n<p>&nbsp;<\/p>\n<p>H.265 4MP QHD &#8211; Vidi vi\u0161e od 1080P<\/p>\n<p>&nbsp;<\/p>\n<p>Otkrivanje ljudi &#8211; Brzo prona\u0111ite ljudske mete u svom domu<\/p>\n<p>&nbsp;<\/p>\n<p>Ugra\u0111ena sirena &#8211; prestra\u0161ite strance od svog doma<\/p>\n","protected":false},"featured_media":9960,"comment_status":"open","ping_status":"closed","template":"","meta":{"_mi_skip_tracking":false,"_exactmetrics_sitenote_active":false,"_exactmetrics_sitenote_note":"","_exactmetrics_sitenote_category":0,"spay_email":""},"product_cat":[135],"product_tag":[2962,2994,7611,7613,7612],"brands":[{"id":7606,"name":"Imou","slug":"imou"}],"df_price":"","df_sale_price":"","df_regular_price":"","df_image_link":"https:\/\/i1.wp.com\/astehshop.com\/wp-content\/uploads\/2025\/03\/3-IPC-A42P-L-1.jpg?fit=225%2C225","jetpack_publicize_connections":[],"jetpack_sharing_enabled":true,"jetpack_likes_enabled":true,"jetpack-related-posts":[{"id":5209,"url":"http:\/\/astehshop.com\/index.php\/product\/dahua-imou-dome-lite-4mp-wifi-kamera\/","url_meta":{"origin":9959,"position":0},"title":"Dahua Imou Dome Lite 4MP WIFI kamera","date":"9. listopada 2021.","format":false,"excerpt":"Dome Lite 4MP Pratite svoj dom i pazite na svoje stvari 4MP Video | H.265 | No\u0107ni Mod | Wi-Fi Konekcija | Cloud 4MP QHD Video i H.265 Codec 4MP QHD rezolucija i kompresija H.265, omogu\u0107uje vam da vidite vi\u0161e detalja bez brige o prostoru za pohranu i propusnosti mre\u017ee.\u2026","rel":"","context":"Srodne objave","img":{"alt_text":"","src":"https:\/\/i2.wp.com\/astehshop.com\/wp-content\/uploads\/2021\/10\/dahua-imou-dome-lite-4mp-wi-fi-camera.jpg?fit=800%2C800&resize=350%2C200","width":350,"height":200},"classes":[]},{"id":7546,"url":"http:\/\/astehshop.com\/index.php\/product\/dahua-imou-cruiser-4-mpx-ipc-s42fp-roto-full-color-kamera\/","url_meta":{"origin":9959,"position":1},"title":"Dahua Imou Cruiser 4 MPX IPC-S42FP roto FULL color kamera + gratis 64 GB kartica","date":"2. travnja 2023.","format":false,"excerpt":"Imou Cruiser 4 MPX Slika u boji uvijek ako to \u017eelite pra\u0107enje detekcija ljudi dvosmjerna komunikacija sirena dupla antena 8 x digitalni zum Snimanje na mikro sd karticu ili na cloud Pri\u010dajte sa va\u0161om djecom ma gdje da se nalazite Cruiser 4MP pru\u017ea pra\u0107enje u\u017eivo od 4MP sa izborom opcije\u2026","rel":"","context":"Srodne objave","img":{"alt_text":"","src":"https:\/\/i1.wp.com\/astehshop.com\/wp-content\/uploads\/2023\/04\/cruiser-4-mpx-sa-gratis-memorijskom-1.jpg?fit=669%2C629&resize=350%2C200","width":350,"height":200},"classes":[]},{"id":7523,"url":"http:\/\/astehshop.com\/index.php\/product\/imou-dahua-wifi-kamera-ipc-f22fep-bullet-2\/","url_meta":{"origin":9959,"position":2},"title":"Imou Dahua WiFi kamera IPC-F22FEP Bullet 2","date":"1. travnja 2023.","format":false,"excerpt":"Smart home kamera sa \u010dak 4 razli\u010dita na\u010dina rada nocu predstavlja odli\u010dan izbor za video nadzor ku\u0107e , vikendice, apartmana i sli\u010dno. Infrared na\u010din rada omogu\u0107uje \u010distu crno-bijelu sliku u potpunom mraku. Color na\u010din rada pru\u017ea savr\u0161enu sliku u boji 24h\/7 zahvaljuju\u010di 2 ugra\u0111ena reflektora. Smart mode na\u010din rada daje\u2026","rel":"","context":"Srodne objave","img":{"alt_text":"","src":"https:\/\/i2.wp.com\/astehshop.com\/wp-content\/uploads\/2023\/04\/imou-ipc-f22fep.jpg?fit=785%2C791&resize=350%2C200","width":350,"height":200},"classes":[]},{"id":5204,"url":"http:\/\/astehshop.com\/index.php\/product\/dahua-imou-ranger-2-wifi-kamera\/","url_meta":{"origin":9959,"position":3},"title":"Dahua IMOU Ranger 2 WIFI kamera","date":"9. listopada 2021.","format":false,"excerpt":"Ranger 2 Pokrivenost od 360\u00b0 s AI detekcijom ljudi i na\u010dinom privatnosti Detekcija ljudi | 1080P | Ugradbena sirena od 360\u00b0 | Pametno pra\u0107enje | Na\u010din privatnosti | Obavijesti neuobi\u010dajenog zvuka I No\u0107ni vid | Dvosmjerni razgovor | Oblak \u00a0 Detekcija \u010dovjeka Sna\u017ena tehnologija obrade slike brzo pronalazi ljude na\u2026","rel":"","context":"Srodne objave","img":{"alt_text":"","src":"https:\/\/i2.wp.com\/astehshop.com\/wp-content\/uploads\/2021\/10\/ranger2.jpg?fit=423%2C332&resize=350%2C200","width":350,"height":200},"classes":[]},{"id":5214,"url":"http:\/\/astehshop.com\/index.php\/product\/dahua-imou-kamera-cue-2-sa-detekcijom-ljudi-wifi-kamera\/","url_meta":{"origin":9959,"position":4},"title":"Dahua Imou kamera Cue 2 sa detekcijom ljudi wifi kamera","date":"9. listopada 2021.","format":false,"excerpt":"Cue 2 Smart Pra\u0107enje sa AI otkrivanjem ljudi Detekcija ljudi | 1080P | Ugra\u0111ena sirena | Nenormalan zvu\u010dni alarm | No\u0107ni vid | Dvosmjerni razgovor | Oblak \u00a0 Detekcija \u010dovjeka Sna\u017ena tehnologija obrade slike brzo pronalazi ljude na slikama i odmah \u0161alje obavijest na va\u0161 pametni telefon, omogu\u0107uju\u0107i vam da\u2026","rel":"","context":"Srodne objave","img":{"alt_text":"","src":"https:\/\/i2.wp.com\/astehshop.com\/wp-content\/uploads\/2021\/10\/33B3B3839861D1906F7F1DA51854F8B0.png?fit=1066%2C876&resize=350%2C200","width":350,"height":200},"classes":[]},{"id":9426,"url":"http:\/\/astehshop.com\/index.php\/product\/imou-wifi-kamera-cruiser-2-ipc-gs7ep-5mowe\/","url_meta":{"origin":9959,"position":5},"title":"Imou wifi kamera Cruiser 2 ipc-gs7ep-5mowe","date":"23. lipnja 2024.","format":false,"excerpt":"Cruiser pru\u017ea pra\u0107enje u\u017eivo od 5MP sa izborom 3,6mm objektiva, sa 5MP 3K pra\u0107enjem u\u017eivo i 0~340\u00b0 pan & 0~90\u00b0tilt funkcijama, Cruiser 2 5MP osigurava da svaki kutak va\u0161eg doma bude potpuno pokriven. Podr\u017eava \u010detiri re\u017eima no\u0107nog vida za jasno\u0107u poput dana \u010dak i u mrklom mraku. Sa IP66 certifikatom,\u2026","rel":"","context":"Srodne objave","img":{"alt_text":"","src":"https:\/\/i0.wp.com\/astehshop.com\/wp-content\/uploads\/2024\/06\/52875_camera_ngoai_troi_ip_wifi_imou_ipc_gs7ep_5m0we_5mp_406f91045c8245b38982b4bf2a11ad65_master.jpg?fit=600%2C600&resize=350%2C200","width":350,"height":200},"classes":[]}],"_links":{"self":[{"href":"http:\/\/astehshop.com\/index.php\/wp-json\/wp\/v2\/product\/9959"}],"collection":[{"href":"http:\/\/astehshop.com\/index.php\/wp-json\/wp\/v2\/product"}],"about":[{"href":"http:\/\/astehshop.com\/index.php\/wp-json\/wp\/v2\/types\/product"}],"replies":[{"embeddable":true,"href":"http:\/\/astehshop.com\/index.php\/wp-json\/wp\/v2\/comments?post=9959"}],"wp:featuredmedia":[{"embeddable":true,"href":"http:\/\/astehshop.com\/index.php\/wp-json\/wp\/v2\/media\/9960"}],"wp:attachment":[{"href":"http:\/\/astehshop.com\/index.php\/wp-json\/wp\/v2\/media?parent=9959"}],"wp:term":[{"taxonomy":"product_cat","embeddable":true,"href":"http:\/\/astehshop.com\/index.php\/wp-json\/wp\/v2\/product_cat?post=9959"},{"taxonomy":"product_tag","embeddable":true,"href":"http:\/\/astehshop.com\/index.php\/wp-json\/wp\/v2\/product_tag?post=9959"}],"curies":[{"name":"wp","href":"https:\/\/api.w.org\/{rel}","templated":true}]}}